{"id":47845,"date":"2025-10-21T10:05:59","date_gmt":"2025-10-21T08:05:59","guid":{"rendered":"https:\/\/theresales.nl\/?post_type=product&#038;p=47845"},"modified":"2026-01-02T14:09:22","modified_gmt":"2026-01-02T13:09:22","slug":"louis-poulsen-ph-4-3","status":"publish","type":"product","link":"https:\/\/theresales.nl\/de\/product\/louis-poulsen-ph-4-3\/","title":{"rendered":"Louis Poulsen PH 4\/3"},"content":{"rendered":"<p>Deutsch <strong data-start=\"141\" data-end=\"175\">Louis Poulsen PH 4\/3 <a href=\"https:\/\/theresales.nl\/de\/produktkategorie\/lampen\/tischlampen\/\">Tischlampe<\/a><\/strong>, entworfen von <a href=\"https:\/\/nl.wikipedia.org\/wiki\/Poul_Henningsen\">Poul Henningsen<\/a>, ist ein Klassiker des d\u00e4nischen Designs. Das dreiteilige Bildschirmsystem sorgt f\u00fcr ein weiches und gleichm\u00e4\u00dfiges Licht, das angenehm f\u00fcr die Augen ist. Die Lampe ist aus strapazierf\u00e4higem Aluminium mit einem verchromten Stahlfu\u00df gefertigt und passt gut auf einen Schreibtisch, eine Kommode oder einen Nachttisch. Mit der <strong data-start=\"489\" data-end=\"513\">Louis Poulsen PH 4\/3<\/strong> F\u00fcgen Sie Ihrem Interieur funktionales und durchdachtes Design hinzu.<\/p>","protected":false},"excerpt":{"rendered":"<p><strong>Abmessungen<\/strong><br \/>\n<span>H\u00f6he: 54 cm<\/span><br \/>\n<span>Durchmesser: 45 cm<\/span><\/p>\n<p><strong>Farbe <\/strong>Witz<\/p>\n<p><strong>Material <\/strong>Metall, Messing<\/p>","protected":false},"featured_media":47846,"template":"","meta":{"_acf_changed":false},"product_brand":[],"product_cat":[35,142],"product_tag":[464],"ontwerper":[],"class_list":{"0":"post-47845","1":"product","2":"type-product","3":"status-publish","4":"has-post-thumbnail","6":"product_cat-lampen","7":"product_cat-tafellampen","8":"product_tag-louis-poulsen","10":"first","11":"instock","12":"shipping-taxable","13":"purchasable","14":"product-type-simple"},"acf":[],"yoast_head":"<!-- This site is optimized with the Yoast SEO plugin v27.5 - https:\/\/yoast.com\/product\/yoast-seo-wordpress\/ -->\n<title>Louis Poulsen PH 4\/3 - TheReSales<\/title>\n<meta name=\"description\" content=\"Ontdek de Louis Poulsen PH 4\/3 tafellamp \u2013 ontworpen door Poul Henningsen. Zacht licht, doordacht design en hoogwaardige materialen in \u00e9\u00e9n.\" \/>\n<meta name=\"robots\" content=\"index, follow, max-snippet:-1, max-image-preview:large, max-video-preview:-1\" \/>\n<link rel=\"canonical\" href=\"https:\/\/theresales.nl\/de\/produkt\/louis-poulsen-ph-4-3\/\" \/>\n<meta property=\"og:locale\" content=\"de_DE\" \/>\n<meta property=\"og:type\" content=\"article\" \/>\n<meta property=\"og:title\" content=\"Louis Poulsen PH 4\/3 - TheReSales\" \/>\n<meta property=\"og:description\" content=\"Ontdek de Louis Poulsen PH 4\/3 tafellamp \u2013 ontworpen door Poul Henningsen. Zacht licht, doordacht design en hoogwaardige materialen in \u00e9\u00e9n.\" \/>\n<meta property=\"og:url\" content=\"https:\/\/theresales.nl\/de\/produkt\/louis-poulsen-ph-4-3\/\" \/>\n<meta property=\"og:site_name\" content=\"TheReSales\" \/>\n<meta property=\"article:publisher\" content=\"https:\/\/www.facebook.com\/theresales.nl\" \/>\n<meta property=\"article:modified_time\" content=\"2026-01-02T13:09:22+00:00\" \/>\n<meta property=\"og:image\" content=\"https:\/\/theresales.nl\/wp-content\/uploads\/2025\/10\/poulsenw.jpg\" \/>\n\t<meta property=\"og:image:width\" content=\"1200\" \/>\n\t<meta property=\"og:image:height\" content=\"900\" \/>\n\t<meta property=\"og:image:type\" content=\"image\/jpeg\" \/>\n<meta name=\"twitter:card\" content=\"summary_large_image\" \/>\n<meta name=\"twitter:label1\" content=\"Gesch\u00e4tzte Lesezeit\" \/>\n\t<meta name=\"twitter:data1\" content=\"1\u00a0Minute\" \/>\n<!-- \/ Yoast SEO plugin. -->","yoast_head_json":{"title":"Louis Poulsen PH 4\/3 - TheReSales","description":"Entdecken Sie die Louis Poulsen PH 4\/3 Tischleuchte \u2013 entworfen von Poul Henningsen. Sanftes Licht, durchdachtes Design und hochwertige Materialien in einem.","robots":{"index":"index","follow":"follow","max-snippet":"max-snippet:-1","max-image-preview":"max-image-preview:large","max-video-preview":"max-video-preview:-1"},"canonical":"https:\/\/theresales.nl\/de\/produkt\/louis-poulsen-ph-4-3\/","og_locale":"de_DE","og_type":"article","og_title":"Louis Poulsen PH 4\/3 - TheReSales","og_description":"Ontdek de Louis Poulsen PH 4\/3 tafellamp \u2013 ontworpen door Poul Henningsen. Zacht licht, doordacht design en hoogwaardige materialen in \u00e9\u00e9n.","og_url":"https:\/\/theresales.nl\/de\/produkt\/louis-poulsen-ph-4-3\/","og_site_name":"TheReSales","article_publisher":"https:\/\/www.facebook.com\/theresales.nl","article_modified_time":"2026-01-02T13:09:22+00:00","og_image":[{"width":1200,"height":900,"url":"https:\/\/theresales.nl\/wp-content\/uploads\/2025\/10\/poulsenw.jpg","type":"image\/jpeg"}],"twitter_card":"summary_large_image","twitter_misc":{"Gesch\u00e4tzte Lesezeit":"1\u00a0Minute"},"schema":{"@context":"https:\/\/schema.org","@graph":[{"@type":"WebPage","@id":"https:\/\/theresales.nl\/product\/louis-poulsen-ph-4-3\/","url":"https:\/\/theresales.nl\/product\/louis-poulsen-ph-4-3\/","name":"Louis Poulsen PH 4\/3 - TheReSales","isPartOf":{"@id":"https:\/\/theresales.nl\/#website"},"primaryImageOfPage":{"@id":"https:\/\/theresales.nl\/product\/louis-poulsen-ph-4-3\/#primaryimage"},"image":{"@id":"https:\/\/theresales.nl\/product\/louis-poulsen-ph-4-3\/#primaryimage"},"thumbnailUrl":"https:\/\/theresales.nl\/wp-content\/uploads\/2025\/10\/poulsenw.jpg","datePublished":"2025-10-21T08:05:59+00:00","dateModified":"2026-01-02T13:09:22+00:00","description":"Entdecken Sie die Louis Poulsen PH 4\/3 Tischleuchte \u2013 entworfen von Poul Henningsen. Sanftes Licht, durchdachtes Design und hochwertige Materialien in einem.","breadcrumb":{"@id":"https:\/\/theresales.nl\/product\/louis-poulsen-ph-4-3\/#breadcrumb"},"inLanguage":"de","potentialAction":[{"@type":"ReadAction","target":["https:\/\/theresales.nl\/product\/louis-poulsen-ph-4-3\/"]}]},{"@type":"ImageObject","inLanguage":"de","@id":"https:\/\/theresales.nl\/product\/louis-poulsen-ph-4-3\/#primaryimage","url":"https:\/\/theresales.nl\/wp-content\/uploads\/2025\/10\/poulsenw.jpg","contentUrl":"https:\/\/theresales.nl\/wp-content\/uploads\/2025\/10\/poulsenw.jpg","width":1200,"height":900,"caption":"Louis-Poulsen-PH-4\/3-theresales"},{"@type":"BreadcrumbList","@id":"https:\/\/theresales.nl\/product\/louis-poulsen-ph-4-3\/#breadcrumb","itemListElement":[{"@type":"ListItem","position":1,"name":"Home","item":"https:\/\/theresales.nl\/"},{"@type":"ListItem","position":2,"name":"Collectie","item":"https:\/\/theresales.nl\/collectie\/"},{"@type":"ListItem","position":3,"name":"Louis Poulsen PH 4\/3"}]},{"@type":"WebSite","@id":"https:\/\/theresales.nl\/#website","url":"https:\/\/theresales.nl\/","name":"TheReSales","description":"Tweedehands Design Meubelen","publisher":{"@id":"https:\/\/theresales.nl\/#organization"},"potentialAction":[{"@type":"SearchAction","target":{"@type":"EntryPoint","urlTemplate":"https:\/\/theresales.nl\/?s={search_term_string}"},"query-input":{"@type":"PropertyValueSpecification","valueRequired":true,"valueName":"search_term_string"}}],"inLanguage":"de"},{"@type":"Organization","@id":"https:\/\/theresales.nl\/#organization","name":"TheReSales","url":"https:\/\/theresales.nl\/","logo":{"@type":"ImageObject","inLanguage":"de","@id":"https:\/\/theresales.nl\/#\/schema\/logo\/image\/","url":"https:\/\/theresales.nl\/wp-content\/uploads\/2026\/04\/Logo-TheReSales.png","contentUrl":"https:\/\/theresales.nl\/wp-content\/uploads\/2026\/04\/Logo-TheReSales.png","width":1200,"height":304,"caption":"TheReSales"},"image":{"@id":"https:\/\/theresales.nl\/#\/schema\/logo\/image\/"},"sameAs":["https:\/\/www.facebook.com\/theresales.nl","https:\/\/www.instagram.com\/_theresales_\/","https:\/\/nl.pinterest.com\/theresalesgroningen\/","https:\/\/www.linkedin.com\/company\/theresales\/"]}]}},"_links":{"self":[{"href":"https:\/\/theresales.nl\/de\/wp-json\/wp\/v2\/product\/47845","targetHints":{"allow":["GET"]}}],"collection":[{"href":"https:\/\/theresales.nl\/de\/wp-json\/wp\/v2\/product"}],"about":[{"href":"https:\/\/theresales.nl\/de\/wp-json\/wp\/v2\/types\/product"}],"wp:featuredmedia":[{"embeddable":true,"href":"https:\/\/theresales.nl\/de\/wp-json\/wp\/v2\/media\/47846"}],"wp:attachment":[{"href":"https:\/\/theresales.nl\/de\/wp-json\/wp\/v2\/media?parent=47845"}],"wp:term":[{"taxonomy":"product_brand","embeddable":true,"href":"https:\/\/theresales.nl\/de\/wp-json\/wp\/v2\/product_brand?post=47845"},{"taxonomy":"product_cat","embeddable":true,"href":"https:\/\/theresales.nl\/de\/wp-json\/wp\/v2\/product_cat?post=47845"},{"taxonomy":"product_tag","embeddable":true,"href":"https:\/\/theresales.nl\/de\/wp-json\/wp\/v2\/product_tag?post=47845"},{"taxonomy":"ontwerper","embeddable":true,"href":"https:\/\/theresales.nl\/de\/wp-json\/wp\/v2\/ontwerper?post=47845"}],"curies":[{"name":"wp","href":"https:\/\/api.w.org\/{rel}","templated":true}]}}