{"id":47478,"date":"2025-09-30T14:27:10","date_gmt":"2025-09-30T12:27:10","guid":{"rendered":"https:\/\/theresales.nl\/?post_type=product&#038;p=47478"},"modified":"2026-01-02T14:03:30","modified_gmt":"2026-01-02T13:03:30","slug":"aus-leder-aus-brasilien-leder-esszimmerstuhl-ohne-armlehnen","status":"publish","type":"product","link":"https:\/\/theresales.nl\/de\/product\/de-couro-of-brazil-leather-dining-chair-zonder-armleuningen\/","title":{"rendered":"Lederen eetkamerstoel van Couro uit Brazili\u00eb zonder armleuningen"},"content":{"rendered":"<p>De Couro of Brazil Leder Esszimmerstuhl ohne Armlehnen ist ein Design aus den 80er Jahren. Der <a href=\"https:\/\/theresales.nl\/de\/produktkategorie\/stuhle\/\">Stuhl<\/a> ist vollst\u00e4ndig mit dickem Leder bezogen, das straff \u00fcber das Gestell gespannt ist. Das Design hat eine gerade, klare Form und das Leder zeigt im Laufe der Jahre eine nat\u00fcrliche Patina. Ein funktionelles und charaktervolles M\u00f6belst\u00fcck, das gut in verschiedene Inneneinrichtungen passt.<\/p>","protected":false},"excerpt":{"rendered":"<p><strong>Abmessungen<\/strong><br \/>\nBreite: 57 cm<br \/>\nTiefe: 48 cm<br \/>\nH\u00f6he: 7<span class=\"font-body text-base text-black\">4 cm<\/span><\/p>\n<p><strong>Farbe<\/strong>Braun<\/p>\n<p><strong>Material<\/strong>Leer<\/p>","protected":false},"featured_media":47479,"template":"","meta":{"_acf_changed":false},"product_brand":[],"product_cat":[34],"product_tag":[880],"ontwerper":[],"class_list":{"0":"post-47478","1":"product","2":"type-product","3":"status-publish","4":"has-post-thumbnail","6":"product_cat-stoelen","7":"product_tag-de-couro-of-brazil","9":"first","10":"instock","11":"shipping-taxable","12":"purchasable","13":"product-type-simple"},"acf":[],"yoast_head":"<!-- This site is optimized with the Yoast SEO plugin v27.5 - https:\/\/yoast.com\/product\/yoast-seo-wordpress\/ -->\n<title>De Couro of Brazil leather dining chair zonder armleuningen - TheReSales<\/title>\n<meta name=\"description\" content=\"Couro of Brazil leather dining chair zonder armleuningen uit de jaren \u201980. Vintage design, dik leer, strak frame en natuurlijk patina voor karakter.\" \/>\n<meta name=\"robots\" content=\"index, follow, max-snippet:-1, max-image-preview:large, max-video-preview:-1\" \/>\n<link rel=\"canonical\" href=\"https:\/\/theresales.nl\/de\/produkt\/aus-leder-aus-brasilien-leder-esszimmerstuhl-ohne-armlehnen\/\" \/>\n<meta property=\"og:locale\" content=\"de_DE\" \/>\n<meta property=\"og:type\" content=\"article\" \/>\n<meta property=\"og:title\" content=\"De Couro of Brazil leather dining chair zonder armleuningen - TheReSales\" \/>\n<meta property=\"og:description\" content=\"Couro of Brazil leather dining chair zonder armleuningen uit de jaren \u201980. Vintage design, dik leer, strak frame en natuurlijk patina voor karakter.\" \/>\n<meta property=\"og:url\" content=\"https:\/\/theresales.nl\/de\/produkt\/aus-leder-aus-brasilien-leder-esszimmerstuhl-ohne-armlehnen\/\" \/>\n<meta property=\"og:site_name\" content=\"TheReSales\" \/>\n<meta property=\"article:publisher\" content=\"https:\/\/www.facebook.com\/theresales.nl\" \/>\n<meta property=\"article:modified_time\" content=\"2026-01-02T13:03:30+00:00\" \/>\n<meta property=\"og:image\" content=\"https:\/\/theresales.nl\/wp-content\/uploads\/2025\/09\/20250919_082334137_iOS.jpg\" \/>\n\t<meta property=\"og:image:width\" content=\"1200\" \/>\n\t<meta property=\"og:image:height\" content=\"900\" \/>\n\t<meta property=\"og:image:type\" content=\"image\/jpeg\" \/>\n<meta name=\"twitter:card\" content=\"summary_large_image\" \/>\n<meta name=\"twitter:label1\" content=\"Gesch\u00e4tzte Lesezeit\" \/>\n\t<meta name=\"twitter:data1\" content=\"1\u00a0Minute\" \/>\n<!-- \/ Yoast SEO plugin. -->","yoast_head_json":{"title":"De Couro of Brazil Leder Esszimmerstuhl ohne Armlehnen - TheReSales","description":"Ledersessel von Couro of Brazil aus den 80er Jahren ohne Armlehnen. Vintage-Design, dickes Leder, schlankes Gestell und nat\u00fcrliche Patina f\u00fcr Charakter.","robots":{"index":"index","follow":"follow","max-snippet":"max-snippet:-1","max-image-preview":"max-image-preview:large","max-video-preview":"max-video-preview:-1"},"canonical":"https:\/\/theresales.nl\/de\/produkt\/aus-leder-aus-brasilien-leder-esszimmerstuhl-ohne-armlehnen\/","og_locale":"de_DE","og_type":"article","og_title":"De Couro of Brazil leather dining chair zonder armleuningen - TheReSales","og_description":"Couro of Brazil leather dining chair zonder armleuningen uit de jaren \u201980. Vintage design, dik leer, strak frame en natuurlijk patina voor karakter.","og_url":"https:\/\/theresales.nl\/de\/produkt\/aus-leder-aus-brasilien-leder-esszimmerstuhl-ohne-armlehnen\/","og_site_name":"TheReSales","article_publisher":"https:\/\/www.facebook.com\/theresales.nl","article_modified_time":"2026-01-02T13:03:30+00:00","og_image":[{"width":1200,"height":900,"url":"https:\/\/theresales.nl\/wp-content\/uploads\/2025\/09\/20250919_082334137_iOS.jpg","type":"image\/jpeg"}],"twitter_card":"summary_large_image","twitter_misc":{"Gesch\u00e4tzte Lesezeit":"1\u00a0Minute"},"schema":{"@context":"https:\/\/schema.org","@graph":[{"@type":"WebPage","@id":"https:\/\/theresales.nl\/product\/de-couro-of-brazil-leather-dining-chair-zonder-armleuningen\/","url":"https:\/\/theresales.nl\/product\/de-couro-of-brazil-leather-dining-chair-zonder-armleuningen\/","name":"De Couro of Brazil Leder Esszimmerstuhl ohne Armlehnen - TheReSales","isPartOf":{"@id":"https:\/\/theresales.nl\/#website"},"primaryImageOfPage":{"@id":"https:\/\/theresales.nl\/product\/de-couro-of-brazil-leather-dining-chair-zonder-armleuningen\/#primaryimage"},"image":{"@id":"https:\/\/theresales.nl\/product\/de-couro-of-brazil-leather-dining-chair-zonder-armleuningen\/#primaryimage"},"thumbnailUrl":"https:\/\/theresales.nl\/wp-content\/uploads\/2025\/09\/20250919_082334137_iOS.jpg","datePublished":"2025-09-30T12:27:10+00:00","dateModified":"2026-01-02T13:03:30+00:00","description":"Ledersessel von Couro of Brazil aus den 80er Jahren ohne Armlehnen. Vintage-Design, dickes Leder, schlankes Gestell und nat\u00fcrliche Patina f\u00fcr Charakter.","breadcrumb":{"@id":"https:\/\/theresales.nl\/product\/de-couro-of-brazil-leather-dining-chair-zonder-armleuningen\/#breadcrumb"},"inLanguage":"de","potentialAction":[{"@type":"ReadAction","target":["https:\/\/theresales.nl\/product\/de-couro-of-brazil-leather-dining-chair-zonder-armleuningen\/"]}]},{"@type":"ImageObject","inLanguage":"de","@id":"https:\/\/theresales.nl\/product\/de-couro-of-brazil-leather-dining-chair-zonder-armleuningen\/#primaryimage","url":"https:\/\/theresales.nl\/wp-content\/uploads\/2025\/09\/20250919_082334137_iOS.jpg","contentUrl":"https:\/\/theresales.nl\/wp-content\/uploads\/2025\/09\/20250919_082334137_iOS.jpg","width":1200,"height":900,"caption":"De-Couro-of-Brazil-leather-dining-chair-zonder-armeluning-TheReSales"},{"@type":"BreadcrumbList","@id":"https:\/\/theresales.nl\/product\/de-couro-of-brazil-leather-dining-chair-zonder-armleuningen\/#breadcrumb","itemListElement":[{"@type":"ListItem","position":1,"name":"Home","item":"https:\/\/theresales.nl\/"},{"@type":"ListItem","position":2,"name":"Collectie","item":"https:\/\/theresales.nl\/collectie\/"},{"@type":"ListItem","position":3,"name":"De Couro of Brazil leather dining chair zonder armleuningen"}]},{"@type":"WebSite","@id":"https:\/\/theresales.nl\/#website","url":"https:\/\/theresales.nl\/","name":"TheReSales","description":"Tweedehands Design Meubelen","publisher":{"@id":"https:\/\/theresales.nl\/#organization"},"potentialAction":[{"@type":"SearchAction","target":{"@type":"EntryPoint","urlTemplate":"https:\/\/theresales.nl\/?s={search_term_string}"},"query-input":{"@type":"PropertyValueSpecification","valueRequired":true,"valueName":"search_term_string"}}],"inLanguage":"de"},{"@type":"Organization","@id":"https:\/\/theresales.nl\/#organization","name":"TheReSales","url":"https:\/\/theresales.nl\/","logo":{"@type":"ImageObject","inLanguage":"de","@id":"https:\/\/theresales.nl\/#\/schema\/logo\/image\/","url":"https:\/\/theresales.nl\/wp-content\/uploads\/2026\/04\/Logo-TheReSales.png","contentUrl":"https:\/\/theresales.nl\/wp-content\/uploads\/2026\/04\/Logo-TheReSales.png","width":1200,"height":304,"caption":"TheReSales"},"image":{"@id":"https:\/\/theresales.nl\/#\/schema\/logo\/image\/"},"sameAs":["https:\/\/www.facebook.com\/theresales.nl","https:\/\/www.instagram.com\/_theresales_\/","https:\/\/nl.pinterest.com\/theresalesgroningen\/","https:\/\/www.linkedin.com\/company\/theresales\/"]}]}},"_links":{"self":[{"href":"https:\/\/theresales.nl\/de\/wp-json\/wp\/v2\/product\/47478","targetHints":{"allow":["GET"]}}],"collection":[{"href":"https:\/\/theresales.nl\/de\/wp-json\/wp\/v2\/product"}],"about":[{"href":"https:\/\/theresales.nl\/de\/wp-json\/wp\/v2\/types\/product"}],"wp:featuredmedia":[{"embeddable":true,"href":"https:\/\/theresales.nl\/de\/wp-json\/wp\/v2\/media\/47479"}],"wp:attachment":[{"href":"https:\/\/theresales.nl\/de\/wp-json\/wp\/v2\/media?parent=47478"}],"wp:term":[{"taxonomy":"product_brand","embeddable":true,"href":"https:\/\/theresales.nl\/de\/wp-json\/wp\/v2\/product_brand?post=47478"},{"taxonomy":"product_cat","embeddable":true,"href":"https:\/\/theresales.nl\/de\/wp-json\/wp\/v2\/product_cat?post=47478"},{"taxonomy":"product_tag","embeddable":true,"href":"https:\/\/theresales.nl\/de\/wp-json\/wp\/v2\/product_tag?post=47478"},{"taxonomy":"ontwerper","embeddable":true,"href":"https:\/\/theresales.nl\/de\/wp-json\/wp\/v2\/ontwerper?post=47478"}],"curies":[{"name":"wp","href":"https:\/\/api.w.org\/{rel}","templated":true}]}}