{"id":46736,"date":"2025-08-21T14:59:44","date_gmt":"2025-08-21T12:59:44","guid":{"rendered":"https:\/\/theresales.nl\/?post_type=product&#038;p=46736"},"modified":"2026-01-02T13:58:44","modified_gmt":"2026-01-02T12:58:44","slug":"cassina-u-8-chair-groen","status":"publish","type":"product","link":"https:\/\/theresales.nl\/de\/product\/cassina-u-8-chair-groen\/","title":{"rendered":"Cassina U-8 Stuhl gr\u00fcn"},"content":{"rendered":"<div class=\"flex-shrink-0 flex flex-col relative items-end\">\n<div class=\"pt-0\">\n<div class=\"gizmo-bot-avatar flex h-8 w-8 items-center justify-center overflow-hidden rounded-full\">\n<div class=\"relative p-1 rounded-sm flex items-center justify-center bg-token-main-surface-primary text-token-text-primary h-8 w-8\">De U-8 Chair groen is een ontwerp van Mario Bellini voor het merk Cassina. De <a href=\"https:\/\/theresales.nl\/de\/produktkategorie\/stuhle\/\">Stuhl<\/a> bietet feste Unterst\u00fctzung und ein angenehmes Sitzgef\u00fchl, geeignet f\u00fcr langanhaltende Nutzung. Dank der strapazierf\u00e4higen Materialien ist er geeignet sowohl f\u00fcr zu Hause als auch f\u00fcr professionelle Nutzung.<\/div>\n<\/div>\n<\/div>\n<\/div>","protected":false},"excerpt":{"rendered":"<p><strong>Abmessungen<br \/>\n<\/strong>H\u00f6he: 82 cm<br \/>\nBreite: 62 cm<br \/>\nTiefe: 55 cm<br \/>\nSitzh\u00f6he: 43 cm<br \/>\nSitztiefe: 43 cm<\/p>\n<p><strong>Farbe <\/strong>Gr\u00fcn<\/p>\n<p><strong>Material<\/strong> Leer, Holz<\/p>","protected":false},"featured_media":46750,"template":"","meta":{"_acf_changed":false},"product_brand":[],"product_cat":[34],"product_tag":[204],"ontwerper":[],"class_list":{"0":"post-46736","1":"product","2":"type-product","3":"status-publish","4":"has-post-thumbnail","6":"product_cat-stoelen","7":"product_tag-cassina","9":"first","10":"instock","11":"shipping-taxable","12":"purchasable","13":"product-type-simple"},"acf":[],"yoast_head":"<!-- This site is optimized with the Yoast SEO plugin v27.5 - https:\/\/yoast.com\/product\/yoast-seo-wordpress\/ -->\n<title>Cassina U-8 Chair groen - TheReSales<\/title>\n<meta name=\"description\" content=\"De U-8 Chair groen is een ontwerp van Mario Bellini voor het merk Cassina. De stoel biedt ondersteuning, prettig zitgevoel en is geschikt langdurig gebruik.\" \/>\n<meta name=\"robots\" content=\"index, follow, max-snippet:-1, max-image-preview:large, max-video-preview:-1\" \/>\n<link rel=\"canonical\" href=\"https:\/\/theresales.nl\/de\/produkt\/cassina-u-8-chair-groen\/\" \/>\n<meta property=\"og:locale\" content=\"de_DE\" \/>\n<meta property=\"og:type\" content=\"article\" \/>\n<meta property=\"og:title\" content=\"Cassina U-8 Chair groen - TheReSales\" \/>\n<meta property=\"og:description\" content=\"De U-8 Chair groen is een ontwerp van Mario Bellini voor het merk Cassina. De stoel biedt ondersteuning, prettig zitgevoel en is geschikt langdurig gebruik.\" \/>\n<meta property=\"og:url\" content=\"https:\/\/theresales.nl\/de\/produkt\/cassina-u-8-chair-groen\/\" \/>\n<meta property=\"og:site_name\" content=\"TheReSales\" \/>\n<meta property=\"article:publisher\" content=\"https:\/\/www.facebook.com\/theresales.nl\" \/>\n<meta property=\"article:modified_time\" content=\"2026-01-02T12:58:44+00:00\" \/>\n<meta property=\"og:image\" content=\"https:\/\/theresales.nl\/wp-content\/uploads\/2025\/08\/20250822_075102034_iOS.jpg\" \/>\n\t<meta property=\"og:image:width\" content=\"1200\" \/>\n\t<meta property=\"og:image:height\" content=\"900\" \/>\n\t<meta property=\"og:image:type\" content=\"image\/jpeg\" \/>\n<meta name=\"twitter:card\" content=\"summary_large_image\" \/>\n<meta name=\"twitter:label1\" content=\"Gesch\u00e4tzte Lesezeit\" \/>\n\t<meta name=\"twitter:data1\" content=\"1\u00a0Minute\" \/>\n<!-- \/ Yoast SEO plugin. -->","yoast_head_json":{"title":"Cassina U-8 Chair groen - TheReSales","description":"De U-8 Chair groen is een ontwerp van Mario Bellini voor het merk Cassina. De stoel biedt ondersteuning, prettig zitgevoel en is geschikt langdurig gebruik.","robots":{"index":"index","follow":"follow","max-snippet":"max-snippet:-1","max-image-preview":"max-image-preview:large","max-video-preview":"max-video-preview:-1"},"canonical":"https:\/\/theresales.nl\/de\/produkt\/cassina-u-8-chair-groen\/","og_locale":"de_DE","og_type":"article","og_title":"Cassina U-8 Chair groen - TheReSales","og_description":"De U-8 Chair groen is een ontwerp van Mario Bellini voor het merk Cassina. De stoel biedt ondersteuning, prettig zitgevoel en is geschikt langdurig gebruik.","og_url":"https:\/\/theresales.nl\/de\/produkt\/cassina-u-8-chair-groen\/","og_site_name":"TheReSales","article_publisher":"https:\/\/www.facebook.com\/theresales.nl","article_modified_time":"2026-01-02T12:58:44+00:00","og_image":[{"width":1200,"height":900,"url":"https:\/\/theresales.nl\/wp-content\/uploads\/2025\/08\/20250822_075102034_iOS.jpg","type":"image\/jpeg"}],"twitter_card":"summary_large_image","twitter_misc":{"Gesch\u00e4tzte Lesezeit":"1\u00a0Minute"},"schema":{"@context":"https:\/\/schema.org","@graph":[{"@type":"WebPage","@id":"https:\/\/theresales.nl\/product\/cassina-u-8-chair-groen\/","url":"https:\/\/theresales.nl\/product\/cassina-u-8-chair-groen\/","name":"Cassina U-8 Chair groen - TheReSales","isPartOf":{"@id":"https:\/\/theresales.nl\/#website"},"primaryImageOfPage":{"@id":"https:\/\/theresales.nl\/product\/cassina-u-8-chair-groen\/#primaryimage"},"image":{"@id":"https:\/\/theresales.nl\/product\/cassina-u-8-chair-groen\/#primaryimage"},"thumbnailUrl":"https:\/\/theresales.nl\/wp-content\/uploads\/2025\/08\/20250822_075102034_iOS.jpg","datePublished":"2025-08-21T12:59:44+00:00","dateModified":"2026-01-02T12:58:44+00:00","description":"De U-8 Chair groen is een ontwerp van Mario Bellini voor het merk Cassina. De stoel biedt ondersteuning, prettig zitgevoel en is geschikt langdurig gebruik.","breadcrumb":{"@id":"https:\/\/theresales.nl\/product\/cassina-u-8-chair-groen\/#breadcrumb"},"inLanguage":"de","potentialAction":[{"@type":"ReadAction","target":["https:\/\/theresales.nl\/product\/cassina-u-8-chair-groen\/"]}]},{"@type":"ImageObject","inLanguage":"de","@id":"https:\/\/theresales.nl\/product\/cassina-u-8-chair-groen\/#primaryimage","url":"https:\/\/theresales.nl\/wp-content\/uploads\/2025\/08\/20250822_075102034_iOS.jpg","contentUrl":"https:\/\/theresales.nl\/wp-content\/uploads\/2025\/08\/20250822_075102034_iOS.jpg","width":1200,"height":900,"caption":"Cassina-U-8 Chair-groen-theresales"},{"@type":"BreadcrumbList","@id":"https:\/\/theresales.nl\/product\/cassina-u-8-chair-groen\/#breadcrumb","itemListElement":[{"@type":"ListItem","position":1,"name":"Home","item":"https:\/\/theresales.nl\/"},{"@type":"ListItem","position":2,"name":"Collectie","item":"https:\/\/theresales.nl\/collectie\/"},{"@type":"ListItem","position":3,"name":"Cassina U-8 Chair groen"}]},{"@type":"WebSite","@id":"https:\/\/theresales.nl\/#website","url":"https:\/\/theresales.nl\/","name":"TheReSales","description":"Tweedehands Design Meubelen","publisher":{"@id":"https:\/\/theresales.nl\/#organization"},"potentialAction":[{"@type":"SearchAction","target":{"@type":"EntryPoint","urlTemplate":"https:\/\/theresales.nl\/?s={search_term_string}"},"query-input":{"@type":"PropertyValueSpecification","valueRequired":true,"valueName":"search_term_string"}}],"inLanguage":"de"},{"@type":"Organization","@id":"https:\/\/theresales.nl\/#organization","name":"TheReSales","url":"https:\/\/theresales.nl\/","logo":{"@type":"ImageObject","inLanguage":"de","@id":"https:\/\/theresales.nl\/#\/schema\/logo\/image\/","url":"https:\/\/theresales.nl\/wp-content\/uploads\/2026\/04\/Logo-TheReSales.png","contentUrl":"https:\/\/theresales.nl\/wp-content\/uploads\/2026\/04\/Logo-TheReSales.png","width":1200,"height":304,"caption":"TheReSales"},"image":{"@id":"https:\/\/theresales.nl\/#\/schema\/logo\/image\/"},"sameAs":["https:\/\/www.facebook.com\/theresales.nl","https:\/\/www.instagram.com\/_theresales_\/","https:\/\/nl.pinterest.com\/theresalesgroningen\/","https:\/\/www.linkedin.com\/company\/theresales\/"]}]}},"_links":{"self":[{"href":"https:\/\/theresales.nl\/de\/wp-json\/wp\/v2\/product\/46736","targetHints":{"allow":["GET"]}}],"collection":[{"href":"https:\/\/theresales.nl\/de\/wp-json\/wp\/v2\/product"}],"about":[{"href":"https:\/\/theresales.nl\/de\/wp-json\/wp\/v2\/types\/product"}],"wp:featuredmedia":[{"embeddable":true,"href":"https:\/\/theresales.nl\/de\/wp-json\/wp\/v2\/media\/46750"}],"wp:attachment":[{"href":"https:\/\/theresales.nl\/de\/wp-json\/wp\/v2\/media?parent=46736"}],"wp:term":[{"taxonomy":"product_brand","embeddable":true,"href":"https:\/\/theresales.nl\/de\/wp-json\/wp\/v2\/product_brand?post=46736"},{"taxonomy":"product_cat","embeddable":true,"href":"https:\/\/theresales.nl\/de\/wp-json\/wp\/v2\/product_cat?post=46736"},{"taxonomy":"product_tag","embeddable":true,"href":"https:\/\/theresales.nl\/de\/wp-json\/wp\/v2\/product_tag?post=46736"},{"taxonomy":"ontwerper","embeddable":true,"href":"https:\/\/theresales.nl\/de\/wp-json\/wp\/v2\/ontwerper?post=46736"}],"curies":[{"name":"wp","href":"https:\/\/api.w.org\/{rel}","templated":true}]}}