{"id":46436,"date":"2025-08-06T15:48:39","date_gmt":"2025-08-06T13:48:39","guid":{"rendered":"https:\/\/theresales.nl\/?post_type=product&#038;p=46436"},"modified":"2026-01-02T13:56:25","modified_gmt":"2026-01-02T12:56:25","slug":"zerkleinerer-schwindelig","status":"publish","type":"product","link":"https:\/\/theresales.nl\/de\/product\/arper-dizzie\/","title":{"rendered":"Arper Dizzie"},"content":{"rendered":"<p>Der Dizzie ist ein Entwurf von <span>Lievore Altherr Molina f\u00fcr die Marke Arper. DIZZIE ist vielseitig einsetzbar. Als Beistelltisch im Wohnzimmer oder Flur, oder als Nachttisch im Schlafzimmer, dieses kleine M\u00f6belst\u00fcck funktioniert \u00fcberall und passt zu vielen verschiedenen Einrichtungsstilen<\/span><\/p>","protected":false},"excerpt":{"rendered":"<p><strong>Abmessungen<br \/>\n<\/strong><span>Breite: 51 cm<\/span><br \/>\n<span>H\u00f6he: 50 cm<\/span><br \/>\n<span>Tiefe: 47 cm<\/span><\/p>\n<p><strong>Farbe<\/strong>Witz<\/p>\n<p><strong>Material<\/strong>Metall<\/p>","protected":false},"featured_media":46445,"template":"","meta":{"_acf_changed":false},"product_brand":[],"product_cat":[47,46],"product_tag":[297],"ontwerper":[],"class_list":{"0":"post-46436","1":"product","2":"type-product","3":"status-publish","4":"has-post-thumbnail","6":"product_cat-bijzettafels","7":"product_cat-tafels","8":"product_tag-arper","10":"first","11":"instock","12":"shipping-taxable","13":"purchasable","14":"product-type-simple"},"acf":[],"yoast_head":"<!-- This site is optimized with the Yoast SEO plugin v27.5 - https:\/\/yoast.com\/product\/yoast-seo-wordpress\/ -->\n<title>Arper Dizzie - TheReSales<\/title>\n<meta name=\"description\" content=\"De Dizzie is een ontwerp van Lievore Altherr Molina voor het merk Arper. DIZZIE is veelzijdig in zijn toepassing. Als bijzettafel in de woonkamer of hal.\" \/>\n<meta name=\"robots\" content=\"index, follow, max-snippet:-1, max-image-preview:large, max-video-preview:-1\" \/>\n<link rel=\"canonical\" href=\"https:\/\/theresales.nl\/de\/produkt\/zerkleinerer-schwindelig\/\" \/>\n<meta property=\"og:locale\" content=\"de_DE\" \/>\n<meta property=\"og:type\" content=\"article\" \/>\n<meta property=\"og:title\" content=\"Arper Dizzie - TheReSales\" \/>\n<meta property=\"og:description\" content=\"De Dizzie is een ontwerp van Lievore Altherr Molina voor het merk Arper. DIZZIE is veelzijdig in zijn toepassing. Als bijzettafel in de woonkamer of hal.\" \/>\n<meta property=\"og:url\" content=\"https:\/\/theresales.nl\/de\/produkt\/zerkleinerer-schwindelig\/\" \/>\n<meta property=\"og:site_name\" content=\"TheReSales\" \/>\n<meta property=\"article:publisher\" content=\"https:\/\/www.facebook.com\/theresales.nl\" \/>\n<meta property=\"article:modified_time\" content=\"2026-01-02T12:56:25+00:00\" \/>\n<meta property=\"og:image\" content=\"https:\/\/theresales.nl\/wp-content\/uploads\/2025\/08\/20210831_122902127_iOS.jpg\" \/>\n\t<meta property=\"og:image:width\" content=\"1200\" \/>\n\t<meta property=\"og:image:height\" content=\"900\" \/>\n\t<meta property=\"og:image:type\" content=\"image\/jpeg\" \/>\n<meta name=\"twitter:card\" content=\"summary_large_image\" \/>\n<meta name=\"twitter:label1\" content=\"Gesch\u00e4tzte Lesezeit\" \/>\n\t<meta name=\"twitter:data1\" content=\"1\u00a0Minute\" \/>\n<!-- \/ Yoast SEO plugin. -->","yoast_head_json":{"title":"Arper Dizzie - TheReSales","description":"Der Dizzie ist ein Entwurf von Lievore Altherr Molina f\u00fcr die Marke Arper. DIZZIE ist vielseitig in seiner Anwendung. Als Beistelltisch im Wohnzimmer oder Flur.","robots":{"index":"index","follow":"follow","max-snippet":"max-snippet:-1","max-image-preview":"max-image-preview:large","max-video-preview":"max-video-preview:-1"},"canonical":"https:\/\/theresales.nl\/de\/produkt\/zerkleinerer-schwindelig\/","og_locale":"de_DE","og_type":"article","og_title":"Arper Dizzie - TheReSales","og_description":"De Dizzie is een ontwerp van Lievore Altherr Molina voor het merk Arper. DIZZIE is veelzijdig in zijn toepassing. Als bijzettafel in de woonkamer of hal.","og_url":"https:\/\/theresales.nl\/de\/produkt\/zerkleinerer-schwindelig\/","og_site_name":"TheReSales","article_publisher":"https:\/\/www.facebook.com\/theresales.nl","article_modified_time":"2026-01-02T12:56:25+00:00","og_image":[{"width":1200,"height":900,"url":"https:\/\/theresales.nl\/wp-content\/uploads\/2025\/08\/20210831_122902127_iOS.jpg","type":"image\/jpeg"}],"twitter_card":"summary_large_image","twitter_misc":{"Gesch\u00e4tzte Lesezeit":"1\u00a0Minute"},"schema":{"@context":"https:\/\/schema.org","@graph":[{"@type":"WebPage","@id":"https:\/\/theresales.nl\/product\/arper-dizzie\/","url":"https:\/\/theresales.nl\/product\/arper-dizzie\/","name":"Arper Dizzie - TheReSales","isPartOf":{"@id":"https:\/\/theresales.nl\/#website"},"primaryImageOfPage":{"@id":"https:\/\/theresales.nl\/product\/arper-dizzie\/#primaryimage"},"image":{"@id":"https:\/\/theresales.nl\/product\/arper-dizzie\/#primaryimage"},"thumbnailUrl":"https:\/\/theresales.nl\/wp-content\/uploads\/2025\/08\/20210831_122902127_iOS.jpg","datePublished":"2025-08-06T13:48:39+00:00","dateModified":"2026-01-02T12:56:25+00:00","description":"Der Dizzie ist ein Entwurf von Lievore Altherr Molina f\u00fcr die Marke Arper. DIZZIE ist vielseitig in seiner Anwendung. Als Beistelltisch im Wohnzimmer oder Flur.","breadcrumb":{"@id":"https:\/\/theresales.nl\/product\/arper-dizzie\/#breadcrumb"},"inLanguage":"de","potentialAction":[{"@type":"ReadAction","target":["https:\/\/theresales.nl\/product\/arper-dizzie\/"]}]},{"@type":"ImageObject","inLanguage":"de","@id":"https:\/\/theresales.nl\/product\/arper-dizzie\/#primaryimage","url":"https:\/\/theresales.nl\/wp-content\/uploads\/2025\/08\/20210831_122902127_iOS.jpg","contentUrl":"https:\/\/theresales.nl\/wp-content\/uploads\/2025\/08\/20210831_122902127_iOS.jpg","width":1200,"height":900,"caption":"Arper-dizzie-thersales"},{"@type":"BreadcrumbList","@id":"https:\/\/theresales.nl\/product\/arper-dizzie\/#breadcrumb","itemListElement":[{"@type":"ListItem","position":1,"name":"Home","item":"https:\/\/theresales.nl\/"},{"@type":"ListItem","position":2,"name":"Collectie","item":"https:\/\/theresales.nl\/collectie\/"},{"@type":"ListItem","position":3,"name":"Arper Dizzie"}]},{"@type":"WebSite","@id":"https:\/\/theresales.nl\/#website","url":"https:\/\/theresales.nl\/","name":"TheReSales","description":"Tweedehands Design Meubelen","publisher":{"@id":"https:\/\/theresales.nl\/#organization"},"potentialAction":[{"@type":"SearchAction","target":{"@type":"EntryPoint","urlTemplate":"https:\/\/theresales.nl\/?s={search_term_string}"},"query-input":{"@type":"PropertyValueSpecification","valueRequired":true,"valueName":"search_term_string"}}],"inLanguage":"de"},{"@type":"Organization","@id":"https:\/\/theresales.nl\/#organization","name":"TheReSales","url":"https:\/\/theresales.nl\/","logo":{"@type":"ImageObject","inLanguage":"de","@id":"https:\/\/theresales.nl\/#\/schema\/logo\/image\/","url":"https:\/\/theresales.nl\/wp-content\/uploads\/2026\/04\/Logo-TheReSales.png","contentUrl":"https:\/\/theresales.nl\/wp-content\/uploads\/2026\/04\/Logo-TheReSales.png","width":1200,"height":304,"caption":"TheReSales"},"image":{"@id":"https:\/\/theresales.nl\/#\/schema\/logo\/image\/"},"sameAs":["https:\/\/www.facebook.com\/theresales.nl","https:\/\/www.instagram.com\/_theresales_\/","https:\/\/nl.pinterest.com\/theresalesgroningen\/","https:\/\/www.linkedin.com\/company\/theresales\/"]}]}},"_links":{"self":[{"href":"https:\/\/theresales.nl\/de\/wp-json\/wp\/v2\/product\/46436","targetHints":{"allow":["GET"]}}],"collection":[{"href":"https:\/\/theresales.nl\/de\/wp-json\/wp\/v2\/product"}],"about":[{"href":"https:\/\/theresales.nl\/de\/wp-json\/wp\/v2\/types\/product"}],"wp:featuredmedia":[{"embeddable":true,"href":"https:\/\/theresales.nl\/de\/wp-json\/wp\/v2\/media\/46445"}],"wp:attachment":[{"href":"https:\/\/theresales.nl\/de\/wp-json\/wp\/v2\/media?parent=46436"}],"wp:term":[{"taxonomy":"product_brand","embeddable":true,"href":"https:\/\/theresales.nl\/de\/wp-json\/wp\/v2\/product_brand?post=46436"},{"taxonomy":"product_cat","embeddable":true,"href":"https:\/\/theresales.nl\/de\/wp-json\/wp\/v2\/product_cat?post=46436"},{"taxonomy":"product_tag","embeddable":true,"href":"https:\/\/theresales.nl\/de\/wp-json\/wp\/v2\/product_tag?post=46436"},{"taxonomy":"ontwerper","embeddable":true,"href":"https:\/\/theresales.nl\/de\/wp-json\/wp\/v2\/ontwerper?post=46436"}],"curies":[{"name":"wp","href":"https:\/\/api.w.org\/{rel}","templated":true}]}}