{"id":46363,"date":"2025-08-01T15:50:23","date_gmt":"2025-08-01T13:50:23","guid":{"rendered":"https:\/\/theresales.nl\/?post_type=product&#038;p=46363"},"modified":"2026-02-24T10:59:35","modified_gmt":"2026-02-24T09:59:35","slug":"artemide-tolomeo-schreibtischlampe","status":"publish","type":"product","link":"https:\/\/theresales.nl\/de\/product\/artemide-tolomeo-bureaulamp\/","title":{"rendered":"Artemide Tolomeo Schreibtischlampe"},"content":{"rendered":"<p>Die Tolomeo Schreibtischlampe von Artemide wurde von Michele De Lucchi und Giancarlo Fassina entworfen. Die Lampe ist bekannt f\u00fcr ihren beweglichen Arm und ihr zeitloses Design aus Aluminium. Dank des Federsystems ist der Schirm einfach zu verstellen, was die Lampe ideal f\u00fcr pr\u00e4zises Arbeitslicht auf einem Schreibtisch macht. Funktional, stilvoll und f\u00fcr den t\u00e4glichen Gebrauch konzipiert.<\/p>","protected":false},"excerpt":{"rendered":"<p><strong>Abmessungen<\/strong><br \/>\nH\u00f6he: 55 \u2013 105 cm<br \/>\nBreite: 23 cm<br \/>\nTiefe: 23 cm<\/p>\n<p><strong>Farbe<\/strong>Grau, Silber, Wei\u00df<\/p>\n<p><strong>Material<\/strong>Glas, Aluminium<\/p>","protected":false},"featured_media":46364,"template":"","meta":{"_acf_changed":false},"product_brand":[],"product_cat":[35,142],"product_tag":[188],"ontwerper":[],"class_list":{"0":"post-46363","1":"product","2":"type-product","3":"status-publish","4":"has-post-thumbnail","6":"product_cat-lampen","7":"product_cat-tafellampen","8":"product_tag-artemide","10":"first","11":"instock","12":"shipping-taxable","13":"purchasable","14":"product-type-simple"},"acf":[],"yoast_head":"<!-- This site is optimized with the Yoast SEO plugin v27.5 - https:\/\/yoast.com\/product\/yoast-seo-wordpress\/ -->\n<title>Artemide Tolomeo bureaulamp - TheReSales<\/title>\n<meta name=\"description\" content=\"De Tolomeo bureaulamp van Artemide is een ontwerp van Michele De Lucchi en Giancarlo Fassina. Dankzij het veersysteem is de kap eenvoudig te verstellen.\" \/>\n<meta name=\"robots\" content=\"index, follow, max-snippet:-1, max-image-preview:large, max-video-preview:-1\" \/>\n<link rel=\"canonical\" href=\"https:\/\/theresales.nl\/de\/produkt\/artemide-tolomeo-schreibtischlampe\/\" \/>\n<meta property=\"og:locale\" content=\"de_DE\" \/>\n<meta property=\"og:type\" content=\"article\" \/>\n<meta property=\"og:title\" content=\"Artemide Tolomeo bureaulamp - TheReSales\" \/>\n<meta property=\"og:description\" content=\"De Tolomeo bureaulamp van Artemide is een ontwerp van Michele De Lucchi en Giancarlo Fassina. Dankzij het veersysteem is de kap eenvoudig te verstellen.\" \/>\n<meta property=\"og:url\" content=\"https:\/\/theresales.nl\/de\/produkt\/artemide-tolomeo-schreibtischlampe\/\" \/>\n<meta property=\"og:site_name\" content=\"TheReSales\" \/>\n<meta property=\"article:publisher\" content=\"https:\/\/www.facebook.com\/theresales.nl\" \/>\n<meta property=\"article:modified_time\" content=\"2026-02-24T09:59:35+00:00\" \/>\n<meta property=\"og:image\" content=\"https:\/\/theresales.nl\/wp-content\/uploads\/2025\/08\/tolomeo.jpg\" \/>\n\t<meta property=\"og:image:width\" content=\"1200\" \/>\n\t<meta property=\"og:image:height\" content=\"900\" \/>\n\t<meta property=\"og:image:type\" content=\"image\/jpeg\" \/>\n<meta name=\"twitter:card\" content=\"summary_large_image\" \/>\n<meta name=\"twitter:label1\" content=\"Gesch\u00e4tzte Lesezeit\" \/>\n\t<meta name=\"twitter:data1\" content=\"1\u00a0Minute\" \/>\n<!-- \/ Yoast SEO plugin. -->","yoast_head_json":{"title":"Artemide Tolomeo Schreibtischlampe - TheReSales","description":"Die Tolomeo Schreibtischlampe von Artemide ist ein Entwurf von Michele De Lucchi und Giancarlo Fassina. Dank des Federsystems l\u00e4sst sich der Lampenschirm einfach verstellen.","robots":{"index":"index","follow":"follow","max-snippet":"max-snippet:-1","max-image-preview":"max-image-preview:large","max-video-preview":"max-video-preview:-1"},"canonical":"https:\/\/theresales.nl\/de\/produkt\/artemide-tolomeo-schreibtischlampe\/","og_locale":"de_DE","og_type":"article","og_title":"Artemide Tolomeo bureaulamp - TheReSales","og_description":"De Tolomeo bureaulamp van Artemide is een ontwerp van Michele De Lucchi en Giancarlo Fassina. Dankzij het veersysteem is de kap eenvoudig te verstellen.","og_url":"https:\/\/theresales.nl\/de\/produkt\/artemide-tolomeo-schreibtischlampe\/","og_site_name":"TheReSales","article_publisher":"https:\/\/www.facebook.com\/theresales.nl","article_modified_time":"2026-02-24T09:59:35+00:00","og_image":[{"width":1200,"height":900,"url":"https:\/\/theresales.nl\/wp-content\/uploads\/2025\/08\/tolomeo.jpg","type":"image\/jpeg"}],"twitter_card":"summary_large_image","twitter_misc":{"Gesch\u00e4tzte Lesezeit":"1\u00a0Minute"},"schema":{"@context":"https:\/\/schema.org","@graph":[{"@type":"WebPage","@id":"https:\/\/theresales.nl\/product\/artemide-tolomeo-bureaulamp\/","url":"https:\/\/theresales.nl\/product\/artemide-tolomeo-bureaulamp\/","name":"Artemide Tolomeo Schreibtischlampe - TheReSales","isPartOf":{"@id":"https:\/\/theresales.nl\/#website"},"primaryImageOfPage":{"@id":"https:\/\/theresales.nl\/product\/artemide-tolomeo-bureaulamp\/#primaryimage"},"image":{"@id":"https:\/\/theresales.nl\/product\/artemide-tolomeo-bureaulamp\/#primaryimage"},"thumbnailUrl":"https:\/\/theresales.nl\/wp-content\/uploads\/2025\/08\/tolomeo.jpg","datePublished":"2025-08-01T13:50:23+00:00","dateModified":"2026-02-24T09:59:35+00:00","description":"Die Tolomeo Schreibtischlampe von Artemide ist ein Entwurf von Michele De Lucchi und Giancarlo Fassina. Dank des Federsystems l\u00e4sst sich der Lampenschirm einfach verstellen.","breadcrumb":{"@id":"https:\/\/theresales.nl\/product\/artemide-tolomeo-bureaulamp\/#breadcrumb"},"inLanguage":"de","potentialAction":[{"@type":"ReadAction","target":["https:\/\/theresales.nl\/product\/artemide-tolomeo-bureaulamp\/"]}]},{"@type":"ImageObject","inLanguage":"de","@id":"https:\/\/theresales.nl\/product\/artemide-tolomeo-bureaulamp\/#primaryimage","url":"https:\/\/theresales.nl\/wp-content\/uploads\/2025\/08\/tolomeo.jpg","contentUrl":"https:\/\/theresales.nl\/wp-content\/uploads\/2025\/08\/tolomeo.jpg","width":1200,"height":900,"caption":"Artemide-Tolomeo-bureaulamp-TheReSales"},{"@type":"BreadcrumbList","@id":"https:\/\/theresales.nl\/product\/artemide-tolomeo-bureaulamp\/#breadcrumb","itemListElement":[{"@type":"ListItem","position":1,"name":"Home","item":"https:\/\/theresales.nl\/"},{"@type":"ListItem","position":2,"name":"Collectie","item":"https:\/\/theresales.nl\/collectie\/"},{"@type":"ListItem","position":3,"name":"Artemide Tolomeo bureaulamp"}]},{"@type":"WebSite","@id":"https:\/\/theresales.nl\/#website","url":"https:\/\/theresales.nl\/","name":"TheReSales","description":"Tweedehands Design Meubelen","publisher":{"@id":"https:\/\/theresales.nl\/#organization"},"potentialAction":[{"@type":"SearchAction","target":{"@type":"EntryPoint","urlTemplate":"https:\/\/theresales.nl\/?s={search_term_string}"},"query-input":{"@type":"PropertyValueSpecification","valueRequired":true,"valueName":"search_term_string"}}],"inLanguage":"de"},{"@type":"Organization","@id":"https:\/\/theresales.nl\/#organization","name":"TheReSales","url":"https:\/\/theresales.nl\/","logo":{"@type":"ImageObject","inLanguage":"de","@id":"https:\/\/theresales.nl\/#\/schema\/logo\/image\/","url":"https:\/\/theresales.nl\/wp-content\/uploads\/2026\/04\/Logo-TheReSales.png","contentUrl":"https:\/\/theresales.nl\/wp-content\/uploads\/2026\/04\/Logo-TheReSales.png","width":1200,"height":304,"caption":"TheReSales"},"image":{"@id":"https:\/\/theresales.nl\/#\/schema\/logo\/image\/"},"sameAs":["https:\/\/www.facebook.com\/theresales.nl","https:\/\/www.instagram.com\/_theresales_\/","https:\/\/nl.pinterest.com\/theresalesgroningen\/","https:\/\/www.linkedin.com\/company\/theresales\/"]}]}},"_links":{"self":[{"href":"https:\/\/theresales.nl\/de\/wp-json\/wp\/v2\/product\/46363","targetHints":{"allow":["GET"]}}],"collection":[{"href":"https:\/\/theresales.nl\/de\/wp-json\/wp\/v2\/product"}],"about":[{"href":"https:\/\/theresales.nl\/de\/wp-json\/wp\/v2\/types\/product"}],"wp:featuredmedia":[{"embeddable":true,"href":"https:\/\/theresales.nl\/de\/wp-json\/wp\/v2\/media\/46364"}],"wp:attachment":[{"href":"https:\/\/theresales.nl\/de\/wp-json\/wp\/v2\/media?parent=46363"}],"wp:term":[{"taxonomy":"product_brand","embeddable":true,"href":"https:\/\/theresales.nl\/de\/wp-json\/wp\/v2\/product_brand?post=46363"},{"taxonomy":"product_cat","embeddable":true,"href":"https:\/\/theresales.nl\/de\/wp-json\/wp\/v2\/product_cat?post=46363"},{"taxonomy":"product_tag","embeddable":true,"href":"https:\/\/theresales.nl\/de\/wp-json\/wp\/v2\/product_tag?post=46363"},{"taxonomy":"ontwerper","embeddable":true,"href":"https:\/\/theresales.nl\/de\/wp-json\/wp\/v2\/ontwerper?post=46363"}],"curies":[{"name":"wp","href":"https:\/\/api.w.org\/{rel}","templated":true}]}}