{"id":46141,"date":"2025-07-18T14:46:13","date_gmt":"2025-07-18T12:46:13","guid":{"rendered":"https:\/\/theresales.nl\/?post_type=product&#038;p=46141"},"modified":"2026-01-29T13:48:31","modified_gmt":"2026-01-29T12:48:31","slug":"muuto-ambit-weis","status":"publish","type":"product","link":"https:\/\/theresales.nl\/de\/product\/muuto-ambit-wit\/","title":{"rendered":"Muuto Ambit wei\u00df"},"content":{"rendered":"<p>Der Ambit Wei\u00df ist ein Entwurf von <a href=\"http:\/\/TAF Architects\" target=\"_blank\" rel=\"noopener\">TAF Architekten\u00a0<\/a>f\u00fcr die Marke Muuto.Diese <a href=\"https:\/\/theresales.nl\/de\/produktkategorie\/lampen\/hangelampen\/\" target=\"_blank\" rel=\"noopener\">H\u00e4ngeleuchte<\/a> ist ein Meisterwerk feinen Designs und praktischer Funktionalit\u00e4t. Eine perfekte Kombination aus Stil und Vielseitigkeit, die jedem Raum einen Hauch von Eleganz verleiht.<\/p>\n<p>&nbsp;<\/p>\n<p><strong>NEU<\/strong><\/p>","protected":false},"excerpt":{"rendered":"<p><strong>Abmessungen<\/strong><br \/>\nDurchmesser: 25 cm<br \/>\nH\u00f6he: 15 cm<\/p>\n<p><strong>Farbe\u00a0 <\/strong>Witz<\/p>\n<p><strong>Material<\/strong> Aluminium<\/p>","protected":false},"featured_media":46142,"template":"","meta":{"_acf_changed":false},"product_brand":[],"product_cat":[40,35],"product_tag":[276],"ontwerper":[],"class_list":{"0":"post-46141","1":"product","2":"type-product","3":"status-publish","4":"has-post-thumbnail","6":"product_cat-hanglampen","7":"product_cat-lampen","8":"product_tag-muuto","10":"first","11":"instock","12":"shipping-taxable","13":"purchasable","14":"product-type-simple"},"acf":[],"yoast_head":"<!-- This site is optimized with the Yoast SEO plugin v27.5 - https:\/\/yoast.com\/product\/yoast-seo-wordpress\/ -->\n<title>Muuto Ambit wit - TheReSales<\/title>\n<meta name=\"description\" content=\"De Ambit wit is een ontwerp van TAF Architects\u00a0voor het merk Muuto. Deze hanglamp is een meesterwerk van verfijnd design en praktische functionaliteit.\" \/>\n<meta name=\"robots\" content=\"index, follow, max-snippet:-1, max-image-preview:large, max-video-preview:-1\" \/>\n<link rel=\"canonical\" href=\"https:\/\/theresales.nl\/de\/produkt\/muuto-ambit-weis\/\" \/>\n<meta property=\"og:locale\" content=\"de_DE\" \/>\n<meta property=\"og:type\" content=\"article\" \/>\n<meta property=\"og:title\" content=\"Muuto Ambit wit - TheReSales\" \/>\n<meta property=\"og:description\" content=\"De Ambit wit is een ontwerp van TAF Architects\u00a0voor het merk Muuto. Deze hanglamp is een meesterwerk van verfijnd design en praktische functionaliteit.\" \/>\n<meta property=\"og:url\" content=\"https:\/\/theresales.nl\/de\/produkt\/muuto-ambit-weis\/\" \/>\n<meta property=\"og:site_name\" content=\"TheReSales\" \/>\n<meta property=\"article:publisher\" content=\"https:\/\/www.facebook.com\/theresales.nl\" \/>\n<meta property=\"article:modified_time\" content=\"2026-01-29T12:48:31+00:00\" \/>\n<meta property=\"og:image\" content=\"https:\/\/theresales.nl\/wp-content\/uploads\/2025\/07\/ambit-wit.png\" \/>\n\t<meta property=\"og:image:width\" content=\"1200\" \/>\n\t<meta property=\"og:image:height\" content=\"900\" \/>\n\t<meta property=\"og:image:type\" content=\"image\/png\" \/>\n<meta name=\"twitter:card\" content=\"summary_large_image\" \/>\n<meta name=\"twitter:label1\" content=\"Gesch\u00e4tzte Lesezeit\" \/>\n\t<meta name=\"twitter:data1\" content=\"1\u00a0Minute\" \/>\n<!-- \/ Yoast SEO plugin. -->","yoast_head_json":{"title":"Muuto Ambit Wei\u00df - TheReSales","description":"Die Ambit wei\u00df ist ein Entwurf von TAF Architects f\u00fcr die Marke Muuto. Diese H\u00e4ngelampe ist ein Meisterwerk raffinierten Designs und praktischer Funktionalit\u00e4t.","robots":{"index":"index","follow":"follow","max-snippet":"max-snippet:-1","max-image-preview":"max-image-preview:large","max-video-preview":"max-video-preview:-1"},"canonical":"https:\/\/theresales.nl\/de\/produkt\/muuto-ambit-weis\/","og_locale":"de_DE","og_type":"article","og_title":"Muuto Ambit wit - TheReSales","og_description":"De Ambit wit is een ontwerp van TAF Architects\u00a0voor het merk Muuto. Deze hanglamp is een meesterwerk van verfijnd design en praktische functionaliteit.","og_url":"https:\/\/theresales.nl\/de\/produkt\/muuto-ambit-weis\/","og_site_name":"TheReSales","article_publisher":"https:\/\/www.facebook.com\/theresales.nl","article_modified_time":"2026-01-29T12:48:31+00:00","og_image":[{"width":1200,"height":900,"url":"https:\/\/theresales.nl\/wp-content\/uploads\/2025\/07\/ambit-wit.png","type":"image\/png"}],"twitter_card":"summary_large_image","twitter_misc":{"Gesch\u00e4tzte Lesezeit":"1\u00a0Minute"},"schema":{"@context":"https:\/\/schema.org","@graph":[{"@type":"WebPage","@id":"https:\/\/theresales.nl\/product\/muuto-ambit-wit\/","url":"https:\/\/theresales.nl\/product\/muuto-ambit-wit\/","name":"Muuto Ambit Wei\u00df - TheReSales","isPartOf":{"@id":"https:\/\/theresales.nl\/#website"},"primaryImageOfPage":{"@id":"https:\/\/theresales.nl\/product\/muuto-ambit-wit\/#primaryimage"},"image":{"@id":"https:\/\/theresales.nl\/product\/muuto-ambit-wit\/#primaryimage"},"thumbnailUrl":"https:\/\/theresales.nl\/wp-content\/uploads\/2025\/07\/ambit-wit.png","datePublished":"2025-07-18T12:46:13+00:00","dateModified":"2026-01-29T12:48:31+00:00","description":"Die Ambit wei\u00df ist ein Entwurf von TAF Architects f\u00fcr die Marke Muuto. Diese H\u00e4ngelampe ist ein Meisterwerk raffinierten Designs und praktischer Funktionalit\u00e4t.","breadcrumb":{"@id":"https:\/\/theresales.nl\/product\/muuto-ambit-wit\/#breadcrumb"},"inLanguage":"de","potentialAction":[{"@type":"ReadAction","target":["https:\/\/theresales.nl\/product\/muuto-ambit-wit\/"]}]},{"@type":"ImageObject","inLanguage":"de","@id":"https:\/\/theresales.nl\/product\/muuto-ambit-wit\/#primaryimage","url":"https:\/\/theresales.nl\/wp-content\/uploads\/2025\/07\/ambit-wit.png","contentUrl":"https:\/\/theresales.nl\/wp-content\/uploads\/2025\/07\/ambit-wit.png","width":1200,"height":900,"caption":"Muito-Ambit-wit-TheReSales"},{"@type":"BreadcrumbList","@id":"https:\/\/theresales.nl\/product\/muuto-ambit-wit\/#breadcrumb","itemListElement":[{"@type":"ListItem","position":1,"name":"Home","item":"https:\/\/theresales.nl\/"},{"@type":"ListItem","position":2,"name":"Collectie","item":"https:\/\/theresales.nl\/collectie\/"},{"@type":"ListItem","position":3,"name":"Muuto Ambit wit"}]},{"@type":"WebSite","@id":"https:\/\/theresales.nl\/#website","url":"https:\/\/theresales.nl\/","name":"TheReSales","description":"Tweedehands Design Meubelen","publisher":{"@id":"https:\/\/theresales.nl\/#organization"},"potentialAction":[{"@type":"SearchAction","target":{"@type":"EntryPoint","urlTemplate":"https:\/\/theresales.nl\/?s={search_term_string}"},"query-input":{"@type":"PropertyValueSpecification","valueRequired":true,"valueName":"search_term_string"}}],"inLanguage":"de"},{"@type":"Organization","@id":"https:\/\/theresales.nl\/#organization","name":"TheReSales","url":"https:\/\/theresales.nl\/","logo":{"@type":"ImageObject","inLanguage":"de","@id":"https:\/\/theresales.nl\/#\/schema\/logo\/image\/","url":"https:\/\/theresales.nl\/wp-content\/uploads\/2026\/04\/Logo-TheReSales.png","contentUrl":"https:\/\/theresales.nl\/wp-content\/uploads\/2026\/04\/Logo-TheReSales.png","width":1200,"height":304,"caption":"TheReSales"},"image":{"@id":"https:\/\/theresales.nl\/#\/schema\/logo\/image\/"},"sameAs":["https:\/\/www.facebook.com\/theresales.nl","https:\/\/www.instagram.com\/_theresales_\/","https:\/\/nl.pinterest.com\/theresalesgroningen\/","https:\/\/www.linkedin.com\/company\/theresales\/"]}]}},"_links":{"self":[{"href":"https:\/\/theresales.nl\/de\/wp-json\/wp\/v2\/product\/46141","targetHints":{"allow":["GET"]}}],"collection":[{"href":"https:\/\/theresales.nl\/de\/wp-json\/wp\/v2\/product"}],"about":[{"href":"https:\/\/theresales.nl\/de\/wp-json\/wp\/v2\/types\/product"}],"wp:featuredmedia":[{"embeddable":true,"href":"https:\/\/theresales.nl\/de\/wp-json\/wp\/v2\/media\/46142"}],"wp:attachment":[{"href":"https:\/\/theresales.nl\/de\/wp-json\/wp\/v2\/media?parent=46141"}],"wp:term":[{"taxonomy":"product_brand","embeddable":true,"href":"https:\/\/theresales.nl\/de\/wp-json\/wp\/v2\/product_brand?post=46141"},{"taxonomy":"product_cat","embeddable":true,"href":"https:\/\/theresales.nl\/de\/wp-json\/wp\/v2\/product_cat?post=46141"},{"taxonomy":"product_tag","embeddable":true,"href":"https:\/\/theresales.nl\/de\/wp-json\/wp\/v2\/product_tag?post=46141"},{"taxonomy":"ontwerper","embeddable":true,"href":"https:\/\/theresales.nl\/de\/wp-json\/wp\/v2\/ontwerper?post=46141"}],"curies":[{"name":"wp","href":"https:\/\/api.w.org\/{rel}","templated":true}]}}