{"id":45640,"date":"2025-06-27T12:16:28","date_gmt":"2025-06-27T10:16:28","guid":{"rendered":"https:\/\/theresales.nl\/?post_type=product&#038;p=45640"},"modified":"2026-01-02T13:54:15","modified_gmt":"2026-01-02T12:54:15","slug":"ingo-maurer-birds-birds-birds","status":"publish","type":"product","link":"https:\/\/theresales.nl\/de\/product\/ingo-maurer-birds-birds-birds\/","title":{"rendered":"Ingo Maurer V\u00f6gel V\u00f6gel V\u00f6gel"},"content":{"rendered":"<p>De Birds Birds Birds is een ontwerp van de designer <a href=\"https:\/\/nl.wikipedia.org\/wiki\/Ingo_Maurer\" target=\"_blank\" rel=\"noopener\">Ingo Maurer<\/a> voor het merk Ingo Maurer. De iconische <a href=\"https:\/\/theresales.nl\/de\/produktkategorie\/lampen\/hangelampen\/\">H\u00e4ngeleuchte<\/a> van Ingo Maurer is een handgemaakt kunstwerk met een speels en po\u00ebtisch karakter. De lamp bestaat uit meerdere lichtbronnen met vleugels van echte ganzenveren, die lijken te zweven als vogels in de lucht.<\/p>","protected":false},"excerpt":{"rendered":"<p><strong>Abmessungen<\/strong><br \/>\nHoogte: 190 cm<br \/>\nBreite: 70 cm<\/p>\n<p><strong>Farbe<\/strong>\u00a0 Metall<\/p>\n<p><strong>Material <\/strong>Staal, Ganzen veertjes<\/p>","protected":false},"featured_media":45641,"template":"","meta":{"_acf_changed":false},"product_brand":[],"product_cat":[40,35],"product_tag":[241],"ontwerper":[],"class_list":{"0":"post-45640","1":"product","2":"type-product","3":"status-publish","4":"has-post-thumbnail","6":"product_cat-hanglampen","7":"product_cat-lampen","8":"product_tag-ingo-maurer","10":"first","11":"instock","12":"shipping-taxable","13":"purchasable","14":"product-type-simple"},"acf":[],"yoast_head":"<!-- This site is optimized with the Yoast SEO plugin v27.5 - https:\/\/yoast.com\/product\/yoast-seo-wordpress\/ -->\n<title>Ingo Maurer Birds Birds Birds - TheReSales<\/title>\n<meta name=\"description\" content=\"De Birds Birds Birds hanglamp van Ingo Maurer is een speels, handgemaakt kunstwerk met lichtbronnen en echte ganzenveren die als vogels lijken te zweven.\" \/>\n<meta name=\"robots\" content=\"index, follow, max-snippet:-1, max-image-preview:large, max-video-preview:-1\" \/>\n<link rel=\"canonical\" href=\"https:\/\/theresales.nl\/de\/produkt\/ingo-maurer-birds-birds-birds\/\" \/>\n<meta property=\"og:locale\" content=\"de_DE\" \/>\n<meta property=\"og:type\" content=\"article\" \/>\n<meta property=\"og:title\" content=\"Ingo Maurer Birds Birds Birds - TheReSales\" \/>\n<meta property=\"og:description\" content=\"De Birds Birds Birds hanglamp van Ingo Maurer is een speels, handgemaakt kunstwerk met lichtbronnen en echte ganzenveren die als vogels lijken te zweven.\" \/>\n<meta property=\"og:url\" content=\"https:\/\/theresales.nl\/de\/produkt\/ingo-maurer-birds-birds-birds\/\" \/>\n<meta property=\"og:site_name\" content=\"TheReSales\" \/>\n<meta property=\"article:publisher\" content=\"https:\/\/www.facebook.com\/theresales.nl\" \/>\n<meta property=\"article:modified_time\" content=\"2026-01-02T12:54:15+00:00\" \/>\n<meta property=\"og:image\" content=\"https:\/\/theresales.nl\/wp-content\/uploads\/2025\/06\/birdbirdbird.png\" \/>\n\t<meta property=\"og:image:width\" content=\"1200\" \/>\n\t<meta property=\"og:image:height\" content=\"900\" \/>\n\t<meta property=\"og:image:type\" content=\"image\/png\" \/>\n<meta name=\"twitter:card\" content=\"summary_large_image\" \/>\n<meta name=\"twitter:label1\" content=\"Gesch\u00e4tzte Lesezeit\" \/>\n\t<meta name=\"twitter:data1\" content=\"1\u00a0Minute\" \/>\n<!-- \/ Yoast SEO plugin. -->","yoast_head_json":{"title":"Ingo Maurer Birds Birds Birds - TheReSales","description":"De Birds Birds Birds hanglamp van Ingo Maurer is een speels, handgemaakt kunstwerk met lichtbronnen en echte ganzenveren die als vogels lijken te zweven.","robots":{"index":"index","follow":"follow","max-snippet":"max-snippet:-1","max-image-preview":"max-image-preview:large","max-video-preview":"max-video-preview:-1"},"canonical":"https:\/\/theresales.nl\/de\/produkt\/ingo-maurer-birds-birds-birds\/","og_locale":"de_DE","og_type":"article","og_title":"Ingo Maurer Birds Birds Birds - TheReSales","og_description":"De Birds Birds Birds hanglamp van Ingo Maurer is een speels, handgemaakt kunstwerk met lichtbronnen en echte ganzenveren die als vogels lijken te zweven.","og_url":"https:\/\/theresales.nl\/de\/produkt\/ingo-maurer-birds-birds-birds\/","og_site_name":"TheReSales","article_publisher":"https:\/\/www.facebook.com\/theresales.nl","article_modified_time":"2026-01-02T12:54:15+00:00","og_image":[{"width":1200,"height":900,"url":"https:\/\/theresales.nl\/wp-content\/uploads\/2025\/06\/birdbirdbird.png","type":"image\/png"}],"twitter_card":"summary_large_image","twitter_misc":{"Gesch\u00e4tzte Lesezeit":"1\u00a0Minute"},"schema":{"@context":"https:\/\/schema.org","@graph":[{"@type":"WebPage","@id":"https:\/\/theresales.nl\/product\/ingo-maurer-birds-birds-birds\/","url":"https:\/\/theresales.nl\/product\/ingo-maurer-birds-birds-birds\/","name":"Ingo Maurer Birds Birds Birds - TheReSales","isPartOf":{"@id":"https:\/\/theresales.nl\/#website"},"primaryImageOfPage":{"@id":"https:\/\/theresales.nl\/product\/ingo-maurer-birds-birds-birds\/#primaryimage"},"image":{"@id":"https:\/\/theresales.nl\/product\/ingo-maurer-birds-birds-birds\/#primaryimage"},"thumbnailUrl":"https:\/\/theresales.nl\/wp-content\/uploads\/2025\/06\/birdbirdbird.png","datePublished":"2025-06-27T10:16:28+00:00","dateModified":"2026-01-02T12:54:15+00:00","description":"De Birds Birds Birds hanglamp van Ingo Maurer is een speels, handgemaakt kunstwerk met lichtbronnen en echte ganzenveren die als vogels lijken te zweven.","breadcrumb":{"@id":"https:\/\/theresales.nl\/product\/ingo-maurer-birds-birds-birds\/#breadcrumb"},"inLanguage":"de","potentialAction":[{"@type":"ReadAction","target":["https:\/\/theresales.nl\/product\/ingo-maurer-birds-birds-birds\/"]}]},{"@type":"ImageObject","inLanguage":"de","@id":"https:\/\/theresales.nl\/product\/ingo-maurer-birds-birds-birds\/#primaryimage","url":"https:\/\/theresales.nl\/wp-content\/uploads\/2025\/06\/birdbirdbird.png","contentUrl":"https:\/\/theresales.nl\/wp-content\/uploads\/2025\/06\/birdbirdbird.png","width":1200,"height":900,"caption":"Ingo-Maurer-Birds-Birds-Birds-hanglamp-theresales"},{"@type":"BreadcrumbList","@id":"https:\/\/theresales.nl\/product\/ingo-maurer-birds-birds-birds\/#breadcrumb","itemListElement":[{"@type":"ListItem","position":1,"name":"Home","item":"https:\/\/theresales.nl\/"},{"@type":"ListItem","position":2,"name":"Collectie","item":"https:\/\/theresales.nl\/collectie\/"},{"@type":"ListItem","position":3,"name":"Ingo Maurer Birds Birds Birds"}]},{"@type":"WebSite","@id":"https:\/\/theresales.nl\/#website","url":"https:\/\/theresales.nl\/","name":"TheReSales","description":"Tweedehands Design Meubelen","publisher":{"@id":"https:\/\/theresales.nl\/#organization"},"potentialAction":[{"@type":"SearchAction","target":{"@type":"EntryPoint","urlTemplate":"https:\/\/theresales.nl\/?s={search_term_string}"},"query-input":{"@type":"PropertyValueSpecification","valueRequired":true,"valueName":"search_term_string"}}],"inLanguage":"de"},{"@type":"Organization","@id":"https:\/\/theresales.nl\/#organization","name":"TheReSales","url":"https:\/\/theresales.nl\/","logo":{"@type":"ImageObject","inLanguage":"de","@id":"https:\/\/theresales.nl\/#\/schema\/logo\/image\/","url":"https:\/\/theresales.nl\/wp-content\/uploads\/2026\/04\/Logo-TheReSales.png","contentUrl":"https:\/\/theresales.nl\/wp-content\/uploads\/2026\/04\/Logo-TheReSales.png","width":1200,"height":304,"caption":"TheReSales"},"image":{"@id":"https:\/\/theresales.nl\/#\/schema\/logo\/image\/"},"sameAs":["https:\/\/www.facebook.com\/theresales.nl","https:\/\/www.instagram.com\/_theresales_\/","https:\/\/nl.pinterest.com\/theresalesgroningen\/","https:\/\/www.linkedin.com\/company\/theresales\/"]}]}},"_links":{"self":[{"href":"https:\/\/theresales.nl\/de\/wp-json\/wp\/v2\/product\/45640","targetHints":{"allow":["GET"]}}],"collection":[{"href":"https:\/\/theresales.nl\/de\/wp-json\/wp\/v2\/product"}],"about":[{"href":"https:\/\/theresales.nl\/de\/wp-json\/wp\/v2\/types\/product"}],"wp:featuredmedia":[{"embeddable":true,"href":"https:\/\/theresales.nl\/de\/wp-json\/wp\/v2\/media\/45641"}],"wp:attachment":[{"href":"https:\/\/theresales.nl\/de\/wp-json\/wp\/v2\/media?parent=45640"}],"wp:term":[{"taxonomy":"product_brand","embeddable":true,"href":"https:\/\/theresales.nl\/de\/wp-json\/wp\/v2\/product_brand?post=45640"},{"taxonomy":"product_cat","embeddable":true,"href":"https:\/\/theresales.nl\/de\/wp-json\/wp\/v2\/product_cat?post=45640"},{"taxonomy":"product_tag","embeddable":true,"href":"https:\/\/theresales.nl\/de\/wp-json\/wp\/v2\/product_tag?post=45640"},{"taxonomy":"ontwerper","embeddable":true,"href":"https:\/\/theresales.nl\/de\/wp-json\/wp\/v2\/ontwerper?post=45640"}],"curies":[{"name":"wp","href":"https:\/\/api.w.org\/{rel}","templated":true}]}}