{"id":45317,"date":"2025-06-19T10:25:23","date_gmt":"2025-06-19T08:25:23","guid":{"rendered":"https:\/\/theresales.nl\/?post_type=product&#038;p=45317"},"modified":"2026-01-02T13:51:00","modified_gmt":"2026-01-02T12:51:00","slug":"fritz-hansen-ei-stuhl-fuchsia","status":"publish","type":"product","link":"https:\/\/theresales.nl\/de\/product\/fritz-hansen-egg-chair-fuchsia\/","title":{"rendered":"Fritz Hansen Ei Stuhl Fuchsia"},"content":{"rendered":"<p>Der Egg Chair fuchsia ist ein Design von <a href=\"https:\/\/arnejacobsen.com\/\" target=\"_blank\" rel=\"noopener\">Arne Jacobsen<\/a> \u00a0f\u00fcr die Marke Fritz Hansen.<\/p>\n<p>Der Fritz Hansen Egg <a href=\"https:\/\/theresales.nl\/de\/produktkategorie\/sessel\/\" target=\"_blank\" rel=\"noopener\">Stuhl<\/a> f\u00e4llt durch seine einzigartige Form auf, die durch die geschwungenen Linien an eine Eierschale erinnert. Diese Form l\u00e4dt zu einem komfortablen Sitzerlebnis ein und bietet Privatsph\u00e4re, indem sie die Seiten und den R\u00fccken des Benutzers abschirmt. Die gebogene R\u00fcckenlehne oben erinnert an einen klassischen Ohrensessel, was den Egg Chair auch in \u00f6ffentlichen R\u00e4umen besonders einladend und entspannend macht.<\/p>","protected":false},"excerpt":{"rendered":"<p><strong>Neupreis \u20ac7309,- pro St\u00fcck<\/strong><\/p>\n<p><strong>Abmessungen<\/strong><br \/>\nBreite: 86 cm<br \/>\nTiefe : 79 cm<br \/>\nH\u00f6he: 107 cm<br \/>\nSitzh\u00f6he: 37 cm<br \/>\nArml\u00e4nge: 58 cm<\/p>\n<p><strong>Farbe <\/strong>Fuchsie<\/p>\n<p><strong>Material<\/strong> Stoff, Metall<\/p>\n<p><strong>Besonderheiten<\/strong> Drehbar<\/p>","protected":false},"featured_media":45319,"template":"","meta":{"_acf_changed":false},"product_brand":[],"product_cat":[19],"product_tag":[223],"ontwerper":[],"class_list":{"0":"post-45317","1":"product","2":"type-product","3":"status-publish","4":"has-post-thumbnail","6":"product_cat-fauteuils","7":"product_tag-fritz-hansen","9":"first","10":"instock","11":"shipping-taxable","12":"purchasable","13":"product-type-simple"},"acf":[],"yoast_head":"<!-- This site is optimized with the Yoast SEO plugin v27.5 - https:\/\/yoast.com\/product\/yoast-seo-wordpress\/ -->\n<title>Fritz Hansen Egg Chair fuchsia - TheReSales<\/title>\n<meta name=\"description\" content=\"De Egg Chair fuchsia is een ontwerp van Arne Jacobsen \u00a0voor het merk Fritz Hansen. De Egg Chair valt op door de llijnen die lijken op een eierschaal.\" \/>\n<meta name=\"robots\" content=\"index, follow, max-snippet:-1, max-image-preview:large, max-video-preview:-1\" \/>\n<link rel=\"canonical\" href=\"https:\/\/theresales.nl\/de\/produkt\/fritz-hansen-ei-stuhl-fuchsia\/\" \/>\n<meta property=\"og:locale\" content=\"de_DE\" \/>\n<meta property=\"og:type\" content=\"article\" \/>\n<meta property=\"og:title\" content=\"Fritz Hansen Egg Chair fuchsia - TheReSales\" \/>\n<meta property=\"og:description\" content=\"De Egg Chair fuchsia is een ontwerp van Arne Jacobsen \u00a0voor het merk Fritz Hansen. De Egg Chair valt op door de llijnen die lijken op een eierschaal.\" \/>\n<meta property=\"og:url\" content=\"https:\/\/theresales.nl\/de\/produkt\/fritz-hansen-ei-stuhl-fuchsia\/\" \/>\n<meta property=\"og:site_name\" content=\"TheReSales\" \/>\n<meta property=\"article:publisher\" content=\"https:\/\/www.facebook.com\/theresales.nl\" \/>\n<meta property=\"article:modified_time\" content=\"2026-01-02T12:51:00+00:00\" \/>\n<meta property=\"og:image\" content=\"https:\/\/theresales.nl\/wp-content\/uploads\/2025\/06\/20250619_074724892_iOS.jpg\" \/>\n\t<meta property=\"og:image:width\" content=\"1200\" \/>\n\t<meta property=\"og:image:height\" content=\"900\" \/>\n\t<meta property=\"og:image:type\" content=\"image\/jpeg\" \/>\n<meta name=\"twitter:card\" content=\"summary_large_image\" \/>\n<meta name=\"twitter:label1\" content=\"Gesch\u00e4tzte Lesezeit\" \/>\n\t<meta name=\"twitter:data1\" content=\"1\u00a0Minute\" \/>\n<!-- \/ Yoast SEO plugin. -->","yoast_head_json":{"title":"Fritz Hansen Ei Stuhl fuchsia - TheReSales","description":"Der Egg Chair fuchsia ist ein Entwurf von Arne Jacobsen f\u00fcr die Marke Fritz Hansen. Der Egg Chair f\u00e4llt durch seine Linien, die einer Eierschale \u00e4hneln, auf.","robots":{"index":"index","follow":"follow","max-snippet":"max-snippet:-1","max-image-preview":"max-image-preview:large","max-video-preview":"max-video-preview:-1"},"canonical":"https:\/\/theresales.nl\/de\/produkt\/fritz-hansen-ei-stuhl-fuchsia\/","og_locale":"de_DE","og_type":"article","og_title":"Fritz Hansen Egg Chair fuchsia - TheReSales","og_description":"De Egg Chair fuchsia is een ontwerp van Arne Jacobsen \u00a0voor het merk Fritz Hansen. De Egg Chair valt op door de llijnen die lijken op een eierschaal.","og_url":"https:\/\/theresales.nl\/de\/produkt\/fritz-hansen-ei-stuhl-fuchsia\/","og_site_name":"TheReSales","article_publisher":"https:\/\/www.facebook.com\/theresales.nl","article_modified_time":"2026-01-02T12:51:00+00:00","og_image":[{"width":1200,"height":900,"url":"https:\/\/theresales.nl\/wp-content\/uploads\/2025\/06\/20250619_074724892_iOS.jpg","type":"image\/jpeg"}],"twitter_card":"summary_large_image","twitter_misc":{"Gesch\u00e4tzte Lesezeit":"1\u00a0Minute"},"schema":{"@context":"https:\/\/schema.org","@graph":[{"@type":"WebPage","@id":"https:\/\/theresales.nl\/product\/fritz-hansen-egg-chair-fuchsia\/","url":"https:\/\/theresales.nl\/product\/fritz-hansen-egg-chair-fuchsia\/","name":"Fritz Hansen Ei Stuhl fuchsia - TheReSales","isPartOf":{"@id":"https:\/\/theresales.nl\/#website"},"primaryImageOfPage":{"@id":"https:\/\/theresales.nl\/product\/fritz-hansen-egg-chair-fuchsia\/#primaryimage"},"image":{"@id":"https:\/\/theresales.nl\/product\/fritz-hansen-egg-chair-fuchsia\/#primaryimage"},"thumbnailUrl":"https:\/\/theresales.nl\/wp-content\/uploads\/2025\/06\/20250619_074724892_iOS.jpg","datePublished":"2025-06-19T08:25:23+00:00","dateModified":"2026-01-02T12:51:00+00:00","description":"Der Egg Chair fuchsia ist ein Entwurf von Arne Jacobsen f\u00fcr die Marke Fritz Hansen. Der Egg Chair f\u00e4llt durch seine Linien, die einer Eierschale \u00e4hneln, auf.","breadcrumb":{"@id":"https:\/\/theresales.nl\/product\/fritz-hansen-egg-chair-fuchsia\/#breadcrumb"},"inLanguage":"de","potentialAction":[{"@type":"ReadAction","target":["https:\/\/theresales.nl\/product\/fritz-hansen-egg-chair-fuchsia\/"]}]},{"@type":"ImageObject","inLanguage":"de","@id":"https:\/\/theresales.nl\/product\/fritz-hansen-egg-chair-fuchsia\/#primaryimage","url":"https:\/\/theresales.nl\/wp-content\/uploads\/2025\/06\/20250619_074724892_iOS.jpg","contentUrl":"https:\/\/theresales.nl\/wp-content\/uploads\/2025\/06\/20250619_074724892_iOS.jpg","width":1200,"height":900,"caption":"Fritz Hansen-Egg-Chair-fuchsia-fauteuil-TheReSales"},{"@type":"BreadcrumbList","@id":"https:\/\/theresales.nl\/product\/fritz-hansen-egg-chair-fuchsia\/#breadcrumb","itemListElement":[{"@type":"ListItem","position":1,"name":"Home","item":"https:\/\/theresales.nl\/"},{"@type":"ListItem","position":2,"name":"Collectie","item":"https:\/\/theresales.nl\/collectie\/"},{"@type":"ListItem","position":3,"name":"Fritz Hansen Egg Chair fuchsia"}]},{"@type":"WebSite","@id":"https:\/\/theresales.nl\/#website","url":"https:\/\/theresales.nl\/","name":"TheReSales","description":"Tweedehands Design Meubelen","publisher":{"@id":"https:\/\/theresales.nl\/#organization"},"potentialAction":[{"@type":"SearchAction","target":{"@type":"EntryPoint","urlTemplate":"https:\/\/theresales.nl\/?s={search_term_string}"},"query-input":{"@type":"PropertyValueSpecification","valueRequired":true,"valueName":"search_term_string"}}],"inLanguage":"de"},{"@type":"Organization","@id":"https:\/\/theresales.nl\/#organization","name":"TheReSales","url":"https:\/\/theresales.nl\/","logo":{"@type":"ImageObject","inLanguage":"de","@id":"https:\/\/theresales.nl\/#\/schema\/logo\/image\/","url":"https:\/\/theresales.nl\/wp-content\/uploads\/2026\/04\/Logo-TheReSales.png","contentUrl":"https:\/\/theresales.nl\/wp-content\/uploads\/2026\/04\/Logo-TheReSales.png","width":1200,"height":304,"caption":"TheReSales"},"image":{"@id":"https:\/\/theresales.nl\/#\/schema\/logo\/image\/"},"sameAs":["https:\/\/www.facebook.com\/theresales.nl","https:\/\/www.instagram.com\/_theresales_\/","https:\/\/nl.pinterest.com\/theresalesgroningen\/","https:\/\/www.linkedin.com\/company\/theresales\/"]}]}},"_links":{"self":[{"href":"https:\/\/theresales.nl\/de\/wp-json\/wp\/v2\/product\/45317","targetHints":{"allow":["GET"]}}],"collection":[{"href":"https:\/\/theresales.nl\/de\/wp-json\/wp\/v2\/product"}],"about":[{"href":"https:\/\/theresales.nl\/de\/wp-json\/wp\/v2\/types\/product"}],"wp:featuredmedia":[{"embeddable":true,"href":"https:\/\/theresales.nl\/de\/wp-json\/wp\/v2\/media\/45319"}],"wp:attachment":[{"href":"https:\/\/theresales.nl\/de\/wp-json\/wp\/v2\/media?parent=45317"}],"wp:term":[{"taxonomy":"product_brand","embeddable":true,"href":"https:\/\/theresales.nl\/de\/wp-json\/wp\/v2\/product_brand?post=45317"},{"taxonomy":"product_cat","embeddable":true,"href":"https:\/\/theresales.nl\/de\/wp-json\/wp\/v2\/product_cat?post=45317"},{"taxonomy":"product_tag","embeddable":true,"href":"https:\/\/theresales.nl\/de\/wp-json\/wp\/v2\/product_tag?post=45317"},{"taxonomy":"ontwerper","embeddable":true,"href":"https:\/\/theresales.nl\/de\/wp-json\/wp\/v2\/ontwerper?post=45317"}],"curies":[{"name":"wp","href":"https:\/\/api.w.org\/{rel}","templated":true}]}}