{"id":44800,"date":"2025-05-30T09:00:54","date_gmt":"2025-05-30T07:00:54","guid":{"rendered":"https:\/\/theresales.nl\/?post_type=product&#038;p=44800"},"modified":"2026-01-02T13:49:06","modified_gmt":"2026-01-02T12:49:06","slug":"buzzispace-buzzispot-grau","status":"publish","type":"product","link":"https:\/\/theresales.nl\/de\/product\/buzzispace-buzzispot-grijs\/","title":{"rendered":"BuzziSpace BuzziSpot Grau"},"content":{"rendered":"<p>Der BuzziSpot grau ist ein Design der Marke BuzziSpace. Dieses<a href=\"https:\/\/theresales.nl\/de\/produktkategorie\/poef-hocker-voetenbank\/\" target=\"_blank\" rel=\"noopener\"> Puff<\/a> ist gefertigt aus weichem Akustikschaumstoff, was nicht nur f\u00fcr ein komfortables Sitzgef\u00fchl sorgt, sondern auch unerw\u00fcnschte Ger\u00e4usche absorbiert.<\/p>","protected":false},"excerpt":{"rendered":"<p><strong>Abmessungen<\/strong><br \/>\nBreite: 48 cm<br \/>\nTiefe : 48 cm<br \/>\nH\u00f6he: 49 cm<\/p>\n<p><strong>Farbe<\/strong> Grau<\/p>\n<p><strong>Material<\/strong> Stoff<\/p>","protected":false},"featured_media":44801,"template":"","meta":{"_acf_changed":false},"product_brand":[],"product_cat":[25],"product_tag":[334],"ontwerper":[],"class_list":{"0":"post-44800","1":"product","2":"type-product","3":"status-publish","4":"has-post-thumbnail","6":"product_cat-poef-hocker-voetenbank","7":"product_tag-buzzispace","9":"first","10":"instock","11":"shipping-taxable","12":"purchasable","13":"product-type-simple"},"acf":[],"yoast_head":"<!-- This site is optimized with the Yoast SEO plugin v27.5 - https:\/\/yoast.com\/product\/yoast-seo-wordpress\/ -->\n<title>BuzziSpace BuzziSpot grijs - TheReSales<\/title>\n<meta name=\"description\" content=\"De BuzziCube BuzziSpot grijs is een ontwerp van\u00a0het merk BuzziSpace. Het is vervaardigd van akoestisch schuim en maakt het zitten een waar genot!\" \/>\n<meta name=\"robots\" content=\"index, follow, max-snippet:-1, max-image-preview:large, max-video-preview:-1\" \/>\n<link rel=\"canonical\" href=\"https:\/\/theresales.nl\/de\/produkt\/buzzispace-buzzispot-grau\/\" \/>\n<meta property=\"og:locale\" content=\"de_DE\" \/>\n<meta property=\"og:type\" content=\"article\" \/>\n<meta property=\"og:title\" content=\"BuzziSpace BuzziSpot grijs - TheReSales\" \/>\n<meta property=\"og:description\" content=\"De BuzziCube BuzziSpot grijs is een ontwerp van\u00a0het merk BuzziSpace. Het is vervaardigd van akoestisch schuim en maakt het zitten een waar genot!\" \/>\n<meta property=\"og:url\" content=\"https:\/\/theresales.nl\/de\/produkt\/buzzispace-buzzispot-grau\/\" \/>\n<meta property=\"og:site_name\" content=\"TheReSales\" \/>\n<meta property=\"article:publisher\" content=\"https:\/\/www.facebook.com\/theresales.nl\" \/>\n<meta property=\"article:modified_time\" content=\"2026-01-02T12:49:06+00:00\" \/>\n<meta property=\"og:image\" content=\"https:\/\/theresales.nl\/wp-content\/uploads\/2025\/05\/20250528_135843633_iOS.jpg\" \/>\n\t<meta property=\"og:image:width\" content=\"1200\" \/>\n\t<meta property=\"og:image:height\" content=\"900\" \/>\n\t<meta property=\"og:image:type\" content=\"image\/jpeg\" \/>\n<meta name=\"twitter:card\" content=\"summary_large_image\" \/>\n<meta name=\"twitter:label1\" content=\"Gesch\u00e4tzte Lesezeit\" \/>\n\t<meta name=\"twitter:data1\" content=\"1\u00a0Minute\" \/>\n<!-- \/ Yoast SEO plugin. -->","yoast_head_json":{"title":"BuzziSpace BuzziSpot Grau - TheReSales","description":"Der BuzziCube BuzziSpot grau ist ein Entwurf der Marke BuzziSpace. Er ist aus Akustikschaum hergestellt und macht das Sitzen zu einem wahren Genuss!","robots":{"index":"index","follow":"follow","max-snippet":"max-snippet:-1","max-image-preview":"max-image-preview:large","max-video-preview":"max-video-preview:-1"},"canonical":"https:\/\/theresales.nl\/de\/produkt\/buzzispace-buzzispot-grau\/","og_locale":"de_DE","og_type":"article","og_title":"BuzziSpace BuzziSpot grijs - TheReSales","og_description":"De BuzziCube BuzziSpot grijs is een ontwerp van\u00a0het merk BuzziSpace. Het is vervaardigd van akoestisch schuim en maakt het zitten een waar genot!","og_url":"https:\/\/theresales.nl\/de\/produkt\/buzzispace-buzzispot-grau\/","og_site_name":"TheReSales","article_publisher":"https:\/\/www.facebook.com\/theresales.nl","article_modified_time":"2026-01-02T12:49:06+00:00","og_image":[{"width":1200,"height":900,"url":"https:\/\/theresales.nl\/wp-content\/uploads\/2025\/05\/20250528_135843633_iOS.jpg","type":"image\/jpeg"}],"twitter_card":"summary_large_image","twitter_misc":{"Gesch\u00e4tzte Lesezeit":"1\u00a0Minute"},"schema":{"@context":"https:\/\/schema.org","@graph":[{"@type":"WebPage","@id":"https:\/\/theresales.nl\/product\/buzzispace-buzzispot-grijs\/","url":"https:\/\/theresales.nl\/product\/buzzispace-buzzispot-grijs\/","name":"BuzziSpace BuzziSpot Grau - TheReSales","isPartOf":{"@id":"https:\/\/theresales.nl\/#website"},"primaryImageOfPage":{"@id":"https:\/\/theresales.nl\/product\/buzzispace-buzzispot-grijs\/#primaryimage"},"image":{"@id":"https:\/\/theresales.nl\/product\/buzzispace-buzzispot-grijs\/#primaryimage"},"thumbnailUrl":"https:\/\/theresales.nl\/wp-content\/uploads\/2025\/05\/20250528_135843633_iOS.jpg","datePublished":"2025-05-30T07:00:54+00:00","dateModified":"2026-01-02T12:49:06+00:00","description":"Der BuzziCube BuzziSpot grau ist ein Entwurf der Marke BuzziSpace. Er ist aus Akustikschaum hergestellt und macht das Sitzen zu einem wahren Genuss!","breadcrumb":{"@id":"https:\/\/theresales.nl\/product\/buzzispace-buzzispot-grijs\/#breadcrumb"},"inLanguage":"de","potentialAction":[{"@type":"ReadAction","target":["https:\/\/theresales.nl\/product\/buzzispace-buzzispot-grijs\/"]}]},{"@type":"ImageObject","inLanguage":"de","@id":"https:\/\/theresales.nl\/product\/buzzispace-buzzispot-grijs\/#primaryimage","url":"https:\/\/theresales.nl\/wp-content\/uploads\/2025\/05\/20250528_135843633_iOS.jpg","contentUrl":"https:\/\/theresales.nl\/wp-content\/uploads\/2025\/05\/20250528_135843633_iOS.jpg","width":1200,"height":900,"caption":"BuzziSpace-Buispost-Grijs-TheReSales"},{"@type":"BreadcrumbList","@id":"https:\/\/theresales.nl\/product\/buzzispace-buzzispot-grijs\/#breadcrumb","itemListElement":[{"@type":"ListItem","position":1,"name":"Home","item":"https:\/\/theresales.nl\/"},{"@type":"ListItem","position":2,"name":"Collectie","item":"https:\/\/theresales.nl\/collectie\/"},{"@type":"ListItem","position":3,"name":"BuzziSpace BuzziSpot grijs"}]},{"@type":"WebSite","@id":"https:\/\/theresales.nl\/#website","url":"https:\/\/theresales.nl\/","name":"TheReSales","description":"Tweedehands Design Meubelen","publisher":{"@id":"https:\/\/theresales.nl\/#organization"},"potentialAction":[{"@type":"SearchAction","target":{"@type":"EntryPoint","urlTemplate":"https:\/\/theresales.nl\/?s={search_term_string}"},"query-input":{"@type":"PropertyValueSpecification","valueRequired":true,"valueName":"search_term_string"}}],"inLanguage":"de"},{"@type":"Organization","@id":"https:\/\/theresales.nl\/#organization","name":"TheReSales","url":"https:\/\/theresales.nl\/","logo":{"@type":"ImageObject","inLanguage":"de","@id":"https:\/\/theresales.nl\/#\/schema\/logo\/image\/","url":"https:\/\/theresales.nl\/wp-content\/uploads\/2026\/04\/Logo-TheReSales.png","contentUrl":"https:\/\/theresales.nl\/wp-content\/uploads\/2026\/04\/Logo-TheReSales.png","width":1200,"height":304,"caption":"TheReSales"},"image":{"@id":"https:\/\/theresales.nl\/#\/schema\/logo\/image\/"},"sameAs":["https:\/\/www.facebook.com\/theresales.nl","https:\/\/www.instagram.com\/_theresales_\/","https:\/\/nl.pinterest.com\/theresalesgroningen\/","https:\/\/www.linkedin.com\/company\/theresales\/"]}]}},"_links":{"self":[{"href":"https:\/\/theresales.nl\/de\/wp-json\/wp\/v2\/product\/44800","targetHints":{"allow":["GET"]}}],"collection":[{"href":"https:\/\/theresales.nl\/de\/wp-json\/wp\/v2\/product"}],"about":[{"href":"https:\/\/theresales.nl\/de\/wp-json\/wp\/v2\/types\/product"}],"wp:featuredmedia":[{"embeddable":true,"href":"https:\/\/theresales.nl\/de\/wp-json\/wp\/v2\/media\/44801"}],"wp:attachment":[{"href":"https:\/\/theresales.nl\/de\/wp-json\/wp\/v2\/media?parent=44800"}],"wp:term":[{"taxonomy":"product_brand","embeddable":true,"href":"https:\/\/theresales.nl\/de\/wp-json\/wp\/v2\/product_brand?post=44800"},{"taxonomy":"product_cat","embeddable":true,"href":"https:\/\/theresales.nl\/de\/wp-json\/wp\/v2\/product_cat?post=44800"},{"taxonomy":"product_tag","embeddable":true,"href":"https:\/\/theresales.nl\/de\/wp-json\/wp\/v2\/product_tag?post=44800"},{"taxonomy":"ontwerper","embeddable":true,"href":"https:\/\/theresales.nl\/de\/wp-json\/wp\/v2\/ontwerper?post=44800"}],"curies":[{"name":"wp","href":"https:\/\/api.w.org\/{rel}","templated":true}]}}