{"id":44496,"date":"2025-05-16T12:06:10","date_gmt":"2025-05-16T10:06:10","guid":{"rendered":"https:\/\/theresales.nl\/?post_type=product&#038;p=44496"},"modified":"2026-01-02T13:44:46","modified_gmt":"2026-01-02T12:44:46","slug":"hollandische-teppiche-felsig-braun-meliert","status":"publish","type":"product","link":"https:\/\/theresales.nl\/de\/product\/dutch-carpets-rocky-bruin-mix\/","title":{"rendered":"Niederl\u00e4ndisch Carpets Rocky Braun Mischung"},"content":{"rendered":"<p>Der braune Mischteppich stammt aus der Rocky-Kollektion der Marke Dutch Carpets. Dieses Design <a href=\"https:\/\/theresales.nl\/de\/produktkategorie\/karpetten\/\" target=\"_blank\" rel=\"noopener\">Teppich<\/a> f\u00fcgt W\u00e4rme und Komfort zu jedem Raum hinzu. Mit seiner weichen Textur und luxuri\u00f6sen Ausstrahlung schafft es eine gem\u00fctliche Atmosph\u00e4re, perfekt zum Entspannen und Genie\u00dfen.<\/p>","protected":false},"excerpt":{"rendered":"<p><strong>Abmessungen<\/strong><br \/>\nBreite: 170 cm<br \/>\nTiefe: 240 cm<\/p>\n<p><strong>Farbe<\/strong>: Braun Mix<\/p>\n<p><strong>Material<\/strong>: Wolke<\/p>","protected":false},"featured_media":44497,"template":"","meta":{"_acf_changed":false},"product_brand":[],"product_cat":[128],"product_tag":[475],"ontwerper":[],"class_list":{"0":"post-44496","1":"product","2":"type-product","3":"status-publish","4":"has-post-thumbnail","6":"product_cat-karpetten","7":"product_tag-dutch-carpets","9":"first","10":"instock","11":"shipping-taxable","12":"purchasable","13":"product-type-simple"},"acf":[],"yoast_head":"<!-- This site is optimized with the Yoast SEO plugin v27.5 - https:\/\/yoast.com\/product\/yoast-seo-wordpress\/ -->\n<title>Dutch Carpets Rocky Bruin Mix - TheReSales<\/title>\n<meta name=\"description\" content=\"Dit Bruin Mix karpet is afkomstig uit de rocky collectie van het merk Dutch Carpets. Zachte textuur, luxe uitstraling, gezellige sfeer.\" \/>\n<meta name=\"robots\" content=\"index, follow, max-snippet:-1, max-image-preview:large, max-video-preview:-1\" \/>\n<link rel=\"canonical\" href=\"https:\/\/theresales.nl\/de\/produkt\/hollandische-teppiche-felsig-braun-meliert\/\" \/>\n<meta property=\"og:locale\" content=\"de_DE\" \/>\n<meta property=\"og:type\" content=\"article\" \/>\n<meta property=\"og:title\" content=\"Dutch Carpets Rocky Bruin Mix - TheReSales\" \/>\n<meta property=\"og:description\" content=\"Dit Bruin Mix karpet is afkomstig uit de rocky collectie van het merk Dutch Carpets. Zachte textuur, luxe uitstraling, gezellige sfeer.\" \/>\n<meta property=\"og:url\" content=\"https:\/\/theresales.nl\/de\/produkt\/hollandische-teppiche-felsig-braun-meliert\/\" \/>\n<meta property=\"og:site_name\" content=\"TheReSales\" \/>\n<meta property=\"article:publisher\" content=\"https:\/\/www.facebook.com\/theresales.nl\" \/>\n<meta property=\"article:modified_time\" content=\"2026-01-02T12:44:46+00:00\" \/>\n<meta property=\"og:image\" content=\"https:\/\/theresales.nl\/wp-content\/uploads\/2025\/05\/20231020_095542752_iOS.jpg\" \/>\n\t<meta property=\"og:image:width\" content=\"1200\" \/>\n\t<meta property=\"og:image:height\" content=\"900\" \/>\n\t<meta property=\"og:image:type\" content=\"image\/jpeg\" \/>\n<meta name=\"twitter:card\" content=\"summary_large_image\" \/>\n<meta name=\"twitter:label1\" content=\"Gesch\u00e4tzte Lesezeit\" \/>\n\t<meta name=\"twitter:data1\" content=\"1\u00a0Minute\" \/>\n<!-- \/ Yoast SEO plugin. -->","yoast_head_json":{"title":"Niederl\u00e4ndisch Carpets Rocky Braun Mischung - TheReSales","description":"Dieser braune Mix Teppich stammt aus der Rocky Kollektion der Marke Dutch Carpets. Weiche Textur, luxuri\u00f6ses Aussehen, gem\u00fctliche Atmosph\u00e4re.","robots":{"index":"index","follow":"follow","max-snippet":"max-snippet:-1","max-image-preview":"max-image-preview:large","max-video-preview":"max-video-preview:-1"},"canonical":"https:\/\/theresales.nl\/de\/produkt\/hollandische-teppiche-felsig-braun-meliert\/","og_locale":"de_DE","og_type":"article","og_title":"Dutch Carpets Rocky Bruin Mix - TheReSales","og_description":"Dit Bruin Mix karpet is afkomstig uit de rocky collectie van het merk Dutch Carpets. Zachte textuur, luxe uitstraling, gezellige sfeer.","og_url":"https:\/\/theresales.nl\/de\/produkt\/hollandische-teppiche-felsig-braun-meliert\/","og_site_name":"TheReSales","article_publisher":"https:\/\/www.facebook.com\/theresales.nl","article_modified_time":"2026-01-02T12:44:46+00:00","og_image":[{"width":1200,"height":900,"url":"https:\/\/theresales.nl\/wp-content\/uploads\/2025\/05\/20231020_095542752_iOS.jpg","type":"image\/jpeg"}],"twitter_card":"summary_large_image","twitter_misc":{"Gesch\u00e4tzte Lesezeit":"1\u00a0Minute"},"schema":{"@context":"https:\/\/schema.org","@graph":[{"@type":"WebPage","@id":"https:\/\/theresales.nl\/product\/dutch-carpets-rocky-bruin-mix\/","url":"https:\/\/theresales.nl\/product\/dutch-carpets-rocky-bruin-mix\/","name":"Niederl\u00e4ndisch Carpets Rocky Braun Mischung - TheReSales","isPartOf":{"@id":"https:\/\/theresales.nl\/#website"},"primaryImageOfPage":{"@id":"https:\/\/theresales.nl\/product\/dutch-carpets-rocky-bruin-mix\/#primaryimage"},"image":{"@id":"https:\/\/theresales.nl\/product\/dutch-carpets-rocky-bruin-mix\/#primaryimage"},"thumbnailUrl":"https:\/\/theresales.nl\/wp-content\/uploads\/2025\/05\/20231020_095542752_iOS.jpg","datePublished":"2025-05-16T10:06:10+00:00","dateModified":"2026-01-02T12:44:46+00:00","description":"Dieser braune Mix Teppich stammt aus der Rocky Kollektion der Marke Dutch Carpets. Weiche Textur, luxuri\u00f6ses Aussehen, gem\u00fctliche Atmosph\u00e4re.","breadcrumb":{"@id":"https:\/\/theresales.nl\/product\/dutch-carpets-rocky-bruin-mix\/#breadcrumb"},"inLanguage":"de","potentialAction":[{"@type":"ReadAction","target":["https:\/\/theresales.nl\/product\/dutch-carpets-rocky-bruin-mix\/"]}]},{"@type":"ImageObject","inLanguage":"de","@id":"https:\/\/theresales.nl\/product\/dutch-carpets-rocky-bruin-mix\/#primaryimage","url":"https:\/\/theresales.nl\/wp-content\/uploads\/2025\/05\/20231020_095542752_iOS.jpg","contentUrl":"https:\/\/theresales.nl\/wp-content\/uploads\/2025\/05\/20231020_095542752_iOS.jpg","width":1200,"height":900,"caption":"Dutch-Carpets-rocky-Bruin-Mix-karpet-theresales"},{"@type":"BreadcrumbList","@id":"https:\/\/theresales.nl\/product\/dutch-carpets-rocky-bruin-mix\/#breadcrumb","itemListElement":[{"@type":"ListItem","position":1,"name":"Home","item":"https:\/\/theresales.nl\/"},{"@type":"ListItem","position":2,"name":"Collectie","item":"https:\/\/theresales.nl\/collectie\/"},{"@type":"ListItem","position":3,"name":"Dutch Carpets Rocky Bruin Mix"}]},{"@type":"WebSite","@id":"https:\/\/theresales.nl\/#website","url":"https:\/\/theresales.nl\/","name":"TheReSales","description":"Tweedehands Design Meubelen","publisher":{"@id":"https:\/\/theresales.nl\/#organization"},"potentialAction":[{"@type":"SearchAction","target":{"@type":"EntryPoint","urlTemplate":"https:\/\/theresales.nl\/?s={search_term_string}"},"query-input":{"@type":"PropertyValueSpecification","valueRequired":true,"valueName":"search_term_string"}}],"inLanguage":"de"},{"@type":"Organization","@id":"https:\/\/theresales.nl\/#organization","name":"TheReSales","url":"https:\/\/theresales.nl\/","logo":{"@type":"ImageObject","inLanguage":"de","@id":"https:\/\/theresales.nl\/#\/schema\/logo\/image\/","url":"https:\/\/theresales.nl\/wp-content\/uploads\/2026\/04\/Logo-TheReSales.png","contentUrl":"https:\/\/theresales.nl\/wp-content\/uploads\/2026\/04\/Logo-TheReSales.png","width":1200,"height":304,"caption":"TheReSales"},"image":{"@id":"https:\/\/theresales.nl\/#\/schema\/logo\/image\/"},"sameAs":["https:\/\/www.facebook.com\/theresales.nl","https:\/\/www.instagram.com\/_theresales_\/","https:\/\/nl.pinterest.com\/theresalesgroningen\/","https:\/\/www.linkedin.com\/company\/theresales\/"]}]}},"_links":{"self":[{"href":"https:\/\/theresales.nl\/de\/wp-json\/wp\/v2\/product\/44496","targetHints":{"allow":["GET"]}}],"collection":[{"href":"https:\/\/theresales.nl\/de\/wp-json\/wp\/v2\/product"}],"about":[{"href":"https:\/\/theresales.nl\/de\/wp-json\/wp\/v2\/types\/product"}],"wp:featuredmedia":[{"embeddable":true,"href":"https:\/\/theresales.nl\/de\/wp-json\/wp\/v2\/media\/44497"}],"wp:attachment":[{"href":"https:\/\/theresales.nl\/de\/wp-json\/wp\/v2\/media?parent=44496"}],"wp:term":[{"taxonomy":"product_brand","embeddable":true,"href":"https:\/\/theresales.nl\/de\/wp-json\/wp\/v2\/product_brand?post=44496"},{"taxonomy":"product_cat","embeddable":true,"href":"https:\/\/theresales.nl\/de\/wp-json\/wp\/v2\/product_cat?post=44496"},{"taxonomy":"product_tag","embeddable":true,"href":"https:\/\/theresales.nl\/de\/wp-json\/wp\/v2\/product_tag?post=44496"},{"taxonomy":"ontwerper","embeddable":true,"href":"https:\/\/theresales.nl\/de\/wp-json\/wp\/v2\/ontwerper?post=44496"}],"curies":[{"name":"wp","href":"https:\/\/api.w.org\/{rel}","templated":true}]}}