{"id":43396,"date":"2025-03-19T09:39:03","date_gmt":"2025-03-19T08:39:03","guid":{"rendered":"https:\/\/theresales.nl\/?post_type=product&#038;p=43396"},"modified":"2026-01-02T13:38:24","modified_gmt":"2026-01-02T12:38:24","slug":"allermuir-open-a641-paars","status":"publish","type":"product","link":"https:\/\/theresales.nl\/de\/product\/allermuir-open-a641-paars\/","title":{"rendered":"Allermuir Offen A641 Paare"},"content":{"rendered":"<p>De Open A641 paars is ontworpen door <span><a href=\"https:\/\/pearsonlloyd.com\/\" target=\"_blank\" rel=\"noopener\">Pearson Lloyd<\/a>\u00a0<\/span>f\u00fcr die Marke Allermuir. H<span>Es ist eine bequeme und relativ kompakte Lounge <a href=\"https:\/\/theresales.nl\/de\/produktkategorie\/sessel\/\" target=\"_blank\" rel=\"noopener\">Stuhl<\/a> mit Kopfst\u00fctze. Die vorgeformten Sitzschalen und Polster sind mit abgerundeten Kanten versehen, die viel Komfort, pr\u00e4zise Form und visuelle Schlankheit bieten. Auffallend und zeitgem\u00e4\u00df!<\/span><\/p>","protected":false},"excerpt":{"rendered":"<p><strong>Abmessungen<\/strong><br \/>\nBreite: 74 cm<br \/>\nH\u00f6he: 105 cm<br \/>\nTiefe: 78 cm<br \/>\nSitzh\u00f6he: 46 cm<br \/>\nSitztiefe: 50 cm<\/p>\n<p><strong>Farbe<\/strong> Paars<\/p>\n<p><strong>Material <\/strong>Stoff, Metall<\/p>","protected":false},"featured_media":43412,"template":"","meta":{"_acf_changed":false},"product_brand":[],"product_cat":[19],"product_tag":[302],"ontwerper":[],"class_list":{"0":"post-43396","1":"product","2":"type-product","3":"status-publish","4":"has-post-thumbnail","6":"product_cat-fauteuils","7":"product_tag-allermuir","9":"first","10":"instock","11":"shipping-taxable","12":"purchasable","13":"product-type-simple"},"acf":[],"yoast_head":"<!-- This site is optimized with the Yoast SEO plugin v27.5 - https:\/\/yoast.com\/product\/yoast-seo-wordpress\/ -->\n<title>Allermuir Open A641 paars - TheReSales<\/title>\n<meta name=\"description\" content=\"De Open A641 paars is ontworpen door Pearson Lloyd\u00a0voor het merk Allermuir. Het is een comfortabele en relatief compacte lounge stoel met hoofdsteun.\" \/>\n<meta name=\"robots\" content=\"index, follow, max-snippet:-1, max-image-preview:large, max-video-preview:-1\" \/>\n<link rel=\"canonical\" href=\"https:\/\/theresales.nl\/de\/produkt\/allermuir-open-a641-paars\/\" \/>\n<meta property=\"og:locale\" content=\"de_DE\" \/>\n<meta property=\"og:type\" content=\"article\" \/>\n<meta property=\"og:title\" content=\"Allermuir Open A641 paars - TheReSales\" \/>\n<meta property=\"og:description\" content=\"De Open A641 paars is ontworpen door Pearson Lloyd\u00a0voor het merk Allermuir. Het is een comfortabele en relatief compacte lounge stoel met hoofdsteun.\" \/>\n<meta property=\"og:url\" content=\"https:\/\/theresales.nl\/de\/produkt\/allermuir-open-a641-paars\/\" \/>\n<meta property=\"og:site_name\" content=\"TheReSales\" \/>\n<meta property=\"article:publisher\" content=\"https:\/\/www.facebook.com\/theresales.nl\" \/>\n<meta property=\"article:modified_time\" content=\"2026-01-02T12:38:24+00:00\" \/>\n<meta property=\"og:image\" content=\"https:\/\/theresales.nl\/wp-content\/uploads\/2025\/03\/hoog-1024x768.png\" \/>\n\t<meta property=\"og:image:width\" content=\"1024\" \/>\n\t<meta property=\"og:image:height\" content=\"768\" \/>\n\t<meta property=\"og:image:type\" content=\"image\/png\" \/>\n<meta name=\"twitter:card\" content=\"summary_large_image\" \/>\n<meta name=\"twitter:label1\" content=\"Gesch\u00e4tzte Lesezeit\" \/>\n\t<meta name=\"twitter:data1\" content=\"1\u00a0Minute\" \/>\n<!-- \/ Yoast SEO plugin. -->","yoast_head_json":{"title":"Allermuir Open A641 paars - TheReSales","description":"De Open A641 paars is ontworpen door Pearson Lloyd\u00a0voor het merk Allermuir. Het is een comfortabele en relatief compacte lounge stoel met hoofdsteun.","robots":{"index":"index","follow":"follow","max-snippet":"max-snippet:-1","max-image-preview":"max-image-preview:large","max-video-preview":"max-video-preview:-1"},"canonical":"https:\/\/theresales.nl\/de\/produkt\/allermuir-open-a641-paars\/","og_locale":"de_DE","og_type":"article","og_title":"Allermuir Open A641 paars - TheReSales","og_description":"De Open A641 paars is ontworpen door Pearson Lloyd\u00a0voor het merk Allermuir. Het is een comfortabele en relatief compacte lounge stoel met hoofdsteun.","og_url":"https:\/\/theresales.nl\/de\/produkt\/allermuir-open-a641-paars\/","og_site_name":"TheReSales","article_publisher":"https:\/\/www.facebook.com\/theresales.nl","article_modified_time":"2026-01-02T12:38:24+00:00","og_image":[{"width":1024,"height":768,"url":"https:\/\/theresales.nl\/wp-content\/uploads\/2025\/03\/hoog-1024x768.png","type":"image\/png"}],"twitter_card":"summary_large_image","twitter_misc":{"Gesch\u00e4tzte Lesezeit":"1\u00a0Minute"},"schema":{"@context":"https:\/\/schema.org","@graph":[{"@type":"WebPage","@id":"https:\/\/theresales.nl\/product\/allermuir-open-a641-paars\/","url":"https:\/\/theresales.nl\/product\/allermuir-open-a641-paars\/","name":"Allermuir Open A641 paars - TheReSales","isPartOf":{"@id":"https:\/\/theresales.nl\/#website"},"primaryImageOfPage":{"@id":"https:\/\/theresales.nl\/product\/allermuir-open-a641-paars\/#primaryimage"},"image":{"@id":"https:\/\/theresales.nl\/product\/allermuir-open-a641-paars\/#primaryimage"},"thumbnailUrl":"https:\/\/theresales.nl\/wp-content\/uploads\/2025\/03\/hoog.png","datePublished":"2025-03-19T08:39:03+00:00","dateModified":"2026-01-02T12:38:24+00:00","description":"De Open A641 paars is ontworpen door Pearson Lloyd\u00a0voor het merk Allermuir. Het is een comfortabele en relatief compacte lounge stoel met hoofdsteun.","breadcrumb":{"@id":"https:\/\/theresales.nl\/product\/allermuir-open-a641-paars\/#breadcrumb"},"inLanguage":"de","potentialAction":[{"@type":"ReadAction","target":["https:\/\/theresales.nl\/product\/allermuir-open-a641-paars\/"]}]},{"@type":"ImageObject","inLanguage":"de","@id":"https:\/\/theresales.nl\/product\/allermuir-open-a641-paars\/#primaryimage","url":"https:\/\/theresales.nl\/wp-content\/uploads\/2025\/03\/hoog.png","contentUrl":"https:\/\/theresales.nl\/wp-content\/uploads\/2025\/03\/hoog.png","width":1200,"height":900,"caption":"Allermuir-Open-A641-paars-fauteuil-theresales"},{"@type":"BreadcrumbList","@id":"https:\/\/theresales.nl\/product\/allermuir-open-a641-paars\/#breadcrumb","itemListElement":[{"@type":"ListItem","position":1,"name":"Home","item":"https:\/\/theresales.nl\/"},{"@type":"ListItem","position":2,"name":"Collectie","item":"https:\/\/theresales.nl\/collectie\/"},{"@type":"ListItem","position":3,"name":"Allermuir Open A641 paars"}]},{"@type":"WebSite","@id":"https:\/\/theresales.nl\/#website","url":"https:\/\/theresales.nl\/","name":"TheReSales","description":"Tweedehands Design Meubelen","publisher":{"@id":"https:\/\/theresales.nl\/#organization"},"potentialAction":[{"@type":"SearchAction","target":{"@type":"EntryPoint","urlTemplate":"https:\/\/theresales.nl\/?s={search_term_string}"},"query-input":{"@type":"PropertyValueSpecification","valueRequired":true,"valueName":"search_term_string"}}],"inLanguage":"de"},{"@type":"Organization","@id":"https:\/\/theresales.nl\/#organization","name":"TheReSales","url":"https:\/\/theresales.nl\/","logo":{"@type":"ImageObject","inLanguage":"de","@id":"https:\/\/theresales.nl\/#\/schema\/logo\/image\/","url":"https:\/\/theresales.nl\/wp-content\/uploads\/2026\/04\/Logo-TheReSales.png","contentUrl":"https:\/\/theresales.nl\/wp-content\/uploads\/2026\/04\/Logo-TheReSales.png","width":1200,"height":304,"caption":"TheReSales"},"image":{"@id":"https:\/\/theresales.nl\/#\/schema\/logo\/image\/"},"sameAs":["https:\/\/www.facebook.com\/theresales.nl","https:\/\/www.instagram.com\/_theresales_\/","https:\/\/nl.pinterest.com\/theresalesgroningen\/","https:\/\/www.linkedin.com\/company\/theresales\/"]}]}},"_links":{"self":[{"href":"https:\/\/theresales.nl\/de\/wp-json\/wp\/v2\/product\/43396","targetHints":{"allow":["GET"]}}],"collection":[{"href":"https:\/\/theresales.nl\/de\/wp-json\/wp\/v2\/product"}],"about":[{"href":"https:\/\/theresales.nl\/de\/wp-json\/wp\/v2\/types\/product"}],"wp:featuredmedia":[{"embeddable":true,"href":"https:\/\/theresales.nl\/de\/wp-json\/wp\/v2\/media\/43412"}],"wp:attachment":[{"href":"https:\/\/theresales.nl\/de\/wp-json\/wp\/v2\/media?parent=43396"}],"wp:term":[{"taxonomy":"product_brand","embeddable":true,"href":"https:\/\/theresales.nl\/de\/wp-json\/wp\/v2\/product_brand?post=43396"},{"taxonomy":"product_cat","embeddable":true,"href":"https:\/\/theresales.nl\/de\/wp-json\/wp\/v2\/product_cat?post=43396"},{"taxonomy":"product_tag","embeddable":true,"href":"https:\/\/theresales.nl\/de\/wp-json\/wp\/v2\/product_tag?post=43396"},{"taxonomy":"ontwerper","embeddable":true,"href":"https:\/\/theresales.nl\/de\/wp-json\/wp\/v2\/ontwerper?post=43396"}],"curies":[{"name":"wp","href":"https:\/\/api.w.org\/{rel}","templated":true}]}}