{"id":42990,"date":"2025-03-05T14:20:29","date_gmt":"2025-03-05T13:20:29","guid":{"rendered":"https:\/\/theresales.nl\/?post_type=product&#038;p=42990"},"modified":"2026-01-02T13:39:28","modified_gmt":"2026-01-02T12:39:28","slug":"jacco-maris-band-gebeugt","status":"publish","type":"product","link":"https:\/\/theresales.nl\/de\/product\/jacco-maris-ruban-plie\/","title":{"rendered":"Jacco Maris Ruban Falte"},"content":{"rendered":"<p>De Ruabn Pli\u00e9 ist ein Entwurf von Jacco Maris. Ruban Pli\u00e9 ist die erste Kollektion <a href=\"http:\/\/Jacco-Maris-Ruban-Pli\u00e9-Theresales\" target=\"_blank\" rel=\"noopener\">Lampen<\/a> von Jacco Maris Design.<\/p>","protected":false},"excerpt":{"rendered":"<p><strong>Abmessungen<\/strong><br \/>\nTiefe: 20 cm<br \/>\nBreite: 25cm<br \/>\nH\u00f6he: 94 cm<\/p>\n<p><strong>Farbe <\/strong>Silber<\/p>\n<p><strong>Material <\/strong>Metall<\/p>","protected":false},"featured_media":42991,"template":"","meta":{"_acf_changed":false},"product_brand":[],"product_cat":[40,35],"product_tag":[371],"ontwerper":[],"class_list":{"0":"post-42990","1":"product","2":"type-product","3":"status-publish","4":"has-post-thumbnail","6":"product_cat-hanglampen","7":"product_cat-lampen","8":"product_tag-j-adams-co","10":"first","11":"instock","12":"shipping-taxable","13":"purchasable","14":"product-type-simple"},"acf":[],"yoast_head":"<!-- This site is optimized with the Yoast SEO plugin v27.5 - https:\/\/yoast.com\/product\/yoast-seo-wordpress\/ -->\n<title>Jacco Maris Ruban Pli\u00e9 - TheReSales<\/title>\n<meta name=\"description\" content=\"De Ruabn Pli\u00e9\u00a0 is een ontwerp van Jacco Maris.\u00a0Ruban Pli\u00e9 is de eerste collectie van Jacco Maris Design. Hedendaagse versies van een nostalgische wandlamp.\" \/>\n<meta name=\"robots\" content=\"index, follow, max-snippet:-1, max-image-preview:large, max-video-preview:-1\" \/>\n<link rel=\"canonical\" href=\"https:\/\/theresales.nl\/de\/produkt\/jacco-maris-band-gebeugt\/\" \/>\n<meta property=\"og:locale\" content=\"de_DE\" \/>\n<meta property=\"og:type\" content=\"article\" \/>\n<meta property=\"og:title\" content=\"Jacco Maris Ruban Pli\u00e9 - TheReSales\" \/>\n<meta property=\"og:description\" content=\"De Ruabn Pli\u00e9\u00a0 is een ontwerp van Jacco Maris.\u00a0Ruban Pli\u00e9 is de eerste collectie van Jacco Maris Design. Hedendaagse versies van een nostalgische wandlamp.\" \/>\n<meta property=\"og:url\" content=\"https:\/\/theresales.nl\/de\/produkt\/jacco-maris-band-gebeugt\/\" \/>\n<meta property=\"og:site_name\" content=\"TheReSales\" \/>\n<meta property=\"article:publisher\" content=\"https:\/\/www.facebook.com\/theresales.nl\" \/>\n<meta property=\"article:modified_time\" content=\"2026-01-02T12:39:28+00:00\" \/>\n<meta property=\"og:image\" content=\"https:\/\/theresales.nl\/wp-content\/uploads\/2025\/03\/wandlamp.jpg\" \/>\n\t<meta property=\"og:image:width\" content=\"1200\" \/>\n\t<meta property=\"og:image:height\" content=\"900\" \/>\n\t<meta property=\"og:image:type\" content=\"image\/jpeg\" \/>\n<meta name=\"twitter:card\" content=\"summary_large_image\" \/>\n<meta name=\"twitter:label1\" content=\"Gesch\u00e4tzte Lesezeit\" \/>\n\t<meta name=\"twitter:data1\" content=\"1\u00a0Minute\" \/>\n<!-- \/ Yoast SEO plugin. -->","yoast_head_json":{"title":"Jacco Maris Ruban Pli\u00e9 - TheReSales","description":"De Ruabn Pli\u00e9 ist eine Gestaltung von Jacco Maris. Ruban Pli\u00e9 ist die erste Kollektion von Jacco Maris Design. Zeitgem\u00e4\u00dfe Ausf\u00fchrungen einer nostalgischen Wandleuchte.","robots":{"index":"index","follow":"follow","max-snippet":"max-snippet:-1","max-image-preview":"max-image-preview:large","max-video-preview":"max-video-preview:-1"},"canonical":"https:\/\/theresales.nl\/de\/produkt\/jacco-maris-band-gebeugt\/","og_locale":"de_DE","og_type":"article","og_title":"Jacco Maris Ruban Pli\u00e9 - TheReSales","og_description":"De Ruabn Pli\u00e9\u00a0 is een ontwerp van Jacco Maris.\u00a0Ruban Pli\u00e9 is de eerste collectie van Jacco Maris Design. Hedendaagse versies van een nostalgische wandlamp.","og_url":"https:\/\/theresales.nl\/de\/produkt\/jacco-maris-band-gebeugt\/","og_site_name":"TheReSales","article_publisher":"https:\/\/www.facebook.com\/theresales.nl","article_modified_time":"2026-01-02T12:39:28+00:00","og_image":[{"width":1200,"height":900,"url":"https:\/\/theresales.nl\/wp-content\/uploads\/2025\/03\/wandlamp.jpg","type":"image\/jpeg"}],"twitter_card":"summary_large_image","twitter_misc":{"Gesch\u00e4tzte Lesezeit":"1\u00a0Minute"},"schema":{"@context":"https:\/\/schema.org","@graph":[{"@type":"WebPage","@id":"https:\/\/theresales.nl\/product\/jacco-maris-ruban-plie\/","url":"https:\/\/theresales.nl\/product\/jacco-maris-ruban-plie\/","name":"Jacco Maris Ruban Pli\u00e9 - TheReSales","isPartOf":{"@id":"https:\/\/theresales.nl\/#website"},"primaryImageOfPage":{"@id":"https:\/\/theresales.nl\/product\/jacco-maris-ruban-plie\/#primaryimage"},"image":{"@id":"https:\/\/theresales.nl\/product\/jacco-maris-ruban-plie\/#primaryimage"},"thumbnailUrl":"https:\/\/theresales.nl\/wp-content\/uploads\/2025\/03\/wandlamp.jpg","datePublished":"2025-03-05T13:20:29+00:00","dateModified":"2026-01-02T12:39:28+00:00","description":"De Ruabn Pli\u00e9 ist eine Gestaltung von Jacco Maris. Ruban Pli\u00e9 ist die erste Kollektion von Jacco Maris Design. Zeitgem\u00e4\u00dfe Ausf\u00fchrungen einer nostalgischen Wandleuchte.","breadcrumb":{"@id":"https:\/\/theresales.nl\/product\/jacco-maris-ruban-plie\/#breadcrumb"},"inLanguage":"de","potentialAction":[{"@type":"ReadAction","target":["https:\/\/theresales.nl\/product\/jacco-maris-ruban-plie\/"]}]},{"@type":"ImageObject","inLanguage":"de","@id":"https:\/\/theresales.nl\/product\/jacco-maris-ruban-plie\/#primaryimage","url":"https:\/\/theresales.nl\/wp-content\/uploads\/2025\/03\/wandlamp.jpg","contentUrl":"https:\/\/theresales.nl\/wp-content\/uploads\/2025\/03\/wandlamp.jpg","width":1200,"height":900,"caption":"Jacco-Maris-Ruban-Pli\u00e9-Theresales"},{"@type":"BreadcrumbList","@id":"https:\/\/theresales.nl\/product\/jacco-maris-ruban-plie\/#breadcrumb","itemListElement":[{"@type":"ListItem","position":1,"name":"Home","item":"https:\/\/theresales.nl\/"},{"@type":"ListItem","position":2,"name":"Collectie","item":"https:\/\/theresales.nl\/collectie\/"},{"@type":"ListItem","position":3,"name":"Jacco Maris Ruban Pli\u00e9"}]},{"@type":"WebSite","@id":"https:\/\/theresales.nl\/#website","url":"https:\/\/theresales.nl\/","name":"TheReSales","description":"Tweedehands Design Meubelen","publisher":{"@id":"https:\/\/theresales.nl\/#organization"},"potentialAction":[{"@type":"SearchAction","target":{"@type":"EntryPoint","urlTemplate":"https:\/\/theresales.nl\/?s={search_term_string}"},"query-input":{"@type":"PropertyValueSpecification","valueRequired":true,"valueName":"search_term_string"}}],"inLanguage":"de"},{"@type":"Organization","@id":"https:\/\/theresales.nl\/#organization","name":"TheReSales","url":"https:\/\/theresales.nl\/","logo":{"@type":"ImageObject","inLanguage":"de","@id":"https:\/\/theresales.nl\/#\/schema\/logo\/image\/","url":"https:\/\/theresales.nl\/wp-content\/uploads\/2026\/04\/Logo-TheReSales.png","contentUrl":"https:\/\/theresales.nl\/wp-content\/uploads\/2026\/04\/Logo-TheReSales.png","width":1200,"height":304,"caption":"TheReSales"},"image":{"@id":"https:\/\/theresales.nl\/#\/schema\/logo\/image\/"},"sameAs":["https:\/\/www.facebook.com\/theresales.nl","https:\/\/www.instagram.com\/_theresales_\/","https:\/\/nl.pinterest.com\/theresalesgroningen\/","https:\/\/www.linkedin.com\/company\/theresales\/"]}]}},"_links":{"self":[{"href":"https:\/\/theresales.nl\/de\/wp-json\/wp\/v2\/product\/42990","targetHints":{"allow":["GET"]}}],"collection":[{"href":"https:\/\/theresales.nl\/de\/wp-json\/wp\/v2\/product"}],"about":[{"href":"https:\/\/theresales.nl\/de\/wp-json\/wp\/v2\/types\/product"}],"wp:featuredmedia":[{"embeddable":true,"href":"https:\/\/theresales.nl\/de\/wp-json\/wp\/v2\/media\/42991"}],"wp:attachment":[{"href":"https:\/\/theresales.nl\/de\/wp-json\/wp\/v2\/media?parent=42990"}],"wp:term":[{"taxonomy":"product_brand","embeddable":true,"href":"https:\/\/theresales.nl\/de\/wp-json\/wp\/v2\/product_brand?post=42990"},{"taxonomy":"product_cat","embeddable":true,"href":"https:\/\/theresales.nl\/de\/wp-json\/wp\/v2\/product_cat?post=42990"},{"taxonomy":"product_tag","embeddable":true,"href":"https:\/\/theresales.nl\/de\/wp-json\/wp\/v2\/product_tag?post=42990"},{"taxonomy":"ontwerper","embeddable":true,"href":"https:\/\/theresales.nl\/de\/wp-json\/wp\/v2\/ontwerper?post=42990"}],"curies":[{"name":"wp","href":"https:\/\/api.w.org\/{rel}","templated":true}]}}