{"id":41812,"date":"2025-01-22T12:24:35","date_gmt":"2025-01-22T11:24:35","guid":{"rendered":"https:\/\/theresales.nl\/?post_type=product&#038;p=41812"},"modified":"2026-01-02T13:34:07","modified_gmt":"2026-01-02T12:34:07","slug":"luceplan-lady-costanza","status":"publish","type":"product","link":"https:\/\/theresales.nl\/de\/product\/luceplan-lady-costanza\/","title":{"rendered":"Luceplan Lady Costanza"},"content":{"rendered":"<p>Die Lady Costanza ist ein Entwurf von <a href=\"https:\/\/paolorizzatto.it\/\" target=\"_blank\" rel=\"noopener\">Paolo Rizzatto<\/a> f\u00fcr die Marke Luceplan. Die <a href=\"https:\/\/theresales.nl\/de\/produktkategorie\/lampen\/vloerlampen\/\" target=\"_blank\" rel=\"noopener\">Stehlampe<\/a> passt in jedes Interieur und verteilt weiches, diffuses Licht. Der gro\u00dfe Bogen schafft einen r\u00e4umlichen Effekt und bietet funktionale Beleuchtung. Der leichte Schirm sorgt f\u00fcr eine stilvolle und gleichm\u00e4\u00dfige Lichtverteilung.<\/p>","protected":false},"excerpt":{"rendered":"<p><strong>Abmessungen<\/strong><br \/>\n<span>Durchmesser Kappe: 50 cm<\/span><br \/>\n<span>H\u00f6he: 217 \u2013 250 cm<\/span><br \/>\n<span>Durchmesser: 203 cm<\/span><\/p>\n<p><strong>Farbe <\/strong>Schwarz<\/p>\n<p><strong>Material <\/strong>Metall, Kunststoff<\/p>","protected":false},"featured_media":45680,"template":"","meta":{"_acf_changed":false},"product_brand":[],"product_cat":[35,141],"product_tag":[256],"ontwerper":[],"class_list":{"0":"post-41812","1":"product","2":"type-product","3":"status-publish","4":"has-post-thumbnail","6":"product_cat-lampen","7":"product_cat-vloerlampen","8":"product_tag-luceplan","10":"first","11":"instock","12":"shipping-taxable","13":"purchasable","14":"product-type-simple"},"acf":[],"yoast_head":"<!-- This site is optimized with the Yoast SEO plugin v27.5 - https:\/\/yoast.com\/product\/yoast-seo-wordpress\/ -->\n<title>Luceplan Lady Costanza - TheReSales<\/title>\n<meta name=\"description\" content=\"De Lady Costanza is een ontwerp van Paolo Rizzatto voor het merk Luceplan. De Vloerlamp past in elk interieur en verspreidt zacht, diffuus licht.\" \/>\n<meta name=\"robots\" content=\"index, follow, max-snippet:-1, max-image-preview:large, max-video-preview:-1\" \/>\n<link rel=\"canonical\" href=\"https:\/\/theresales.nl\/de\/produkt\/luceplan-lady-costanza\/\" \/>\n<meta property=\"og:locale\" content=\"de_DE\" \/>\n<meta property=\"og:type\" content=\"article\" \/>\n<meta property=\"og:title\" content=\"Luceplan Lady Costanza - TheReSales\" \/>\n<meta property=\"og:description\" content=\"De Lady Costanza is een ontwerp van Paolo Rizzatto voor het merk Luceplan. De Vloerlamp past in elk interieur en verspreidt zacht, diffuus licht.\" \/>\n<meta property=\"og:url\" content=\"https:\/\/theresales.nl\/de\/produkt\/luceplan-lady-costanza\/\" \/>\n<meta property=\"og:site_name\" content=\"TheReSales\" \/>\n<meta property=\"article:publisher\" content=\"https:\/\/www.facebook.com\/theresales.nl\" \/>\n<meta property=\"article:modified_time\" content=\"2026-01-02T12:34:07+00:00\" \/>\n<meta property=\"og:image\" content=\"https:\/\/theresales.nl\/wp-content\/uploads\/2025\/01\/lady-costanza.jpg\" \/>\n\t<meta property=\"og:image:width\" content=\"1200\" \/>\n\t<meta property=\"og:image:height\" content=\"900\" \/>\n\t<meta property=\"og:image:type\" content=\"image\/jpeg\" \/>\n<meta name=\"twitter:card\" content=\"summary_large_image\" \/>\n<meta name=\"twitter:label1\" content=\"Gesch\u00e4tzte Lesezeit\" \/>\n\t<meta name=\"twitter:data1\" content=\"1\u00a0Minute\" \/>\n<!-- \/ Yoast SEO plugin. -->","yoast_head_json":{"title":"Luceplan Lady Costanza - TheReSales","description":"Die Lady Costanza ist ein Entwurf von Paolo Rizzatto f\u00fcr die Marke Luceplan. Die Stehleuchte passt in jedes Interieur und verbreitet sanftes, diffuses Licht.","robots":{"index":"index","follow":"follow","max-snippet":"max-snippet:-1","max-image-preview":"max-image-preview:large","max-video-preview":"max-video-preview:-1"},"canonical":"https:\/\/theresales.nl\/de\/produkt\/luceplan-lady-costanza\/","og_locale":"de_DE","og_type":"article","og_title":"Luceplan Lady Costanza - TheReSales","og_description":"De Lady Costanza is een ontwerp van Paolo Rizzatto voor het merk Luceplan. De Vloerlamp past in elk interieur en verspreidt zacht, diffuus licht.","og_url":"https:\/\/theresales.nl\/de\/produkt\/luceplan-lady-costanza\/","og_site_name":"TheReSales","article_publisher":"https:\/\/www.facebook.com\/theresales.nl","article_modified_time":"2026-01-02T12:34:07+00:00","og_image":[{"width":1200,"height":900,"url":"https:\/\/theresales.nl\/wp-content\/uploads\/2025\/01\/lady-costanza.jpg","type":"image\/jpeg"}],"twitter_card":"summary_large_image","twitter_misc":{"Gesch\u00e4tzte Lesezeit":"1\u00a0Minute"},"schema":{"@context":"https:\/\/schema.org","@graph":[{"@type":"WebPage","@id":"https:\/\/theresales.nl\/product\/luceplan-lady-costanza\/","url":"https:\/\/theresales.nl\/product\/luceplan-lady-costanza\/","name":"Luceplan Lady Costanza - TheReSales","isPartOf":{"@id":"https:\/\/theresales.nl\/#website"},"primaryImageOfPage":{"@id":"https:\/\/theresales.nl\/product\/luceplan-lady-costanza\/#primaryimage"},"image":{"@id":"https:\/\/theresales.nl\/product\/luceplan-lady-costanza\/#primaryimage"},"thumbnailUrl":"https:\/\/theresales.nl\/wp-content\/uploads\/2025\/01\/lady-costanza.jpg","datePublished":"2025-01-22T11:24:35+00:00","dateModified":"2026-01-02T12:34:07+00:00","description":"Die Lady Costanza ist ein Entwurf von Paolo Rizzatto f\u00fcr die Marke Luceplan. Die Stehleuchte passt in jedes Interieur und verbreitet sanftes, diffuses Licht.","breadcrumb":{"@id":"https:\/\/theresales.nl\/product\/luceplan-lady-costanza\/#breadcrumb"},"inLanguage":"de","potentialAction":[{"@type":"ReadAction","target":["https:\/\/theresales.nl\/product\/luceplan-lady-costanza\/"]}]},{"@type":"ImageObject","inLanguage":"de","@id":"https:\/\/theresales.nl\/product\/luceplan-lady-costanza\/#primaryimage","url":"https:\/\/theresales.nl\/wp-content\/uploads\/2025\/01\/lady-costanza.jpg","contentUrl":"https:\/\/theresales.nl\/wp-content\/uploads\/2025\/01\/lady-costanza.jpg","width":1200,"height":900,"caption":"Luceplan-Lady-Costanza-vloerlamp-Theresales"},{"@type":"BreadcrumbList","@id":"https:\/\/theresales.nl\/product\/luceplan-lady-costanza\/#breadcrumb","itemListElement":[{"@type":"ListItem","position":1,"name":"Home","item":"https:\/\/theresales.nl\/"},{"@type":"ListItem","position":2,"name":"Collectie","item":"https:\/\/theresales.nl\/collectie\/"},{"@type":"ListItem","position":3,"name":"Luceplan Lady Costanza"}]},{"@type":"WebSite","@id":"https:\/\/theresales.nl\/#website","url":"https:\/\/theresales.nl\/","name":"TheReSales","description":"Tweedehands Design Meubelen","publisher":{"@id":"https:\/\/theresales.nl\/#organization"},"potentialAction":[{"@type":"SearchAction","target":{"@type":"EntryPoint","urlTemplate":"https:\/\/theresales.nl\/?s={search_term_string}"},"query-input":{"@type":"PropertyValueSpecification","valueRequired":true,"valueName":"search_term_string"}}],"inLanguage":"de"},{"@type":"Organization","@id":"https:\/\/theresales.nl\/#organization","name":"TheReSales","url":"https:\/\/theresales.nl\/","logo":{"@type":"ImageObject","inLanguage":"de","@id":"https:\/\/theresales.nl\/#\/schema\/logo\/image\/","url":"https:\/\/theresales.nl\/wp-content\/uploads\/2026\/04\/Logo-TheReSales.png","contentUrl":"https:\/\/theresales.nl\/wp-content\/uploads\/2026\/04\/Logo-TheReSales.png","width":1200,"height":304,"caption":"TheReSales"},"image":{"@id":"https:\/\/theresales.nl\/#\/schema\/logo\/image\/"},"sameAs":["https:\/\/www.facebook.com\/theresales.nl","https:\/\/www.instagram.com\/_theresales_\/","https:\/\/nl.pinterest.com\/theresalesgroningen\/","https:\/\/www.linkedin.com\/company\/theresales\/"]}]}},"_links":{"self":[{"href":"https:\/\/theresales.nl\/de\/wp-json\/wp\/v2\/product\/41812","targetHints":{"allow":["GET"]}}],"collection":[{"href":"https:\/\/theresales.nl\/de\/wp-json\/wp\/v2\/product"}],"about":[{"href":"https:\/\/theresales.nl\/de\/wp-json\/wp\/v2\/types\/product"}],"wp:featuredmedia":[{"embeddable":true,"href":"https:\/\/theresales.nl\/de\/wp-json\/wp\/v2\/media\/45680"}],"wp:attachment":[{"href":"https:\/\/theresales.nl\/de\/wp-json\/wp\/v2\/media?parent=41812"}],"wp:term":[{"taxonomy":"product_brand","embeddable":true,"href":"https:\/\/theresales.nl\/de\/wp-json\/wp\/v2\/product_brand?post=41812"},{"taxonomy":"product_cat","embeddable":true,"href":"https:\/\/theresales.nl\/de\/wp-json\/wp\/v2\/product_cat?post=41812"},{"taxonomy":"product_tag","embeddable":true,"href":"https:\/\/theresales.nl\/de\/wp-json\/wp\/v2\/product_tag?post=41812"},{"taxonomy":"ontwerper","embeddable":true,"href":"https:\/\/theresales.nl\/de\/wp-json\/wp\/v2\/ontwerper?post=41812"}],"curies":[{"name":"wp","href":"https:\/\/api.w.org\/{rel}","templated":true}]}}