{"id":40646,"date":"2024-12-10T15:57:03","date_gmt":"2024-12-10T14:57:03","guid":{"rendered":"https:\/\/theresales.nl\/?post_type=product&#038;p=40646"},"modified":"2026-01-02T13:28:09","modified_gmt":"2026-01-02T12:28:09","slug":"dunkel-in-der-nacht-apollo","status":"publish","type":"product","link":"https:\/\/theresales.nl\/de\/product\/dark-at-night-apollo\/","title":{"rendered":"Dunkel Bei Nacht Apoll"},"content":{"rendered":"<p>Der Apollo ist ein Design von <span><a href=\"https:\/\/romykuhne.com\/\" target=\"_blank\" rel=\"noopener\">Romy K\u00fchne<\/a>\u00a0<\/span>f\u00fcr die Marke Dark At Night. Diese einzigartige <a href=\"https:\/\/theresales.nl\/de\/produktkategorie\/lampen\/hangelampen\/\" target=\"_blank\" rel=\"noopener\">H\u00e4ngeleuchte<\/a>\u00a0hat eine robuste, industrielle Ausstrahlung, mit dreieckigen Metallteilen, die wie ein Mosaik miteinander verbunden sind, befestigt mit dicken Schrauben und Muttern.<\/p>","protected":false},"excerpt":{"rendered":"<p><strong>Neupreis 2600 \u20ac pro St\u00fcck<\/strong><\/p>\n<p><strong>Abmessungen<\/strong><br \/>\nDurchmesser: 106 cm<br \/>\nH\u00f6he: 66 cm<\/p>\n<p><strong>Farbe<\/strong>Witz, Gold<\/p>\n<p><strong>Material<\/strong>Metall<\/p>","protected":false},"featured_media":40647,"template":"","meta":{"_acf_changed":false},"product_brand":[],"product_cat":[40,35],"product_tag":[210],"ontwerper":[],"class_list":{"0":"post-40646","1":"product","2":"type-product","3":"status-publish","4":"has-post-thumbnail","6":"product_cat-hanglampen","7":"product_cat-lampen","8":"product_tag-dark","10":"first","11":"instock","12":"shipping-taxable","13":"purchasable","14":"product-type-simple"},"acf":[],"yoast_head":"<!-- This site is optimized with the Yoast SEO plugin v27.5 - https:\/\/yoast.com\/product\/yoast-seo-wordpress\/ -->\n<title>Dark At Night Apollo - TheReSales<\/title>\n<meta name=\"description\" content=\"De Apollo is een ontwerp van Romy K\u00fchne\u00a0voor het merk Dark At Night. Deze unieke hanglamp\u00a0heeft een stevige, industri\u00eble uitstraling.\" \/>\n<meta name=\"robots\" content=\"index, follow, max-snippet:-1, max-image-preview:large, max-video-preview:-1\" \/>\n<link rel=\"canonical\" href=\"https:\/\/theresales.nl\/de\/produkt\/dunkel-in-der-nacht-apollo\/\" \/>\n<meta property=\"og:locale\" content=\"de_DE\" \/>\n<meta property=\"og:type\" content=\"article\" \/>\n<meta property=\"og:title\" content=\"Dark At Night Apollo - TheReSales\" \/>\n<meta property=\"og:description\" content=\"De Apollo is een ontwerp van Romy K\u00fchne\u00a0voor het merk Dark At Night. Deze unieke hanglamp\u00a0heeft een stevige, industri\u00eble uitstraling.\" \/>\n<meta property=\"og:url\" content=\"https:\/\/theresales.nl\/de\/produkt\/dunkel-in-der-nacht-apollo\/\" \/>\n<meta property=\"og:site_name\" content=\"TheReSales\" \/>\n<meta property=\"article:publisher\" content=\"https:\/\/www.facebook.com\/theresales.nl\" \/>\n<meta property=\"article:modified_time\" content=\"2026-01-02T12:28:09+00:00\" \/>\n<meta property=\"og:image\" content=\"https:\/\/theresales.nl\/wp-content\/uploads\/2024\/12\/apollo.jpg\" \/>\n\t<meta property=\"og:image:width\" content=\"1200\" \/>\n\t<meta property=\"og:image:height\" content=\"900\" \/>\n\t<meta property=\"og:image:type\" content=\"image\/jpeg\" \/>\n<meta name=\"twitter:card\" content=\"summary_large_image\" \/>\n<meta name=\"twitter:label1\" content=\"Gesch\u00e4tzte Lesezeit\" \/>\n\t<meta name=\"twitter:data1\" content=\"1\u00a0Minute\" \/>\n<!-- \/ Yoast SEO plugin. -->","yoast_head_json":{"title":"Dark Bei Nacht Apollo - TheReSales","description":"De Apollo is ein Entwurf von Romy K\u00fchne f\u00fcr die Marke Dark At Night. Diese einzigartige H\u00e4ngelampe hat eine robuste, industrielle Ausstrahlung.","robots":{"index":"index","follow":"follow","max-snippet":"max-snippet:-1","max-image-preview":"max-image-preview:large","max-video-preview":"max-video-preview:-1"},"canonical":"https:\/\/theresales.nl\/de\/produkt\/dunkel-in-der-nacht-apollo\/","og_locale":"de_DE","og_type":"article","og_title":"Dark At Night Apollo - TheReSales","og_description":"De Apollo is een ontwerp van Romy K\u00fchne\u00a0voor het merk Dark At Night. Deze unieke hanglamp\u00a0heeft een stevige, industri\u00eble uitstraling.","og_url":"https:\/\/theresales.nl\/de\/produkt\/dunkel-in-der-nacht-apollo\/","og_site_name":"TheReSales","article_publisher":"https:\/\/www.facebook.com\/theresales.nl","article_modified_time":"2026-01-02T12:28:09+00:00","og_image":[{"width":1200,"height":900,"url":"https:\/\/theresales.nl\/wp-content\/uploads\/2024\/12\/apollo.jpg","type":"image\/jpeg"}],"twitter_card":"summary_large_image","twitter_misc":{"Gesch\u00e4tzte Lesezeit":"1\u00a0Minute"},"schema":{"@context":"https:\/\/schema.org","@graph":[{"@type":"WebPage","@id":"https:\/\/theresales.nl\/product\/dark-at-night-apollo\/","url":"https:\/\/theresales.nl\/product\/dark-at-night-apollo\/","name":"Dark Bei Nacht Apollo - TheReSales","isPartOf":{"@id":"https:\/\/theresales.nl\/#website"},"primaryImageOfPage":{"@id":"https:\/\/theresales.nl\/product\/dark-at-night-apollo\/#primaryimage"},"image":{"@id":"https:\/\/theresales.nl\/product\/dark-at-night-apollo\/#primaryimage"},"thumbnailUrl":"https:\/\/theresales.nl\/wp-content\/uploads\/2024\/12\/apollo.jpg","datePublished":"2024-12-10T14:57:03+00:00","dateModified":"2026-01-02T12:28:09+00:00","description":"De Apollo is ein Entwurf von Romy K\u00fchne f\u00fcr die Marke Dark At Night. Diese einzigartige H\u00e4ngelampe hat eine robuste, industrielle Ausstrahlung.","breadcrumb":{"@id":"https:\/\/theresales.nl\/product\/dark-at-night-apollo\/#breadcrumb"},"inLanguage":"de","potentialAction":[{"@type":"ReadAction","target":["https:\/\/theresales.nl\/product\/dark-at-night-apollo\/"]}]},{"@type":"ImageObject","inLanguage":"de","@id":"https:\/\/theresales.nl\/product\/dark-at-night-apollo\/#primaryimage","url":"https:\/\/theresales.nl\/wp-content\/uploads\/2024\/12\/apollo.jpg","contentUrl":"https:\/\/theresales.nl\/wp-content\/uploads\/2024\/12\/apollo.jpg","width":1200,"height":900,"caption":"Dark-At-Night-Apollo-hanglamp-TheReSales"},{"@type":"BreadcrumbList","@id":"https:\/\/theresales.nl\/product\/dark-at-night-apollo\/#breadcrumb","itemListElement":[{"@type":"ListItem","position":1,"name":"Home","item":"https:\/\/theresales.nl\/"},{"@type":"ListItem","position":2,"name":"Collectie","item":"https:\/\/theresales.nl\/collectie\/"},{"@type":"ListItem","position":3,"name":"Dark At Night Apollo"}]},{"@type":"WebSite","@id":"https:\/\/theresales.nl\/#website","url":"https:\/\/theresales.nl\/","name":"TheReSales","description":"Tweedehands Design Meubelen","publisher":{"@id":"https:\/\/theresales.nl\/#organization"},"potentialAction":[{"@type":"SearchAction","target":{"@type":"EntryPoint","urlTemplate":"https:\/\/theresales.nl\/?s={search_term_string}"},"query-input":{"@type":"PropertyValueSpecification","valueRequired":true,"valueName":"search_term_string"}}],"inLanguage":"de"},{"@type":"Organization","@id":"https:\/\/theresales.nl\/#organization","name":"TheReSales","url":"https:\/\/theresales.nl\/","logo":{"@type":"ImageObject","inLanguage":"de","@id":"https:\/\/theresales.nl\/#\/schema\/logo\/image\/","url":"https:\/\/theresales.nl\/wp-content\/uploads\/2026\/04\/Logo-TheReSales.png","contentUrl":"https:\/\/theresales.nl\/wp-content\/uploads\/2026\/04\/Logo-TheReSales.png","width":1200,"height":304,"caption":"TheReSales"},"image":{"@id":"https:\/\/theresales.nl\/#\/schema\/logo\/image\/"},"sameAs":["https:\/\/www.facebook.com\/theresales.nl","https:\/\/www.instagram.com\/_theresales_\/","https:\/\/nl.pinterest.com\/theresalesgroningen\/","https:\/\/www.linkedin.com\/company\/theresales\/"]}]}},"_links":{"self":[{"href":"https:\/\/theresales.nl\/de\/wp-json\/wp\/v2\/product\/40646","targetHints":{"allow":["GET"]}}],"collection":[{"href":"https:\/\/theresales.nl\/de\/wp-json\/wp\/v2\/product"}],"about":[{"href":"https:\/\/theresales.nl\/de\/wp-json\/wp\/v2\/types\/product"}],"wp:featuredmedia":[{"embeddable":true,"href":"https:\/\/theresales.nl\/de\/wp-json\/wp\/v2\/media\/40647"}],"wp:attachment":[{"href":"https:\/\/theresales.nl\/de\/wp-json\/wp\/v2\/media?parent=40646"}],"wp:term":[{"taxonomy":"product_brand","embeddable":true,"href":"https:\/\/theresales.nl\/de\/wp-json\/wp\/v2\/product_brand?post=40646"},{"taxonomy":"product_cat","embeddable":true,"href":"https:\/\/theresales.nl\/de\/wp-json\/wp\/v2\/product_cat?post=40646"},{"taxonomy":"product_tag","embeddable":true,"href":"https:\/\/theresales.nl\/de\/wp-json\/wp\/v2\/product_tag?post=40646"},{"taxonomy":"ontwerper","embeddable":true,"href":"https:\/\/theresales.nl\/de\/wp-json\/wp\/v2\/ontwerper?post=40646"}],"curies":[{"name":"wp","href":"https:\/\/api.w.org\/{rel}","templated":true}]}}