{"id":40334,"date":"2025-03-18T01:30:54","date_gmt":"2025-03-18T00:30:54","guid":{"rendered":"https:\/\/theresales.nl\/?post_type=product&#038;p=40334"},"modified":"2026-01-02T13:38:46","modified_gmt":"2026-01-02T12:38:46","slug":"tom-dixon-fuhlte-schirm","status":"publish","type":"product","link":"https:\/\/theresales.nl\/de\/product\/tom-dixon-felt-shade\/","title":{"rendered":"Tom Dixon Filzschirm"},"content":{"rendered":"<p>Der Filzschirm ist ein Entwurf von <a href=\"https:\/\/www.tomdixon.net\/en\" target=\"_blank\" rel=\"noopener\">Tom Dixon<\/a> f\u00fcr die Marke Tom Dixon. Diese einzigartige <a href=\"https:\/\/theresales.nl\/de\/produktkategorie\/lampen\/hangelampen\/\" target=\"_blank\" rel=\"noopener\">H\u00e4ngeleuchte<\/a> <span>ist aus Filz gefertigt, einem Material, das selten in Lampen verwendet wird. Die Lampe hat eine f\u00fchlbare Oberfl\u00e4che, die ihr ein einzigartiges Aussehen verleiht.<\/span><\/p>","protected":false},"excerpt":{"rendered":"<p><strong>Neupreis: 526 \u20ac<\/strong><\/p>\n<p>Abmessungen<br \/>\nH\u00f6he: 26 cm<br \/>\nDurchmesser: 40 cm<\/p>\n<p><strong>Farbe<\/strong> Grau<\/p>\n<p><strong>Material<\/strong>: Elch<\/p>","protected":false},"featured_media":40336,"template":"","meta":{"_acf_changed":false},"product_brand":[],"product_cat":[40,35],"product_tag":[301],"ontwerper":[],"class_list":{"0":"post-40334","1":"product","2":"type-product","3":"status-publish","4":"has-post-thumbnail","6":"product_cat-hanglampen","7":"product_cat-lampen","8":"product_tag-tom-dixon","10":"first","11":"instock","12":"shipping-taxable","13":"purchasable","14":"product-type-simple"},"acf":[],"yoast_head":"<!-- This site is optimized with the Yoast SEO plugin v27.5 - https:\/\/yoast.com\/product\/yoast-seo-wordpress\/ -->\n<title>Tom DIxon Felt Shade - TheReSales<\/title>\n<meta name=\"description\" content=\"De Felt Shade is een ontwerp van Tom Dixon voor het merk Tom Dixon. Deze unieke hanglamp is gemaakt van vilt wat niet vaak voorkomt bij een hanglamp.\" \/>\n<meta name=\"robots\" content=\"index, follow, max-snippet:-1, max-image-preview:large, max-video-preview:-1\" \/>\n<link rel=\"canonical\" href=\"https:\/\/theresales.nl\/de\/produkt\/tom-dixon-fuhlte-schirm\/\" \/>\n<meta property=\"og:locale\" content=\"de_DE\" \/>\n<meta property=\"og:type\" content=\"article\" \/>\n<meta property=\"og:title\" content=\"Tom DIxon Felt Shade - TheReSales\" \/>\n<meta property=\"og:description\" content=\"De Felt Shade is een ontwerp van Tom Dixon voor het merk Tom Dixon. Deze unieke hanglamp is gemaakt van vilt wat niet vaak voorkomt bij een hanglamp.\" \/>\n<meta property=\"og:url\" content=\"https:\/\/theresales.nl\/de\/produkt\/tom-dixon-fuhlte-schirm\/\" \/>\n<meta property=\"og:site_name\" content=\"TheReSales\" \/>\n<meta property=\"article:publisher\" content=\"https:\/\/www.facebook.com\/theresales.nl\" \/>\n<meta property=\"article:modified_time\" content=\"2026-01-02T12:38:46+00:00\" \/>\n<meta property=\"og:image\" content=\"https:\/\/theresales.nl\/wp-content\/uploads\/2024\/11\/filt.jpg\" \/>\n\t<meta property=\"og:image:width\" content=\"1200\" \/>\n\t<meta property=\"og:image:height\" content=\"900\" \/>\n\t<meta property=\"og:image:type\" content=\"image\/jpeg\" \/>\n<meta name=\"twitter:card\" content=\"summary_large_image\" \/>\n<meta name=\"twitter:label1\" content=\"Gesch\u00e4tzte Lesezeit\" \/>\n\t<meta name=\"twitter:data1\" content=\"1\u00a0Minute\" \/>\n<!-- \/ Yoast SEO plugin. -->","yoast_head_json":{"title":"Tom Dixon Filzschirm - TheReSales","description":"Der Felt Shade ist ein Entwurf von Tom Dixon f\u00fcr die Marke Tom Dixon. Diese einzigartige H\u00e4ngeleuchte ist aus Filz gefertigt, was bei einer H\u00e4ngeleuchte nicht sehr h\u00e4ufig vorkommt.","robots":{"index":"index","follow":"follow","max-snippet":"max-snippet:-1","max-image-preview":"max-image-preview:large","max-video-preview":"max-video-preview:-1"},"canonical":"https:\/\/theresales.nl\/de\/produkt\/tom-dixon-fuhlte-schirm\/","og_locale":"de_DE","og_type":"article","og_title":"Tom DIxon Felt Shade - TheReSales","og_description":"De Felt Shade is een ontwerp van Tom Dixon voor het merk Tom Dixon. Deze unieke hanglamp is gemaakt van vilt wat niet vaak voorkomt bij een hanglamp.","og_url":"https:\/\/theresales.nl\/de\/produkt\/tom-dixon-fuhlte-schirm\/","og_site_name":"TheReSales","article_publisher":"https:\/\/www.facebook.com\/theresales.nl","article_modified_time":"2026-01-02T12:38:46+00:00","og_image":[{"width":1200,"height":900,"url":"https:\/\/theresales.nl\/wp-content\/uploads\/2024\/11\/filt.jpg","type":"image\/jpeg"}],"twitter_card":"summary_large_image","twitter_misc":{"Gesch\u00e4tzte Lesezeit":"1\u00a0Minute"},"schema":{"@context":"https:\/\/schema.org","@graph":[{"@type":"WebPage","@id":"https:\/\/theresales.nl\/product\/tom-dixon-felt-shade\/","url":"https:\/\/theresales.nl\/product\/tom-dixon-felt-shade\/","name":"Tom Dixon Filzschirm - TheReSales","isPartOf":{"@id":"https:\/\/theresales.nl\/#website"},"primaryImageOfPage":{"@id":"https:\/\/theresales.nl\/product\/tom-dixon-felt-shade\/#primaryimage"},"image":{"@id":"https:\/\/theresales.nl\/product\/tom-dixon-felt-shade\/#primaryimage"},"thumbnailUrl":"https:\/\/theresales.nl\/wp-content\/uploads\/2024\/11\/filt.jpg","datePublished":"2025-03-18T00:30:54+00:00","dateModified":"2026-01-02T12:38:46+00:00","description":"Der Felt Shade ist ein Entwurf von Tom Dixon f\u00fcr die Marke Tom Dixon. Diese einzigartige H\u00e4ngeleuchte ist aus Filz gefertigt, was bei einer H\u00e4ngeleuchte nicht sehr h\u00e4ufig vorkommt.","breadcrumb":{"@id":"https:\/\/theresales.nl\/product\/tom-dixon-felt-shade\/#breadcrumb"},"inLanguage":"de","potentialAction":[{"@type":"ReadAction","target":["https:\/\/theresales.nl\/product\/tom-dixon-felt-shade\/"]}]},{"@type":"ImageObject","inLanguage":"de","@id":"https:\/\/theresales.nl\/product\/tom-dixon-felt-shade\/#primaryimage","url":"https:\/\/theresales.nl\/wp-content\/uploads\/2024\/11\/filt.jpg","contentUrl":"https:\/\/theresales.nl\/wp-content\/uploads\/2024\/11\/filt.jpg","width":1200,"height":900,"caption":"Tom DIxon Felt Shade-Hanglamp-TheReSales"},{"@type":"BreadcrumbList","@id":"https:\/\/theresales.nl\/product\/tom-dixon-felt-shade\/#breadcrumb","itemListElement":[{"@type":"ListItem","position":1,"name":"Home","item":"https:\/\/theresales.nl\/"},{"@type":"ListItem","position":2,"name":"Collectie","item":"https:\/\/theresales.nl\/collectie\/"},{"@type":"ListItem","position":3,"name":"Tom DIxon Felt Shade"}]},{"@type":"WebSite","@id":"https:\/\/theresales.nl\/#website","url":"https:\/\/theresales.nl\/","name":"TheReSales","description":"Tweedehands Design Meubelen","publisher":{"@id":"https:\/\/theresales.nl\/#organization"},"potentialAction":[{"@type":"SearchAction","target":{"@type":"EntryPoint","urlTemplate":"https:\/\/theresales.nl\/?s={search_term_string}"},"query-input":{"@type":"PropertyValueSpecification","valueRequired":true,"valueName":"search_term_string"}}],"inLanguage":"de"},{"@type":"Organization","@id":"https:\/\/theresales.nl\/#organization","name":"TheReSales","url":"https:\/\/theresales.nl\/","logo":{"@type":"ImageObject","inLanguage":"de","@id":"https:\/\/theresales.nl\/#\/schema\/logo\/image\/","url":"https:\/\/theresales.nl\/wp-content\/uploads\/2026\/04\/Logo-TheReSales.png","contentUrl":"https:\/\/theresales.nl\/wp-content\/uploads\/2026\/04\/Logo-TheReSales.png","width":1200,"height":304,"caption":"TheReSales"},"image":{"@id":"https:\/\/theresales.nl\/#\/schema\/logo\/image\/"},"sameAs":["https:\/\/www.facebook.com\/theresales.nl","https:\/\/www.instagram.com\/_theresales_\/","https:\/\/nl.pinterest.com\/theresalesgroningen\/","https:\/\/www.linkedin.com\/company\/theresales\/"]}]}},"_links":{"self":[{"href":"https:\/\/theresales.nl\/de\/wp-json\/wp\/v2\/product\/40334","targetHints":{"allow":["GET"]}}],"collection":[{"href":"https:\/\/theresales.nl\/de\/wp-json\/wp\/v2\/product"}],"about":[{"href":"https:\/\/theresales.nl\/de\/wp-json\/wp\/v2\/types\/product"}],"wp:featuredmedia":[{"embeddable":true,"href":"https:\/\/theresales.nl\/de\/wp-json\/wp\/v2\/media\/40336"}],"wp:attachment":[{"href":"https:\/\/theresales.nl\/de\/wp-json\/wp\/v2\/media?parent=40334"}],"wp:term":[{"taxonomy":"product_brand","embeddable":true,"href":"https:\/\/theresales.nl\/de\/wp-json\/wp\/v2\/product_brand?post=40334"},{"taxonomy":"product_cat","embeddable":true,"href":"https:\/\/theresales.nl\/de\/wp-json\/wp\/v2\/product_cat?post=40334"},{"taxonomy":"product_tag","embeddable":true,"href":"https:\/\/theresales.nl\/de\/wp-json\/wp\/v2\/product_tag?post=40334"},{"taxonomy":"ontwerper","embeddable":true,"href":"https:\/\/theresales.nl\/de\/wp-json\/wp\/v2\/ontwerper?post=40334"}],"curies":[{"name":"wp","href":"https:\/\/api.w.org\/{rel}","templated":true}]}}