{"id":39478,"date":"2024-10-23T09:19:24","date_gmt":"2024-10-23T07:19:24","guid":{"rendered":"https:\/\/theresales.nl\/?post_type=product&#038;p=39478"},"modified":"2026-01-02T13:26:05","modified_gmt":"2026-01-02T12:26:05","slug":"vitra-alcove-lowback","status":"publish","type":"product","link":"https:\/\/theresales.nl\/de\/product\/vitra-alcove-lowback\/","title":{"rendered":"Vitra Alcove Niedriglehne"},"content":{"rendered":"<p>De Alcove Lowback is een ontwerp van <a href=\"https:\/\/www.bouroullec.com\/\" target=\"_blank\" rel=\"noopener\"><span>Ronan en Erwan Bouroullec <\/span><\/a>f\u00fcr die Marke Vitra.<span>\u00a0Dies <a href=\"https:\/\/theresales.nl\/de\/produktkategorie\/banken\/\" target=\"_blank\" rel=\"noopener\">zitmeubelstuk<\/a> is als toevluchtsoord voor meer privacy ontstaan vanuit het \u2018ruimte in een ruimte\u2019- kantoorconcept. De zachte met stof beklede hoge rug- en zijpanelen dienen rust en beschutting te geven om visuele en akoestische omgevingsgeluiden uit te sluiten. Door het hoge ranke frame van staalbuis wordt een gevoel van luchtigheid en lichtheid gecre\u00eberd. Het is als het ware een priv\u00e9nis die een huiselijke sfeer cre\u00ebert op kantoor!<\/span><\/p>","protected":false},"excerpt":{"rendered":"<p><strong>Abmessungen<\/strong><br \/>\n<span>Breedte: 239 cm<br \/>\nH\u00f6he: 98 cm<br \/>\nTiefe: 86 cm<br \/>\nZithoogte: 48,5 cm<br \/>\nSitzentiefe: 54 cm<\/span><\/p>\n<p><strong>Farbe <\/strong>Paars<\/p>\n<p><strong>Material <\/strong>Stoff, Metall<\/p>","protected":false},"featured_media":39487,"template":"","meta":{"_acf_changed":false},"product_brand":[],"product_cat":[74],"product_tag":[314],"ontwerper":[],"class_list":{"0":"post-39478","1":"product","2":"type-product","3":"status-publish","4":"has-post-thumbnail","6":"product_cat-banken","7":"product_tag-vitra","9":"first","10":"instock","11":"shipping-taxable","12":"purchasable","13":"product-type-simple"},"acf":[],"yoast_head":"<!-- This site is optimized with the Yoast SEO plugin v27.5 - https:\/\/yoast.com\/product\/yoast-seo-wordpress\/ -->\n<title>Vitra Alcove Lowback - TheReSales %<\/title>\n<meta name=\"description\" content=\"De Alcove Lowback is een ontwerp van Ronan en Erwan Bouroullec voor het merk Vitra.\u00a0De bank is ontstaan vanuit het \u2018ruimte in een ruimte\u2019- kantoorconcept.\" \/>\n<meta name=\"robots\" content=\"index, follow, max-snippet:-1, max-image-preview:large, max-video-preview:-1\" \/>\n<link rel=\"canonical\" href=\"https:\/\/theresales.nl\/de\/produkt\/vitra-alcove-lowback\/\" \/>\n<meta property=\"og:locale\" content=\"de_DE\" \/>\n<meta property=\"og:type\" content=\"article\" \/>\n<meta property=\"og:title\" content=\"Vitra Alcove Lowback - TheReSales %\" \/>\n<meta property=\"og:description\" content=\"De Alcove Lowback is een ontwerp van Ronan en Erwan Bouroullec voor het merk Vitra.\u00a0De bank is ontstaan vanuit het \u2018ruimte in een ruimte\u2019- kantoorconcept.\" \/>\n<meta property=\"og:url\" content=\"https:\/\/theresales.nl\/de\/produkt\/vitra-alcove-lowback\/\" \/>\n<meta property=\"og:site_name\" content=\"TheReSales\" \/>\n<meta property=\"article:publisher\" content=\"https:\/\/www.facebook.com\/theresales.nl\" \/>\n<meta property=\"article:modified_time\" content=\"2026-01-02T12:26:05+00:00\" \/>\n<meta property=\"og:image\" content=\"https:\/\/theresales.nl\/wp-content\/uploads\/2024\/10\/vitra-bank.png\" \/>\n\t<meta property=\"og:image:width\" content=\"1200\" \/>\n\t<meta property=\"og:image:height\" content=\"900\" \/>\n\t<meta property=\"og:image:type\" content=\"image\/png\" \/>\n<meta name=\"twitter:card\" content=\"summary_large_image\" \/>\n<meta name=\"twitter:label1\" content=\"Gesch\u00e4tzte Lesezeit\" \/>\n\t<meta name=\"twitter:data1\" content=\"1\u00a0Minute\" \/>\n<!-- \/ Yoast SEO plugin. -->","yoast_head_json":{"title":"Vitra Alcove Lowback - TheReSales %","description":"De Alcove Lowback is een ontwerp van Ronan en Erwan Bouroullec voor het merk Vitra.\u00a0De bank is ontstaan vanuit het \u2018ruimte in een ruimte\u2019- kantoorconcept.","robots":{"index":"index","follow":"follow","max-snippet":"max-snippet:-1","max-image-preview":"max-image-preview:large","max-video-preview":"max-video-preview:-1"},"canonical":"https:\/\/theresales.nl\/de\/produkt\/vitra-alcove-lowback\/","og_locale":"de_DE","og_type":"article","og_title":"Vitra Alcove Lowback - TheReSales %","og_description":"De Alcove Lowback is een ontwerp van Ronan en Erwan Bouroullec voor het merk Vitra.\u00a0De bank is ontstaan vanuit het \u2018ruimte in een ruimte\u2019- kantoorconcept.","og_url":"https:\/\/theresales.nl\/de\/produkt\/vitra-alcove-lowback\/","og_site_name":"TheReSales","article_publisher":"https:\/\/www.facebook.com\/theresales.nl","article_modified_time":"2026-01-02T12:26:05+00:00","og_image":[{"width":1200,"height":900,"url":"https:\/\/theresales.nl\/wp-content\/uploads\/2024\/10\/vitra-bank.png","type":"image\/png"}],"twitter_card":"summary_large_image","twitter_misc":{"Gesch\u00e4tzte Lesezeit":"1\u00a0Minute"},"schema":{"@context":"https:\/\/schema.org","@graph":[{"@type":"WebPage","@id":"https:\/\/theresales.nl\/product\/vitra-alcove-lowback\/","url":"https:\/\/theresales.nl\/product\/vitra-alcove-lowback\/","name":"Vitra Alcove Lowback - TheReSales %","isPartOf":{"@id":"https:\/\/theresales.nl\/#website"},"primaryImageOfPage":{"@id":"https:\/\/theresales.nl\/product\/vitra-alcove-lowback\/#primaryimage"},"image":{"@id":"https:\/\/theresales.nl\/product\/vitra-alcove-lowback\/#primaryimage"},"thumbnailUrl":"https:\/\/theresales.nl\/wp-content\/uploads\/2024\/10\/vitra-bank.png","datePublished":"2024-10-23T07:19:24+00:00","dateModified":"2026-01-02T12:26:05+00:00","description":"De Alcove Lowback is een ontwerp van Ronan en Erwan Bouroullec voor het merk Vitra.\u00a0De bank is ontstaan vanuit het \u2018ruimte in een ruimte\u2019- kantoorconcept.","breadcrumb":{"@id":"https:\/\/theresales.nl\/product\/vitra-alcove-lowback\/#breadcrumb"},"inLanguage":"de","potentialAction":[{"@type":"ReadAction","target":["https:\/\/theresales.nl\/product\/vitra-alcove-lowback\/"]}]},{"@type":"ImageObject","inLanguage":"de","@id":"https:\/\/theresales.nl\/product\/vitra-alcove-lowback\/#primaryimage","url":"https:\/\/theresales.nl\/wp-content\/uploads\/2024\/10\/vitra-bank.png","contentUrl":"https:\/\/theresales.nl\/wp-content\/uploads\/2024\/10\/vitra-bank.png","width":1200,"height":900,"caption":"Vitra -Alcove-Lowback-bank-TheReSales"},{"@type":"BreadcrumbList","@id":"https:\/\/theresales.nl\/product\/vitra-alcove-lowback\/#breadcrumb","itemListElement":[{"@type":"ListItem","position":1,"name":"Home","item":"https:\/\/theresales.nl\/"},{"@type":"ListItem","position":2,"name":"Collectie","item":"https:\/\/theresales.nl\/collectie\/"},{"@type":"ListItem","position":3,"name":"Vitra Alcove Lowback"}]},{"@type":"WebSite","@id":"https:\/\/theresales.nl\/#website","url":"https:\/\/theresales.nl\/","name":"TheReSales","description":"Tweedehands Design Meubelen","publisher":{"@id":"https:\/\/theresales.nl\/#organization"},"potentialAction":[{"@type":"SearchAction","target":{"@type":"EntryPoint","urlTemplate":"https:\/\/theresales.nl\/?s={search_term_string}"},"query-input":{"@type":"PropertyValueSpecification","valueRequired":true,"valueName":"search_term_string"}}],"inLanguage":"de"},{"@type":"Organization","@id":"https:\/\/theresales.nl\/#organization","name":"TheReSales","url":"https:\/\/theresales.nl\/","logo":{"@type":"ImageObject","inLanguage":"de","@id":"https:\/\/theresales.nl\/#\/schema\/logo\/image\/","url":"https:\/\/theresales.nl\/wp-content\/uploads\/2026\/04\/Logo-TheReSales.png","contentUrl":"https:\/\/theresales.nl\/wp-content\/uploads\/2026\/04\/Logo-TheReSales.png","width":1200,"height":304,"caption":"TheReSales"},"image":{"@id":"https:\/\/theresales.nl\/#\/schema\/logo\/image\/"},"sameAs":["https:\/\/www.facebook.com\/theresales.nl","https:\/\/www.instagram.com\/_theresales_\/","https:\/\/nl.pinterest.com\/theresalesgroningen\/","https:\/\/www.linkedin.com\/company\/theresales\/"]}]}},"_links":{"self":[{"href":"https:\/\/theresales.nl\/de\/wp-json\/wp\/v2\/product\/39478","targetHints":{"allow":["GET"]}}],"collection":[{"href":"https:\/\/theresales.nl\/de\/wp-json\/wp\/v2\/product"}],"about":[{"href":"https:\/\/theresales.nl\/de\/wp-json\/wp\/v2\/types\/product"}],"wp:featuredmedia":[{"embeddable":true,"href":"https:\/\/theresales.nl\/de\/wp-json\/wp\/v2\/media\/39487"}],"wp:attachment":[{"href":"https:\/\/theresales.nl\/de\/wp-json\/wp\/v2\/media?parent=39478"}],"wp:term":[{"taxonomy":"product_brand","embeddable":true,"href":"https:\/\/theresales.nl\/de\/wp-json\/wp\/v2\/product_brand?post=39478"},{"taxonomy":"product_cat","embeddable":true,"href":"https:\/\/theresales.nl\/de\/wp-json\/wp\/v2\/product_cat?post=39478"},{"taxonomy":"product_tag","embeddable":true,"href":"https:\/\/theresales.nl\/de\/wp-json\/wp\/v2\/product_tag?post=39478"},{"taxonomy":"ontwerper","embeddable":true,"href":"https:\/\/theresales.nl\/de\/wp-json\/wp\/v2\/ontwerper?post=39478"}],"curies":[{"name":"wp","href":"https:\/\/api.w.org\/{rel}","templated":true}]}}