{"id":38628,"date":"2024-09-20T13:50:26","date_gmt":"2024-09-20T11:50:26","guid":{"rendered":"https:\/\/theresales.nl\/?post_type=product&#038;p=38628"},"modified":"2026-04-24T13:06:54","modified_gmt":"2026-04-24T11:06:54","slug":"rex-konig-120-lounge-sessel","status":"publish","type":"product","link":"https:\/\/theresales.nl\/de\/product\/rex-kralj-120-lounge-chair\/","title":{"rendered":"Rex K\u00f6nig 120 Loungesessel"},"content":{"rendered":"<p>Der 120 Lounge Chair ist ein Entwurf von <a href=\"https:\/\/www.architonic.com\/en\/des-designed-pro\/niko-kralj\/8108496\/0\/1\" target=\"_blank\" rel=\"noopener\">Niko Kralj<\/a> f\u00fcr die Marke <a href=\"https:\/\/rex-kralj.com\/?v=796834e7a283\">Rex K\u00f6nig.<\/a> Diese Vintage <a href=\"https:\/\/theresales.nl\/de\/produktkategorie\/stuhle\/\" target=\"_blank\" rel=\"noopener\">Loungesessel<\/a>, bekend onder de naam Rex 120, diende als prototype voor de beroemde Rex Kralj Loungest\u00fchle. Entworfen von Niko Kralj f\u00fcr Stol Kamnik im Jugoslawien der 60er Jahre, unterscheidet sich dieses Modell von den sp\u00e4teren Rex St\u00fchlen dadurch, dass es nicht faltbar ist.<\/p>","protected":false},"excerpt":{"rendered":"<p><strong>Abmessungen<\/strong><br \/>\nBreite: 63 cm<br \/>\nTiefe: 75 cm<br \/>\nH\u00f6he: 70 cm<br \/>\nSitzh\u00f6he 36 cm<\/p>\n<p><strong>Farbe<\/strong>Holz<\/p>\n<p><strong>Material<\/strong>Holz<\/p>","protected":false},"featured_media":38642,"template":"","meta":{"_acf_changed":false},"product_brand":[],"product_cat":[19,34],"product_tag":[287],"ontwerper":[],"class_list":{"0":"post-38628","1":"product","2":"type-product","3":"status-publish","4":"has-post-thumbnail","6":"product_cat-fauteuils","7":"product_cat-stoelen","8":"product_tag-rex-krajl","10":"first","11":"instock","12":"shipping-taxable","13":"purchasable","14":"product-type-simple"},"acf":[],"yoast_head":"<!-- This site is optimized with the Yoast SEO plugin v27.5 - https:\/\/yoast.com\/product\/yoast-seo-wordpress\/ -->\n<title>Rex Kralj 120 Lounge Chair - TheReSales<\/title>\n<meta name=\"description\" content=\"De 120 Lounge Chair\u00a0is een ontwerp van Niko Kralj voor het het merk Rex Kralj. Deze vintage stoel diende als prototype voor de beroemde Rex Kralj stoelen.\" \/>\n<meta name=\"robots\" content=\"index, follow, max-snippet:-1, max-image-preview:large, max-video-preview:-1\" \/>\n<link rel=\"canonical\" href=\"https:\/\/theresales.nl\/de\/produkt\/rex-konig-120-lounge-sessel\/\" \/>\n<meta property=\"og:locale\" content=\"de_DE\" \/>\n<meta property=\"og:type\" content=\"article\" \/>\n<meta property=\"og:title\" content=\"Rex Kralj 120 Lounge Chair - TheReSales\" \/>\n<meta property=\"og:description\" content=\"De 120 Lounge Chair\u00a0is een ontwerp van Niko Kralj voor het het merk Rex Kralj. Deze vintage stoel diende als prototype voor de beroemde Rex Kralj stoelen.\" \/>\n<meta property=\"og:url\" content=\"https:\/\/theresales.nl\/de\/produkt\/rex-konig-120-lounge-sessel\/\" \/>\n<meta property=\"og:site_name\" content=\"TheReSales\" \/>\n<meta property=\"article:publisher\" content=\"https:\/\/www.facebook.com\/theresales.nl\" \/>\n<meta property=\"article:modified_time\" content=\"2026-04-24T11:06:54+00:00\" \/>\n<meta property=\"og:image\" content=\"https:\/\/theresales.nl\/wp-content\/uploads\/2024\/09\/20220817_090743980_iOS-1.jpg\" \/>\n\t<meta property=\"og:image:width\" content=\"1200\" \/>\n\t<meta property=\"og:image:height\" content=\"900\" \/>\n\t<meta property=\"og:image:type\" content=\"image\/jpeg\" \/>\n<meta name=\"twitter:card\" content=\"summary_large_image\" \/>\n<meta name=\"twitter:label1\" content=\"Gesch\u00e4tzte Lesezeit\" \/>\n\t<meta name=\"twitter:data1\" content=\"1\u00a0Minute\" \/>\n<!-- \/ Yoast SEO plugin. -->","yoast_head_json":{"title":"Rex K\u00f6nig 120 Loungestuhl - TheReSales","description":"Der Lounge Chair 120 ist ein Entwurf von Niko Kralj f\u00fcr die Marke Rex Kralj. Dieser Vintage-Stuhl diente als Prototyp f\u00fcr die ber\u00fchmten Rex Kralj St\u00fchle.","robots":{"index":"index","follow":"follow","max-snippet":"max-snippet:-1","max-image-preview":"max-image-preview:large","max-video-preview":"max-video-preview:-1"},"canonical":"https:\/\/theresales.nl\/de\/produkt\/rex-konig-120-lounge-sessel\/","og_locale":"de_DE","og_type":"article","og_title":"Rex Kralj 120 Lounge Chair - TheReSales","og_description":"De 120 Lounge Chair\u00a0is een ontwerp van Niko Kralj voor het het merk Rex Kralj. Deze vintage stoel diende als prototype voor de beroemde Rex Kralj stoelen.","og_url":"https:\/\/theresales.nl\/de\/produkt\/rex-konig-120-lounge-sessel\/","og_site_name":"TheReSales","article_publisher":"https:\/\/www.facebook.com\/theresales.nl","article_modified_time":"2026-04-24T11:06:54+00:00","og_image":[{"width":1200,"height":900,"url":"https:\/\/theresales.nl\/wp-content\/uploads\/2024\/09\/20220817_090743980_iOS-1.jpg","type":"image\/jpeg"}],"twitter_card":"summary_large_image","twitter_misc":{"Gesch\u00e4tzte Lesezeit":"1\u00a0Minute"},"schema":{"@context":"https:\/\/schema.org","@graph":[{"@type":"WebPage","@id":"https:\/\/theresales.nl\/product\/rex-kralj-120-lounge-chair\/","url":"https:\/\/theresales.nl\/product\/rex-kralj-120-lounge-chair\/","name":"Rex K\u00f6nig 120 Loungestuhl - TheReSales","isPartOf":{"@id":"https:\/\/theresales.nl\/#website"},"primaryImageOfPage":{"@id":"https:\/\/theresales.nl\/product\/rex-kralj-120-lounge-chair\/#primaryimage"},"image":{"@id":"https:\/\/theresales.nl\/product\/rex-kralj-120-lounge-chair\/#primaryimage"},"thumbnailUrl":"https:\/\/theresales.nl\/wp-content\/uploads\/2024\/09\/20220817_090743980_iOS-1.jpg","datePublished":"2024-09-20T11:50:26+00:00","dateModified":"2026-04-24T11:06:54+00:00","description":"Der Lounge Chair 120 ist ein Entwurf von Niko Kralj f\u00fcr die Marke Rex Kralj. Dieser Vintage-Stuhl diente als Prototyp f\u00fcr die ber\u00fchmten Rex Kralj St\u00fchle.","breadcrumb":{"@id":"https:\/\/theresales.nl\/product\/rex-kralj-120-lounge-chair\/#breadcrumb"},"inLanguage":"de","potentialAction":[{"@type":"ReadAction","target":["https:\/\/theresales.nl\/product\/rex-kralj-120-lounge-chair\/"]}]},{"@type":"ImageObject","inLanguage":"de","@id":"https:\/\/theresales.nl\/product\/rex-kralj-120-lounge-chair\/#primaryimage","url":"https:\/\/theresales.nl\/wp-content\/uploads\/2024\/09\/20220817_090743980_iOS-1.jpg","contentUrl":"https:\/\/theresales.nl\/wp-content\/uploads\/2024\/09\/20220817_090743980_iOS-1.jpg","width":1200,"height":900,"caption":"Rex-Kralj-120-Lounge-Chair-TheReSales"},{"@type":"BreadcrumbList","@id":"https:\/\/theresales.nl\/product\/rex-kralj-120-lounge-chair\/#breadcrumb","itemListElement":[{"@type":"ListItem","position":1,"name":"Home","item":"https:\/\/theresales.nl\/"},{"@type":"ListItem","position":2,"name":"Collectie","item":"https:\/\/theresales.nl\/collectie\/"},{"@type":"ListItem","position":3,"name":"Rex Kralj 120 Lounge Chair"}]},{"@type":"WebSite","@id":"https:\/\/theresales.nl\/#website","url":"https:\/\/theresales.nl\/","name":"TheReSales","description":"Tweedehands Design Meubelen","publisher":{"@id":"https:\/\/theresales.nl\/#organization"},"potentialAction":[{"@type":"SearchAction","target":{"@type":"EntryPoint","urlTemplate":"https:\/\/theresales.nl\/?s={search_term_string}"},"query-input":{"@type":"PropertyValueSpecification","valueRequired":true,"valueName":"search_term_string"}}],"inLanguage":"de"},{"@type":"Organization","@id":"https:\/\/theresales.nl\/#organization","name":"TheReSales","url":"https:\/\/theresales.nl\/","logo":{"@type":"ImageObject","inLanguage":"de","@id":"https:\/\/theresales.nl\/#\/schema\/logo\/image\/","url":"https:\/\/theresales.nl\/wp-content\/uploads\/2026\/04\/Logo-TheReSales.png","contentUrl":"https:\/\/theresales.nl\/wp-content\/uploads\/2026\/04\/Logo-TheReSales.png","width":1200,"height":304,"caption":"TheReSales"},"image":{"@id":"https:\/\/theresales.nl\/#\/schema\/logo\/image\/"},"sameAs":["https:\/\/www.facebook.com\/theresales.nl","https:\/\/www.instagram.com\/_theresales_\/","https:\/\/nl.pinterest.com\/theresalesgroningen\/","https:\/\/www.linkedin.com\/company\/theresales\/"]}]}},"_links":{"self":[{"href":"https:\/\/theresales.nl\/de\/wp-json\/wp\/v2\/product\/38628","targetHints":{"allow":["GET"]}}],"collection":[{"href":"https:\/\/theresales.nl\/de\/wp-json\/wp\/v2\/product"}],"about":[{"href":"https:\/\/theresales.nl\/de\/wp-json\/wp\/v2\/types\/product"}],"wp:featuredmedia":[{"embeddable":true,"href":"https:\/\/theresales.nl\/de\/wp-json\/wp\/v2\/media\/38642"}],"wp:attachment":[{"href":"https:\/\/theresales.nl\/de\/wp-json\/wp\/v2\/media?parent=38628"}],"wp:term":[{"taxonomy":"product_brand","embeddable":true,"href":"https:\/\/theresales.nl\/de\/wp-json\/wp\/v2\/product_brand?post=38628"},{"taxonomy":"product_cat","embeddable":true,"href":"https:\/\/theresales.nl\/de\/wp-json\/wp\/v2\/product_cat?post=38628"},{"taxonomy":"product_tag","embeddable":true,"href":"https:\/\/theresales.nl\/de\/wp-json\/wp\/v2\/product_tag?post=38628"},{"taxonomy":"ontwerper","embeddable":true,"href":"https:\/\/theresales.nl\/de\/wp-json\/wp\/v2\/ontwerper?post=38628"}],"curies":[{"name":"wp","href":"https:\/\/api.w.org\/{rel}","templated":true}]}}