{"id":38112,"date":"2025-10-30T10:37:08","date_gmt":"2025-10-30T09:37:08","guid":{"rendered":"https:\/\/theresales.nl\/?post_type=product&#038;p=38112"},"modified":"2026-01-07T10:09:59","modified_gmt":"2026-01-07T09:09:59","slug":"artemis-kastor","status":"publish","type":"product","link":"https:\/\/theresales.nl\/de\/product\/artemide-castore\/","title":{"rendered":"Artemide Castore"},"content":{"rendered":"<p>De Castore ist ein Entwurf von Michele De Lucchi und Huub Ubbens f\u00fcr die Marke Artemide. <span>Die kugelf\u00f6rmige Kappe von der <a href=\"https:\/\/theresales.nl\/de\/produktkategorie\/lampen\/hangelampen\/\" target=\"_blank\" rel=\"noopener\">H\u00e4ngeleuchte<\/a> wird durch den leuchtenden Hals vergr\u00f6\u00dfert. Die weiche und schlanke Form dieses Halses sorgt f\u00fcr einen sanften \u00dcbergang vom starken Licht des kugelf\u00f6rmigen Schirms zur Seite der Lampe.<\/span><\/p>","protected":false},"excerpt":{"rendered":"<p><strong>Abmessungen<\/strong><br \/>\nDurchmesser: 25 cm<br \/>\nH\u00f6he: 99 cm<\/p>\n<p><strong>Farbe <\/strong>Witz<\/p>\n<p><strong>Material\u00a0<\/strong>Metall, Glas<\/p>","protected":false},"featured_media":38113,"template":"","meta":{"_acf_changed":false},"product_brand":[],"product_cat":[40,35],"product_tag":[188],"ontwerper":[],"class_list":{"0":"post-38112","1":"product","2":"type-product","3":"status-publish","4":"has-post-thumbnail","6":"product_cat-hanglampen","7":"product_cat-lampen","8":"product_tag-artemide","10":"first","11":"instock","12":"shipping-taxable","13":"purchasable","14":"product-type-simple"},"acf":[],"yoast_head":"<!-- This site is optimized with the Yoast SEO plugin v27.5 - https:\/\/yoast.com\/product\/yoast-seo-wordpress\/ -->\n<title>Artemide Castore - TheReSales<\/title>\n<meta name=\"description\" content=\"De Castore is een ontwerp van Michele De Lucchi en Huub Ubbens voor het merk Artemide. De kap van de Castore wordt vergroot door de lichtgevende hals.\" \/>\n<meta name=\"robots\" content=\"index, follow, max-snippet:-1, max-image-preview:large, max-video-preview:-1\" \/>\n<link rel=\"canonical\" href=\"https:\/\/theresales.nl\/de\/produkt\/artemis-kastor\/\" \/>\n<meta property=\"og:locale\" content=\"de_DE\" \/>\n<meta property=\"og:type\" content=\"article\" \/>\n<meta property=\"og:title\" content=\"Artemide Castore - TheReSales\" \/>\n<meta property=\"og:description\" content=\"De Castore is een ontwerp van Michele De Lucchi en Huub Ubbens voor het merk Artemide. De kap van de Castore wordt vergroot door de lichtgevende hals.\" \/>\n<meta property=\"og:url\" content=\"https:\/\/theresales.nl\/de\/produkt\/artemis-kastor\/\" \/>\n<meta property=\"og:site_name\" content=\"TheReSales\" \/>\n<meta property=\"article:publisher\" content=\"https:\/\/www.facebook.com\/theresales.nl\" \/>\n<meta property=\"article:modified_time\" content=\"2026-01-07T09:09:59+00:00\" \/>\n<meta property=\"og:image\" content=\"https:\/\/theresales.nl\/wp-content\/uploads\/2024\/08\/1-3.jpg\" \/>\n\t<meta property=\"og:image:width\" content=\"1200\" \/>\n\t<meta property=\"og:image:height\" content=\"900\" \/>\n\t<meta property=\"og:image:type\" content=\"image\/jpeg\" \/>\n<meta name=\"twitter:card\" content=\"summary_large_image\" \/>\n<meta name=\"twitter:label1\" content=\"Gesch\u00e4tzte Lesezeit\" \/>\n\t<meta name=\"twitter:data1\" content=\"1\u00a0Minute\" \/>\n<!-- \/ Yoast SEO plugin. -->","yoast_head_json":{"title":"Artemide Castore - TheReSales","description":"De Castore ist ein Design von Michele De Lucchi und Huub Ubbens f\u00fcr die Marke Artemide. Der Lampenschirm der Castore wird durch den leuchtenden Hals vergr\u00f6\u00dfert.","robots":{"index":"index","follow":"follow","max-snippet":"max-snippet:-1","max-image-preview":"max-image-preview:large","max-video-preview":"max-video-preview:-1"},"canonical":"https:\/\/theresales.nl\/de\/produkt\/artemis-kastor\/","og_locale":"de_DE","og_type":"article","og_title":"Artemide Castore - TheReSales","og_description":"De Castore is een ontwerp van Michele De Lucchi en Huub Ubbens voor het merk Artemide. De kap van de Castore wordt vergroot door de lichtgevende hals.","og_url":"https:\/\/theresales.nl\/de\/produkt\/artemis-kastor\/","og_site_name":"TheReSales","article_publisher":"https:\/\/www.facebook.com\/theresales.nl","article_modified_time":"2026-01-07T09:09:59+00:00","og_image":[{"width":1200,"height":900,"url":"https:\/\/theresales.nl\/wp-content\/uploads\/2024\/08\/1-3.jpg","type":"image\/jpeg"}],"twitter_card":"summary_large_image","twitter_misc":{"Gesch\u00e4tzte Lesezeit":"1\u00a0Minute"},"schema":{"@context":"https:\/\/schema.org","@graph":[{"@type":"WebPage","@id":"https:\/\/theresales.nl\/product\/artemide-castore\/","url":"https:\/\/theresales.nl\/product\/artemide-castore\/","name":"Artemide Castore - TheReSales","isPartOf":{"@id":"https:\/\/theresales.nl\/#website"},"primaryImageOfPage":{"@id":"https:\/\/theresales.nl\/product\/artemide-castore\/#primaryimage"},"image":{"@id":"https:\/\/theresales.nl\/product\/artemide-castore\/#primaryimage"},"thumbnailUrl":"https:\/\/theresales.nl\/wp-content\/uploads\/2024\/08\/1-3.jpg","datePublished":"2025-10-30T09:37:08+00:00","dateModified":"2026-01-07T09:09:59+00:00","description":"De Castore ist ein Design von Michele De Lucchi und Huub Ubbens f\u00fcr die Marke Artemide. Der Lampenschirm der Castore wird durch den leuchtenden Hals vergr\u00f6\u00dfert.","breadcrumb":{"@id":"https:\/\/theresales.nl\/product\/artemide-castore\/#breadcrumb"},"inLanguage":"de","potentialAction":[{"@type":"ReadAction","target":["https:\/\/theresales.nl\/product\/artemide-castore\/"]}]},{"@type":"ImageObject","inLanguage":"de","@id":"https:\/\/theresales.nl\/product\/artemide-castore\/#primaryimage","url":"https:\/\/theresales.nl\/wp-content\/uploads\/2024\/08\/1-3.jpg","contentUrl":"https:\/\/theresales.nl\/wp-content\/uploads\/2024\/08\/1-3.jpg","width":1200,"height":900,"caption":"Artemide Castore -Hanglamp-TheReSales"},{"@type":"BreadcrumbList","@id":"https:\/\/theresales.nl\/product\/artemide-castore\/#breadcrumb","itemListElement":[{"@type":"ListItem","position":1,"name":"Home","item":"https:\/\/theresales.nl\/"},{"@type":"ListItem","position":2,"name":"Collectie","item":"https:\/\/theresales.nl\/collectie\/"},{"@type":"ListItem","position":3,"name":"Artemide Castore"}]},{"@type":"WebSite","@id":"https:\/\/theresales.nl\/#website","url":"https:\/\/theresales.nl\/","name":"TheReSales","description":"Tweedehands Design Meubelen","publisher":{"@id":"https:\/\/theresales.nl\/#organization"},"potentialAction":[{"@type":"SearchAction","target":{"@type":"EntryPoint","urlTemplate":"https:\/\/theresales.nl\/?s={search_term_string}"},"query-input":{"@type":"PropertyValueSpecification","valueRequired":true,"valueName":"search_term_string"}}],"inLanguage":"de"},{"@type":"Organization","@id":"https:\/\/theresales.nl\/#organization","name":"TheReSales","url":"https:\/\/theresales.nl\/","logo":{"@type":"ImageObject","inLanguage":"de","@id":"https:\/\/theresales.nl\/#\/schema\/logo\/image\/","url":"https:\/\/theresales.nl\/wp-content\/uploads\/2026\/04\/Logo-TheReSales.png","contentUrl":"https:\/\/theresales.nl\/wp-content\/uploads\/2026\/04\/Logo-TheReSales.png","width":1200,"height":304,"caption":"TheReSales"},"image":{"@id":"https:\/\/theresales.nl\/#\/schema\/logo\/image\/"},"sameAs":["https:\/\/www.facebook.com\/theresales.nl","https:\/\/www.instagram.com\/_theresales_\/","https:\/\/nl.pinterest.com\/theresalesgroningen\/","https:\/\/www.linkedin.com\/company\/theresales\/"]}]}},"_links":{"self":[{"href":"https:\/\/theresales.nl\/de\/wp-json\/wp\/v2\/product\/38112","targetHints":{"allow":["GET"]}}],"collection":[{"href":"https:\/\/theresales.nl\/de\/wp-json\/wp\/v2\/product"}],"about":[{"href":"https:\/\/theresales.nl\/de\/wp-json\/wp\/v2\/types\/product"}],"wp:featuredmedia":[{"embeddable":true,"href":"https:\/\/theresales.nl\/de\/wp-json\/wp\/v2\/media\/38113"}],"wp:attachment":[{"href":"https:\/\/theresales.nl\/de\/wp-json\/wp\/v2\/media?parent=38112"}],"wp:term":[{"taxonomy":"product_brand","embeddable":true,"href":"https:\/\/theresales.nl\/de\/wp-json\/wp\/v2\/product_brand?post=38112"},{"taxonomy":"product_cat","embeddable":true,"href":"https:\/\/theresales.nl\/de\/wp-json\/wp\/v2\/product_cat?post=38112"},{"taxonomy":"product_tag","embeddable":true,"href":"https:\/\/theresales.nl\/de\/wp-json\/wp\/v2\/product_tag?post=38112"},{"taxonomy":"ontwerper","embeddable":true,"href":"https:\/\/theresales.nl\/de\/wp-json\/wp\/v2\/ontwerper?post=38112"}],"curies":[{"name":"wp","href":"https:\/\/api.w.org\/{rel}","templated":true}]}}