{"id":38003,"date":"2024-08-20T13:58:16","date_gmt":"2024-08-20T11:58:16","guid":{"rendered":"https:\/\/theresales.nl\/?post_type=product&#038;p=38003"},"modified":"2026-01-02T13:20:24","modified_gmt":"2026-01-02T12:20:24","slug":"artifort-kleiner-tulpe","status":"publish","type":"product","link":"https:\/\/theresales.nl\/de\/product\/artifort-little-tulip\/","title":{"rendered":"Artifort Kleiner Tulpe"},"content":{"rendered":"<p><span>Der Kleine Tulpe ist ein Entwurf von <a href=\"https:\/\/nl.wikipedia.org\/wiki\/Pierre_Paulin\" target=\"_blank\" rel=\"noopener\">Pierre Paulin<\/a> f\u00fcr die Marke Artifort. Mit seiner verspielten Form und der weichen Sitzfl\u00e4che l\u00e4dt der Stuhl zum Entspannen ein. Der Sessel verleiht jedem Raum Stil und passt gut zu modernen und klassischen Interieurs.\u00a0<\/span><\/p>","protected":false},"excerpt":{"rendered":"<p><strong>Abmessungen<\/strong><br \/>\n<span>\u00a0Breite: 67 cm<br \/>\nTiefe: 55 cm<br \/>\nH\u00f6he: 77 cm<br \/>\nSitzfl\u00e4chentiefe: 45 Zentimeter<br \/>\nSitzh\u00f6he: 45 cm<\/span><\/p>\n<p><strong>Farbe<\/strong>Rot<\/p>\n<p><strong>Material<\/strong>Leer, Metall<\/p>","protected":false},"featured_media":38011,"template":"","meta":{"_acf_changed":false},"product_brand":[],"product_cat":[34],"product_tag":[30],"ontwerper":[],"class_list":{"0":"post-38003","1":"product","2":"type-product","3":"status-publish","4":"has-post-thumbnail","6":"product_cat-stoelen","7":"product_tag-artifort","9":"first","10":"instock","11":"shipping-taxable","12":"purchasable","13":"product-type-simple"},"acf":[],"yoast_head":"<!-- This site is optimized with the Yoast SEO plugin v27.5 - https:\/\/yoast.com\/product\/yoast-seo-wordpress\/ -->\n<title>Artifort Little Tulip - TheReSales<\/title>\n<meta name=\"description\" content=\"De Little Tulip is een ontwerp van Pierre Paulin voor het merk Artifort. Met zijn speelse vorm en zachte zitting nodigt de stoel uit tot ontspanning.\" \/>\n<meta name=\"robots\" content=\"index, follow, max-snippet:-1, max-image-preview:large, max-video-preview:-1\" \/>\n<link rel=\"canonical\" href=\"https:\/\/theresales.nl\/de\/produkt\/artifort-kleiner-tulpe\/\" \/>\n<meta property=\"og:locale\" content=\"de_DE\" \/>\n<meta property=\"og:type\" content=\"article\" \/>\n<meta property=\"og:title\" content=\"Artifort Little Tulip - TheReSales\" \/>\n<meta property=\"og:description\" content=\"De Little Tulip is een ontwerp van Pierre Paulin voor het merk Artifort. Met zijn speelse vorm en zachte zitting nodigt de stoel uit tot ontspanning.\" \/>\n<meta property=\"og:url\" content=\"https:\/\/theresales.nl\/de\/produkt\/artifort-kleiner-tulpe\/\" \/>\n<meta property=\"og:site_name\" content=\"TheReSales\" \/>\n<meta property=\"article:publisher\" content=\"https:\/\/www.facebook.com\/theresales.nl\" \/>\n<meta property=\"article:modified_time\" content=\"2026-01-02T12:20:24+00:00\" \/>\n<meta property=\"og:image\" content=\"https:\/\/theresales.nl\/wp-content\/uploads\/2024\/08\/20240404_092647359_iOS.jpg\" \/>\n\t<meta property=\"og:image:width\" content=\"1200\" \/>\n\t<meta property=\"og:image:height\" content=\"900\" \/>\n\t<meta property=\"og:image:type\" content=\"image\/jpeg\" \/>\n<meta name=\"twitter:card\" content=\"summary_large_image\" \/>\n<meta name=\"twitter:label1\" content=\"Gesch\u00e4tzte Lesezeit\" \/>\n\t<meta name=\"twitter:data1\" content=\"1\u00a0Minute\" \/>\n<!-- \/ Yoast SEO plugin. -->","yoast_head_json":{"title":"Artifort Kleine Tulpe - TheReSales","description":"Der Little Tulip ist ein Entwurf von Pierre Paulin f\u00fcr die Marke Artifort. Mit seiner verspielten Form und der weichen Sitzfl\u00e4che l\u00e4dt der Stuhl zur Entspannung ein.","robots":{"index":"index","follow":"follow","max-snippet":"max-snippet:-1","max-image-preview":"max-image-preview:large","max-video-preview":"max-video-preview:-1"},"canonical":"https:\/\/theresales.nl\/de\/produkt\/artifort-kleiner-tulpe\/","og_locale":"de_DE","og_type":"article","og_title":"Artifort Little Tulip - TheReSales","og_description":"De Little Tulip is een ontwerp van Pierre Paulin voor het merk Artifort. Met zijn speelse vorm en zachte zitting nodigt de stoel uit tot ontspanning.","og_url":"https:\/\/theresales.nl\/de\/produkt\/artifort-kleiner-tulpe\/","og_site_name":"TheReSales","article_publisher":"https:\/\/www.facebook.com\/theresales.nl","article_modified_time":"2026-01-02T12:20:24+00:00","og_image":[{"width":1200,"height":900,"url":"https:\/\/theresales.nl\/wp-content\/uploads\/2024\/08\/20240404_092647359_iOS.jpg","type":"image\/jpeg"}],"twitter_card":"summary_large_image","twitter_misc":{"Gesch\u00e4tzte Lesezeit":"1\u00a0Minute"},"schema":{"@context":"https:\/\/schema.org","@graph":[{"@type":"WebPage","@id":"https:\/\/theresales.nl\/product\/artifort-little-tulip\/","url":"https:\/\/theresales.nl\/product\/artifort-little-tulip\/","name":"Artifort Kleine Tulpe - TheReSales","isPartOf":{"@id":"https:\/\/theresales.nl\/#website"},"primaryImageOfPage":{"@id":"https:\/\/theresales.nl\/product\/artifort-little-tulip\/#primaryimage"},"image":{"@id":"https:\/\/theresales.nl\/product\/artifort-little-tulip\/#primaryimage"},"thumbnailUrl":"https:\/\/theresales.nl\/wp-content\/uploads\/2024\/08\/20240404_092647359_iOS.jpg","datePublished":"2024-08-20T11:58:16+00:00","dateModified":"2026-01-02T12:20:24+00:00","description":"Der Little Tulip ist ein Entwurf von Pierre Paulin f\u00fcr die Marke Artifort. Mit seiner verspielten Form und der weichen Sitzfl\u00e4che l\u00e4dt der Stuhl zur Entspannung ein.","breadcrumb":{"@id":"https:\/\/theresales.nl\/product\/artifort-little-tulip\/#breadcrumb"},"inLanguage":"de","potentialAction":[{"@type":"ReadAction","target":["https:\/\/theresales.nl\/product\/artifort-little-tulip\/"]}]},{"@type":"ImageObject","inLanguage":"de","@id":"https:\/\/theresales.nl\/product\/artifort-little-tulip\/#primaryimage","url":"https:\/\/theresales.nl\/wp-content\/uploads\/2024\/08\/20240404_092647359_iOS.jpg","contentUrl":"https:\/\/theresales.nl\/wp-content\/uploads\/2024\/08\/20240404_092647359_iOS.jpg","width":1200,"height":900,"caption":"Artifort-Little-Tulip-fauteuil-TheReSales"},{"@type":"BreadcrumbList","@id":"https:\/\/theresales.nl\/product\/artifort-little-tulip\/#breadcrumb","itemListElement":[{"@type":"ListItem","position":1,"name":"Home","item":"https:\/\/theresales.nl\/"},{"@type":"ListItem","position":2,"name":"Collectie","item":"https:\/\/theresales.nl\/collectie\/"},{"@type":"ListItem","position":3,"name":"Artifort Little Tulip"}]},{"@type":"WebSite","@id":"https:\/\/theresales.nl\/#website","url":"https:\/\/theresales.nl\/","name":"TheReSales","description":"Tweedehands Design Meubelen","publisher":{"@id":"https:\/\/theresales.nl\/#organization"},"potentialAction":[{"@type":"SearchAction","target":{"@type":"EntryPoint","urlTemplate":"https:\/\/theresales.nl\/?s={search_term_string}"},"query-input":{"@type":"PropertyValueSpecification","valueRequired":true,"valueName":"search_term_string"}}],"inLanguage":"de"},{"@type":"Organization","@id":"https:\/\/theresales.nl\/#organization","name":"TheReSales","url":"https:\/\/theresales.nl\/","logo":{"@type":"ImageObject","inLanguage":"de","@id":"https:\/\/theresales.nl\/#\/schema\/logo\/image\/","url":"https:\/\/theresales.nl\/wp-content\/uploads\/2026\/04\/Logo-TheReSales.png","contentUrl":"https:\/\/theresales.nl\/wp-content\/uploads\/2026\/04\/Logo-TheReSales.png","width":1200,"height":304,"caption":"TheReSales"},"image":{"@id":"https:\/\/theresales.nl\/#\/schema\/logo\/image\/"},"sameAs":["https:\/\/www.facebook.com\/theresales.nl","https:\/\/www.instagram.com\/_theresales_\/","https:\/\/nl.pinterest.com\/theresalesgroningen\/","https:\/\/www.linkedin.com\/company\/theresales\/"]}]}},"_links":{"self":[{"href":"https:\/\/theresales.nl\/de\/wp-json\/wp\/v2\/product\/38003","targetHints":{"allow":["GET"]}}],"collection":[{"href":"https:\/\/theresales.nl\/de\/wp-json\/wp\/v2\/product"}],"about":[{"href":"https:\/\/theresales.nl\/de\/wp-json\/wp\/v2\/types\/product"}],"wp:featuredmedia":[{"embeddable":true,"href":"https:\/\/theresales.nl\/de\/wp-json\/wp\/v2\/media\/38011"}],"wp:attachment":[{"href":"https:\/\/theresales.nl\/de\/wp-json\/wp\/v2\/media?parent=38003"}],"wp:term":[{"taxonomy":"product_brand","embeddable":true,"href":"https:\/\/theresales.nl\/de\/wp-json\/wp\/v2\/product_brand?post=38003"},{"taxonomy":"product_cat","embeddable":true,"href":"https:\/\/theresales.nl\/de\/wp-json\/wp\/v2\/product_cat?post=38003"},{"taxonomy":"product_tag","embeddable":true,"href":"https:\/\/theresales.nl\/de\/wp-json\/wp\/v2\/product_tag?post=38003"},{"taxonomy":"ontwerper","embeddable":true,"href":"https:\/\/theresales.nl\/de\/wp-json\/wp\/v2\/ontwerper?post=38003"}],"curies":[{"name":"wp","href":"https:\/\/api.w.org\/{rel}","templated":true}]}}