{"id":37071,"date":"2024-07-18T10:41:46","date_gmt":"2024-07-18T08:41:46","guid":{"rendered":"https:\/\/theresales.nl\/?post_type=product&#038;p=37071"},"modified":"2024-07-18T10:41:46","modified_gmt":"2024-07-18T08:41:46","slug":"ferm-living-holo-kerzenhalter","status":"publish","type":"product","link":"https:\/\/theresales.nl\/de\/product\/ferm-living-holo-candle-holder\/","title":{"rendered":"Ferm Living Kerzenhalter Holo"},"content":{"rendered":"<p>Schau dir das an <a href=\"https:\/\/theresales.nl\/de\/produktkategorie\/wohnaccessoires\/\">Kerzenhalter<\/a> Hallo van <a href=\"https:\/\/fermliving.com\/\">Ferm Leben<\/a>Handgemacht und wirklich einzigartig durch die organische Form, die von Hand gefertigt wird. Jeder Kerzenst\u00e4nder ist ein wenig anders, was ihn zu etwas Besonderem macht. Perfekt f\u00fcr eine gem\u00fctliche Atmosph\u00e4re mit Kerzen oder als dekoratives St\u00fcck f\u00fcr sich. Verleihen Sie Ihrem Interieur Stil mit dem Kerzenst\u00e4nder Holo von Ferm Living!<\/p>","protected":false},"excerpt":{"rendered":"<p><strong>Neupreis: \u20ac55,-<\/strong><\/p>\n<p><strong>Abmessungen<\/strong><br \/>\nH\u00f6he: 12 cm<br \/>\nBreite: 10cm<\/p>\n<p><strong>Material<\/strong> Massives mundgeblasenes Glas<\/p>\n<p><strong>Farbe<\/strong> Hell<\/p>","protected":false},"featured_media":37121,"template":"","meta":{"_acf_changed":false},"product_brand":[],"product_cat":[90],"product_tag":[],"ontwerper":[],"class_list":{"0":"post-37071","1":"product","2":"type-product","3":"status-publish","4":"has-post-thumbnail","6":"product_cat-woonaccessoires","8":"first","9":"instock","10":"shipping-taxable","11":"purchasable","12":"product-type-simple"},"acf":[],"yoast_head":"<!-- This site is optimized with the Yoast SEO plugin v27.5 - https:\/\/yoast.com\/product\/yoast-seo-wordpress\/ -->\n<title>Ferm Living Holo candle holder - TheReSales<\/title>\n<meta name=\"description\" content=\"Bekijk deze kaarsenhouder Holo van Ferm Living! Handgemaakt en echt uniek door de organische vorm die met de hand wordt gemaakt.\" \/>\n<meta name=\"robots\" content=\"index, follow, max-snippet:-1, max-image-preview:large, max-video-preview:-1\" \/>\n<link rel=\"canonical\" href=\"https:\/\/theresales.nl\/de\/produkt\/ferm-living-holo-kerzenhalter\/\" \/>\n<meta property=\"og:locale\" content=\"de_DE\" \/>\n<meta property=\"og:type\" content=\"article\" \/>\n<meta property=\"og:title\" content=\"Ferm Living Holo candle holder - TheReSales\" \/>\n<meta property=\"og:description\" content=\"Bekijk deze kaarsenhouder Holo van Ferm Living! Handgemaakt en echt uniek door de organische vorm die met de hand wordt gemaakt.\" \/>\n<meta property=\"og:url\" content=\"https:\/\/theresales.nl\/de\/produkt\/ferm-living-holo-kerzenhalter\/\" \/>\n<meta property=\"og:site_name\" content=\"TheReSales\" \/>\n<meta property=\"article:publisher\" content=\"https:\/\/www.facebook.com\/theresales.nl\" \/>\n<meta property=\"og:image\" content=\"https:\/\/theresales.nl\/wp-content\/uploads\/2024\/07\/holo-klein.png\" \/>\n\t<meta property=\"og:image:width\" content=\"1200\" \/>\n\t<meta property=\"og:image:height\" content=\"902\" \/>\n\t<meta property=\"og:image:type\" content=\"image\/png\" \/>\n<meta name=\"twitter:card\" content=\"summary_large_image\" \/>\n<meta name=\"twitter:label1\" content=\"Gesch\u00e4tzte Lesezeit\" \/>\n\t<meta name=\"twitter:data1\" content=\"1\u00a0Minute\" \/>\n<!-- \/ Yoast SEO plugin. -->","yoast_head_json":{"title":"Ferm Living Holo Kerzenhalter - TheReSales","description":"Schau dir diesen Kerzenst\u00e4nder Holo von Ferm Living an! Handgemacht und wirklich einzigartig durch die organische Form, die von Hand gefertigt wird.","robots":{"index":"index","follow":"follow","max-snippet":"max-snippet:-1","max-image-preview":"max-image-preview:large","max-video-preview":"max-video-preview:-1"},"canonical":"https:\/\/theresales.nl\/de\/produkt\/ferm-living-holo-kerzenhalter\/","og_locale":"de_DE","og_type":"article","og_title":"Ferm Living Holo candle holder - TheReSales","og_description":"Bekijk deze kaarsenhouder Holo van Ferm Living! Handgemaakt en echt uniek door de organische vorm die met de hand wordt gemaakt.","og_url":"https:\/\/theresales.nl\/de\/produkt\/ferm-living-holo-kerzenhalter\/","og_site_name":"TheReSales","article_publisher":"https:\/\/www.facebook.com\/theresales.nl","og_image":[{"width":1200,"height":902,"url":"https:\/\/theresales.nl\/wp-content\/uploads\/2024\/07\/holo-klein.png","type":"image\/png"}],"twitter_card":"summary_large_image","twitter_misc":{"Gesch\u00e4tzte Lesezeit":"1\u00a0Minute"},"schema":{"@context":"https:\/\/schema.org","@graph":[{"@type":"WebPage","@id":"https:\/\/theresales.nl\/product\/ferm-living-holo-candle-holder\/","url":"https:\/\/theresales.nl\/product\/ferm-living-holo-candle-holder\/","name":"Ferm Living Holo Kerzenhalter - TheReSales","isPartOf":{"@id":"https:\/\/theresales.nl\/#website"},"primaryImageOfPage":{"@id":"https:\/\/theresales.nl\/product\/ferm-living-holo-candle-holder\/#primaryimage"},"image":{"@id":"https:\/\/theresales.nl\/product\/ferm-living-holo-candle-holder\/#primaryimage"},"thumbnailUrl":"https:\/\/theresales.nl\/wp-content\/uploads\/2024\/07\/holo-klein.png","datePublished":"2024-07-18T08:41:46+00:00","description":"Schau dir diesen Kerzenst\u00e4nder Holo von Ferm Living an! Handgemacht und wirklich einzigartig durch die organische Form, die von Hand gefertigt wird.","breadcrumb":{"@id":"https:\/\/theresales.nl\/product\/ferm-living-holo-candle-holder\/#breadcrumb"},"inLanguage":"de","potentialAction":[{"@type":"ReadAction","target":["https:\/\/theresales.nl\/product\/ferm-living-holo-candle-holder\/"]}]},{"@type":"ImageObject","inLanguage":"de","@id":"https:\/\/theresales.nl\/product\/ferm-living-holo-candle-holder\/#primaryimage","url":"https:\/\/theresales.nl\/wp-content\/uploads\/2024\/07\/holo-klein.png","contentUrl":"https:\/\/theresales.nl\/wp-content\/uploads\/2024\/07\/holo-klein.png","width":1200,"height":902,"caption":"Ferm-Living-Holo-candle-holder"},{"@type":"BreadcrumbList","@id":"https:\/\/theresales.nl\/product\/ferm-living-holo-candle-holder\/#breadcrumb","itemListElement":[{"@type":"ListItem","position":1,"name":"Home","item":"https:\/\/theresales.nl\/"},{"@type":"ListItem","position":2,"name":"Collectie","item":"https:\/\/theresales.nl\/collectie\/"},{"@type":"ListItem","position":3,"name":"Ferm Living Holo candle holder"}]},{"@type":"WebSite","@id":"https:\/\/theresales.nl\/#website","url":"https:\/\/theresales.nl\/","name":"TheReSales","description":"Tweedehands Design Meubelen","publisher":{"@id":"https:\/\/theresales.nl\/#organization"},"potentialAction":[{"@type":"SearchAction","target":{"@type":"EntryPoint","urlTemplate":"https:\/\/theresales.nl\/?s={search_term_string}"},"query-input":{"@type":"PropertyValueSpecification","valueRequired":true,"valueName":"search_term_string"}}],"inLanguage":"de"},{"@type":"Organization","@id":"https:\/\/theresales.nl\/#organization","name":"TheReSales","url":"https:\/\/theresales.nl\/","logo":{"@type":"ImageObject","inLanguage":"de","@id":"https:\/\/theresales.nl\/#\/schema\/logo\/image\/","url":"https:\/\/theresales.nl\/wp-content\/uploads\/2026\/04\/Logo-TheReSales.png","contentUrl":"https:\/\/theresales.nl\/wp-content\/uploads\/2026\/04\/Logo-TheReSales.png","width":1200,"height":304,"caption":"TheReSales"},"image":{"@id":"https:\/\/theresales.nl\/#\/schema\/logo\/image\/"},"sameAs":["https:\/\/www.facebook.com\/theresales.nl","https:\/\/www.instagram.com\/_theresales_\/","https:\/\/nl.pinterest.com\/theresalesgroningen\/","https:\/\/www.linkedin.com\/company\/theresales\/"]}]}},"_links":{"self":[{"href":"https:\/\/theresales.nl\/de\/wp-json\/wp\/v2\/product\/37071","targetHints":{"allow":["GET"]}}],"collection":[{"href":"https:\/\/theresales.nl\/de\/wp-json\/wp\/v2\/product"}],"about":[{"href":"https:\/\/theresales.nl\/de\/wp-json\/wp\/v2\/types\/product"}],"wp:featuredmedia":[{"embeddable":true,"href":"https:\/\/theresales.nl\/de\/wp-json\/wp\/v2\/media\/37121"}],"wp:attachment":[{"href":"https:\/\/theresales.nl\/de\/wp-json\/wp\/v2\/media?parent=37071"}],"wp:term":[{"taxonomy":"product_brand","embeddable":true,"href":"https:\/\/theresales.nl\/de\/wp-json\/wp\/v2\/product_brand?post=37071"},{"taxonomy":"product_cat","embeddable":true,"href":"https:\/\/theresales.nl\/de\/wp-json\/wp\/v2\/product_cat?post=37071"},{"taxonomy":"product_tag","embeddable":true,"href":"https:\/\/theresales.nl\/de\/wp-json\/wp\/v2\/product_tag?post=37071"},{"taxonomy":"ontwerper","embeddable":true,"href":"https:\/\/theresales.nl\/de\/wp-json\/wp\/v2\/ontwerper?post=37071"}],"curies":[{"name":"wp","href":"https:\/\/api.w.org\/{rel}","templated":true}]}}