{"id":37047,"date":"2024-07-17T15:22:31","date_gmt":"2024-07-17T13:22:31","guid":{"rendered":"https:\/\/theresales.nl\/?post_type=product&#038;p=37047"},"modified":"2024-07-17T15:22:32","modified_gmt":"2024-07-17T13:22:32","slug":"normann-kopenhagen-schleife-haken-klein-rot","status":"publish","type":"product","link":"https:\/\/theresales.nl\/de\/product\/normann-copenhagen-loop-hook-small-rood\/","title":{"rendered":"Normann Kopenhagen Schlaufe Haken klein rot"},"content":{"rendered":"<p>Die Schlaufen Haken <a href=\"https:\/\/theresales.nl\/de\/produktkategorie\/wohnaccessoires\/\">Aufh\u00e4ngehaken<\/a> Van <a href=\"https:\/\/www.normann-copenhagen.com\/en\">Normann Kopenhagen<\/a> sind minimalistisch und multifunktional. H\u00e4ngen Sie alles daran: Taschen, Schals, K\u00fcchenutensilien oder Schl\u00fcssel. Stilvoll und praktisch!<\/p>","protected":false},"excerpt":{"rendered":"<p><strong>Neupreis: 15 \u20ac<\/strong><\/p>\n<p><strong>Abmessungen\u00a0<\/strong><br \/>\nDurchmesser: 4,4 cm<\/p>\n<p><strong>Material<\/strong> Zink<\/p>\n<p><strong>Farbe<\/strong> Rot<\/p>","protected":false},"featured_media":37100,"template":"","meta":{"_acf_changed":false},"product_brand":[],"product_cat":[90],"product_tag":[],"ontwerper":[],"class_list":{"0":"post-37047","1":"product","2":"type-product","3":"status-publish","4":"has-post-thumbnail","6":"product_cat-woonaccessoires","8":"first","9":"instock","10":"shipping-taxable","11":"purchasable","12":"product-type-simple"},"acf":[],"yoast_head":"<!-- This site is optimized with the Yoast SEO plugin v27.5 - https:\/\/yoast.com\/product\/yoast-seo-wordpress\/ -->\n<title>Normann Copenhagen Loop Hook small rood - TheReSales<\/title>\n<meta name=\"description\" content=\"De Loop Hooks ophanghaken van Normann Copenhagen zijn minimalistisch en multifunctioneel. Hang er alles aan. Stijlvol en praktisch!\" \/>\n<meta name=\"robots\" content=\"index, follow, max-snippet:-1, max-image-preview:large, max-video-preview:-1\" \/>\n<link rel=\"canonical\" href=\"https:\/\/theresales.nl\/de\/produkt\/normann-kopenhagen-schleife-haken-klein-rot\/\" \/>\n<meta property=\"og:locale\" content=\"de_DE\" \/>\n<meta property=\"og:type\" content=\"article\" \/>\n<meta property=\"og:title\" content=\"Normann Copenhagen Loop Hook small rood - TheReSales\" \/>\n<meta property=\"og:description\" content=\"De Loop Hooks ophanghaken van Normann Copenhagen zijn minimalistisch en multifunctioneel. Hang er alles aan. Stijlvol en praktisch!\" \/>\n<meta property=\"og:url\" content=\"https:\/\/theresales.nl\/de\/produkt\/normann-kopenhagen-schleife-haken-klein-rot\/\" \/>\n<meta property=\"og:site_name\" content=\"TheReSales\" \/>\n<meta property=\"article:publisher\" content=\"https:\/\/www.facebook.com\/theresales.nl\" \/>\n<meta property=\"article:modified_time\" content=\"2024-07-17T13:22:32+00:00\" \/>\n<meta property=\"og:image\" content=\"https:\/\/theresales.nl\/wp-content\/uploads\/2024\/07\/hook-2.png\" \/>\n\t<meta property=\"og:image:width\" content=\"1200\" \/>\n\t<meta property=\"og:image:height\" content=\"900\" \/>\n\t<meta property=\"og:image:type\" content=\"image\/png\" \/>\n<meta name=\"twitter:card\" content=\"summary_large_image\" \/>\n<meta name=\"twitter:label1\" content=\"Gesch\u00e4tzte Lesezeit\" \/>\n\t<meta name=\"twitter:data1\" content=\"1\u00a0Minute\" \/>\n<!-- \/ Yoast SEO plugin. -->","yoast_head_json":{"title":"Normann Kopenhagen Schlaufen Haken klein rot - TheReSales","description":"Die Loop Hooks von Normann Copenhagen sind minimalistisch und multifunktional. H\u00e4ngen Sie alles daran. Stilvoll und praktisch!","robots":{"index":"index","follow":"follow","max-snippet":"max-snippet:-1","max-image-preview":"max-image-preview:large","max-video-preview":"max-video-preview:-1"},"canonical":"https:\/\/theresales.nl\/de\/produkt\/normann-kopenhagen-schleife-haken-klein-rot\/","og_locale":"de_DE","og_type":"article","og_title":"Normann Copenhagen Loop Hook small rood - TheReSales","og_description":"De Loop Hooks ophanghaken van Normann Copenhagen zijn minimalistisch en multifunctioneel. Hang er alles aan. Stijlvol en praktisch!","og_url":"https:\/\/theresales.nl\/de\/produkt\/normann-kopenhagen-schleife-haken-klein-rot\/","og_site_name":"TheReSales","article_publisher":"https:\/\/www.facebook.com\/theresales.nl","article_modified_time":"2024-07-17T13:22:32+00:00","og_image":[{"width":1200,"height":900,"url":"https:\/\/theresales.nl\/wp-content\/uploads\/2024\/07\/hook-2.png","type":"image\/png"}],"twitter_card":"summary_large_image","twitter_misc":{"Gesch\u00e4tzte Lesezeit":"1\u00a0Minute"},"schema":{"@context":"https:\/\/schema.org","@graph":[{"@type":"WebPage","@id":"https:\/\/theresales.nl\/product\/normann-copenhagen-loop-hook-small-rood\/","url":"https:\/\/theresales.nl\/product\/normann-copenhagen-loop-hook-small-rood\/","name":"Normann Kopenhagen Schlaufen Haken klein rot - TheReSales","isPartOf":{"@id":"https:\/\/theresales.nl\/#website"},"primaryImageOfPage":{"@id":"https:\/\/theresales.nl\/product\/normann-copenhagen-loop-hook-small-rood\/#primaryimage"},"image":{"@id":"https:\/\/theresales.nl\/product\/normann-copenhagen-loop-hook-small-rood\/#primaryimage"},"thumbnailUrl":"https:\/\/theresales.nl\/wp-content\/uploads\/2024\/07\/hook-2.png","datePublished":"2024-07-17T13:22:31+00:00","dateModified":"2024-07-17T13:22:32+00:00","description":"Die Loop Hooks von Normann Copenhagen sind minimalistisch und multifunktional. H\u00e4ngen Sie alles daran. Stilvoll und praktisch!","breadcrumb":{"@id":"https:\/\/theresales.nl\/product\/normann-copenhagen-loop-hook-small-rood\/#breadcrumb"},"inLanguage":"de","potentialAction":[{"@type":"ReadAction","target":["https:\/\/theresales.nl\/product\/normann-copenhagen-loop-hook-small-rood\/"]}]},{"@type":"ImageObject","inLanguage":"de","@id":"https:\/\/theresales.nl\/product\/normann-copenhagen-loop-hook-small-rood\/#primaryimage","url":"https:\/\/theresales.nl\/wp-content\/uploads\/2024\/07\/hook-2.png","contentUrl":"https:\/\/theresales.nl\/wp-content\/uploads\/2024\/07\/hook-2.png","width":1200,"height":900,"caption":"Normann-Copenhagen-Loop-Hook-small-rood"},{"@type":"BreadcrumbList","@id":"https:\/\/theresales.nl\/product\/normann-copenhagen-loop-hook-small-rood\/#breadcrumb","itemListElement":[{"@type":"ListItem","position":1,"name":"Home","item":"https:\/\/theresales.nl\/"},{"@type":"ListItem","position":2,"name":"Collectie","item":"https:\/\/theresales.nl\/collectie\/"},{"@type":"ListItem","position":3,"name":"Normann Copenhagen Loop Hook small rood"}]},{"@type":"WebSite","@id":"https:\/\/theresales.nl\/#website","url":"https:\/\/theresales.nl\/","name":"TheReSales","description":"Tweedehands Design Meubelen","publisher":{"@id":"https:\/\/theresales.nl\/#organization"},"potentialAction":[{"@type":"SearchAction","target":{"@type":"EntryPoint","urlTemplate":"https:\/\/theresales.nl\/?s={search_term_string}"},"query-input":{"@type":"PropertyValueSpecification","valueRequired":true,"valueName":"search_term_string"}}],"inLanguage":"de"},{"@type":"Organization","@id":"https:\/\/theresales.nl\/#organization","name":"TheReSales","url":"https:\/\/theresales.nl\/","logo":{"@type":"ImageObject","inLanguage":"de","@id":"https:\/\/theresales.nl\/#\/schema\/logo\/image\/","url":"https:\/\/theresales.nl\/wp-content\/uploads\/2026\/04\/Logo-TheReSales.png","contentUrl":"https:\/\/theresales.nl\/wp-content\/uploads\/2026\/04\/Logo-TheReSales.png","width":1200,"height":304,"caption":"TheReSales"},"image":{"@id":"https:\/\/theresales.nl\/#\/schema\/logo\/image\/"},"sameAs":["https:\/\/www.facebook.com\/theresales.nl","https:\/\/www.instagram.com\/_theresales_\/","https:\/\/nl.pinterest.com\/theresalesgroningen\/","https:\/\/www.linkedin.com\/company\/theresales\/"]}]}},"_links":{"self":[{"href":"https:\/\/theresales.nl\/de\/wp-json\/wp\/v2\/product\/37047","targetHints":{"allow":["GET"]}}],"collection":[{"href":"https:\/\/theresales.nl\/de\/wp-json\/wp\/v2\/product"}],"about":[{"href":"https:\/\/theresales.nl\/de\/wp-json\/wp\/v2\/types\/product"}],"wp:featuredmedia":[{"embeddable":true,"href":"https:\/\/theresales.nl\/de\/wp-json\/wp\/v2\/media\/37100"}],"wp:attachment":[{"href":"https:\/\/theresales.nl\/de\/wp-json\/wp\/v2\/media?parent=37047"}],"wp:term":[{"taxonomy":"product_brand","embeddable":true,"href":"https:\/\/theresales.nl\/de\/wp-json\/wp\/v2\/product_brand?post=37047"},{"taxonomy":"product_cat","embeddable":true,"href":"https:\/\/theresales.nl\/de\/wp-json\/wp\/v2\/product_cat?post=37047"},{"taxonomy":"product_tag","embeddable":true,"href":"https:\/\/theresales.nl\/de\/wp-json\/wp\/v2\/product_tag?post=37047"},{"taxonomy":"ontwerper","embeddable":true,"href":"https:\/\/theresales.nl\/de\/wp-json\/wp\/v2\/ontwerper?post=37047"}],"curies":[{"name":"wp","href":"https:\/\/api.w.org\/{rel}","templated":true}]}}