{"id":37039,"date":"2024-07-17T13:33:35","date_gmt":"2024-07-17T11:33:35","guid":{"rendered":"https:\/\/theresales.nl\/?post_type=product&#038;p=37039"},"modified":"2024-07-17T13:33:35","modified_gmt":"2024-07-17T11:33:35","slug":"blomus-wandgarderobe","status":"publish","type":"product","link":"https:\/\/theresales.nl\/de\/product\/blomus-wandkapstok\/","title":{"rendered":"Blomus Wandgarderobe"},"content":{"rendered":"<p>Vervollst\u00e4ndigen Sie Ihre Diele mit dem Modernen <a href=\"https:\/\/theresales.nl\/de\/produktkategorie\/wohnaccessoires\/\">Wandgarderobe<\/a> Van <a href=\"https:\/\/www.blomus-athome.nl\/nl\/wonen\/garderobe\/\">Blomus<\/a>. Hergestellt aus hochwertigem Edelstahl, strahlt dieser Kleiderst\u00e4nder Stil und Haltbarkeit aus. Sein schlankes, zeitgem\u00e4\u00dfes Design passt perfekt in jedes moderne Interieur. H\u00e4ngen Sie Ihre M\u00e4ntel und Accessoires stilvoll an dieser funktionalen und eleganten Wandgarderobe von Blomus auf!<\/p>","protected":false},"excerpt":{"rendered":"<p><strong>Neupreis: 58 \u20ac<\/strong><\/p>\n<p><strong>Abmessungen<\/strong><br \/>\nBreite: 50cm<br \/>\nL\u00e4nge: 8,5 cm<\/p>\n<p><strong>Material<\/strong> Edelstahl<\/p>\n<p><strong>Farbe<\/strong> Schwarz, Chrom<\/p>","protected":false},"featured_media":37082,"template":"","meta":{"_acf_changed":false},"product_brand":[],"product_cat":[90],"product_tag":[],"ontwerper":[],"class_list":{"0":"post-37039","1":"product","2":"type-product","3":"status-publish","4":"has-post-thumbnail","6":"product_cat-woonaccessoires","8":"first","9":"instock","10":"shipping-taxable","11":"purchasable","12":"product-type-simple"},"acf":[],"yoast_head":"<!-- This site is optimized with the Yoast SEO plugin v27.5 - https:\/\/yoast.com\/product\/yoast-seo-wordpress\/ -->\n<title>Blomus wandkapstok - TheReSales<\/title>\n<meta name=\"description\" content=\"Maak je hal compleet met de moderne wandkapstok van Blomus. Gemaakt van hoogwaardig roestvrij staal, straalt deze kapstok stijl en duurzaamheid uit.\" \/>\n<meta name=\"robots\" content=\"index, follow, max-snippet:-1, max-image-preview:large, max-video-preview:-1\" \/>\n<link rel=\"canonical\" href=\"https:\/\/theresales.nl\/de\/produkt\/blomus-wandgarderobe\/\" \/>\n<meta property=\"og:locale\" content=\"de_DE\" \/>\n<meta property=\"og:type\" content=\"article\" \/>\n<meta property=\"og:title\" content=\"Blomus wandkapstok - TheReSales\" \/>\n<meta property=\"og:description\" content=\"Maak je hal compleet met de moderne wandkapstok van Blomus. Gemaakt van hoogwaardig roestvrij staal, straalt deze kapstok stijl en duurzaamheid uit.\" \/>\n<meta property=\"og:url\" content=\"https:\/\/theresales.nl\/de\/produkt\/blomus-wandgarderobe\/\" \/>\n<meta property=\"og:site_name\" content=\"TheReSales\" \/>\n<meta property=\"article:publisher\" content=\"https:\/\/www.facebook.com\/theresales.nl\" \/>\n<meta property=\"og:image\" content=\"https:\/\/theresales.nl\/wp-content\/uploads\/2024\/07\/Blomus-wandkapstok.png\" \/>\n\t<meta property=\"og:image:width\" content=\"1200\" \/>\n\t<meta property=\"og:image:height\" content=\"900\" \/>\n\t<meta property=\"og:image:type\" content=\"image\/png\" \/>\n<meta name=\"twitter:card\" content=\"summary_large_image\" \/>\n<meta name=\"twitter:label1\" content=\"Gesch\u00e4tzte Lesezeit\" \/>\n\t<meta name=\"twitter:data1\" content=\"1\u00a0Minute\" \/>\n<!-- \/ Yoast SEO plugin. -->","yoast_head_json":{"title":"Blomus Wandgarderobe - TheReSales","description":"Vervollst\u00e4ndigen Sie Ihre Diele mit der modernen Wandgarderobe von Blomus. Gefertigt aus hochwertigem Edelstahl, strahlt diese Garderobe Stil und Langlebigkeit aus.","robots":{"index":"index","follow":"follow","max-snippet":"max-snippet:-1","max-image-preview":"max-image-preview:large","max-video-preview":"max-video-preview:-1"},"canonical":"https:\/\/theresales.nl\/de\/produkt\/blomus-wandgarderobe\/","og_locale":"de_DE","og_type":"article","og_title":"Blomus wandkapstok - TheReSales","og_description":"Maak je hal compleet met de moderne wandkapstok van Blomus. Gemaakt van hoogwaardig roestvrij staal, straalt deze kapstok stijl en duurzaamheid uit.","og_url":"https:\/\/theresales.nl\/de\/produkt\/blomus-wandgarderobe\/","og_site_name":"TheReSales","article_publisher":"https:\/\/www.facebook.com\/theresales.nl","og_image":[{"width":1200,"height":900,"url":"https:\/\/theresales.nl\/wp-content\/uploads\/2024\/07\/Blomus-wandkapstok.png","type":"image\/png"}],"twitter_card":"summary_large_image","twitter_misc":{"Gesch\u00e4tzte Lesezeit":"1\u00a0Minute"},"schema":{"@context":"https:\/\/schema.org","@graph":[{"@type":"WebPage","@id":"https:\/\/theresales.nl\/product\/blomus-wandkapstok\/","url":"https:\/\/theresales.nl\/product\/blomus-wandkapstok\/","name":"Blomus Wandgarderobe - TheReSales","isPartOf":{"@id":"https:\/\/theresales.nl\/#website"},"primaryImageOfPage":{"@id":"https:\/\/theresales.nl\/product\/blomus-wandkapstok\/#primaryimage"},"image":{"@id":"https:\/\/theresales.nl\/product\/blomus-wandkapstok\/#primaryimage"},"thumbnailUrl":"https:\/\/theresales.nl\/wp-content\/uploads\/2024\/07\/Blomus-wandkapstok.png","datePublished":"2024-07-17T11:33:35+00:00","description":"Vervollst\u00e4ndigen Sie Ihre Diele mit der modernen Wandgarderobe von Blomus. Gefertigt aus hochwertigem Edelstahl, strahlt diese Garderobe Stil und Langlebigkeit aus.","breadcrumb":{"@id":"https:\/\/theresales.nl\/product\/blomus-wandkapstok\/#breadcrumb"},"inLanguage":"de","potentialAction":[{"@type":"ReadAction","target":["https:\/\/theresales.nl\/product\/blomus-wandkapstok\/"]}]},{"@type":"ImageObject","inLanguage":"de","@id":"https:\/\/theresales.nl\/product\/blomus-wandkapstok\/#primaryimage","url":"https:\/\/theresales.nl\/wp-content\/uploads\/2024\/07\/Blomus-wandkapstok.png","contentUrl":"https:\/\/theresales.nl\/wp-content\/uploads\/2024\/07\/Blomus-wandkapstok.png","width":1200,"height":900,"caption":"Blomus-wandkapstok-theresales-woonaccesoires"},{"@type":"BreadcrumbList","@id":"https:\/\/theresales.nl\/product\/blomus-wandkapstok\/#breadcrumb","itemListElement":[{"@type":"ListItem","position":1,"name":"Home","item":"https:\/\/theresales.nl\/"},{"@type":"ListItem","position":2,"name":"Collectie","item":"https:\/\/theresales.nl\/collectie\/"},{"@type":"ListItem","position":3,"name":"Blomus wandkapstok"}]},{"@type":"WebSite","@id":"https:\/\/theresales.nl\/#website","url":"https:\/\/theresales.nl\/","name":"TheReSales","description":"Tweedehands Design Meubelen","publisher":{"@id":"https:\/\/theresales.nl\/#organization"},"potentialAction":[{"@type":"SearchAction","target":{"@type":"EntryPoint","urlTemplate":"https:\/\/theresales.nl\/?s={search_term_string}"},"query-input":{"@type":"PropertyValueSpecification","valueRequired":true,"valueName":"search_term_string"}}],"inLanguage":"de"},{"@type":"Organization","@id":"https:\/\/theresales.nl\/#organization","name":"TheReSales","url":"https:\/\/theresales.nl\/","logo":{"@type":"ImageObject","inLanguage":"de","@id":"https:\/\/theresales.nl\/#\/schema\/logo\/image\/","url":"https:\/\/theresales.nl\/wp-content\/uploads\/2026\/04\/Logo-TheReSales.png","contentUrl":"https:\/\/theresales.nl\/wp-content\/uploads\/2026\/04\/Logo-TheReSales.png","width":1200,"height":304,"caption":"TheReSales"},"image":{"@id":"https:\/\/theresales.nl\/#\/schema\/logo\/image\/"},"sameAs":["https:\/\/www.facebook.com\/theresales.nl","https:\/\/www.instagram.com\/_theresales_\/","https:\/\/nl.pinterest.com\/theresalesgroningen\/","https:\/\/www.linkedin.com\/company\/theresales\/"]}]}},"_links":{"self":[{"href":"https:\/\/theresales.nl\/de\/wp-json\/wp\/v2\/product\/37039","targetHints":{"allow":["GET"]}}],"collection":[{"href":"https:\/\/theresales.nl\/de\/wp-json\/wp\/v2\/product"}],"about":[{"href":"https:\/\/theresales.nl\/de\/wp-json\/wp\/v2\/types\/product"}],"wp:featuredmedia":[{"embeddable":true,"href":"https:\/\/theresales.nl\/de\/wp-json\/wp\/v2\/media\/37082"}],"wp:attachment":[{"href":"https:\/\/theresales.nl\/de\/wp-json\/wp\/v2\/media?parent=37039"}],"wp:term":[{"taxonomy":"product_brand","embeddable":true,"href":"https:\/\/theresales.nl\/de\/wp-json\/wp\/v2\/product_brand?post=37039"},{"taxonomy":"product_cat","embeddable":true,"href":"https:\/\/theresales.nl\/de\/wp-json\/wp\/v2\/product_cat?post=37039"},{"taxonomy":"product_tag","embeddable":true,"href":"https:\/\/theresales.nl\/de\/wp-json\/wp\/v2\/product_tag?post=37039"},{"taxonomy":"ontwerper","embeddable":true,"href":"https:\/\/theresales.nl\/de\/wp-json\/wp\/v2\/ontwerper?post=37039"}],"curies":[{"name":"wp","href":"https:\/\/api.w.org\/{rel}","templated":true}]}}