{"id":37017,"date":"2024-07-16T09:50:48","date_gmt":"2024-07-16T07:50:48","guid":{"rendered":"https:\/\/theresales.nl\/?post_type=product&#038;p=37017"},"modified":"2024-07-16T09:50:48","modified_gmt":"2024-07-16T07:50:48","slug":"ferm-living-blumentopf-bauen","status":"publish","type":"product","link":"https:\/\/theresales.nl\/de\/product\/ferm-living-bloempot-bau\/","title":{"rendered":"Ferm Living Blumentopf Bau"},"content":{"rendered":"<p><span><a href=\"https:\/\/theresales.nl\/de\/produktkategorie\/wohnaccessoires\/\">Blument\u00f6pfe<\/a> k\u00f6nnen manchmal robust und ungeschickt sein, aber der Bau Topf von <a href=\"https:\/\/fermliving.nl\/?gad_source=1&amp;gbraid=0AAAAACPdfCm7Mv8pvXcIJ6VEzD1Lo8sN0&amp;gclid=CjwKCAjwtNi0BhA1EiwAWZaANAOvBlXw2pmmXkRSuwOLPSUUuhenhVOg0RyluBi41iGE-Xww3H9H9BoCZu4QAvD_BwE\">Ferm Leben<\/a> Sicher nicht. Dieser stilvolle Topf hat eine luftige Note dank seiner erh\u00f6hten F\u00fc\u00dfe, die Platz unter dem Topf schaffen. Das subtile Linienmuster verleiht dem Topf ein leichtes Aussehen, w\u00e4hrend er genauso stabil ist wie seine schwereren Pendants. Ein praktisches Detail: Es gibt ein Loch im Boden f\u00fcr die Ableitung \u00fcbersch\u00fcssigen Wassers.<\/span><\/p>","protected":false},"excerpt":{"rendered":"<p><strong>Neupreis: \u20ac55,-<\/strong><\/p>\n<p><strong>Abmessungen<\/strong><br \/>\nH\u00f6he: 38 cm<br \/>\nDurchmesser: 27 cm<\/p>\n<p><strong>Material<\/strong> Stahl<\/p>\n<p><strong>Farbe<\/strong> Hellbraun<\/p>","protected":false},"featured_media":37024,"template":"","meta":{"_acf_changed":false},"product_brand":[],"product_cat":[90],"product_tag":[307],"ontwerper":[],"class_list":{"0":"post-37017","1":"product","2":"type-product","3":"status-publish","4":"has-post-thumbnail","6":"product_cat-woonaccessoires","7":"product_tag-ferm-living","9":"first","10":"instock","11":"shipping-taxable","12":"purchasable","13":"product-type-simple"},"acf":[],"yoast_head":"<!-- This site is optimized with the Yoast SEO plugin v27.5 - https:\/\/yoast.com\/product\/yoast-seo-wordpress\/ -->\n<title>Ferm Living Bloempot Bau - TheReSales<\/title>\n<meta name=\"description\" content=\"Plantenpotten kunnen soms robuust en lomp zijn, maar de Bau pot van Ferm Living zeker niet. Deze stijlvolle pot heeft een luchtig karakter.\" \/>\n<meta name=\"robots\" content=\"index, follow, max-snippet:-1, max-image-preview:large, max-video-preview:-1\" \/>\n<link rel=\"canonical\" href=\"https:\/\/theresales.nl\/de\/produkt\/ferm-living-blumentopf-bauen\/\" \/>\n<meta property=\"og:locale\" content=\"de_DE\" \/>\n<meta property=\"og:type\" content=\"article\" \/>\n<meta property=\"og:title\" content=\"Ferm Living Bloempot Bau - TheReSales\" \/>\n<meta property=\"og:description\" content=\"Plantenpotten kunnen soms robuust en lomp zijn, maar de Bau pot van Ferm Living zeker niet. Deze stijlvolle pot heeft een luchtig karakter.\" \/>\n<meta property=\"og:url\" content=\"https:\/\/theresales.nl\/de\/produkt\/ferm-living-blumentopf-bauen\/\" \/>\n<meta property=\"og:site_name\" content=\"TheReSales\" \/>\n<meta property=\"article:publisher\" content=\"https:\/\/www.facebook.com\/theresales.nl\" \/>\n<meta property=\"og:image\" content=\"https:\/\/theresales.nl\/wp-content\/uploads\/2024\/07\/13.png\" \/>\n\t<meta property=\"og:image:width\" content=\"1200\" \/>\n\t<meta property=\"og:image:height\" content=\"902\" \/>\n\t<meta property=\"og:image:type\" content=\"image\/png\" \/>\n<meta name=\"twitter:card\" content=\"summary_large_image\" \/>\n<meta name=\"twitter:label1\" content=\"Gesch\u00e4tzte Lesezeit\" \/>\n\t<meta name=\"twitter:data1\" content=\"1\u00a0Minute\" \/>\n<!-- \/ Yoast SEO plugin. -->","yoast_head_json":{"title":"Ferm Living Blumentopf Bau - TheReSales","description":"Blument\u00f6pfe k\u00f6nnen manchmal robust und plump sein, aber die Bau-Topf von Ferm Living ganz sicher nicht. Dieser stilvolle Topf hat ein luftiges Charakter.","robots":{"index":"index","follow":"follow","max-snippet":"max-snippet:-1","max-image-preview":"max-image-preview:large","max-video-preview":"max-video-preview:-1"},"canonical":"https:\/\/theresales.nl\/de\/produkt\/ferm-living-blumentopf-bauen\/","og_locale":"de_DE","og_type":"article","og_title":"Ferm Living Bloempot Bau - TheReSales","og_description":"Plantenpotten kunnen soms robuust en lomp zijn, maar de Bau pot van Ferm Living zeker niet. Deze stijlvolle pot heeft een luchtig karakter.","og_url":"https:\/\/theresales.nl\/de\/produkt\/ferm-living-blumentopf-bauen\/","og_site_name":"TheReSales","article_publisher":"https:\/\/www.facebook.com\/theresales.nl","og_image":[{"width":1200,"height":902,"url":"https:\/\/theresales.nl\/wp-content\/uploads\/2024\/07\/13.png","type":"image\/png"}],"twitter_card":"summary_large_image","twitter_misc":{"Gesch\u00e4tzte Lesezeit":"1\u00a0Minute"},"schema":{"@context":"https:\/\/schema.org","@graph":[{"@type":"WebPage","@id":"https:\/\/theresales.nl\/product\/ferm-living-bloempot-bau\/","url":"https:\/\/theresales.nl\/product\/ferm-living-bloempot-bau\/","name":"Ferm Living Blumentopf Bau - TheReSales","isPartOf":{"@id":"https:\/\/theresales.nl\/#website"},"primaryImageOfPage":{"@id":"https:\/\/theresales.nl\/product\/ferm-living-bloempot-bau\/#primaryimage"},"image":{"@id":"https:\/\/theresales.nl\/product\/ferm-living-bloempot-bau\/#primaryimage"},"thumbnailUrl":"https:\/\/theresales.nl\/wp-content\/uploads\/2024\/07\/13.png","datePublished":"2024-07-16T07:50:48+00:00","description":"Blument\u00f6pfe k\u00f6nnen manchmal robust und plump sein, aber die Bau-Topf von Ferm Living ganz sicher nicht. Dieser stilvolle Topf hat ein luftiges Charakter.","breadcrumb":{"@id":"https:\/\/theresales.nl\/product\/ferm-living-bloempot-bau\/#breadcrumb"},"inLanguage":"de","potentialAction":[{"@type":"ReadAction","target":["https:\/\/theresales.nl\/product\/ferm-living-bloempot-bau\/"]}]},{"@type":"ImageObject","inLanguage":"de","@id":"https:\/\/theresales.nl\/product\/ferm-living-bloempot-bau\/#primaryimage","url":"https:\/\/theresales.nl\/wp-content\/uploads\/2024\/07\/13.png","contentUrl":"https:\/\/theresales.nl\/wp-content\/uploads\/2024\/07\/13.png","width":1200,"height":902,"caption":"Ferm-Living-Bloempot-Bau-theresales-woonaccesoires"},{"@type":"BreadcrumbList","@id":"https:\/\/theresales.nl\/product\/ferm-living-bloempot-bau\/#breadcrumb","itemListElement":[{"@type":"ListItem","position":1,"name":"Home","item":"https:\/\/theresales.nl\/"},{"@type":"ListItem","position":2,"name":"Collectie","item":"https:\/\/theresales.nl\/collectie\/"},{"@type":"ListItem","position":3,"name":"Ferm Living Bloempot Bau"}]},{"@type":"WebSite","@id":"https:\/\/theresales.nl\/#website","url":"https:\/\/theresales.nl\/","name":"TheReSales","description":"Tweedehands Design Meubelen","publisher":{"@id":"https:\/\/theresales.nl\/#organization"},"potentialAction":[{"@type":"SearchAction","target":{"@type":"EntryPoint","urlTemplate":"https:\/\/theresales.nl\/?s={search_term_string}"},"query-input":{"@type":"PropertyValueSpecification","valueRequired":true,"valueName":"search_term_string"}}],"inLanguage":"de"},{"@type":"Organization","@id":"https:\/\/theresales.nl\/#organization","name":"TheReSales","url":"https:\/\/theresales.nl\/","logo":{"@type":"ImageObject","inLanguage":"de","@id":"https:\/\/theresales.nl\/#\/schema\/logo\/image\/","url":"https:\/\/theresales.nl\/wp-content\/uploads\/2026\/04\/Logo-TheReSales.png","contentUrl":"https:\/\/theresales.nl\/wp-content\/uploads\/2026\/04\/Logo-TheReSales.png","width":1200,"height":304,"caption":"TheReSales"},"image":{"@id":"https:\/\/theresales.nl\/#\/schema\/logo\/image\/"},"sameAs":["https:\/\/www.facebook.com\/theresales.nl","https:\/\/www.instagram.com\/_theresales_\/","https:\/\/nl.pinterest.com\/theresalesgroningen\/","https:\/\/www.linkedin.com\/company\/theresales\/"]}]}},"_links":{"self":[{"href":"https:\/\/theresales.nl\/de\/wp-json\/wp\/v2\/product\/37017","targetHints":{"allow":["GET"]}}],"collection":[{"href":"https:\/\/theresales.nl\/de\/wp-json\/wp\/v2\/product"}],"about":[{"href":"https:\/\/theresales.nl\/de\/wp-json\/wp\/v2\/types\/product"}],"wp:featuredmedia":[{"embeddable":true,"href":"https:\/\/theresales.nl\/de\/wp-json\/wp\/v2\/media\/37024"}],"wp:attachment":[{"href":"https:\/\/theresales.nl\/de\/wp-json\/wp\/v2\/media?parent=37017"}],"wp:term":[{"taxonomy":"product_brand","embeddable":true,"href":"https:\/\/theresales.nl\/de\/wp-json\/wp\/v2\/product_brand?post=37017"},{"taxonomy":"product_cat","embeddable":true,"href":"https:\/\/theresales.nl\/de\/wp-json\/wp\/v2\/product_cat?post=37017"},{"taxonomy":"product_tag","embeddable":true,"href":"https:\/\/theresales.nl\/de\/wp-json\/wp\/v2\/product_tag?post=37017"},{"taxonomy":"ontwerper","embeddable":true,"href":"https:\/\/theresales.nl\/de\/wp-json\/wp\/v2\/ontwerper?post=37017"}],"curies":[{"name":"wp","href":"https:\/\/api.w.org\/{rel}","templated":true}]}}