{"id":36953,"date":"2024-07-09T13:59:21","date_gmt":"2024-07-09T11:59:21","guid":{"rendered":"https:\/\/theresales.nl\/?post_type=product&#038;p=36953"},"modified":"2024-07-11T10:31:56","modified_gmt":"2024-07-11T08:31:56","slug":"kahler-design-hammershoi-theepot","status":"publish","type":"product","link":"https:\/\/theresales.nl\/de\/product\/kahler-design-hammershoi-theepot\/","title":{"rendered":"K\u00e4hler Design Hammersh\u00f8i Teekanne"},"content":{"rendered":"<p>De diepblauwe <a href=\"https:\/\/theresales.nl\/de\/produktkategorie\/wohnaccessoires\/\">theepot<\/a> van de Hammersh\u00f8i collectie van het Deense merk K\u00e4hler design is een ontwerp van Hans-Christian Bauer. De theepot heeft decoratieve ribbels en een afneembare gouden handgreep. Met de ingebouwde theezeef is hij ideaal voor zowel theezakjes als losse theebladeren. De Hammersh\u00f8i theepot is een echte blikvanger op elke tafel!<\/p>","protected":false},"excerpt":{"rendered":"<p><strong>Neupreis: 95 \u20ac<\/strong><\/p>\n<p><strong>Abmessungen<\/strong><br \/>\nHoogte: 15cm<br \/>\nDiameter: 14,5cm<br \/>\nInhoud: 1,2 Liter<\/p>\n<p><strong>Material<\/strong> Staal, porselein, messing<\/p>\n<p><strong>Farbe<\/strong> Indigo<\/p>","protected":false},"featured_media":36969,"template":"","meta":{"_acf_changed":false},"product_brand":[],"product_cat":[90],"product_tag":[830],"ontwerper":[],"class_list":{"0":"post-36953","1":"product","2":"type-product","3":"status-publish","4":"has-post-thumbnail","6":"product_cat-woonaccessoires","7":"product_tag-kahler","9":"first","10":"instock","11":"shipping-taxable","12":"purchasable","13":"product-type-simple"},"acf":[],"yoast_head":"<!-- This site is optimized with the Yoast SEO plugin v27.5 - https:\/\/yoast.com\/product\/yoast-seo-wordpress\/ -->\n<title>K\u00e4hler design Hammersh\u00f8i theepot - TheReSales<\/title>\n<meta name=\"description\" content=\"De diepblauwe theepot van de Hammersh\u00f8i collectie van het Deense merk K\u00e4hler design heeft decoratieve ribbels en een afneembare gouden handgreep.\" \/>\n<meta name=\"robots\" content=\"index, follow, max-snippet:-1, max-image-preview:large, max-video-preview:-1\" \/>\n<link rel=\"canonical\" href=\"https:\/\/theresales.nl\/de\/produkt\/kahler-design-hammershoi-theepot\/\" \/>\n<meta property=\"og:locale\" content=\"de_DE\" \/>\n<meta property=\"og:type\" content=\"article\" \/>\n<meta property=\"og:title\" content=\"K\u00e4hler design Hammersh\u00f8i theepot - TheReSales\" \/>\n<meta property=\"og:description\" content=\"De diepblauwe theepot van de Hammersh\u00f8i collectie van het Deense merk K\u00e4hler design heeft decoratieve ribbels en een afneembare gouden handgreep.\" \/>\n<meta property=\"og:url\" content=\"https:\/\/theresales.nl\/de\/produkt\/kahler-design-hammershoi-theepot\/\" \/>\n<meta property=\"og:site_name\" content=\"TheReSales\" \/>\n<meta property=\"article:publisher\" content=\"https:\/\/www.facebook.com\/theresales.nl\" \/>\n<meta property=\"article:modified_time\" content=\"2024-07-11T08:31:56+00:00\" \/>\n<meta property=\"og:image\" content=\"https:\/\/theresales.nl\/wp-content\/uploads\/2024\/07\/samuri-11.png\" \/>\n\t<meta property=\"og:image:width\" content=\"1200\" \/>\n\t<meta property=\"og:image:height\" content=\"900\" \/>\n\t<meta property=\"og:image:type\" content=\"image\/png\" \/>\n<meta name=\"twitter:card\" content=\"summary_large_image\" \/>\n<meta name=\"twitter:label1\" content=\"Gesch\u00e4tzte Lesezeit\" \/>\n\t<meta name=\"twitter:data1\" content=\"1\u00a0Minute\" \/>\n<!-- \/ Yoast SEO plugin. -->","yoast_head_json":{"title":"K\u00e4hler design Hammersh\u00f8i theepot - TheReSales","description":"De diepblauwe theepot van de Hammersh\u00f8i collectie van het Deense merk K\u00e4hler design heeft decoratieve ribbels en een afneembare gouden handgreep.","robots":{"index":"index","follow":"follow","max-snippet":"max-snippet:-1","max-image-preview":"max-image-preview:large","max-video-preview":"max-video-preview:-1"},"canonical":"https:\/\/theresales.nl\/de\/produkt\/kahler-design-hammershoi-theepot\/","og_locale":"de_DE","og_type":"article","og_title":"K\u00e4hler design Hammersh\u00f8i theepot - TheReSales","og_description":"De diepblauwe theepot van de Hammersh\u00f8i collectie van het Deense merk K\u00e4hler design heeft decoratieve ribbels en een afneembare gouden handgreep.","og_url":"https:\/\/theresales.nl\/de\/produkt\/kahler-design-hammershoi-theepot\/","og_site_name":"TheReSales","article_publisher":"https:\/\/www.facebook.com\/theresales.nl","article_modified_time":"2024-07-11T08:31:56+00:00","og_image":[{"width":1200,"height":900,"url":"https:\/\/theresales.nl\/wp-content\/uploads\/2024\/07\/samuri-11.png","type":"image\/png"}],"twitter_card":"summary_large_image","twitter_misc":{"Gesch\u00e4tzte Lesezeit":"1\u00a0Minute"},"schema":{"@context":"https:\/\/schema.org","@graph":[{"@type":"WebPage","@id":"https:\/\/theresales.nl\/product\/kahler-design-hammershoi-theepot\/","url":"https:\/\/theresales.nl\/product\/kahler-design-hammershoi-theepot\/","name":"K\u00e4hler design Hammersh\u00f8i theepot - TheReSales","isPartOf":{"@id":"https:\/\/theresales.nl\/#website"},"primaryImageOfPage":{"@id":"https:\/\/theresales.nl\/product\/kahler-design-hammershoi-theepot\/#primaryimage"},"image":{"@id":"https:\/\/theresales.nl\/product\/kahler-design-hammershoi-theepot\/#primaryimage"},"thumbnailUrl":"https:\/\/theresales.nl\/wp-content\/uploads\/2024\/07\/samuri-11.png","datePublished":"2024-07-09T11:59:21+00:00","dateModified":"2024-07-11T08:31:56+00:00","description":"De diepblauwe theepot van de Hammersh\u00f8i collectie van het Deense merk K\u00e4hler design heeft decoratieve ribbels en een afneembare gouden handgreep.","breadcrumb":{"@id":"https:\/\/theresales.nl\/product\/kahler-design-hammershoi-theepot\/#breadcrumb"},"inLanguage":"de","potentialAction":[{"@type":"ReadAction","target":["https:\/\/theresales.nl\/product\/kahler-design-hammershoi-theepot\/"]}]},{"@type":"ImageObject","inLanguage":"de","@id":"https:\/\/theresales.nl\/product\/kahler-design-hammershoi-theepot\/#primaryimage","url":"https:\/\/theresales.nl\/wp-content\/uploads\/2024\/07\/samuri-11.png","contentUrl":"https:\/\/theresales.nl\/wp-content\/uploads\/2024\/07\/samuri-11.png","width":1200,"height":900,"caption":"K\u00e4hler-design-Hammersh\u00f8i-theepot-TheReSales"},{"@type":"BreadcrumbList","@id":"https:\/\/theresales.nl\/product\/kahler-design-hammershoi-theepot\/#breadcrumb","itemListElement":[{"@type":"ListItem","position":1,"name":"Home","item":"https:\/\/theresales.nl\/"},{"@type":"ListItem","position":2,"name":"Collectie","item":"https:\/\/theresales.nl\/collectie\/"},{"@type":"ListItem","position":3,"name":"K\u00e4hler design Hammersh\u00f8i theepot"}]},{"@type":"WebSite","@id":"https:\/\/theresales.nl\/#website","url":"https:\/\/theresales.nl\/","name":"TheReSales","description":"Tweedehands Design Meubelen","publisher":{"@id":"https:\/\/theresales.nl\/#organization"},"potentialAction":[{"@type":"SearchAction","target":{"@type":"EntryPoint","urlTemplate":"https:\/\/theresales.nl\/?s={search_term_string}"},"query-input":{"@type":"PropertyValueSpecification","valueRequired":true,"valueName":"search_term_string"}}],"inLanguage":"de"},{"@type":"Organization","@id":"https:\/\/theresales.nl\/#organization","name":"TheReSales","url":"https:\/\/theresales.nl\/","logo":{"@type":"ImageObject","inLanguage":"de","@id":"https:\/\/theresales.nl\/#\/schema\/logo\/image\/","url":"https:\/\/theresales.nl\/wp-content\/uploads\/2026\/04\/Logo-TheReSales.png","contentUrl":"https:\/\/theresales.nl\/wp-content\/uploads\/2026\/04\/Logo-TheReSales.png","width":1200,"height":304,"caption":"TheReSales"},"image":{"@id":"https:\/\/theresales.nl\/#\/schema\/logo\/image\/"},"sameAs":["https:\/\/www.facebook.com\/theresales.nl","https:\/\/www.instagram.com\/_theresales_\/","https:\/\/nl.pinterest.com\/theresalesgroningen\/","https:\/\/www.linkedin.com\/company\/theresales\/"]}]}},"_links":{"self":[{"href":"https:\/\/theresales.nl\/de\/wp-json\/wp\/v2\/product\/36953","targetHints":{"allow":["GET"]}}],"collection":[{"href":"https:\/\/theresales.nl\/de\/wp-json\/wp\/v2\/product"}],"about":[{"href":"https:\/\/theresales.nl\/de\/wp-json\/wp\/v2\/types\/product"}],"wp:featuredmedia":[{"embeddable":true,"href":"https:\/\/theresales.nl\/de\/wp-json\/wp\/v2\/media\/36969"}],"wp:attachment":[{"href":"https:\/\/theresales.nl\/de\/wp-json\/wp\/v2\/media?parent=36953"}],"wp:term":[{"taxonomy":"product_brand","embeddable":true,"href":"https:\/\/theresales.nl\/de\/wp-json\/wp\/v2\/product_brand?post=36953"},{"taxonomy":"product_cat","embeddable":true,"href":"https:\/\/theresales.nl\/de\/wp-json\/wp\/v2\/product_cat?post=36953"},{"taxonomy":"product_tag","embeddable":true,"href":"https:\/\/theresales.nl\/de\/wp-json\/wp\/v2\/product_tag?post=36953"},{"taxonomy":"ontwerper","embeddable":true,"href":"https:\/\/theresales.nl\/de\/wp-json\/wp\/v2\/ontwerper?post=36953"}],"curies":[{"name":"wp","href":"https:\/\/api.w.org\/{rel}","templated":true}]}}