{"id":36936,"date":"2024-07-09T13:15:22","date_gmt":"2024-07-09T11:15:22","guid":{"rendered":"https:\/\/theresales.nl\/?post_type=product&#038;p=36936"},"modified":"2024-07-11T10:31:33","modified_gmt":"2024-07-11T08:31:33","slug":"ferm-living-mirage-blatt-kissen","status":"publish","type":"product","link":"https:\/\/theresales.nl\/de\/product\/ferm-living-mirage-leaf-kussen\/","title":{"rendered":"Ferm Living Spiegel Blatt Kissen"},"content":{"rendered":"<p>Die Fata Morgana <a href=\"https:\/\/theresales.nl\/de\/produktkategorie\/wohnaccessoires\/\">k\u00fcssen<\/a> Van <a href=\"https:\/\/fermliving.com\/\">Ferm Leben<\/a> in der \u201cLeaf\u201d Ausf\u00fchrung f\u00fcgt einen Hauch nat\u00fcrlicher Sch\u00f6nheit zu Ihrem Interieur hinzu. Das Kissen hat ein Muster, das an Bl\u00e4tter erinnert, was f\u00fcr eine beruhigende und organische Ausstrahlung sorgt. Das Kissen ist handgefertigt aus 100% Baumwoll-Canvas.<\/p>","protected":false},"excerpt":{"rendered":"<p><strong>Neupreis: 79 \u20ac\u00a0<\/strong><\/p>\n<p><strong>Abmessungen<\/strong><br \/>\nH\u00f6he: 50cm<br \/>\nBreite: 50cm<\/p>\n<p><strong>Material<\/strong> 100% Baumwolle, Daunen und Federn<\/p>\n<p><strong>Farbe<\/strong> Beige, dunkelgr\u00fcn, dunkelrot, ockergelb<\/p>","protected":false},"featured_media":36957,"template":"","meta":{"_acf_changed":false},"product_brand":[],"product_cat":[90],"product_tag":[307],"ontwerper":[],"class_list":{"0":"post-36936","1":"product","2":"type-product","3":"status-publish","4":"has-post-thumbnail","6":"product_cat-woonaccessoires","7":"product_tag-ferm-living","9":"first","10":"instock","11":"shipping-taxable","12":"purchasable","13":"product-type-simple"},"acf":[],"yoast_head":"<!-- This site is optimized with the Yoast SEO plugin v27.5 - https:\/\/yoast.com\/product\/yoast-seo-wordpress\/ -->\n<title>Ferm Living Mirage Leaf kussen - TheReSales<\/title>\n<meta name=\"description\" content=\"Het handgemaakte Mirage kussen van Ferm Living in de &quot;Leaf&quot; uitvoering voegt een vleugje natuurlijke schoonheid toe aan je interieur.\" \/>\n<meta name=\"robots\" content=\"index, follow, max-snippet:-1, max-image-preview:large, max-video-preview:-1\" \/>\n<link rel=\"canonical\" href=\"https:\/\/theresales.nl\/de\/produkt\/ferm-living-mirage-blatt-kissen\/\" \/>\n<meta property=\"og:locale\" content=\"de_DE\" \/>\n<meta property=\"og:type\" content=\"article\" \/>\n<meta property=\"og:title\" content=\"Ferm Living Mirage Leaf kussen - TheReSales\" \/>\n<meta property=\"og:description\" content=\"Het handgemaakte Mirage kussen van Ferm Living in de &quot;Leaf&quot; uitvoering voegt een vleugje natuurlijke schoonheid toe aan je interieur.\" \/>\n<meta property=\"og:url\" content=\"https:\/\/theresales.nl\/de\/produkt\/ferm-living-mirage-blatt-kissen\/\" \/>\n<meta property=\"og:site_name\" content=\"TheReSales\" \/>\n<meta property=\"article:publisher\" content=\"https:\/\/www.facebook.com\/theresales.nl\" \/>\n<meta property=\"article:modified_time\" content=\"2024-07-11T08:31:33+00:00\" \/>\n<meta property=\"og:image\" content=\"https:\/\/theresales.nl\/wp-content\/uploads\/2024\/07\/samuri-1.png\" \/>\n\t<meta property=\"og:image:width\" content=\"1200\" \/>\n\t<meta property=\"og:image:height\" content=\"900\" \/>\n\t<meta property=\"og:image:type\" content=\"image\/png\" \/>\n<meta name=\"twitter:card\" content=\"summary_large_image\" \/>\n<meta name=\"twitter:label1\" content=\"Gesch\u00e4tzte Lesezeit\" \/>\n\t<meta name=\"twitter:data1\" content=\"1\u00a0Minute\" \/>\n<!-- \/ Yoast SEO plugin. -->","yoast_head_json":{"title":"Ferm Living Mirage Leaf Kissen - TheReSales","description":"Das handgefertigte Mirage-Kissen von Ferm Living in der \"Leaf\"-Ausf\u00fchrung verleiht Ihrem Zuhause einen Hauch nat\u00fcrlicher Sch\u00f6nheit.","robots":{"index":"index","follow":"follow","max-snippet":"max-snippet:-1","max-image-preview":"max-image-preview:large","max-video-preview":"max-video-preview:-1"},"canonical":"https:\/\/theresales.nl\/de\/produkt\/ferm-living-mirage-blatt-kissen\/","og_locale":"de_DE","og_type":"article","og_title":"Ferm Living Mirage Leaf kussen - TheReSales","og_description":"Het handgemaakte Mirage kussen van Ferm Living in de \"Leaf\" uitvoering voegt een vleugje natuurlijke schoonheid toe aan je interieur.","og_url":"https:\/\/theresales.nl\/de\/produkt\/ferm-living-mirage-blatt-kissen\/","og_site_name":"TheReSales","article_publisher":"https:\/\/www.facebook.com\/theresales.nl","article_modified_time":"2024-07-11T08:31:33+00:00","og_image":[{"width":1200,"height":900,"url":"https:\/\/theresales.nl\/wp-content\/uploads\/2024\/07\/samuri-1.png","type":"image\/png"}],"twitter_card":"summary_large_image","twitter_misc":{"Gesch\u00e4tzte Lesezeit":"1\u00a0Minute"},"schema":{"@context":"https:\/\/schema.org","@graph":[{"@type":"WebPage","@id":"https:\/\/theresales.nl\/product\/ferm-living-mirage-leaf-kussen\/","url":"https:\/\/theresales.nl\/product\/ferm-living-mirage-leaf-kussen\/","name":"Ferm Living Mirage Leaf Kissen - TheReSales","isPartOf":{"@id":"https:\/\/theresales.nl\/#website"},"primaryImageOfPage":{"@id":"https:\/\/theresales.nl\/product\/ferm-living-mirage-leaf-kussen\/#primaryimage"},"image":{"@id":"https:\/\/theresales.nl\/product\/ferm-living-mirage-leaf-kussen\/#primaryimage"},"thumbnailUrl":"https:\/\/theresales.nl\/wp-content\/uploads\/2024\/07\/samuri-1.png","datePublished":"2024-07-09T11:15:22+00:00","dateModified":"2024-07-11T08:31:33+00:00","description":"Das handgefertigte Mirage-Kissen von Ferm Living in der \"Leaf\"-Ausf\u00fchrung verleiht Ihrem Zuhause einen Hauch nat\u00fcrlicher Sch\u00f6nheit.","breadcrumb":{"@id":"https:\/\/theresales.nl\/product\/ferm-living-mirage-leaf-kussen\/#breadcrumb"},"inLanguage":"de","potentialAction":[{"@type":"ReadAction","target":["https:\/\/theresales.nl\/product\/ferm-living-mirage-leaf-kussen\/"]}]},{"@type":"ImageObject","inLanguage":"de","@id":"https:\/\/theresales.nl\/product\/ferm-living-mirage-leaf-kussen\/#primaryimage","url":"https:\/\/theresales.nl\/wp-content\/uploads\/2024\/07\/samuri-1.png","contentUrl":"https:\/\/theresales.nl\/wp-content\/uploads\/2024\/07\/samuri-1.png","width":1200,"height":900,"caption":"Ferm-Living-Mirage-Leaf-kussen-TheReSales"},{"@type":"BreadcrumbList","@id":"https:\/\/theresales.nl\/product\/ferm-living-mirage-leaf-kussen\/#breadcrumb","itemListElement":[{"@type":"ListItem","position":1,"name":"Home","item":"https:\/\/theresales.nl\/"},{"@type":"ListItem","position":2,"name":"Collectie","item":"https:\/\/theresales.nl\/collectie\/"},{"@type":"ListItem","position":3,"name":"Ferm Living Mirage Leaf kussen"}]},{"@type":"WebSite","@id":"https:\/\/theresales.nl\/#website","url":"https:\/\/theresales.nl\/","name":"TheReSales","description":"Tweedehands Design Meubelen","publisher":{"@id":"https:\/\/theresales.nl\/#organization"},"potentialAction":[{"@type":"SearchAction","target":{"@type":"EntryPoint","urlTemplate":"https:\/\/theresales.nl\/?s={search_term_string}"},"query-input":{"@type":"PropertyValueSpecification","valueRequired":true,"valueName":"search_term_string"}}],"inLanguage":"de"},{"@type":"Organization","@id":"https:\/\/theresales.nl\/#organization","name":"TheReSales","url":"https:\/\/theresales.nl\/","logo":{"@type":"ImageObject","inLanguage":"de","@id":"https:\/\/theresales.nl\/#\/schema\/logo\/image\/","url":"https:\/\/theresales.nl\/wp-content\/uploads\/2026\/04\/Logo-TheReSales.png","contentUrl":"https:\/\/theresales.nl\/wp-content\/uploads\/2026\/04\/Logo-TheReSales.png","width":1200,"height":304,"caption":"TheReSales"},"image":{"@id":"https:\/\/theresales.nl\/#\/schema\/logo\/image\/"},"sameAs":["https:\/\/www.facebook.com\/theresales.nl","https:\/\/www.instagram.com\/_theresales_\/","https:\/\/nl.pinterest.com\/theresalesgroningen\/","https:\/\/www.linkedin.com\/company\/theresales\/"]}]}},"_links":{"self":[{"href":"https:\/\/theresales.nl\/de\/wp-json\/wp\/v2\/product\/36936","targetHints":{"allow":["GET"]}}],"collection":[{"href":"https:\/\/theresales.nl\/de\/wp-json\/wp\/v2\/product"}],"about":[{"href":"https:\/\/theresales.nl\/de\/wp-json\/wp\/v2\/types\/product"}],"wp:featuredmedia":[{"embeddable":true,"href":"https:\/\/theresales.nl\/de\/wp-json\/wp\/v2\/media\/36957"}],"wp:attachment":[{"href":"https:\/\/theresales.nl\/de\/wp-json\/wp\/v2\/media?parent=36936"}],"wp:term":[{"taxonomy":"product_brand","embeddable":true,"href":"https:\/\/theresales.nl\/de\/wp-json\/wp\/v2\/product_brand?post=36936"},{"taxonomy":"product_cat","embeddable":true,"href":"https:\/\/theresales.nl\/de\/wp-json\/wp\/v2\/product_cat?post=36936"},{"taxonomy":"product_tag","embeddable":true,"href":"https:\/\/theresales.nl\/de\/wp-json\/wp\/v2\/product_tag?post=36936"},{"taxonomy":"ontwerper","embeddable":true,"href":"https:\/\/theresales.nl\/de\/wp-json\/wp\/v2\/ontwerper?post=36936"}],"curies":[{"name":"wp","href":"https:\/\/api.w.org\/{rel}","templated":true}]}}