{"id":36884,"date":"2024-07-04T14:12:46","date_gmt":"2024-07-04T12:12:46","guid":{"rendered":"https:\/\/theresales.nl\/?post_type=product&#038;p=36884"},"modified":"2024-07-04T15:01:00","modified_gmt":"2024-07-04T13:01:00","slug":"heuformationen-kerzenhalter-grun","status":"publish","type":"product","link":"https:\/\/theresales.nl\/de\/product\/hay-arcs-kandelaar-groen\/","title":{"rendered":"Heu Arcs Kerzenhalter Gr\u00fcn"},"content":{"rendered":"<p><span>De B\u00f6gen <a href=\"https:\/\/theresales.nl\/de\/produktkategorie\/wohnaccessoires\/\">Kerzenst\u00e4nder<\/a> Kleine gr\u00fcne Van <a href=\"https:\/\/www.hay.nl\/?gad_source=1&amp;gclid=CjwKCAjwkJm0BhBxEiwAwT1AXKNemjCMoEy2Qd8EoF4AMbO1lroMsZHbtS1VJs0kdeAjlg8I6-NgjBoCDkoQAvD_BwE\">HEU<\/a> ist ein einzigartiges Kunstwerk, das vom belgischen Duo Muller Van Severen entworfen wurde. Dieser Kerzenst\u00e4nder, der seinen Namen seinem bogenf\u00f6rmigen Design verdankt, besteht aus einer Reihe vertikaler B\u00f6gen, die zusammen ein spielerisches und k\u00fcnstlerisches Ganzes bilden. Dank dieses besonderen Designs f\u00fcgt sich der Arcs Kerzenst\u00e4nder Small m\u00fchelos in jedes Interieur ein, unabh\u00e4ngig von der Kerze oder Umgebung. Verleihen Sie Ihrem Zuhause einen Hauch von Eleganz mit diesem vielseitigen Kerzenst\u00e4nder von HAY und schaffen Sie eine stilvolle Atmosph\u00e4re. Perfekt f\u00fcr jedes Interieur, der Arcs Kerzenst\u00e4nder Small von HAY ist die ideale Wahl f\u00fcr alle, die einen einzigartigen und eleganten Kerzenst\u00e4nder suchen.<\/span><\/p>","protected":false},"excerpt":{"rendered":"<p><strong>Neupreis: 45 \u20ac<\/strong><\/p>\n<p><strong>Abmessungen<\/strong><br \/>\nH\u00f6he <span>9 Zentimeter<\/span><br \/>\nDurchmesser: 5,5 cm<\/p>\n<p><strong>Material <\/strong><span>Zink (Metall)<\/span><\/p>\n<p><strong>Farbe<\/strong> Gr\u00fcn<\/p>\n<p>&nbsp;<\/p>","protected":false},"featured_media":36888,"template":"","meta":{"_acf_changed":false},"product_brand":[],"product_cat":[90],"product_tag":[237],"ontwerper":[],"class_list":{"0":"post-36884","1":"product","2":"type-product","3":"status-publish","4":"has-post-thumbnail","6":"product_cat-woonaccessoires","7":"product_tag-hay","9":"first","10":"instock","11":"shipping-taxable","12":"purchasable","13":"product-type-simple"},"acf":[],"yoast_head":"<!-- This site is optimized with the Yoast SEO plugin v27.5 - https:\/\/yoast.com\/product\/yoast-seo-wordpress\/ -->\n<title>Hay Arcs Kandelaar Groen - TheReSales<\/title>\n<meta name=\"description\" content=\"De Arcs Kandelaar Small groen van HAY is een uniek stuk ontworpen door het Belgische duo Muller Van Severen. Deze kandelaar dankt zijn naam aan zijn vorm.\" \/>\n<meta name=\"robots\" content=\"index, follow, max-snippet:-1, max-image-preview:large, max-video-preview:-1\" \/>\n<link rel=\"canonical\" href=\"https:\/\/theresales.nl\/de\/produkt\/heuformationen-kerzenhalter-grun\/\" \/>\n<meta property=\"og:locale\" content=\"de_DE\" \/>\n<meta property=\"og:type\" content=\"article\" \/>\n<meta property=\"og:title\" content=\"Hay Arcs Kandelaar Groen - TheReSales\" \/>\n<meta property=\"og:description\" content=\"De Arcs Kandelaar Small groen van HAY is een uniek stuk ontworpen door het Belgische duo Muller Van Severen. Deze kandelaar dankt zijn naam aan zijn vorm.\" \/>\n<meta property=\"og:url\" content=\"https:\/\/theresales.nl\/de\/produkt\/heuformationen-kerzenhalter-grun\/\" \/>\n<meta property=\"og:site_name\" content=\"TheReSales\" \/>\n<meta property=\"article:publisher\" content=\"https:\/\/www.facebook.com\/theresales.nl\" \/>\n<meta property=\"article:modified_time\" content=\"2024-07-04T13:01:00+00:00\" \/>\n<meta property=\"og:image\" content=\"https:\/\/theresales.nl\/wp-content\/uploads\/2024\/07\/2.1.png\" \/>\n\t<meta property=\"og:image:width\" content=\"1200\" \/>\n\t<meta property=\"og:image:height\" content=\"900\" \/>\n\t<meta property=\"og:image:type\" content=\"image\/png\" \/>\n<meta name=\"twitter:card\" content=\"summary_large_image\" \/>\n<meta name=\"twitter:label1\" content=\"Gesch\u00e4tzte Lesezeit\" \/>\n\t<meta name=\"twitter:data1\" content=\"1\u00a0Minute\" \/>\n<!-- \/ Yoast SEO plugin. -->","yoast_head_json":{"title":"Hay Arcs Kerzenhalter Gr\u00fcn - TheReSales","description":"Der Arcs Kerzenst\u00e4nder Small gr\u00fcn von HAY ist ein einzigartiges St\u00fcck, entworfen vom belgischen Duo Muller Van Severen. Dieser Kerzenst\u00e4nder verdankt seinen Namen seiner Form.","robots":{"index":"index","follow":"follow","max-snippet":"max-snippet:-1","max-image-preview":"max-image-preview:large","max-video-preview":"max-video-preview:-1"},"canonical":"https:\/\/theresales.nl\/de\/produkt\/heuformationen-kerzenhalter-grun\/","og_locale":"de_DE","og_type":"article","og_title":"Hay Arcs Kandelaar Groen - TheReSales","og_description":"De Arcs Kandelaar Small groen van HAY is een uniek stuk ontworpen door het Belgische duo Muller Van Severen. Deze kandelaar dankt zijn naam aan zijn vorm.","og_url":"https:\/\/theresales.nl\/de\/produkt\/heuformationen-kerzenhalter-grun\/","og_site_name":"TheReSales","article_publisher":"https:\/\/www.facebook.com\/theresales.nl","article_modified_time":"2024-07-04T13:01:00+00:00","og_image":[{"width":1200,"height":900,"url":"https:\/\/theresales.nl\/wp-content\/uploads\/2024\/07\/2.1.png","type":"image\/png"}],"twitter_card":"summary_large_image","twitter_misc":{"Gesch\u00e4tzte Lesezeit":"1\u00a0Minute"},"schema":{"@context":"https:\/\/schema.org","@graph":[{"@type":"WebPage","@id":"https:\/\/theresales.nl\/product\/hay-arcs-kandelaar-groen\/","url":"https:\/\/theresales.nl\/product\/hay-arcs-kandelaar-groen\/","name":"Hay Arcs Kerzenhalter Gr\u00fcn - TheReSales","isPartOf":{"@id":"https:\/\/theresales.nl\/#website"},"primaryImageOfPage":{"@id":"https:\/\/theresales.nl\/product\/hay-arcs-kandelaar-groen\/#primaryimage"},"image":{"@id":"https:\/\/theresales.nl\/product\/hay-arcs-kandelaar-groen\/#primaryimage"},"thumbnailUrl":"https:\/\/theresales.nl\/wp-content\/uploads\/2024\/07\/2.1.png","datePublished":"2024-07-04T12:12:46+00:00","dateModified":"2024-07-04T13:01:00+00:00","description":"Der Arcs Kerzenst\u00e4nder Small gr\u00fcn von HAY ist ein einzigartiges St\u00fcck, entworfen vom belgischen Duo Muller Van Severen. Dieser Kerzenst\u00e4nder verdankt seinen Namen seiner Form.","breadcrumb":{"@id":"https:\/\/theresales.nl\/product\/hay-arcs-kandelaar-groen\/#breadcrumb"},"inLanguage":"de","potentialAction":[{"@type":"ReadAction","target":["https:\/\/theresales.nl\/product\/hay-arcs-kandelaar-groen\/"]}]},{"@type":"ImageObject","inLanguage":"de","@id":"https:\/\/theresales.nl\/product\/hay-arcs-kandelaar-groen\/#primaryimage","url":"https:\/\/theresales.nl\/wp-content\/uploads\/2024\/07\/2.1.png","contentUrl":"https:\/\/theresales.nl\/wp-content\/uploads\/2024\/07\/2.1.png","width":1200,"height":900,"caption":"accesoires-hay-arcs-groen-theresales"},{"@type":"BreadcrumbList","@id":"https:\/\/theresales.nl\/product\/hay-arcs-kandelaar-groen\/#breadcrumb","itemListElement":[{"@type":"ListItem","position":1,"name":"Home","item":"https:\/\/theresales.nl\/"},{"@type":"ListItem","position":2,"name":"Collectie","item":"https:\/\/theresales.nl\/collectie\/"},{"@type":"ListItem","position":3,"name":"Hay Arcs Kandelaar Groen"}]},{"@type":"WebSite","@id":"https:\/\/theresales.nl\/#website","url":"https:\/\/theresales.nl\/","name":"TheReSales","description":"Tweedehands Design Meubelen","publisher":{"@id":"https:\/\/theresales.nl\/#organization"},"potentialAction":[{"@type":"SearchAction","target":{"@type":"EntryPoint","urlTemplate":"https:\/\/theresales.nl\/?s={search_term_string}"},"query-input":{"@type":"PropertyValueSpecification","valueRequired":true,"valueName":"search_term_string"}}],"inLanguage":"de"},{"@type":"Organization","@id":"https:\/\/theresales.nl\/#organization","name":"TheReSales","url":"https:\/\/theresales.nl\/","logo":{"@type":"ImageObject","inLanguage":"de","@id":"https:\/\/theresales.nl\/#\/schema\/logo\/image\/","url":"https:\/\/theresales.nl\/wp-content\/uploads\/2026\/04\/Logo-TheReSales.png","contentUrl":"https:\/\/theresales.nl\/wp-content\/uploads\/2026\/04\/Logo-TheReSales.png","width":1200,"height":304,"caption":"TheReSales"},"image":{"@id":"https:\/\/theresales.nl\/#\/schema\/logo\/image\/"},"sameAs":["https:\/\/www.facebook.com\/theresales.nl","https:\/\/www.instagram.com\/_theresales_\/","https:\/\/nl.pinterest.com\/theresalesgroningen\/","https:\/\/www.linkedin.com\/company\/theresales\/"]}]}},"_links":{"self":[{"href":"https:\/\/theresales.nl\/de\/wp-json\/wp\/v2\/product\/36884","targetHints":{"allow":["GET"]}}],"collection":[{"href":"https:\/\/theresales.nl\/de\/wp-json\/wp\/v2\/product"}],"about":[{"href":"https:\/\/theresales.nl\/de\/wp-json\/wp\/v2\/types\/product"}],"wp:featuredmedia":[{"embeddable":true,"href":"https:\/\/theresales.nl\/de\/wp-json\/wp\/v2\/media\/36888"}],"wp:attachment":[{"href":"https:\/\/theresales.nl\/de\/wp-json\/wp\/v2\/media?parent=36884"}],"wp:term":[{"taxonomy":"product_brand","embeddable":true,"href":"https:\/\/theresales.nl\/de\/wp-json\/wp\/v2\/product_brand?post=36884"},{"taxonomy":"product_cat","embeddable":true,"href":"https:\/\/theresales.nl\/de\/wp-json\/wp\/v2\/product_cat?post=36884"},{"taxonomy":"product_tag","embeddable":true,"href":"https:\/\/theresales.nl\/de\/wp-json\/wp\/v2\/product_tag?post=36884"},{"taxonomy":"ontwerper","embeddable":true,"href":"https:\/\/theresales.nl\/de\/wp-json\/wp\/v2\/ontwerper?post=36884"}],"curies":[{"name":"wp","href":"https:\/\/api.w.org\/{rel}","templated":true}]}}