{"id":36178,"date":"2024-06-01T14:58:46","date_gmt":"2024-06-01T12:58:46","guid":{"rendered":"https:\/\/theresales.nl\/?post_type=product&#038;p=36178"},"modified":"2026-01-02T12:37:05","modified_gmt":"2026-01-02T11:37:05","slug":"hallo-j104-grau","status":"publish","type":"product","link":"https:\/\/theresales.nl\/de\/product\/hay-j104-grijs\/","title":{"rendered":"Hallo J104 Grau"},"content":{"rendered":"<p>Deutsch <a href=\"https:\/\/www.hay.dk\/country-selector\">Hallo<\/a> J104 <a href=\"https:\/\/theresales.nl\/de\/produktkategorie\/stuhle\/\">Stuhl<\/a> grau ist eine perfekte Mischung aus klassischem und modernem Design. Dieser Stuhl aus massivem Buchenholz bietet nicht nur Stil, sondern auch Langlebigkeit und Komfort. Das Design, inspiriert von traditionellen Windsor-St\u00fchlen, erh\u00e4lt durch seine elegante graue Oberfl\u00e4che einen zeitgem\u00e4\u00dfen Touch. Ideal f\u00fcr das Esszimmer, Wohnzimmer oder als Blickfang im Flur. Der graue Hay J104 Stuhl verleiht jedem Raum einen Hauch von Raffinesse und Gem\u00fctlichkeit.<\/p>","protected":false},"excerpt":{"rendered":"<p><strong>Abmessungen<\/strong><br \/>\nBreite: 47 cm<br \/>\nH\u00f6he: 74 cm<br \/>\nTiefe: 42 cm<br \/>\nSitzh\u00f6he: 45 cm<br \/>\nSitztiefe: 40 cm<\/p>\n<p><strong>Farbe<\/strong> Grau<\/p>\n<p><strong>Material<\/strong> Holz<\/p>","protected":false},"featured_media":36179,"template":"","meta":{"_acf_changed":false},"product_brand":[],"product_cat":[34],"product_tag":[237],"ontwerper":[],"class_list":{"0":"post-36178","1":"product","2":"type-product","3":"status-publish","4":"has-post-thumbnail","6":"product_cat-stoelen","7":"product_tag-hay","9":"first","10":"instock","11":"shipping-taxable","12":"purchasable","13":"product-type-simple"},"acf":[],"yoast_head":"<!-- This site is optimized with the Yoast SEO plugin v27.5 - https:\/\/yoast.com\/product\/yoast-seo-wordpress\/ -->\n<title>Hay J104 Grijs - TheReSales<\/title>\n<meta name=\"description\" content=\"De Hay J104 stoel in grijs is een perfecte mix van klassiek en modern design. Gemaakt van stevig beukenhout, biedt deze stoel stijl.\" \/>\n<meta name=\"robots\" content=\"index, follow, max-snippet:-1, max-image-preview:large, max-video-preview:-1\" \/>\n<link rel=\"canonical\" href=\"https:\/\/theresales.nl\/de\/produkt\/hallo-j104-grau\/\" \/>\n<meta property=\"og:locale\" content=\"de_DE\" \/>\n<meta property=\"og:type\" content=\"article\" \/>\n<meta property=\"og:title\" content=\"Hay J104 Grijs - TheReSales\" \/>\n<meta property=\"og:description\" content=\"De Hay J104 stoel in grijs is een perfecte mix van klassiek en modern design. Gemaakt van stevig beukenhout, biedt deze stoel stijl.\" \/>\n<meta property=\"og:url\" content=\"https:\/\/theresales.nl\/de\/produkt\/hallo-j104-grau\/\" \/>\n<meta property=\"og:site_name\" content=\"TheReSales\" \/>\n<meta property=\"article:publisher\" content=\"https:\/\/www.facebook.com\/theresales.nl\" \/>\n<meta property=\"article:modified_time\" content=\"2026-01-02T11:37:05+00:00\" \/>\n<meta property=\"og:image\" content=\"https:\/\/theresales.nl\/wp-content\/uploads\/2024\/06\/20240531_114347871_iOS.jpg\" \/>\n\t<meta property=\"og:image:width\" content=\"1200\" \/>\n\t<meta property=\"og:image:height\" content=\"900\" \/>\n\t<meta property=\"og:image:type\" content=\"image\/jpeg\" \/>\n<meta name=\"twitter:card\" content=\"summary_large_image\" \/>\n<meta name=\"twitter:label1\" content=\"Gesch\u00e4tzte Lesezeit\" \/>\n\t<meta name=\"twitter:data1\" content=\"1\u00a0Minute\" \/>\n<!-- \/ Yoast SEO plugin. -->","yoast_head_json":{"title":"Hay J104 Grau - TheReSales","description":"Der Hay J104 Stuhl in Grau ist eine perfekte Mischung aus klassischem und modernem Design. Hergestellt aus stabilem Buchenholz, bietet dieser Stuhl Stil.","robots":{"index":"index","follow":"follow","max-snippet":"max-snippet:-1","max-image-preview":"max-image-preview:large","max-video-preview":"max-video-preview:-1"},"canonical":"https:\/\/theresales.nl\/de\/produkt\/hallo-j104-grau\/","og_locale":"de_DE","og_type":"article","og_title":"Hay J104 Grijs - TheReSales","og_description":"De Hay J104 stoel in grijs is een perfecte mix van klassiek en modern design. Gemaakt van stevig beukenhout, biedt deze stoel stijl.","og_url":"https:\/\/theresales.nl\/de\/produkt\/hallo-j104-grau\/","og_site_name":"TheReSales","article_publisher":"https:\/\/www.facebook.com\/theresales.nl","article_modified_time":"2026-01-02T11:37:05+00:00","og_image":[{"width":1200,"height":900,"url":"https:\/\/theresales.nl\/wp-content\/uploads\/2024\/06\/20240531_114347871_iOS.jpg","type":"image\/jpeg"}],"twitter_card":"summary_large_image","twitter_misc":{"Gesch\u00e4tzte Lesezeit":"1\u00a0Minute"},"schema":{"@context":"https:\/\/schema.org","@graph":[{"@type":"WebPage","@id":"https:\/\/theresales.nl\/product\/hay-j104-grijs\/","url":"https:\/\/theresales.nl\/product\/hay-j104-grijs\/","name":"Hay J104 Grau - TheReSales","isPartOf":{"@id":"https:\/\/theresales.nl\/#website"},"primaryImageOfPage":{"@id":"https:\/\/theresales.nl\/product\/hay-j104-grijs\/#primaryimage"},"image":{"@id":"https:\/\/theresales.nl\/product\/hay-j104-grijs\/#primaryimage"},"thumbnailUrl":"https:\/\/theresales.nl\/wp-content\/uploads\/2024\/06\/20240531_114347871_iOS.jpg","datePublished":"2024-06-01T12:58:46+00:00","dateModified":"2026-01-02T11:37:05+00:00","description":"Der Hay J104 Stuhl in Grau ist eine perfekte Mischung aus klassischem und modernem Design. Hergestellt aus stabilem Buchenholz, bietet dieser Stuhl Stil.","breadcrumb":{"@id":"https:\/\/theresales.nl\/product\/hay-j104-grijs\/#breadcrumb"},"inLanguage":"de","potentialAction":[{"@type":"ReadAction","target":["https:\/\/theresales.nl\/product\/hay-j104-grijs\/"]}]},{"@type":"ImageObject","inLanguage":"de","@id":"https:\/\/theresales.nl\/product\/hay-j104-grijs\/#primaryimage","url":"https:\/\/theresales.nl\/wp-content\/uploads\/2024\/06\/20240531_114347871_iOS.jpg","contentUrl":"https:\/\/theresales.nl\/wp-content\/uploads\/2024\/06\/20240531_114347871_iOS.jpg","width":1200,"height":900,"caption":"Hay-j104-grijs-stoel-theresales"},{"@type":"BreadcrumbList","@id":"https:\/\/theresales.nl\/product\/hay-j104-grijs\/#breadcrumb","itemListElement":[{"@type":"ListItem","position":1,"name":"Home","item":"https:\/\/theresales.nl\/"},{"@type":"ListItem","position":2,"name":"Collectie","item":"https:\/\/theresales.nl\/collectie\/"},{"@type":"ListItem","position":3,"name":"Hay J104 Grijs"}]},{"@type":"WebSite","@id":"https:\/\/theresales.nl\/#website","url":"https:\/\/theresales.nl\/","name":"TheReSales","description":"Tweedehands Design Meubelen","publisher":{"@id":"https:\/\/theresales.nl\/#organization"},"potentialAction":[{"@type":"SearchAction","target":{"@type":"EntryPoint","urlTemplate":"https:\/\/theresales.nl\/?s={search_term_string}"},"query-input":{"@type":"PropertyValueSpecification","valueRequired":true,"valueName":"search_term_string"}}],"inLanguage":"de"},{"@type":"Organization","@id":"https:\/\/theresales.nl\/#organization","name":"TheReSales","url":"https:\/\/theresales.nl\/","logo":{"@type":"ImageObject","inLanguage":"de","@id":"https:\/\/theresales.nl\/#\/schema\/logo\/image\/","url":"https:\/\/theresales.nl\/wp-content\/uploads\/2026\/04\/Logo-TheReSales.png","contentUrl":"https:\/\/theresales.nl\/wp-content\/uploads\/2026\/04\/Logo-TheReSales.png","width":1200,"height":304,"caption":"TheReSales"},"image":{"@id":"https:\/\/theresales.nl\/#\/schema\/logo\/image\/"},"sameAs":["https:\/\/www.facebook.com\/theresales.nl","https:\/\/www.instagram.com\/_theresales_\/","https:\/\/nl.pinterest.com\/theresalesgroningen\/","https:\/\/www.linkedin.com\/company\/theresales\/"]}]}},"_links":{"self":[{"href":"https:\/\/theresales.nl\/de\/wp-json\/wp\/v2\/product\/36178","targetHints":{"allow":["GET"]}}],"collection":[{"href":"https:\/\/theresales.nl\/de\/wp-json\/wp\/v2\/product"}],"about":[{"href":"https:\/\/theresales.nl\/de\/wp-json\/wp\/v2\/types\/product"}],"wp:featuredmedia":[{"embeddable":true,"href":"https:\/\/theresales.nl\/de\/wp-json\/wp\/v2\/media\/36179"}],"wp:attachment":[{"href":"https:\/\/theresales.nl\/de\/wp-json\/wp\/v2\/media?parent=36178"}],"wp:term":[{"taxonomy":"product_brand","embeddable":true,"href":"https:\/\/theresales.nl\/de\/wp-json\/wp\/v2\/product_brand?post=36178"},{"taxonomy":"product_cat","embeddable":true,"href":"https:\/\/theresales.nl\/de\/wp-json\/wp\/v2\/product_cat?post=36178"},{"taxonomy":"product_tag","embeddable":true,"href":"https:\/\/theresales.nl\/de\/wp-json\/wp\/v2\/product_tag?post=36178"},{"taxonomy":"ontwerper","embeddable":true,"href":"https:\/\/theresales.nl\/de\/wp-json\/wp\/v2\/ontwerper?post=36178"}],"curies":[{"name":"wp","href":"https:\/\/api.w.org\/{rel}","templated":true}]}}