{"id":35770,"date":"2024-05-15T14:35:23","date_gmt":"2024-05-15T12:35:23","guid":{"rendered":"https:\/\/theresales.nl\/?post_type=product&#038;p=35770"},"modified":"2026-01-02T12:38:29","modified_gmt":"2026-01-02T11:38:29","slug":"normann-kopenhagen-watvogel","status":"publish","type":"product","link":"https:\/\/theresales.nl\/de\/product\/normann-copenhagen-shorebird\/","title":{"rendered":"Normann Kopenhagen Watvogel"},"content":{"rendered":"<p>Die Shorebird-Serie wurde von <a href=\"https:\/\/www.normann-copenhagen.com\/en\/Product\/Designers\/Sigurjon-Palsson\" target=\"_blank\" rel=\"noopener\">Sigurj\u00f3n P\u00e1lsson<\/a> f\u00fcr die Marke Normann Copenhagen. Der Shorebird ist aus Eichenholz gefertigt und steht auf Beinen aus lackiertem Stahl und ist in mehreren Farben erh\u00e4ltlich. Unwiderstehliche. <a href=\"https:\/\/theresales.nl\/de\/produktkategorie\/wohnaccessoires\/\" target=\"_blank\" rel=\"noopener\">dekorativ<\/a> Figuren!<\/p>","protected":false},"excerpt":{"rendered":"<p><strong>Klein<\/strong><br \/>\nEiche\/Witz : 20 \u20ac<br \/>\nWalnuss\/Blech: 20 \u20ac<br \/>\nWitz\/Witz : 20 \u20ac<br \/>\nEiche\/Blau: 20 \u20ac<br \/>\nEiche\/Schwarz: 20 \u20ac<br \/>\nSchwarz\/Schwarz: 20 \u20ac<\/p>\n<p><strong>Medium<\/strong><br \/>\nWit : 25 \u20ac<br \/>\nSchwarz: 25 \u20ac<br \/>\nGr\u00fcn\/Schwarz: 25 \u20ac<br \/>\nRot\/Schwarz: 25 \u20ac<br \/>\nEiche\/Witz: 25 \u20ac<\/p>\n<p><strong>Gro\u00df<\/strong><br \/>\nEiche\/Schwarz: \u20ac35<br \/>\nEiche\/Witz: 35 \u20ac<br \/>\nWalnuss\/Messing : 35 \u20ac<br \/>\nSchwarz: 35 \u20ac<br \/>\nGeist: 35 \u20ac<\/p>","protected":false},"featured_media":35771,"template":"","meta":{"_acf_changed":false},"product_brand":[],"product_cat":[90],"product_tag":[279],"ontwerper":[813],"class_list":{"0":"post-35770","1":"product","2":"type-product","3":"status-publish","4":"has-post-thumbnail","6":"product_cat-woonaccessoires","7":"product_tag-normann-copenhagen","8":"ontwerper-sigurjon-palsson","10":"first","11":"instock","12":"shipping-taxable","13":"purchasable","14":"product-type-simple"},"acf":[],"yoast_head":"<!-- This site is optimized with the Yoast SEO plugin v27.5 - https:\/\/yoast.com\/product\/yoast-seo-wordpress\/ -->\n<title>Normann Copenhagen Shorebird - TheReSales<\/title>\n<meta name=\"description\" content=\"De Shorebird series zijn ontworpen door Sigurj\u00f3n P\u00e1lsson voor het merk Normann Copenhagen. Onweerstaanbare decoratieve figuren!\" \/>\n<meta name=\"robots\" content=\"index, follow, max-snippet:-1, max-image-preview:large, max-video-preview:-1\" \/>\n<link rel=\"canonical\" href=\"https:\/\/theresales.nl\/de\/produkt\/normann-kopenhagen-watvogel\/\" \/>\n<meta property=\"og:locale\" content=\"de_DE\" \/>\n<meta property=\"og:type\" content=\"article\" \/>\n<meta property=\"og:title\" content=\"Normann Copenhagen Shorebird - TheReSales\" \/>\n<meta property=\"og:description\" content=\"De Shorebird series zijn ontworpen door Sigurj\u00f3n P\u00e1lsson voor het merk Normann Copenhagen. Onweerstaanbare decoratieve figuren!\" \/>\n<meta property=\"og:url\" content=\"https:\/\/theresales.nl\/de\/produkt\/normann-kopenhagen-watvogel\/\" \/>\n<meta property=\"og:site_name\" content=\"TheReSales\" \/>\n<meta property=\"article:publisher\" content=\"https:\/\/www.facebook.com\/theresales.nl\" \/>\n<meta property=\"article:modified_time\" content=\"2026-01-02T11:38:29+00:00\" \/>\n<meta property=\"og:image\" content=\"https:\/\/theresales.nl\/wp-content\/uploads\/2024\/05\/20240507_092927806_iOS-1.jpg\" \/>\n\t<meta property=\"og:image:width\" content=\"1200\" \/>\n\t<meta property=\"og:image:height\" content=\"900\" \/>\n\t<meta property=\"og:image:type\" content=\"image\/jpeg\" \/>\n<meta name=\"twitter:card\" content=\"summary_large_image\" \/>\n<meta name=\"twitter:label1\" content=\"Gesch\u00e4tzte Lesezeit\" \/>\n\t<meta name=\"twitter:data1\" content=\"1\u00a0Minute\" \/>\n<!-- \/ Yoast SEO plugin. -->","yoast_head_json":{"title":"Normann Kopenhagen Strandvogel - TheReSales","description":"Die Shorebird-Serie wurde von Sigurj\u00f3n P\u00e1lsson f\u00fcr die Marke Normann Copenhagen entworfen. Unwiderstehliche Deko-Figuren!","robots":{"index":"index","follow":"follow","max-snippet":"max-snippet:-1","max-image-preview":"max-image-preview:large","max-video-preview":"max-video-preview:-1"},"canonical":"https:\/\/theresales.nl\/de\/produkt\/normann-kopenhagen-watvogel\/","og_locale":"de_DE","og_type":"article","og_title":"Normann Copenhagen Shorebird - TheReSales","og_description":"De Shorebird series zijn ontworpen door Sigurj\u00f3n P\u00e1lsson voor het merk Normann Copenhagen. Onweerstaanbare decoratieve figuren!","og_url":"https:\/\/theresales.nl\/de\/produkt\/normann-kopenhagen-watvogel\/","og_site_name":"TheReSales","article_publisher":"https:\/\/www.facebook.com\/theresales.nl","article_modified_time":"2026-01-02T11:38:29+00:00","og_image":[{"width":1200,"height":900,"url":"https:\/\/theresales.nl\/wp-content\/uploads\/2024\/05\/20240507_092927806_iOS-1.jpg","type":"image\/jpeg"}],"twitter_card":"summary_large_image","twitter_misc":{"Gesch\u00e4tzte Lesezeit":"1\u00a0Minute"},"schema":{"@context":"https:\/\/schema.org","@graph":[{"@type":"WebPage","@id":"https:\/\/theresales.nl\/product\/normann-copenhagen-shorebird\/","url":"https:\/\/theresales.nl\/product\/normann-copenhagen-shorebird\/","name":"Normann Kopenhagen Strandvogel - TheReSales","isPartOf":{"@id":"https:\/\/theresales.nl\/#website"},"primaryImageOfPage":{"@id":"https:\/\/theresales.nl\/product\/normann-copenhagen-shorebird\/#primaryimage"},"image":{"@id":"https:\/\/theresales.nl\/product\/normann-copenhagen-shorebird\/#primaryimage"},"thumbnailUrl":"https:\/\/theresales.nl\/wp-content\/uploads\/2024\/05\/20240507_092927806_iOS-1.jpg","datePublished":"2024-05-15T12:35:23+00:00","dateModified":"2026-01-02T11:38:29+00:00","description":"Die Shorebird-Serie wurde von Sigurj\u00f3n P\u00e1lsson f\u00fcr die Marke Normann Copenhagen entworfen. Unwiderstehliche Deko-Figuren!","breadcrumb":{"@id":"https:\/\/theresales.nl\/product\/normann-copenhagen-shorebird\/#breadcrumb"},"inLanguage":"de","potentialAction":[{"@type":"ReadAction","target":["https:\/\/theresales.nl\/product\/normann-copenhagen-shorebird\/"]}]},{"@type":"ImageObject","inLanguage":"de","@id":"https:\/\/theresales.nl\/product\/normann-copenhagen-shorebird\/#primaryimage","url":"https:\/\/theresales.nl\/wp-content\/uploads\/2024\/05\/20240507_092927806_iOS-1.jpg","contentUrl":"https:\/\/theresales.nl\/wp-content\/uploads\/2024\/05\/20240507_092927806_iOS-1.jpg","width":1200,"height":900,"caption":"Woonaccessoires-Normann-Copenhagen-Shorebird-series-TheReSales"},{"@type":"BreadcrumbList","@id":"https:\/\/theresales.nl\/product\/normann-copenhagen-shorebird\/#breadcrumb","itemListElement":[{"@type":"ListItem","position":1,"name":"Home","item":"https:\/\/theresales.nl\/"},{"@type":"ListItem","position":2,"name":"Collectie","item":"https:\/\/theresales.nl\/collectie\/"},{"@type":"ListItem","position":3,"name":"Normann Copenhagen Shorebird"}]},{"@type":"WebSite","@id":"https:\/\/theresales.nl\/#website","url":"https:\/\/theresales.nl\/","name":"TheReSales","description":"Tweedehands Design Meubelen","publisher":{"@id":"https:\/\/theresales.nl\/#organization"},"potentialAction":[{"@type":"SearchAction","target":{"@type":"EntryPoint","urlTemplate":"https:\/\/theresales.nl\/?s={search_term_string}"},"query-input":{"@type":"PropertyValueSpecification","valueRequired":true,"valueName":"search_term_string"}}],"inLanguage":"de"},{"@type":"Organization","@id":"https:\/\/theresales.nl\/#organization","name":"TheReSales","url":"https:\/\/theresales.nl\/","logo":{"@type":"ImageObject","inLanguage":"de","@id":"https:\/\/theresales.nl\/#\/schema\/logo\/image\/","url":"https:\/\/theresales.nl\/wp-content\/uploads\/2026\/04\/Logo-TheReSales.png","contentUrl":"https:\/\/theresales.nl\/wp-content\/uploads\/2026\/04\/Logo-TheReSales.png","width":1200,"height":304,"caption":"TheReSales"},"image":{"@id":"https:\/\/theresales.nl\/#\/schema\/logo\/image\/"},"sameAs":["https:\/\/www.facebook.com\/theresales.nl","https:\/\/www.instagram.com\/_theresales_\/","https:\/\/nl.pinterest.com\/theresalesgroningen\/","https:\/\/www.linkedin.com\/company\/theresales\/"]}]}},"_links":{"self":[{"href":"https:\/\/theresales.nl\/de\/wp-json\/wp\/v2\/product\/35770","targetHints":{"allow":["GET"]}}],"collection":[{"href":"https:\/\/theresales.nl\/de\/wp-json\/wp\/v2\/product"}],"about":[{"href":"https:\/\/theresales.nl\/de\/wp-json\/wp\/v2\/types\/product"}],"wp:featuredmedia":[{"embeddable":true,"href":"https:\/\/theresales.nl\/de\/wp-json\/wp\/v2\/media\/35771"}],"wp:attachment":[{"href":"https:\/\/theresales.nl\/de\/wp-json\/wp\/v2\/media?parent=35770"}],"wp:term":[{"taxonomy":"product_brand","embeddable":true,"href":"https:\/\/theresales.nl\/de\/wp-json\/wp\/v2\/product_brand?post=35770"},{"taxonomy":"product_cat","embeddable":true,"href":"https:\/\/theresales.nl\/de\/wp-json\/wp\/v2\/product_cat?post=35770"},{"taxonomy":"product_tag","embeddable":true,"href":"https:\/\/theresales.nl\/de\/wp-json\/wp\/v2\/product_tag?post=35770"},{"taxonomy":"ontwerper","embeddable":true,"href":"https:\/\/theresales.nl\/de\/wp-json\/wp\/v2\/ontwerper?post=35770"}],"curies":[{"name":"wp","href":"https:\/\/api.w.org\/{rel}","templated":true}]}}