{"id":35763,"date":"2024-05-14T14:51:47","date_gmt":"2024-05-14T12:51:47","guid":{"rendered":"https:\/\/theresales.nl\/?post_type=product&#038;p=35763"},"modified":"2026-01-02T12:38:37","modified_gmt":"2026-01-02T11:38:37","slug":"lucie-kaas-figuren","status":"publish","type":"product","link":"https:\/\/theresales.nl\/de\/product\/lucie-kaas-figuren\/","title":{"rendered":"Lucie Kaas Figuren"},"content":{"rendered":"<p><a href=\"https:\/\/luciekaas.com\">Lucie Kaas<\/a> Figuren sind sch\u00f6ne Dekorationsartikel. Bestehend aus einer gro\u00dfen Auswahl, denken Sie an Tiere, historische Pers\u00f6nlichkeiten und ikonische Designs. Ob Sie ein besonderes Geschenk suchen oder einfach Ihren eigenen Raum versch\u00f6nern m\u00f6chten, Lucie Kaas Figuren sind die perfekte Wahl f\u00fcr Liebhaber von <a href=\"https:\/\/theresales.nl\/wp-admin\/\">Gestaltung<\/a> in Kreativit\u00e4t.<\/p>\n<p>Mehrere verf\u00fcgbar<\/p>","protected":false},"excerpt":{"rendered":"<p><strong>Neupreis: 60 \u20ac pro St\u00fcck\u00a0<\/strong><\/p>\n<p><strong>Abmessungen<\/strong><br \/>\nH\u00f6he: 15 cm<br \/>\nDurchmesser: 6 cm<\/p>\n<p><strong>Verf\u00fcgbar in den folgenden Ausf\u00fchrungen:<\/strong><br \/>\n<span>Aladin Sane 3x<\/span><br \/>\n<span>Frida Kahlo 1x<\/span><br \/>\n<span>Freddie Murcury 1x<\/span><br \/>\n<span>Claudia Schiffer vier Mal<\/span><br \/>\n<span>Prinz 1x<\/span><br \/>\n<span>Tom zweimal<\/span><br \/>\n<span>Pablo Picasso 3x<\/span><br \/>\n<span>Piet Mondriaan 1x<\/span><\/p>\n<p>&nbsp;<\/p>","protected":false},"featured_media":35767,"template":"","meta":{"_acf_changed":false},"product_brand":[],"product_cat":[90],"product_tag":[812],"ontwerper":[],"class_list":{"0":"post-35763","1":"product","2":"type-product","3":"status-publish","4":"has-post-thumbnail","6":"product_cat-woonaccessoires","7":"product_tag-lucie-kaas","9":"first","10":"instock","11":"shipping-taxable","12":"purchasable","13":"product-type-simple"},"acf":[],"yoast_head":"<!-- This site is optimized with the Yoast SEO plugin v27.5 - https:\/\/yoast.com\/product\/yoast-seo-wordpress\/ -->\n<title>Lucie Kaas figuren - TheReSales<\/title>\n<meta name=\"description\" content=\"Lucie Kaas figuren zijn leuke decoratieve items. Bestaande uit een groot assortiment, denk dan aan dieren, historische figuren en iconische ontwerpen.\" \/>\n<meta name=\"robots\" content=\"index, follow, max-snippet:-1, max-image-preview:large, max-video-preview:-1\" \/>\n<link rel=\"canonical\" href=\"https:\/\/theresales.nl\/de\/produkt\/lucie-kaas-figuren\/\" \/>\n<meta property=\"og:locale\" content=\"de_DE\" \/>\n<meta property=\"og:type\" content=\"article\" \/>\n<meta property=\"og:title\" content=\"Lucie Kaas figuren - TheReSales\" \/>\n<meta property=\"og:description\" content=\"Lucie Kaas figuren zijn leuke decoratieve items. Bestaande uit een groot assortiment, denk dan aan dieren, historische figuren en iconische ontwerpen.\" \/>\n<meta property=\"og:url\" content=\"https:\/\/theresales.nl\/de\/produkt\/lucie-kaas-figuren\/\" \/>\n<meta property=\"og:site_name\" content=\"TheReSales\" \/>\n<meta property=\"article:publisher\" content=\"https:\/\/www.facebook.com\/theresales.nl\" \/>\n<meta property=\"article:modified_time\" content=\"2026-01-02T11:38:37+00:00\" \/>\n<meta property=\"og:image\" content=\"https:\/\/theresales.nl\/wp-content\/uploads\/2024\/05\/20240507_092408585_iOS-1.jpg\" \/>\n\t<meta property=\"og:image:width\" content=\"1200\" \/>\n\t<meta property=\"og:image:height\" content=\"900\" \/>\n\t<meta property=\"og:image:type\" content=\"image\/jpeg\" \/>\n<meta name=\"twitter:card\" content=\"summary_large_image\" \/>\n<meta name=\"twitter:label1\" content=\"Gesch\u00e4tzte Lesezeit\" \/>\n\t<meta name=\"twitter:data1\" content=\"1\u00a0Minute\" \/>\n<!-- \/ Yoast SEO plugin. -->","yoast_head_json":{"title":"Lucie Kaas Figuren - TheReSales","description":"Lucie Kaas-Figuren sind nette Dekorationsgegenst\u00e4nde. Bestehend aus einem gro\u00dfen Sortiment, denken Sie an Tiere, historische Figuren und ikonische Designs.","robots":{"index":"index","follow":"follow","max-snippet":"max-snippet:-1","max-image-preview":"max-image-preview:large","max-video-preview":"max-video-preview:-1"},"canonical":"https:\/\/theresales.nl\/de\/produkt\/lucie-kaas-figuren\/","og_locale":"de_DE","og_type":"article","og_title":"Lucie Kaas figuren - TheReSales","og_description":"Lucie Kaas figuren zijn leuke decoratieve items. Bestaande uit een groot assortiment, denk dan aan dieren, historische figuren en iconische ontwerpen.","og_url":"https:\/\/theresales.nl\/de\/produkt\/lucie-kaas-figuren\/","og_site_name":"TheReSales","article_publisher":"https:\/\/www.facebook.com\/theresales.nl","article_modified_time":"2026-01-02T11:38:37+00:00","og_image":[{"width":1200,"height":900,"url":"https:\/\/theresales.nl\/wp-content\/uploads\/2024\/05\/20240507_092408585_iOS-1.jpg","type":"image\/jpeg"}],"twitter_card":"summary_large_image","twitter_misc":{"Gesch\u00e4tzte Lesezeit":"1\u00a0Minute"},"schema":{"@context":"https:\/\/schema.org","@graph":[{"@type":"WebPage","@id":"https:\/\/theresales.nl\/product\/lucie-kaas-figuren\/","url":"https:\/\/theresales.nl\/product\/lucie-kaas-figuren\/","name":"Lucie Kaas Figuren - TheReSales","isPartOf":{"@id":"https:\/\/theresales.nl\/#website"},"primaryImageOfPage":{"@id":"https:\/\/theresales.nl\/product\/lucie-kaas-figuren\/#primaryimage"},"image":{"@id":"https:\/\/theresales.nl\/product\/lucie-kaas-figuren\/#primaryimage"},"thumbnailUrl":"https:\/\/theresales.nl\/wp-content\/uploads\/2024\/05\/20240507_092408585_iOS-1.jpg","datePublished":"2024-05-14T12:51:47+00:00","dateModified":"2026-01-02T11:38:37+00:00","description":"Lucie Kaas-Figuren sind nette Dekorationsgegenst\u00e4nde. Bestehend aus einem gro\u00dfen Sortiment, denken Sie an Tiere, historische Figuren und ikonische Designs.","breadcrumb":{"@id":"https:\/\/theresales.nl\/product\/lucie-kaas-figuren\/#breadcrumb"},"inLanguage":"de","potentialAction":[{"@type":"ReadAction","target":["https:\/\/theresales.nl\/product\/lucie-kaas-figuren\/"]}]},{"@type":"ImageObject","inLanguage":"de","@id":"https:\/\/theresales.nl\/product\/lucie-kaas-figuren\/#primaryimage","url":"https:\/\/theresales.nl\/wp-content\/uploads\/2024\/05\/20240507_092408585_iOS-1.jpg","contentUrl":"https:\/\/theresales.nl\/wp-content\/uploads\/2024\/05\/20240507_092408585_iOS-1.jpg","width":1200,"height":900,"caption":"Lucie-Kaas-Figuren-Theresales"},{"@type":"BreadcrumbList","@id":"https:\/\/theresales.nl\/product\/lucie-kaas-figuren\/#breadcrumb","itemListElement":[{"@type":"ListItem","position":1,"name":"Home","item":"https:\/\/theresales.nl\/"},{"@type":"ListItem","position":2,"name":"Collectie","item":"https:\/\/theresales.nl\/collectie\/"},{"@type":"ListItem","position":3,"name":"Lucie Kaas figuren"}]},{"@type":"WebSite","@id":"https:\/\/theresales.nl\/#website","url":"https:\/\/theresales.nl\/","name":"TheReSales","description":"Tweedehands Design Meubelen","publisher":{"@id":"https:\/\/theresales.nl\/#organization"},"potentialAction":[{"@type":"SearchAction","target":{"@type":"EntryPoint","urlTemplate":"https:\/\/theresales.nl\/?s={search_term_string}"},"query-input":{"@type":"PropertyValueSpecification","valueRequired":true,"valueName":"search_term_string"}}],"inLanguage":"de"},{"@type":"Organization","@id":"https:\/\/theresales.nl\/#organization","name":"TheReSales","url":"https:\/\/theresales.nl\/","logo":{"@type":"ImageObject","inLanguage":"de","@id":"https:\/\/theresales.nl\/#\/schema\/logo\/image\/","url":"https:\/\/theresales.nl\/wp-content\/uploads\/2026\/04\/Logo-TheReSales.png","contentUrl":"https:\/\/theresales.nl\/wp-content\/uploads\/2026\/04\/Logo-TheReSales.png","width":1200,"height":304,"caption":"TheReSales"},"image":{"@id":"https:\/\/theresales.nl\/#\/schema\/logo\/image\/"},"sameAs":["https:\/\/www.facebook.com\/theresales.nl","https:\/\/www.instagram.com\/_theresales_\/","https:\/\/nl.pinterest.com\/theresalesgroningen\/","https:\/\/www.linkedin.com\/company\/theresales\/"]}]}},"_links":{"self":[{"href":"https:\/\/theresales.nl\/de\/wp-json\/wp\/v2\/product\/35763","targetHints":{"allow":["GET"]}}],"collection":[{"href":"https:\/\/theresales.nl\/de\/wp-json\/wp\/v2\/product"}],"about":[{"href":"https:\/\/theresales.nl\/de\/wp-json\/wp\/v2\/types\/product"}],"wp:featuredmedia":[{"embeddable":true,"href":"https:\/\/theresales.nl\/de\/wp-json\/wp\/v2\/media\/35767"}],"wp:attachment":[{"href":"https:\/\/theresales.nl\/de\/wp-json\/wp\/v2\/media?parent=35763"}],"wp:term":[{"taxonomy":"product_brand","embeddable":true,"href":"https:\/\/theresales.nl\/de\/wp-json\/wp\/v2\/product_brand?post=35763"},{"taxonomy":"product_cat","embeddable":true,"href":"https:\/\/theresales.nl\/de\/wp-json\/wp\/v2\/product_cat?post=35763"},{"taxonomy":"product_tag","embeddable":true,"href":"https:\/\/theresales.nl\/de\/wp-json\/wp\/v2\/product_tag?post=35763"},{"taxonomy":"ontwerper","embeddable":true,"href":"https:\/\/theresales.nl\/de\/wp-json\/wp\/v2\/ontwerper?post=35763"}],"curies":[{"name":"wp","href":"https:\/\/api.w.org\/{rel}","templated":true}]}}