{"id":33350,"date":"2024-02-29T15:27:57","date_gmt":"2024-02-29T14:27:57","guid":{"rendered":"https:\/\/theresales.nl\/?post_type=product&#038;p=33350"},"modified":"2026-01-02T12:18:07","modified_gmt":"2026-01-02T11:18:07","slug":"moooi-carpets-sfm-075","status":"publish","type":"product","link":"https:\/\/theresales.nl\/de\/product\/moooi-carpets-sfm-075\/","title":{"rendered":"Moooi Carpets SFM #075"},"content":{"rendered":"<p>Het FSM #075 karpet is een ontwerp van <a href=\"https:\/\/www.moooicarpets.com\/designers\/marcel-wanders\/\" target=\"_blank\" rel=\"noopener\">Marcel Wanders<\/a> voor het merk Moooi Carpets. Het <a href=\"https:\/\/theresales.nl\/product-categorie\/karpetten\/\" target=\"_blank\" rel=\"noopener\">karpet<\/a> is ge\u00efnspireerd dor de architectuur van moskee\u00ebn en wiskundige geometrie\u00ebn die zich in de gebouwen bevinden. Dit is vervolgens samengebracht in de karpetten reeks S.F.M. = studies for a mosque.<\/p>\n<div class=\"flex-1 overflow-hidden\">\n<div class=\"react-scroll-to-bottom--css-gqcor-79elbk h-full\">\n<div class=\"react-scroll-to-bottom--css-gqcor-1n7m0yu\">\n<div class=\"flex flex-col text-sm pb-9\">\n<div class=\"w-full text-token-text-primary\" data-testid=\"conversation-turn-5\">\n<div class=\"px-4 py-2 justify-center text-base md:gap-6 m-auto\">\n<div class=\"flex flex-1 text-base mx-auto gap-3 md:px-5 lg:px-1 xl:px-5 md:max-w-3xl lg:max-w-[40rem] xl:max-w-[48rem] group final-completion\">\n<div class=\"relative flex w-full flex-col agent-turn\">\n<div class=\"flex-col gap-1 md:gap-3\">\n<div class=\"mt-1 flex justify-start gap-3 empty:hidden\">\n<div class=\"text-gray-400 flex self-end lg:self-center justify-center lg:justify-start mt-0 -ml-1 h-7 visible\">\n<div class=\"flex\"><\/div>\n<\/div>\n<\/div>\n<\/div>\n<\/div>\n<\/div>\n<\/div>\n<\/div>\n<\/div>\n<\/div>\n<\/div>\n<\/div>\n<div class=\"w-full pt-2 md:pt-0 dark:border-white\/20 md:border-transparent md:dark:border-transparent md:w-[calc(100%-.5rem)]\">\n<form class=\"stretch mx-2 flex flex-row gap-3 last:mb-2 md:mx-4 md:last:mb-6 lg:mx-auto lg:max-w-2xl xl:max-w-3xl\" data-np-autofill-form-type=\"other\" data-np-checked=\"1\" data-np-watching=\"1\">\n<div class=\"relative flex h-full flex-1 flex-col\">\n<div class=\"flex w-full items-center\"><\/div>\n<\/div>\n<\/form>\n<\/div>\n","protected":false},"excerpt":{"rendered":"<p><strong>Nieuwprijs: \u20ac3850,- per stuk<\/strong><\/p>\n<p><strong>Abmessungen<\/strong><br \/>\nLengte: 400 cm<br \/>\nBreite: 300 cm<\/p>\n<p><strong>Farbe<\/strong>: divers<br \/>\n<strong><br \/>\nMaterial<\/strong>Stoff<\/p>","protected":false},"featured_media":33364,"template":"","meta":{"_acf_changed":false},"product_brand":[],"product_cat":[128],"product_tag":[741],"ontwerper":[531],"class_list":{"0":"post-33350","1":"product","2":"type-product","3":"status-publish","4":"has-post-thumbnail","6":"product_cat-karpetten","7":"product_tag-moooi-carpets","8":"ontwerper-marcel-wanders","10":"first","11":"instock","12":"shipping-taxable","13":"purchasable","14":"product-type-simple"},"acf":[],"yoast_head":"<!-- This site is optimized with the Yoast SEO plugin v27.5 - https:\/\/yoast.com\/product\/yoast-seo-wordpress\/ -->\n<title>Moooi Carpets SFM #075 - TheReSales<\/title>\n<meta name=\"description\" content=\"Het FSM #075 karpet is een ontwerp van Marcel Wanders voor het merk Moooi Carpets. Het karpet is ge\u00efnspireerd dor de architectuur van moskee\u00ebn.\" \/>\n<meta name=\"robots\" content=\"index, follow, max-snippet:-1, max-image-preview:large, max-video-preview:-1\" \/>\n<link rel=\"canonical\" href=\"https:\/\/theresales.nl\/de\/produkt\/moooi-carpets-sfm-075\/\" \/>\n<meta property=\"og:locale\" content=\"de_DE\" \/>\n<meta property=\"og:type\" content=\"article\" \/>\n<meta property=\"og:title\" content=\"Moooi Carpets SFM #075 - TheReSales\" \/>\n<meta property=\"og:description\" content=\"Het FSM #075 karpet is een ontwerp van Marcel Wanders voor het merk Moooi Carpets. Het karpet is ge\u00efnspireerd dor de architectuur van moskee\u00ebn.\" \/>\n<meta property=\"og:url\" content=\"https:\/\/theresales.nl\/de\/produkt\/moooi-carpets-sfm-075\/\" \/>\n<meta property=\"og:site_name\" content=\"TheReSales\" \/>\n<meta property=\"article:publisher\" content=\"https:\/\/www.facebook.com\/theresales.nl\" \/>\n<meta property=\"article:modified_time\" content=\"2026-01-02T11:18:07+00:00\" \/>\n<meta property=\"og:image\" content=\"https:\/\/theresales.nl\/wp-content\/uploads\/2024\/02\/1-6.jpg\" \/>\n\t<meta property=\"og:image:width\" content=\"1200\" \/>\n\t<meta property=\"og:image:height\" content=\"900\" \/>\n\t<meta property=\"og:image:type\" content=\"image\/jpeg\" \/>\n<meta name=\"twitter:card\" content=\"summary_large_image\" \/>\n<meta name=\"twitter:label1\" content=\"Gesch\u00e4tzte Lesezeit\" \/>\n\t<meta name=\"twitter:data1\" content=\"1\u00a0Minute\" \/>\n<!-- \/ Yoast SEO plugin. -->","yoast_head_json":{"title":"Moooi Carpets SFM #075 - TheReSales","description":"Het FSM #075 karpet is een ontwerp van Marcel Wanders voor het merk Moooi Carpets. Het karpet is ge\u00efnspireerd dor de architectuur van moskee\u00ebn.","robots":{"index":"index","follow":"follow","max-snippet":"max-snippet:-1","max-image-preview":"max-image-preview:large","max-video-preview":"max-video-preview:-1"},"canonical":"https:\/\/theresales.nl\/de\/produkt\/moooi-carpets-sfm-075\/","og_locale":"de_DE","og_type":"article","og_title":"Moooi Carpets SFM #075 - TheReSales","og_description":"Het FSM #075 karpet is een ontwerp van Marcel Wanders voor het merk Moooi Carpets. Het karpet is ge\u00efnspireerd dor de architectuur van moskee\u00ebn.","og_url":"https:\/\/theresales.nl\/de\/produkt\/moooi-carpets-sfm-075\/","og_site_name":"TheReSales","article_publisher":"https:\/\/www.facebook.com\/theresales.nl","article_modified_time":"2026-01-02T11:18:07+00:00","og_image":[{"width":1200,"height":900,"url":"https:\/\/theresales.nl\/wp-content\/uploads\/2024\/02\/1-6.jpg","type":"image\/jpeg"}],"twitter_card":"summary_large_image","twitter_misc":{"Gesch\u00e4tzte Lesezeit":"1\u00a0Minute"},"schema":{"@context":"https:\/\/schema.org","@graph":[{"@type":"WebPage","@id":"https:\/\/theresales.nl\/product\/moooi-carpets-sfm-075\/","url":"https:\/\/theresales.nl\/product\/moooi-carpets-sfm-075\/","name":"Moooi Carpets SFM #075 - TheReSales","isPartOf":{"@id":"https:\/\/theresales.nl\/#website"},"primaryImageOfPage":{"@id":"https:\/\/theresales.nl\/product\/moooi-carpets-sfm-075\/#primaryimage"},"image":{"@id":"https:\/\/theresales.nl\/product\/moooi-carpets-sfm-075\/#primaryimage"},"thumbnailUrl":"https:\/\/theresales.nl\/wp-content\/uploads\/2024\/02\/1-6.jpg","datePublished":"2024-02-29T14:27:57+00:00","dateModified":"2026-01-02T11:18:07+00:00","description":"Het FSM #075 karpet is een ontwerp van Marcel Wanders voor het merk Moooi Carpets. Het karpet is ge\u00efnspireerd dor de architectuur van moskee\u00ebn.","breadcrumb":{"@id":"https:\/\/theresales.nl\/product\/moooi-carpets-sfm-075\/#breadcrumb"},"inLanguage":"de","potentialAction":[{"@type":"ReadAction","target":["https:\/\/theresales.nl\/product\/moooi-carpets-sfm-075\/"]}]},{"@type":"ImageObject","inLanguage":"de","@id":"https:\/\/theresales.nl\/product\/moooi-carpets-sfm-075\/#primaryimage","url":"https:\/\/theresales.nl\/wp-content\/uploads\/2024\/02\/1-6.jpg","contentUrl":"https:\/\/theresales.nl\/wp-content\/uploads\/2024\/02\/1-6.jpg","width":1200,"height":900,"caption":"Moooi-Carpets-FSM-#075-TheReSales"},{"@type":"BreadcrumbList","@id":"https:\/\/theresales.nl\/product\/moooi-carpets-sfm-075\/#breadcrumb","itemListElement":[{"@type":"ListItem","position":1,"name":"Home","item":"https:\/\/theresales.nl\/"},{"@type":"ListItem","position":2,"name":"Collectie","item":"https:\/\/theresales.nl\/collectie\/"},{"@type":"ListItem","position":3,"name":"Moooi Carpets SFM #075"}]},{"@type":"WebSite","@id":"https:\/\/theresales.nl\/#website","url":"https:\/\/theresales.nl\/","name":"TheReSales","description":"Tweedehands Design Meubelen","publisher":{"@id":"https:\/\/theresales.nl\/#organization"},"potentialAction":[{"@type":"SearchAction","target":{"@type":"EntryPoint","urlTemplate":"https:\/\/theresales.nl\/?s={search_term_string}"},"query-input":{"@type":"PropertyValueSpecification","valueRequired":true,"valueName":"search_term_string"}}],"inLanguage":"de"},{"@type":"Organization","@id":"https:\/\/theresales.nl\/#organization","name":"TheReSales","url":"https:\/\/theresales.nl\/","logo":{"@type":"ImageObject","inLanguage":"de","@id":"https:\/\/theresales.nl\/#\/schema\/logo\/image\/","url":"https:\/\/theresales.nl\/wp-content\/uploads\/2026\/04\/Logo-TheReSales.png","contentUrl":"https:\/\/theresales.nl\/wp-content\/uploads\/2026\/04\/Logo-TheReSales.png","width":1200,"height":304,"caption":"TheReSales"},"image":{"@id":"https:\/\/theresales.nl\/#\/schema\/logo\/image\/"},"sameAs":["https:\/\/www.facebook.com\/theresales.nl","https:\/\/www.instagram.com\/_theresales_\/","https:\/\/nl.pinterest.com\/theresalesgroningen\/","https:\/\/www.linkedin.com\/company\/theresales\/"]}]}},"_links":{"self":[{"href":"https:\/\/theresales.nl\/de\/wp-json\/wp\/v2\/product\/33350","targetHints":{"allow":["GET"]}}],"collection":[{"href":"https:\/\/theresales.nl\/de\/wp-json\/wp\/v2\/product"}],"about":[{"href":"https:\/\/theresales.nl\/de\/wp-json\/wp\/v2\/types\/product"}],"wp:featuredmedia":[{"embeddable":true,"href":"https:\/\/theresales.nl\/de\/wp-json\/wp\/v2\/media\/33364"}],"wp:attachment":[{"href":"https:\/\/theresales.nl\/de\/wp-json\/wp\/v2\/media?parent=33350"}],"wp:term":[{"taxonomy":"product_brand","embeddable":true,"href":"https:\/\/theresales.nl\/de\/wp-json\/wp\/v2\/product_brand?post=33350"},{"taxonomy":"product_cat","embeddable":true,"href":"https:\/\/theresales.nl\/de\/wp-json\/wp\/v2\/product_cat?post=33350"},{"taxonomy":"product_tag","embeddable":true,"href":"https:\/\/theresales.nl\/de\/wp-json\/wp\/v2\/product_tag?post=33350"},{"taxonomy":"ontwerper","embeddable":true,"href":"https:\/\/theresales.nl\/de\/wp-json\/wp\/v2\/ontwerper?post=33350"}],"curies":[{"name":"wp","href":"https:\/\/api.w.org\/{rel}","templated":true}]}}