{"id":32865,"date":"2024-04-26T13:49:55","date_gmt":"2024-04-26T11:49:55","guid":{"rendered":"https:\/\/theresales.nl\/?post_type=product&#038;p=32865"},"modified":"2026-01-02T12:33:15","modified_gmt":"2026-01-02T11:33:15","slug":"muuto-visu-swivel-zwart","status":"publish","type":"product","link":"https:\/\/theresales.nl\/de\/product\/muuto-visu-swivel-zwart\/","title":{"rendered":"Muuto Visu Drehstuhl schwarz"},"content":{"rendered":"<p>De Visu Swivel zwart is een ontwerp van het merk <a href=\"https:\/\/en.wikipedia.org\/wiki\/Muuto\">Muuto<\/a>. Es ist inspiriert vom traditionellen Holzstuhl, kombiniert mit skandinavischer Modernit\u00e4t. Ein zeitgem\u00e4\u00dfer <a href=\"https:\/\/theresales.nl\/de\/produktkategorie\/stuhle\/\">Stuhl<\/a> gericht op het cre\u00ebren van een heldere uitstraling, zonder concessies te doen aan comfort. Uiterst geschikt voor thuis of op kantoor!<\/p>","protected":false},"excerpt":{"rendered":"<p><strong>Nieuwprijs: \u20ac379,- per stuk<\/strong><\/p>\n<p><strong>Abmessungen<\/strong><br \/>\nBreite: 50 cm<br \/>\nTiefe: 48 cm<br \/>\nHoogte: 77,5 cm<br \/>\nSitzh\u00f6he: 45 cm<br \/>\nSitztiefe: 40 cm<\/p>\n<p><strong>Farbe<\/strong>Schwarz<\/p>\n<p><strong>Material<\/strong>: Hout, Metaal<\/p>\n<p><strong>Besonderheiten<\/strong> Drehbar<\/p>","protected":false},"featured_media":35129,"template":"","meta":{"_acf_changed":false},"product_brand":[],"product_cat":[34],"product_tag":[276],"ontwerper":[539],"class_list":{"0":"post-32865","1":"product","2":"type-product","3":"status-publish","4":"has-post-thumbnail","6":"product_cat-stoelen","7":"product_tag-muuto","8":"ontwerper-iskos-berlin","10":"first","11":"instock","12":"shipping-taxable","13":"purchasable","14":"product-type-simple"},"acf":[],"yoast_head":"<!-- This site is optimized with the Yoast SEO plugin v27.5 - https:\/\/yoast.com\/product\/yoast-seo-wordpress\/ -->\n<title>Muuto Visu Swivel zwart - TheReSales<\/title>\n<meta name=\"description\" content=\"De Fiber is een ontwerp van Iskos Berlin\u00a0voor het merk Muuto. Deze eigentijdse stoel is gericht op het cre\u00ebren van een heldere uitstraling!\" \/>\n<meta name=\"robots\" content=\"index, follow, max-snippet:-1, max-image-preview:large, max-video-preview:-1\" \/>\n<link rel=\"canonical\" href=\"https:\/\/theresales.nl\/de\/produkt\/muuto-visu-swivel-zwart\/\" \/>\n<meta property=\"og:locale\" content=\"de_DE\" \/>\n<meta property=\"og:type\" content=\"article\" \/>\n<meta property=\"og:title\" content=\"Muuto Visu Swivel zwart - TheReSales\" \/>\n<meta property=\"og:description\" content=\"De Fiber is een ontwerp van Iskos Berlin\u00a0voor het merk Muuto. Deze eigentijdse stoel is gericht op het cre\u00ebren van een heldere uitstraling!\" \/>\n<meta property=\"og:url\" content=\"https:\/\/theresales.nl\/de\/produkt\/muuto-visu-swivel-zwart\/\" \/>\n<meta property=\"og:site_name\" content=\"TheReSales\" \/>\n<meta property=\"article:publisher\" content=\"https:\/\/www.facebook.com\/theresales.nl\" \/>\n<meta property=\"article:modified_time\" content=\"2026-01-02T11:33:15+00:00\" \/>\n<meta property=\"og:image\" content=\"https:\/\/theresales.nl\/wp-content\/uploads\/2024\/02\/20240423_114004715_iOS.jpg\" \/>\n\t<meta property=\"og:image:width\" content=\"1200\" \/>\n\t<meta property=\"og:image:height\" content=\"900\" \/>\n\t<meta property=\"og:image:type\" content=\"image\/jpeg\" \/>\n<meta name=\"twitter:card\" content=\"summary_large_image\" \/>\n<meta name=\"twitter:label1\" content=\"Gesch\u00e4tzte Lesezeit\" \/>\n\t<meta name=\"twitter:data1\" content=\"1\u00a0Minute\" \/>\n<!-- \/ Yoast SEO plugin. -->","yoast_head_json":{"title":"Muuto Visu Swivel zwart - TheReSales","description":"De Fiber is een ontwerp van Iskos Berlin\u00a0voor het merk Muuto. Deze eigentijdse stoel is gericht op het cre\u00ebren van een heldere uitstraling!","robots":{"index":"index","follow":"follow","max-snippet":"max-snippet:-1","max-image-preview":"max-image-preview:large","max-video-preview":"max-video-preview:-1"},"canonical":"https:\/\/theresales.nl\/de\/produkt\/muuto-visu-swivel-zwart\/","og_locale":"de_DE","og_type":"article","og_title":"Muuto Visu Swivel zwart - TheReSales","og_description":"De Fiber is een ontwerp van Iskos Berlin\u00a0voor het merk Muuto. Deze eigentijdse stoel is gericht op het cre\u00ebren van een heldere uitstraling!","og_url":"https:\/\/theresales.nl\/de\/produkt\/muuto-visu-swivel-zwart\/","og_site_name":"TheReSales","article_publisher":"https:\/\/www.facebook.com\/theresales.nl","article_modified_time":"2026-01-02T11:33:15+00:00","og_image":[{"width":1200,"height":900,"url":"https:\/\/theresales.nl\/wp-content\/uploads\/2024\/02\/20240423_114004715_iOS.jpg","type":"image\/jpeg"}],"twitter_card":"summary_large_image","twitter_misc":{"Gesch\u00e4tzte Lesezeit":"1\u00a0Minute"},"schema":{"@context":"https:\/\/schema.org","@graph":[{"@type":"WebPage","@id":"https:\/\/theresales.nl\/product\/muuto-visu-swivel-zwart\/","url":"https:\/\/theresales.nl\/product\/muuto-visu-swivel-zwart\/","name":"Muuto Visu Swivel zwart - TheReSales","isPartOf":{"@id":"https:\/\/theresales.nl\/#website"},"primaryImageOfPage":{"@id":"https:\/\/theresales.nl\/product\/muuto-visu-swivel-zwart\/#primaryimage"},"image":{"@id":"https:\/\/theresales.nl\/product\/muuto-visu-swivel-zwart\/#primaryimage"},"thumbnailUrl":"https:\/\/theresales.nl\/wp-content\/uploads\/2024\/02\/20240423_114004715_iOS.jpg","datePublished":"2024-04-26T11:49:55+00:00","dateModified":"2026-01-02T11:33:15+00:00","description":"De Fiber is een ontwerp van Iskos Berlin\u00a0voor het merk Muuto. Deze eigentijdse stoel is gericht op het cre\u00ebren van een heldere uitstraling!","breadcrumb":{"@id":"https:\/\/theresales.nl\/product\/muuto-visu-swivel-zwart\/#breadcrumb"},"inLanguage":"de","potentialAction":[{"@type":"ReadAction","target":["https:\/\/theresales.nl\/product\/muuto-visu-swivel-zwart\/"]}]},{"@type":"ImageObject","inLanguage":"de","@id":"https:\/\/theresales.nl\/product\/muuto-visu-swivel-zwart\/#primaryimage","url":"https:\/\/theresales.nl\/wp-content\/uploads\/2024\/02\/20240423_114004715_iOS.jpg","contentUrl":"https:\/\/theresales.nl\/wp-content\/uploads\/2024\/02\/20240423_114004715_iOS.jpg","width":1200,"height":900,"caption":"Stoelen-Muuto-Visu-Swivel-zwart-TheReSales"},{"@type":"BreadcrumbList","@id":"https:\/\/theresales.nl\/product\/muuto-visu-swivel-zwart\/#breadcrumb","itemListElement":[{"@type":"ListItem","position":1,"name":"Home","item":"https:\/\/theresales.nl\/"},{"@type":"ListItem","position":2,"name":"Collectie","item":"https:\/\/theresales.nl\/collectie\/"},{"@type":"ListItem","position":3,"name":"Muuto Visu Swivel zwart"}]},{"@type":"WebSite","@id":"https:\/\/theresales.nl\/#website","url":"https:\/\/theresales.nl\/","name":"TheReSales","description":"Tweedehands Design Meubelen","publisher":{"@id":"https:\/\/theresales.nl\/#organization"},"potentialAction":[{"@type":"SearchAction","target":{"@type":"EntryPoint","urlTemplate":"https:\/\/theresales.nl\/?s={search_term_string}"},"query-input":{"@type":"PropertyValueSpecification","valueRequired":true,"valueName":"search_term_string"}}],"inLanguage":"de"},{"@type":"Organization","@id":"https:\/\/theresales.nl\/#organization","name":"TheReSales","url":"https:\/\/theresales.nl\/","logo":{"@type":"ImageObject","inLanguage":"de","@id":"https:\/\/theresales.nl\/#\/schema\/logo\/image\/","url":"https:\/\/theresales.nl\/wp-content\/uploads\/2026\/04\/Logo-TheReSales.png","contentUrl":"https:\/\/theresales.nl\/wp-content\/uploads\/2026\/04\/Logo-TheReSales.png","width":1200,"height":304,"caption":"TheReSales"},"image":{"@id":"https:\/\/theresales.nl\/#\/schema\/logo\/image\/"},"sameAs":["https:\/\/www.facebook.com\/theresales.nl","https:\/\/www.instagram.com\/_theresales_\/","https:\/\/nl.pinterest.com\/theresalesgroningen\/","https:\/\/www.linkedin.com\/company\/theresales\/"]}]}},"_links":{"self":[{"href":"https:\/\/theresales.nl\/de\/wp-json\/wp\/v2\/product\/32865","targetHints":{"allow":["GET"]}}],"collection":[{"href":"https:\/\/theresales.nl\/de\/wp-json\/wp\/v2\/product"}],"about":[{"href":"https:\/\/theresales.nl\/de\/wp-json\/wp\/v2\/types\/product"}],"wp:featuredmedia":[{"embeddable":true,"href":"https:\/\/theresales.nl\/de\/wp-json\/wp\/v2\/media\/35129"}],"wp:attachment":[{"href":"https:\/\/theresales.nl\/de\/wp-json\/wp\/v2\/media?parent=32865"}],"wp:term":[{"taxonomy":"product_brand","embeddable":true,"href":"https:\/\/theresales.nl\/de\/wp-json\/wp\/v2\/product_brand?post=32865"},{"taxonomy":"product_cat","embeddable":true,"href":"https:\/\/theresales.nl\/de\/wp-json\/wp\/v2\/product_cat?post=32865"},{"taxonomy":"product_tag","embeddable":true,"href":"https:\/\/theresales.nl\/de\/wp-json\/wp\/v2\/product_tag?post=32865"},{"taxonomy":"ontwerper","embeddable":true,"href":"https:\/\/theresales.nl\/de\/wp-json\/wp\/v2\/ontwerper?post=32865"}],"curies":[{"name":"wp","href":"https:\/\/api.w.org\/{rel}","templated":true}]}}