{"id":32796,"date":"2024-06-20T13:00:11","date_gmt":"2024-06-20T11:00:11","guid":{"rendered":"https:\/\/theresales.nl\/?post_type=product&#038;p=32796"},"modified":"2026-02-05T12:32:07","modified_gmt":"2026-02-05T11:32:07","slug":"handgefertigtes-bild-porzellan","status":"publish","type":"product","link":"https:\/\/theresales.nl\/de\/product\/handgemaakt-beeld-porselein\/","title":{"rendered":"Handgefertigte Porzellanfigur"},"content":{"rendered":"<p>Dies handgemacht <a href=\"https:\/\/theresales.nl\/de\/produktkategorie\/wohnaccessoires\/\" target=\"_blank\" rel=\"noopener\">Bild<\/a> ist aus Porzellan gefertigt. Mit sorgf\u00e4ltiger Liebe zum Detail ist jedes St\u00fcck ein Unikat und von Hand gefertigt. Es ist sowohl k\u00fcnstlerisch als auch zeitlos und bereichert jeden Raum perfekt mit seiner einzigartigen Sch\u00f6nheit. Ein beeindruckendes Statement!<\/p>","protected":false},"excerpt":{"rendered":"<p><strong>Abmessungen<\/strong><br \/>\nBreite: 25 cm<br \/>\nTiefe: 27 cm<br \/>\nH\u00f6he: 87 cm<\/p>\n<p><strong>Farbe <\/strong>Witz, Braun<\/p>\n<p><strong>Material<\/strong> Porzellan<\/p>","protected":false},"featured_media":49281,"template":"","meta":{"_acf_changed":false},"product_brand":[],"product_cat":[90],"product_tag":[244],"ontwerper":[],"class_list":{"0":"post-32796","1":"product","2":"type-product","3":"status-publish","4":"has-post-thumbnail","6":"product_cat-woonaccessoires","7":"product_tag-kartell","9":"first","10":"instock","11":"shipping-taxable","12":"purchasable","13":"product-type-simple"},"acf":[],"yoast_head":"<!-- This site is optimized with the Yoast SEO plugin v27.5 - https:\/\/yoast.com\/product\/yoast-seo-wordpress\/ -->\n<title>Handgemaakt Beeld porselein - TheReSales<\/title>\n<meta name=\"description\" content=\"Dit handgemaakt beeld is groot en gemaakt van porselein. Met zorgvuldige aandacht voor detail is elk stuk uniek en met de hand vervaardigd.\" \/>\n<meta name=\"robots\" content=\"index, follow, max-snippet:-1, max-image-preview:large, max-video-preview:-1\" \/>\n<link rel=\"canonical\" href=\"https:\/\/theresales.nl\/de\/produkt\/handgefertigtes-bild-porzellan\/\" \/>\n<meta property=\"og:locale\" content=\"de_DE\" \/>\n<meta property=\"og:type\" content=\"article\" \/>\n<meta property=\"og:title\" content=\"Handgemaakt Beeld porselein - TheReSales\" \/>\n<meta property=\"og:description\" content=\"Dit handgemaakt beeld is groot en gemaakt van porselein. Met zorgvuldige aandacht voor detail is elk stuk uniek en met de hand vervaardigd.\" \/>\n<meta property=\"og:url\" content=\"https:\/\/theresales.nl\/de\/produkt\/handgefertigtes-bild-porzellan\/\" \/>\n<meta property=\"og:site_name\" content=\"TheReSales\" \/>\n<meta property=\"article:publisher\" content=\"https:\/\/www.facebook.com\/theresales.nl\" \/>\n<meta property=\"article:modified_time\" content=\"2026-02-05T11:32:07+00:00\" \/>\n<meta property=\"og:image\" content=\"https:\/\/theresales.nl\/wp-content\/uploads\/2024\/06\/20240201_110618065_iOS-1.jpg\" \/>\n\t<meta property=\"og:image:width\" content=\"1200\" \/>\n\t<meta property=\"og:image:height\" content=\"900\" \/>\n\t<meta property=\"og:image:type\" content=\"image\/jpeg\" \/>\n<meta name=\"twitter:card\" content=\"summary_large_image\" \/>\n<meta name=\"twitter:label1\" content=\"Gesch\u00e4tzte Lesezeit\" \/>\n\t<meta name=\"twitter:data1\" content=\"1\u00a0Minute\" \/>\n<!-- \/ Yoast SEO plugin. -->","yoast_head_json":{"title":"Handgefertigte Porzellanfigur - TheReSales","description":"Diese handgefertigte Statue ist gro\u00df und aus Porzellan gefertigt. Mit sorgf\u00e4ltiger Liebe zum Detail ist jedes St\u00fcck ein Unikat und handgefertigt.","robots":{"index":"index","follow":"follow","max-snippet":"max-snippet:-1","max-image-preview":"max-image-preview:large","max-video-preview":"max-video-preview:-1"},"canonical":"https:\/\/theresales.nl\/de\/produkt\/handgefertigtes-bild-porzellan\/","og_locale":"de_DE","og_type":"article","og_title":"Handgemaakt Beeld porselein - TheReSales","og_description":"Dit handgemaakt beeld is groot en gemaakt van porselein. Met zorgvuldige aandacht voor detail is elk stuk uniek en met de hand vervaardigd.","og_url":"https:\/\/theresales.nl\/de\/produkt\/handgefertigtes-bild-porzellan\/","og_site_name":"TheReSales","article_publisher":"https:\/\/www.facebook.com\/theresales.nl","article_modified_time":"2026-02-05T11:32:07+00:00","og_image":[{"width":1200,"height":900,"url":"https:\/\/theresales.nl\/wp-content\/uploads\/2024\/06\/20240201_110618065_iOS-1.jpg","type":"image\/jpeg"}],"twitter_card":"summary_large_image","twitter_misc":{"Gesch\u00e4tzte Lesezeit":"1\u00a0Minute"},"schema":{"@context":"https:\/\/schema.org","@graph":[{"@type":"WebPage","@id":"https:\/\/theresales.nl\/product\/handgemaakt-beeld-porselein\/","url":"https:\/\/theresales.nl\/product\/handgemaakt-beeld-porselein\/","name":"Handgefertigte Porzellanfigur - TheReSales","isPartOf":{"@id":"https:\/\/theresales.nl\/#website"},"primaryImageOfPage":{"@id":"https:\/\/theresales.nl\/product\/handgemaakt-beeld-porselein\/#primaryimage"},"image":{"@id":"https:\/\/theresales.nl\/product\/handgemaakt-beeld-porselein\/#primaryimage"},"thumbnailUrl":"https:\/\/theresales.nl\/wp-content\/uploads\/2024\/06\/20240201_110618065_iOS-1.jpg","datePublished":"2024-06-20T11:00:11+00:00","dateModified":"2026-02-05T11:32:07+00:00","description":"Diese handgefertigte Statue ist gro\u00df und aus Porzellan gefertigt. Mit sorgf\u00e4ltiger Liebe zum Detail ist jedes St\u00fcck ein Unikat und handgefertigt.","breadcrumb":{"@id":"https:\/\/theresales.nl\/product\/handgemaakt-beeld-porselein\/#breadcrumb"},"inLanguage":"de","potentialAction":[{"@type":"ReadAction","target":["https:\/\/theresales.nl\/product\/handgemaakt-beeld-porselein\/"]}]},{"@type":"ImageObject","inLanguage":"de","@id":"https:\/\/theresales.nl\/product\/handgemaakt-beeld-porselein\/#primaryimage","url":"https:\/\/theresales.nl\/wp-content\/uploads\/2024\/06\/20240201_110618065_iOS-1.jpg","contentUrl":"https:\/\/theresales.nl\/wp-content\/uploads\/2024\/06\/20240201_110618065_iOS-1.jpg","width":1200,"height":900},{"@type":"BreadcrumbList","@id":"https:\/\/theresales.nl\/product\/handgemaakt-beeld-porselein\/#breadcrumb","itemListElement":[{"@type":"ListItem","position":1,"name":"Home","item":"https:\/\/theresales.nl\/"},{"@type":"ListItem","position":2,"name":"Collectie","item":"https:\/\/theresales.nl\/collectie\/"},{"@type":"ListItem","position":3,"name":"Handgemaakt Beeld porselein"}]},{"@type":"WebSite","@id":"https:\/\/theresales.nl\/#website","url":"https:\/\/theresales.nl\/","name":"TheReSales","description":"Tweedehands Design Meubelen","publisher":{"@id":"https:\/\/theresales.nl\/#organization"},"potentialAction":[{"@type":"SearchAction","target":{"@type":"EntryPoint","urlTemplate":"https:\/\/theresales.nl\/?s={search_term_string}"},"query-input":{"@type":"PropertyValueSpecification","valueRequired":true,"valueName":"search_term_string"}}],"inLanguage":"de"},{"@type":"Organization","@id":"https:\/\/theresales.nl\/#organization","name":"TheReSales","url":"https:\/\/theresales.nl\/","logo":{"@type":"ImageObject","inLanguage":"de","@id":"https:\/\/theresales.nl\/#\/schema\/logo\/image\/","url":"https:\/\/theresales.nl\/wp-content\/uploads\/2026\/04\/Logo-TheReSales.png","contentUrl":"https:\/\/theresales.nl\/wp-content\/uploads\/2026\/04\/Logo-TheReSales.png","width":1200,"height":304,"caption":"TheReSales"},"image":{"@id":"https:\/\/theresales.nl\/#\/schema\/logo\/image\/"},"sameAs":["https:\/\/www.facebook.com\/theresales.nl","https:\/\/www.instagram.com\/_theresales_\/","https:\/\/nl.pinterest.com\/theresalesgroningen\/","https:\/\/www.linkedin.com\/company\/theresales\/"]}]}},"_links":{"self":[{"href":"https:\/\/theresales.nl\/de\/wp-json\/wp\/v2\/product\/32796","targetHints":{"allow":["GET"]}}],"collection":[{"href":"https:\/\/theresales.nl\/de\/wp-json\/wp\/v2\/product"}],"about":[{"href":"https:\/\/theresales.nl\/de\/wp-json\/wp\/v2\/types\/product"}],"wp:featuredmedia":[{"embeddable":true,"href":"https:\/\/theresales.nl\/de\/wp-json\/wp\/v2\/media\/49281"}],"wp:attachment":[{"href":"https:\/\/theresales.nl\/de\/wp-json\/wp\/v2\/media?parent=32796"}],"wp:term":[{"taxonomy":"product_brand","embeddable":true,"href":"https:\/\/theresales.nl\/de\/wp-json\/wp\/v2\/product_brand?post=32796"},{"taxonomy":"product_cat","embeddable":true,"href":"https:\/\/theresales.nl\/de\/wp-json\/wp\/v2\/product_cat?post=32796"},{"taxonomy":"product_tag","embeddable":true,"href":"https:\/\/theresales.nl\/de\/wp-json\/wp\/v2\/product_tag?post=32796"},{"taxonomy":"ontwerper","embeddable":true,"href":"https:\/\/theresales.nl\/de\/wp-json\/wp\/v2\/ontwerper?post=32796"}],"curies":[{"name":"wp","href":"https:\/\/api.w.org\/{rel}","templated":true}]}}