{"id":31979,"date":"2024-01-17T10:03:25","date_gmt":"2024-01-17T09:03:25","guid":{"rendered":"https:\/\/theresales.nl\/?post_type=product&#038;p=31979"},"modified":"2026-01-02T12:32:14","modified_gmt":"2026-01-02T11:32:14","slug":"form-5-bogen-blau","status":"publish","type":"product","link":"https:\/\/theresales.nl\/de\/product\/forma-5-bow-blauw\/","title":{"rendered":"Forma 5 Schleife blau"},"content":{"rendered":"<p>De Bow blauw ist ein Design von <a href=\"https:\/\/www.yonoh.es\/\" target=\"_blank\" rel=\"noopener\">Studio Yonoh<\/a> f\u00fcr die Marke Forma 5. Dieses weiche <a href=\"https:\/\/theresales.nl\/de\/produktkategorie\/sessel\/\" target=\"_blank\" rel=\"noopener\">Sessel<\/a> ist \u00e4u\u00dferst komfortabel und l\u00e4dt zum Entspannen in heimeliger Atmosph\u00e4re oder zum entspannteren Arbeiten ein. Es strahlt Einfachheit und Nat\u00fcrlichkeit aus, ohne dabei Innovation und Originalit\u00e4t zu vernachl\u00e4ssigen.<\/p>","protected":false},"excerpt":{"rendered":"<p><strong>Neupreis:<\/strong> <strong>1556 \u20ac pro St\u00fcck<\/strong><\/p>\n<p><strong>Abmessungen<\/strong><br \/>\nBreite: 58 cm<br \/>\nTiefe: 60 cm<br \/>\nH\u00f6he: 84 cm<br \/>\nSitzh\u00f6he: 46 cm<br \/>\nSitzh\u00f6he: 42 cm<\/p>\n<p><strong>Farbe <\/strong>Blau<strong><br \/>\n<\/strong><br \/>\n<strong>Material <\/strong>Stoff, Holz<\/p>","protected":false},"featured_media":31995,"template":"","meta":{"_acf_changed":false},"product_brand":[],"product_cat":[19],"product_tag":[605],"ontwerper":[604],"class_list":{"0":"post-31979","1":"product","2":"type-product","3":"status-publish","4":"has-post-thumbnail","6":"product_cat-fauteuils","7":"product_tag-forma5","8":"ontwerper-studio-yonoh","10":"first","11":"instock","12":"shipping-taxable","13":"purchasable","14":"product-type-simple"},"acf":[],"yoast_head":"<!-- This site is optimized with the Yoast SEO plugin v27.5 - https:\/\/yoast.com\/product\/yoast-seo-wordpress\/ -->\n<title>Forma 5 Bow blauw - TheReSales<\/title>\n<meta name=\"description\" content=\"De Bow blauw is een ontwerp van Studio Yonoh voor het merk Forma 5. Deze zachte fauteuil is uiterst comfortabel en nodigt uit om te ontspannen\" \/>\n<meta name=\"robots\" content=\"index, follow, max-snippet:-1, max-image-preview:large, max-video-preview:-1\" \/>\n<link rel=\"canonical\" href=\"https:\/\/theresales.nl\/de\/produkt\/form-5-bogen-blau\/\" \/>\n<meta property=\"og:locale\" content=\"de_DE\" \/>\n<meta property=\"og:type\" content=\"article\" \/>\n<meta property=\"og:title\" content=\"Forma 5 Bow blauw - TheReSales\" \/>\n<meta property=\"og:description\" content=\"De Bow blauw is een ontwerp van Studio Yonoh voor het merk Forma 5. Deze zachte fauteuil is uiterst comfortabel en nodigt uit om te ontspannen\" \/>\n<meta property=\"og:url\" content=\"https:\/\/theresales.nl\/de\/produkt\/form-5-bogen-blau\/\" \/>\n<meta property=\"og:site_name\" content=\"TheReSales\" \/>\n<meta property=\"article:publisher\" content=\"https:\/\/www.facebook.com\/theresales.nl\" \/>\n<meta property=\"article:modified_time\" content=\"2026-01-02T11:32:14+00:00\" \/>\n<meta property=\"og:image\" content=\"https:\/\/theresales.nl\/wp-content\/uploads\/2024\/01\/20240116_085950563_iOS.jpg\" \/>\n\t<meta property=\"og:image:width\" content=\"1200\" \/>\n\t<meta property=\"og:image:height\" content=\"900\" \/>\n\t<meta property=\"og:image:type\" content=\"image\/jpeg\" \/>\n<meta name=\"twitter:card\" content=\"summary_large_image\" \/>\n<meta name=\"twitter:label1\" content=\"Gesch\u00e4tzte Lesezeit\" \/>\n\t<meta name=\"twitter:data1\" content=\"1\u00a0Minute\" \/>\n<!-- \/ Yoast SEO plugin. -->","yoast_head_json":{"title":"Forma 5 Bogen blau - TheReSales","description":"Der De Bow blauw ist ein Entwurf des Studio Yonoh f\u00fcr die Marke Forma 5. Dieser weiche Sessel ist \u00e4u\u00dferst bequem und l\u00e4dt zum Entspannen ein.","robots":{"index":"index","follow":"follow","max-snippet":"max-snippet:-1","max-image-preview":"max-image-preview:large","max-video-preview":"max-video-preview:-1"},"canonical":"https:\/\/theresales.nl\/de\/produkt\/form-5-bogen-blau\/","og_locale":"de_DE","og_type":"article","og_title":"Forma 5 Bow blauw - TheReSales","og_description":"De Bow blauw is een ontwerp van Studio Yonoh voor het merk Forma 5. Deze zachte fauteuil is uiterst comfortabel en nodigt uit om te ontspannen","og_url":"https:\/\/theresales.nl\/de\/produkt\/form-5-bogen-blau\/","og_site_name":"TheReSales","article_publisher":"https:\/\/www.facebook.com\/theresales.nl","article_modified_time":"2026-01-02T11:32:14+00:00","og_image":[{"width":1200,"height":900,"url":"https:\/\/theresales.nl\/wp-content\/uploads\/2024\/01\/20240116_085950563_iOS.jpg","type":"image\/jpeg"}],"twitter_card":"summary_large_image","twitter_misc":{"Gesch\u00e4tzte Lesezeit":"1\u00a0Minute"},"schema":{"@context":"https:\/\/schema.org","@graph":[{"@type":"WebPage","@id":"https:\/\/theresales.nl\/product\/forma-5-bow-blauw\/","url":"https:\/\/theresales.nl\/product\/forma-5-bow-blauw\/","name":"Forma 5 Bogen blau - TheReSales","isPartOf":{"@id":"https:\/\/theresales.nl\/#website"},"primaryImageOfPage":{"@id":"https:\/\/theresales.nl\/product\/forma-5-bow-blauw\/#primaryimage"},"image":{"@id":"https:\/\/theresales.nl\/product\/forma-5-bow-blauw\/#primaryimage"},"thumbnailUrl":"https:\/\/theresales.nl\/wp-content\/uploads\/2024\/01\/20240116_085950563_iOS.jpg","datePublished":"2024-01-17T09:03:25+00:00","dateModified":"2026-01-02T11:32:14+00:00","description":"Der De Bow blauw ist ein Entwurf des Studio Yonoh f\u00fcr die Marke Forma 5. Dieser weiche Sessel ist \u00e4u\u00dferst bequem und l\u00e4dt zum Entspannen ein.","breadcrumb":{"@id":"https:\/\/theresales.nl\/product\/forma-5-bow-blauw\/#breadcrumb"},"inLanguage":"de","potentialAction":[{"@type":"ReadAction","target":["https:\/\/theresales.nl\/product\/forma-5-bow-blauw\/"]}]},{"@type":"ImageObject","inLanguage":"de","@id":"https:\/\/theresales.nl\/product\/forma-5-bow-blauw\/#primaryimage","url":"https:\/\/theresales.nl\/wp-content\/uploads\/2024\/01\/20240116_085950563_iOS.jpg","contentUrl":"https:\/\/theresales.nl\/wp-content\/uploads\/2024\/01\/20240116_085950563_iOS.jpg","width":1200,"height":900,"caption":"Fauteuil-Forma-5-Bow-blauw-TheReSales"},{"@type":"BreadcrumbList","@id":"https:\/\/theresales.nl\/product\/forma-5-bow-blauw\/#breadcrumb","itemListElement":[{"@type":"ListItem","position":1,"name":"Home","item":"https:\/\/theresales.nl\/"},{"@type":"ListItem","position":2,"name":"Collectie","item":"https:\/\/theresales.nl\/collectie\/"},{"@type":"ListItem","position":3,"name":"Forma 5 Bow blauw"}]},{"@type":"WebSite","@id":"https:\/\/theresales.nl\/#website","url":"https:\/\/theresales.nl\/","name":"TheReSales","description":"Tweedehands Design Meubelen","publisher":{"@id":"https:\/\/theresales.nl\/#organization"},"potentialAction":[{"@type":"SearchAction","target":{"@type":"EntryPoint","urlTemplate":"https:\/\/theresales.nl\/?s={search_term_string}"},"query-input":{"@type":"PropertyValueSpecification","valueRequired":true,"valueName":"search_term_string"}}],"inLanguage":"de"},{"@type":"Organization","@id":"https:\/\/theresales.nl\/#organization","name":"TheReSales","url":"https:\/\/theresales.nl\/","logo":{"@type":"ImageObject","inLanguage":"de","@id":"https:\/\/theresales.nl\/#\/schema\/logo\/image\/","url":"https:\/\/theresales.nl\/wp-content\/uploads\/2026\/04\/Logo-TheReSales.png","contentUrl":"https:\/\/theresales.nl\/wp-content\/uploads\/2026\/04\/Logo-TheReSales.png","width":1200,"height":304,"caption":"TheReSales"},"image":{"@id":"https:\/\/theresales.nl\/#\/schema\/logo\/image\/"},"sameAs":["https:\/\/www.facebook.com\/theresales.nl","https:\/\/www.instagram.com\/_theresales_\/","https:\/\/nl.pinterest.com\/theresalesgroningen\/","https:\/\/www.linkedin.com\/company\/theresales\/"]}]}},"_links":{"self":[{"href":"https:\/\/theresales.nl\/de\/wp-json\/wp\/v2\/product\/31979","targetHints":{"allow":["GET"]}}],"collection":[{"href":"https:\/\/theresales.nl\/de\/wp-json\/wp\/v2\/product"}],"about":[{"href":"https:\/\/theresales.nl\/de\/wp-json\/wp\/v2\/types\/product"}],"wp:featuredmedia":[{"embeddable":true,"href":"https:\/\/theresales.nl\/de\/wp-json\/wp\/v2\/media\/31995"}],"wp:attachment":[{"href":"https:\/\/theresales.nl\/de\/wp-json\/wp\/v2\/media?parent=31979"}],"wp:term":[{"taxonomy":"product_brand","embeddable":true,"href":"https:\/\/theresales.nl\/de\/wp-json\/wp\/v2\/product_brand?post=31979"},{"taxonomy":"product_cat","embeddable":true,"href":"https:\/\/theresales.nl\/de\/wp-json\/wp\/v2\/product_cat?post=31979"},{"taxonomy":"product_tag","embeddable":true,"href":"https:\/\/theresales.nl\/de\/wp-json\/wp\/v2\/product_tag?post=31979"},{"taxonomy":"ontwerper","embeddable":true,"href":"https:\/\/theresales.nl\/de\/wp-json\/wp\/v2\/ontwerper?post=31979"}],"curies":[{"name":"wp","href":"https:\/\/api.w.org\/{rel}","templated":true}]}}