{"id":31912,"date":"2024-01-16T09:58:59","date_gmt":"2024-01-16T08:58:59","guid":{"rendered":"https:\/\/theresales.nl\/?post_type=product&#038;p=31912"},"modified":"2026-01-06T10:15:17","modified_gmt":"2026-01-06T09:15:17","slug":"gispen-houten-berlage-barhocker-grun","status":"publish","type":"product","link":"https:\/\/theresales.nl\/de\/product\/gispen-hutten-berlage-barkruk-groen\/","title":{"rendered":"Gispen Hocker Berlage Barhocker gr\u00fcn"},"content":{"rendered":"<p>Der Berlage Barhocker gr\u00fcn ist ein Entwurf von <a href=\"https:\/\/www.richardhutten.com\/\" target=\"_blank\" rel=\"noopener\">Richard Hutten<\/a> f\u00fcr die Marke Gispen. Die Idee stammt vom Sessel des Architekten Hendrik Petrus Berlage, bekannt von der Beurs van Berlage in Amsterdam. Typisch sind die industriellen Techniken f\u00fcr den Rahmen und altmodische Handwerkskunst f\u00fcr die Sitzfl\u00e4che. So erh\u00e4lt dieser <a href=\"https:\/\/theresales.nl\/de\/produktkategorie\/stuhle\/\" target=\"_blank\" rel=\"noopener\">Barhocker<\/a> sind besondere Linien und macht es damit einzigartig!<\/p>","protected":false},"excerpt":{"rendered":"<div id=\"attributes\" class=\"w-tabs-section active\">\n<div id=\"content-attributes\" class=\"w-tabs-section-content\">\n<div class=\"w-tabs-section-content-h i-cf\">\n<div class=\"w-post-elm post_content\">\n<p><strong>Neupreis: 424 \u20ac pro St\u00fcck<\/strong><\/p>\n<p><strong>Abmessungen<\/strong><br \/>\nBreite: 33 cm<br \/>\nTiefe: 33 cm<br \/>\nH\u00f6he: 76 cm<\/p>\n<p><strong>Farbe <\/strong>Gr\u00fcn<strong><br \/>\n<\/strong><\/p>\n<p><strong>Material <\/strong>Holz, Kunststoff<\/p>\n<\/div>\n<\/div>\n<\/div>\n<\/div>","protected":false},"featured_media":32076,"template":"","meta":{"_acf_changed":false},"product_brand":[],"product_cat":[34],"product_tag":[229],"ontwerper":[572],"class_list":{"0":"post-31912","1":"product","2":"type-product","3":"status-publish","4":"has-post-thumbnail","6":"product_cat-stoelen","7":"product_tag-gispen","8":"ontwerper-richard-hutten","10":"first","11":"instock","12":"shipping-taxable","13":"purchasable","14":"product-type-simple"},"acf":[],"yoast_head":"<!-- This site is optimized with the Yoast SEO plugin v27.5 - https:\/\/yoast.com\/product\/yoast-seo-wordpress\/ -->\n<title>Gispen Hutten Berlage Barkruk groen - TheReSales<\/title>\n<meta name=\"description\" content=\"De Berlage Barkruk groen is een ontwerp van Richard Hutten voor het merk Gispen. Het idee is afkomstig van de zetelstoel van architect H.P. Berlage.\" \/>\n<meta name=\"robots\" content=\"index, follow, max-snippet:-1, max-image-preview:large, max-video-preview:-1\" \/>\n<link rel=\"canonical\" href=\"https:\/\/theresales.nl\/de\/produkt\/gispen-houten-berlage-barhocker-grun\/\" \/>\n<meta property=\"og:locale\" content=\"de_DE\" \/>\n<meta property=\"og:type\" content=\"article\" \/>\n<meta property=\"og:title\" content=\"Gispen Hutten Berlage Barkruk groen - TheReSales\" \/>\n<meta property=\"og:description\" content=\"De Berlage Barkruk groen is een ontwerp van Richard Hutten voor het merk Gispen. Het idee is afkomstig van de zetelstoel van architect H.P. Berlage.\" \/>\n<meta property=\"og:url\" content=\"https:\/\/theresales.nl\/de\/produkt\/gispen-houten-berlage-barhocker-grun\/\" \/>\n<meta property=\"og:site_name\" content=\"TheReSales\" \/>\n<meta property=\"article:publisher\" content=\"https:\/\/www.facebook.com\/theresales.nl\" \/>\n<meta property=\"article:modified_time\" content=\"2026-01-06T09:15:17+00:00\" \/>\n<meta property=\"og:image\" content=\"https:\/\/theresales.nl\/wp-content\/uploads\/2024\/01\/20240116_112838310_iOS.jpg\" \/>\n\t<meta property=\"og:image:width\" content=\"1200\" \/>\n\t<meta property=\"og:image:height\" content=\"900\" \/>\n\t<meta property=\"og:image:type\" content=\"image\/jpeg\" \/>\n<meta name=\"twitter:card\" content=\"summary_large_image\" \/>\n<meta name=\"twitter:label1\" content=\"Gesch\u00e4tzte Lesezeit\" \/>\n\t<meta name=\"twitter:data1\" content=\"1\u00a0Minute\" \/>\n<!-- \/ Yoast SEO plugin. -->","yoast_head_json":{"title":"Gispen Hutten Berlage Barhocker gr\u00fcn - TheReSales","description":"Der Berlage Barhocker gr\u00fcn ist ein Entwurf von Richard Hutten f\u00fcr die Marke Gispen. Die Idee stammt vom Lehnsessel des Architekten H.P. Berlage.","robots":{"index":"index","follow":"follow","max-snippet":"max-snippet:-1","max-image-preview":"max-image-preview:large","max-video-preview":"max-video-preview:-1"},"canonical":"https:\/\/theresales.nl\/de\/produkt\/gispen-houten-berlage-barhocker-grun\/","og_locale":"de_DE","og_type":"article","og_title":"Gispen Hutten Berlage Barkruk groen - TheReSales","og_description":"De Berlage Barkruk groen is een ontwerp van Richard Hutten voor het merk Gispen. Het idee is afkomstig van de zetelstoel van architect H.P. Berlage.","og_url":"https:\/\/theresales.nl\/de\/produkt\/gispen-houten-berlage-barhocker-grun\/","og_site_name":"TheReSales","article_publisher":"https:\/\/www.facebook.com\/theresales.nl","article_modified_time":"2026-01-06T09:15:17+00:00","og_image":[{"width":1200,"height":900,"url":"https:\/\/theresales.nl\/wp-content\/uploads\/2024\/01\/20240116_112838310_iOS.jpg","type":"image\/jpeg"}],"twitter_card":"summary_large_image","twitter_misc":{"Gesch\u00e4tzte Lesezeit":"1\u00a0Minute"},"schema":{"@context":"https:\/\/schema.org","@graph":[{"@type":"WebPage","@id":"https:\/\/theresales.nl\/product\/gispen-hutten-berlage-barkruk-groen\/","url":"https:\/\/theresales.nl\/product\/gispen-hutten-berlage-barkruk-groen\/","name":"Gispen Hutten Berlage Barhocker gr\u00fcn - TheReSales","isPartOf":{"@id":"https:\/\/theresales.nl\/#website"},"primaryImageOfPage":{"@id":"https:\/\/theresales.nl\/product\/gispen-hutten-berlage-barkruk-groen\/#primaryimage"},"image":{"@id":"https:\/\/theresales.nl\/product\/gispen-hutten-berlage-barkruk-groen\/#primaryimage"},"thumbnailUrl":"https:\/\/theresales.nl\/wp-content\/uploads\/2024\/01\/20240116_112838310_iOS.jpg","datePublished":"2024-01-16T08:58:59+00:00","dateModified":"2026-01-06T09:15:17+00:00","description":"Der Berlage Barhocker gr\u00fcn ist ein Entwurf von Richard Hutten f\u00fcr die Marke Gispen. Die Idee stammt vom Lehnsessel des Architekten H.P. Berlage.","breadcrumb":{"@id":"https:\/\/theresales.nl\/product\/gispen-hutten-berlage-barkruk-groen\/#breadcrumb"},"inLanguage":"de","potentialAction":[{"@type":"ReadAction","target":["https:\/\/theresales.nl\/product\/gispen-hutten-berlage-barkruk-groen\/"]}]},{"@type":"ImageObject","inLanguage":"de","@id":"https:\/\/theresales.nl\/product\/gispen-hutten-berlage-barkruk-groen\/#primaryimage","url":"https:\/\/theresales.nl\/wp-content\/uploads\/2024\/01\/20240116_112838310_iOS.jpg","contentUrl":"https:\/\/theresales.nl\/wp-content\/uploads\/2024\/01\/20240116_112838310_iOS.jpg","width":1200,"height":900,"caption":"Gispen-hutten-berlage-theresales"},{"@type":"BreadcrumbList","@id":"https:\/\/theresales.nl\/product\/gispen-hutten-berlage-barkruk-groen\/#breadcrumb","itemListElement":[{"@type":"ListItem","position":1,"name":"Home","item":"https:\/\/theresales.nl\/"},{"@type":"ListItem","position":2,"name":"Collectie","item":"https:\/\/theresales.nl\/collectie\/"},{"@type":"ListItem","position":3,"name":"Gispen Hutten Berlage Barkruk groen"}]},{"@type":"WebSite","@id":"https:\/\/theresales.nl\/#website","url":"https:\/\/theresales.nl\/","name":"TheReSales","description":"Tweedehands Design Meubelen","publisher":{"@id":"https:\/\/theresales.nl\/#organization"},"potentialAction":[{"@type":"SearchAction","target":{"@type":"EntryPoint","urlTemplate":"https:\/\/theresales.nl\/?s={search_term_string}"},"query-input":{"@type":"PropertyValueSpecification","valueRequired":true,"valueName":"search_term_string"}}],"inLanguage":"de"},{"@type":"Organization","@id":"https:\/\/theresales.nl\/#organization","name":"TheReSales","url":"https:\/\/theresales.nl\/","logo":{"@type":"ImageObject","inLanguage":"de","@id":"https:\/\/theresales.nl\/#\/schema\/logo\/image\/","url":"https:\/\/theresales.nl\/wp-content\/uploads\/2026\/04\/Logo-TheReSales.png","contentUrl":"https:\/\/theresales.nl\/wp-content\/uploads\/2026\/04\/Logo-TheReSales.png","width":1200,"height":304,"caption":"TheReSales"},"image":{"@id":"https:\/\/theresales.nl\/#\/schema\/logo\/image\/"},"sameAs":["https:\/\/www.facebook.com\/theresales.nl","https:\/\/www.instagram.com\/_theresales_\/","https:\/\/nl.pinterest.com\/theresalesgroningen\/","https:\/\/www.linkedin.com\/company\/theresales\/"]}]}},"_links":{"self":[{"href":"https:\/\/theresales.nl\/de\/wp-json\/wp\/v2\/product\/31912","targetHints":{"allow":["GET"]}}],"collection":[{"href":"https:\/\/theresales.nl\/de\/wp-json\/wp\/v2\/product"}],"about":[{"href":"https:\/\/theresales.nl\/de\/wp-json\/wp\/v2\/types\/product"}],"wp:featuredmedia":[{"embeddable":true,"href":"https:\/\/theresales.nl\/de\/wp-json\/wp\/v2\/media\/32076"}],"wp:attachment":[{"href":"https:\/\/theresales.nl\/de\/wp-json\/wp\/v2\/media?parent=31912"}],"wp:term":[{"taxonomy":"product_brand","embeddable":true,"href":"https:\/\/theresales.nl\/de\/wp-json\/wp\/v2\/product_brand?post=31912"},{"taxonomy":"product_cat","embeddable":true,"href":"https:\/\/theresales.nl\/de\/wp-json\/wp\/v2\/product_cat?post=31912"},{"taxonomy":"product_tag","embeddable":true,"href":"https:\/\/theresales.nl\/de\/wp-json\/wp\/v2\/product_tag?post=31912"},{"taxonomy":"ontwerper","embeddable":true,"href":"https:\/\/theresales.nl\/de\/wp-json\/wp\/v2\/ontwerper?post=31912"}],"curies":[{"name":"wp","href":"https:\/\/api.w.org\/{rel}","templated":true}]}}