{"id":31784,"date":"2024-01-11T12:00:02","date_gmt":"2024-01-11T11:00:02","guid":{"rendered":"https:\/\/theresales.nl\/?post_type=product&#038;p=31784"},"modified":"2026-01-02T12:15:35","modified_gmt":"2026-01-02T11:15:35","slug":"verschmelze-enea-lottus","status":"publish","type":"product","link":"https:\/\/theresales.nl\/de\/product\/coalesse-enea-lottus\/","title":{"rendered":"Coalesse Enea Lottus"},"content":{"rendered":"<p>Der Enea Lottus ist ein Entwurf von <a href=\"http:\/\/www.lievorealtherrmolina.com\/\" target=\"_blank\" rel=\"noopener\">Lievore Altherr Molina<\/a> f\u00fcr die Marke Coalesse. Diese <a href=\"https:\/\/theresales.nl\/de\/produktkategorie\/stuhle\/\" target=\"_blank\" rel=\"noopener\">Krumm<\/a> bietet ultimativen Komfort und Vielseitigkeit in einem zeitgem\u00e4\u00dfen Design. Perfekt zum Entspannen, Arbeiten oder um sich einen Moment f\u00fcr sich selbst zu g\u00f6nnen.<\/p>","protected":false},"excerpt":{"rendered":"<p><strong>Neupreis 450 \u20ac pro St\u00fcck<\/strong><\/p>\n<p><strong>Abmessungen<\/strong><br \/>\nBreite: 42 cm<br \/>\nTiefe: 50 cm<br \/>\nH\u00f6he: 90 cm<br \/>\nSitzh\u00f6he: 68 cm<br \/>\nSitztiefe: 59 cm<\/p>\n<p><strong>Farbe<\/strong>Schwarz, Gr\u00fcn, Holz<br \/>\n<strong><br \/>\nMaterial<\/strong>Stoff, Holz, Metall<\/p>","protected":false},"featured_media":31789,"template":"","meta":{"_acf_changed":false},"product_brand":[],"product_cat":[34],"product_tag":[456],"ontwerper":[508],"class_list":{"0":"post-31784","1":"product","2":"type-product","3":"status-publish","4":"has-post-thumbnail","6":"product_cat-stoelen","7":"product_tag-coalesse","8":"ontwerper-lievore-altherr-molina","10":"first","11":"instock","12":"shipping-taxable","13":"purchasable","14":"product-type-simple"},"acf":[],"yoast_head":"<!-- This site is optimized with the Yoast SEO plugin v27.5 - https:\/\/yoast.com\/product\/yoast-seo-wordpress\/ -->\n<title>Coalesse Enea Lottus - TheReSales<\/title>\n<meta name=\"description\" content=\"De Enea Lottus is een ontwerp van Lievore Altherr Molina voor het merk Coalesse. Deze kruk biedt ultiem comfort en veelzijdigheid in een eigentijds design.\" \/>\n<meta name=\"robots\" content=\"index, follow, max-snippet:-1, max-image-preview:large, max-video-preview:-1\" \/>\n<link rel=\"canonical\" href=\"https:\/\/theresales.nl\/de\/produkt\/verschmelze-enea-lottus\/\" \/>\n<meta property=\"og:locale\" content=\"de_DE\" \/>\n<meta property=\"og:type\" content=\"article\" \/>\n<meta property=\"og:title\" content=\"Coalesse Enea Lottus - TheReSales\" \/>\n<meta property=\"og:description\" content=\"De Enea Lottus is een ontwerp van Lievore Altherr Molina voor het merk Coalesse. Deze kruk biedt ultiem comfort en veelzijdigheid in een eigentijds design.\" \/>\n<meta property=\"og:url\" content=\"https:\/\/theresales.nl\/de\/produkt\/verschmelze-enea-lottus\/\" \/>\n<meta property=\"og:site_name\" content=\"TheReSales\" \/>\n<meta property=\"article:publisher\" content=\"https:\/\/www.facebook.com\/theresales.nl\" \/>\n<meta property=\"article:modified_time\" content=\"2026-01-02T11:15:35+00:00\" \/>\n<meta property=\"og:image\" content=\"https:\/\/theresales.nl\/wp-content\/uploads\/2024\/01\/20240111_093700993_iOS.jpg\" \/>\n\t<meta property=\"og:image:width\" content=\"1200\" \/>\n\t<meta property=\"og:image:height\" content=\"900\" \/>\n\t<meta property=\"og:image:type\" content=\"image\/jpeg\" \/>\n<meta name=\"twitter:card\" content=\"summary_large_image\" \/>\n<meta name=\"twitter:label1\" content=\"Gesch\u00e4tzte Lesezeit\" \/>\n\t<meta name=\"twitter:data1\" content=\"1\u00a0Minute\" \/>\n<!-- \/ Yoast SEO plugin. -->","yoast_head_json":{"title":"Coalesse Enea Lottus - TheReSales","description":"Der Enea Lottus ist ein Entwurf von Lievore Altherr Molina f\u00fcr die Marke Coalesse. Dieser Hocker bietet ultimativen Komfort und Vielseitigkeit in einem zeitgen\u00f6ssischen Design.","robots":{"index":"index","follow":"follow","max-snippet":"max-snippet:-1","max-image-preview":"max-image-preview:large","max-video-preview":"max-video-preview:-1"},"canonical":"https:\/\/theresales.nl\/de\/produkt\/verschmelze-enea-lottus\/","og_locale":"de_DE","og_type":"article","og_title":"Coalesse Enea Lottus - TheReSales","og_description":"De Enea Lottus is een ontwerp van Lievore Altherr Molina voor het merk Coalesse. Deze kruk biedt ultiem comfort en veelzijdigheid in een eigentijds design.","og_url":"https:\/\/theresales.nl\/de\/produkt\/verschmelze-enea-lottus\/","og_site_name":"TheReSales","article_publisher":"https:\/\/www.facebook.com\/theresales.nl","article_modified_time":"2026-01-02T11:15:35+00:00","og_image":[{"width":1200,"height":900,"url":"https:\/\/theresales.nl\/wp-content\/uploads\/2024\/01\/20240111_093700993_iOS.jpg","type":"image\/jpeg"}],"twitter_card":"summary_large_image","twitter_misc":{"Gesch\u00e4tzte Lesezeit":"1\u00a0Minute"},"schema":{"@context":"https:\/\/schema.org","@graph":[{"@type":"WebPage","@id":"https:\/\/theresales.nl\/product\/coalesse-enea-lottus\/","url":"https:\/\/theresales.nl\/product\/coalesse-enea-lottus\/","name":"Coalesse Enea Lottus - TheReSales","isPartOf":{"@id":"https:\/\/theresales.nl\/#website"},"primaryImageOfPage":{"@id":"https:\/\/theresales.nl\/product\/coalesse-enea-lottus\/#primaryimage"},"image":{"@id":"https:\/\/theresales.nl\/product\/coalesse-enea-lottus\/#primaryimage"},"thumbnailUrl":"https:\/\/theresales.nl\/wp-content\/uploads\/2024\/01\/20240111_093700993_iOS.jpg","datePublished":"2024-01-11T11:00:02+00:00","dateModified":"2026-01-02T11:15:35+00:00","description":"Der Enea Lottus ist ein Entwurf von Lievore Altherr Molina f\u00fcr die Marke Coalesse. Dieser Hocker bietet ultimativen Komfort und Vielseitigkeit in einem zeitgen\u00f6ssischen Design.","breadcrumb":{"@id":"https:\/\/theresales.nl\/product\/coalesse-enea-lottus\/#breadcrumb"},"inLanguage":"de","potentialAction":[{"@type":"ReadAction","target":["https:\/\/theresales.nl\/product\/coalesse-enea-lottus\/"]}]},{"@type":"ImageObject","inLanguage":"de","@id":"https:\/\/theresales.nl\/product\/coalesse-enea-lottus\/#primaryimage","url":"https:\/\/theresales.nl\/wp-content\/uploads\/2024\/01\/20240111_093700993_iOS.jpg","contentUrl":"https:\/\/theresales.nl\/wp-content\/uploads\/2024\/01\/20240111_093700993_iOS.jpg","width":1200,"height":900,"caption":"Kruk-Coalesse-Enea-Lottus-TheReSales"},{"@type":"BreadcrumbList","@id":"https:\/\/theresales.nl\/product\/coalesse-enea-lottus\/#breadcrumb","itemListElement":[{"@type":"ListItem","position":1,"name":"Home","item":"https:\/\/theresales.nl\/"},{"@type":"ListItem","position":2,"name":"Collectie","item":"https:\/\/theresales.nl\/collectie\/"},{"@type":"ListItem","position":3,"name":"Coalesse Enea Lottus"}]},{"@type":"WebSite","@id":"https:\/\/theresales.nl\/#website","url":"https:\/\/theresales.nl\/","name":"TheReSales","description":"Tweedehands Design Meubelen","publisher":{"@id":"https:\/\/theresales.nl\/#organization"},"potentialAction":[{"@type":"SearchAction","target":{"@type":"EntryPoint","urlTemplate":"https:\/\/theresales.nl\/?s={search_term_string}"},"query-input":{"@type":"PropertyValueSpecification","valueRequired":true,"valueName":"search_term_string"}}],"inLanguage":"de"},{"@type":"Organization","@id":"https:\/\/theresales.nl\/#organization","name":"TheReSales","url":"https:\/\/theresales.nl\/","logo":{"@type":"ImageObject","inLanguage":"de","@id":"https:\/\/theresales.nl\/#\/schema\/logo\/image\/","url":"https:\/\/theresales.nl\/wp-content\/uploads\/2026\/04\/Logo-TheReSales.png","contentUrl":"https:\/\/theresales.nl\/wp-content\/uploads\/2026\/04\/Logo-TheReSales.png","width":1200,"height":304,"caption":"TheReSales"},"image":{"@id":"https:\/\/theresales.nl\/#\/schema\/logo\/image\/"},"sameAs":["https:\/\/www.facebook.com\/theresales.nl","https:\/\/www.instagram.com\/_theresales_\/","https:\/\/nl.pinterest.com\/theresalesgroningen\/","https:\/\/www.linkedin.com\/company\/theresales\/"]}]}},"_links":{"self":[{"href":"https:\/\/theresales.nl\/de\/wp-json\/wp\/v2\/product\/31784","targetHints":{"allow":["GET"]}}],"collection":[{"href":"https:\/\/theresales.nl\/de\/wp-json\/wp\/v2\/product"}],"about":[{"href":"https:\/\/theresales.nl\/de\/wp-json\/wp\/v2\/types\/product"}],"wp:featuredmedia":[{"embeddable":true,"href":"https:\/\/theresales.nl\/de\/wp-json\/wp\/v2\/media\/31789"}],"wp:attachment":[{"href":"https:\/\/theresales.nl\/de\/wp-json\/wp\/v2\/media?parent=31784"}],"wp:term":[{"taxonomy":"product_brand","embeddable":true,"href":"https:\/\/theresales.nl\/de\/wp-json\/wp\/v2\/product_brand?post=31784"},{"taxonomy":"product_cat","embeddable":true,"href":"https:\/\/theresales.nl\/de\/wp-json\/wp\/v2\/product_cat?post=31784"},{"taxonomy":"product_tag","embeddable":true,"href":"https:\/\/theresales.nl\/de\/wp-json\/wp\/v2\/product_tag?post=31784"},{"taxonomy":"ontwerper","embeddable":true,"href":"https:\/\/theresales.nl\/de\/wp-json\/wp\/v2\/ontwerper?post=31784"}],"curies":[{"name":"wp","href":"https:\/\/api.w.org\/{rel}","templated":true}]}}