{"id":30744,"date":"2023-12-15T11:01:50","date_gmt":"2023-12-15T10:01:50","guid":{"rendered":"https:\/\/theresales.nl\/?post_type=product&#038;p=30744"},"modified":"2023-12-15T15:17:13","modified_gmt":"2023-12-15T14:17:13","slug":"bert-plantagie-pur-t","status":"publish","type":"product","link":"https:\/\/theresales.nl\/de\/product\/bert-plantagie-pure-t\/","title":{"rendered":"Bert Plantagie Rein T"},"content":{"rendered":"<p>Der Pure T ist ein Entwurf von Bert Plantagie. Diese <a href=\"https:\/\/theresales.nl\/de\/produktkategorie\/tafeln\/esszimmertische\/\" target=\"_blank\" rel=\"noopener\">Esstisch<\/a> kombiniert modernes Design mit einer warmen Atmosph\u00e4re, dank der klaren Linien und nat\u00fcrlichen Optik. Die feinen Details und sorgf\u00e4ltige Verarbeitung machen den Bert Plantagie Pure T nicht nur praktisch, sondern auch stilvoll in jedem Wohnraum!<\/p>","protected":false},"excerpt":{"rendered":"<p><strong>Abmessungen<\/strong><em><br \/>\n<\/em>Breite: 240 cm<br \/>\nTiefe: 140 cm<br \/>\nH\u00f6he: 77 cm<\/p>\n<p><strong>Farbe <\/strong>Holzfarbe<\/p>\n<p><strong>Material <\/strong>Holz<\/p>","protected":false},"featured_media":30752,"template":"","meta":{"_acf_changed":false},"product_brand":[],"product_cat":[118,46],"product_tag":[192],"ontwerper":[490],"class_list":{"0":"post-30744","1":"product","2":"type-product","3":"status-publish","4":"has-post-thumbnail","6":"product_cat-eettafels","7":"product_cat-tafels","8":"product_tag-bert-plantagie","9":"ontwerper-bert-plantagie","11":"first","12":"instock","13":"shipping-taxable","14":"purchasable","15":"product-type-simple"},"acf":[],"yoast_head":"<!-- This site is optimized with the Yoast SEO plugin v27.6 - https:\/\/yoast.com\/product\/yoast-seo-wordpress\/ -->\n<title>Bert Plantagie Pure T - TheReSales<\/title>\n<meta name=\"description\" content=\"De Pure T is een ontwerp van Bert Plantagie. Deze eettafel combineert modern design met een warme sfeer, dankzij de strakke lijnen en natuurlijke look.\" \/>\n<meta name=\"robots\" content=\"index, follow, max-snippet:-1, max-image-preview:large, max-video-preview:-1\" \/>\n<link rel=\"canonical\" href=\"https:\/\/theresales.nl\/de\/produkt\/bert-plantagie-pur-t\/\" \/>\n<meta property=\"og:locale\" content=\"de_DE\" \/>\n<meta property=\"og:type\" content=\"article\" \/>\n<meta property=\"og:title\" content=\"Bert Plantagie Pure T - TheReSales\" \/>\n<meta property=\"og:description\" content=\"De Pure T is een ontwerp van Bert Plantagie. Deze eettafel combineert modern design met een warme sfeer, dankzij de strakke lijnen en natuurlijke look.\" \/>\n<meta property=\"og:url\" content=\"https:\/\/theresales.nl\/de\/produkt\/bert-plantagie-pur-t\/\" \/>\n<meta property=\"og:site_name\" content=\"TheReSales\" \/>\n<meta property=\"article:publisher\" content=\"https:\/\/www.facebook.com\/theresales.nl\" \/>\n<meta property=\"article:modified_time\" content=\"2023-12-15T14:17:13+00:00\" \/>\n<meta property=\"og:image\" content=\"https:\/\/theresales.nl\/wp-content\/uploads\/2023\/12\/20231213_140040103_iOS.jpg\" \/>\n\t<meta property=\"og:image:width\" content=\"1200\" \/>\n\t<meta property=\"og:image:height\" content=\"900\" \/>\n\t<meta property=\"og:image:type\" content=\"image\/jpeg\" \/>\n<meta name=\"twitter:card\" content=\"summary_large_image\" \/>\n<meta name=\"twitter:label1\" content=\"Gesch\u00e4tzte Lesezeit\" \/>\n\t<meta name=\"twitter:data1\" content=\"1\u00a0Minute\" \/>\n<!-- \/ Yoast SEO plugin. -->","yoast_head_json":{"title":"Bert Plantagie Pure T - TheReSales","description":"Der Pure T ist ein Design von Bert Plantagie. Dieser Esstisch kombiniert modernes Design mit einer warmen Atmosph\u00e4re, dank der klaren Linien und nat\u00fcrlichen Optik.","robots":{"index":"index","follow":"follow","max-snippet":"max-snippet:-1","max-image-preview":"max-image-preview:large","max-video-preview":"max-video-preview:-1"},"canonical":"https:\/\/theresales.nl\/de\/produkt\/bert-plantagie-pur-t\/","og_locale":"de_DE","og_type":"article","og_title":"Bert Plantagie Pure T - TheReSales","og_description":"De Pure T is een ontwerp van Bert Plantagie. Deze eettafel combineert modern design met een warme sfeer, dankzij de strakke lijnen en natuurlijke look.","og_url":"https:\/\/theresales.nl\/de\/produkt\/bert-plantagie-pur-t\/","og_site_name":"TheReSales","article_publisher":"https:\/\/www.facebook.com\/theresales.nl","article_modified_time":"2023-12-15T14:17:13+00:00","og_image":[{"width":1200,"height":900,"url":"https:\/\/theresales.nl\/wp-content\/uploads\/2023\/12\/20231213_140040103_iOS.jpg","type":"image\/jpeg"}],"twitter_card":"summary_large_image","twitter_misc":{"Gesch\u00e4tzte Lesezeit":"1\u00a0Minute"},"schema":{"@context":"https:\/\/schema.org","@graph":[{"@type":"WebPage","@id":"https:\/\/theresales.nl\/product\/bert-plantagie-pure-t\/","url":"https:\/\/theresales.nl\/product\/bert-plantagie-pure-t\/","name":"Bert Plantagie Pure T - TheReSales","isPartOf":{"@id":"https:\/\/theresales.nl\/#website"},"primaryImageOfPage":{"@id":"https:\/\/theresales.nl\/product\/bert-plantagie-pure-t\/#primaryimage"},"image":{"@id":"https:\/\/theresales.nl\/product\/bert-plantagie-pure-t\/#primaryimage"},"thumbnailUrl":"https:\/\/theresales.nl\/wp-content\/uploads\/2023\/12\/20231213_140040103_iOS.jpg","datePublished":"2023-12-15T10:01:50+00:00","dateModified":"2023-12-15T14:17:13+00:00","description":"Der Pure T ist ein Design von Bert Plantagie. Dieser Esstisch kombiniert modernes Design mit einer warmen Atmosph\u00e4re, dank der klaren Linien und nat\u00fcrlichen Optik.","breadcrumb":{"@id":"https:\/\/theresales.nl\/product\/bert-plantagie-pure-t\/#breadcrumb"},"inLanguage":"de","potentialAction":[{"@type":"ReadAction","target":["https:\/\/theresales.nl\/product\/bert-plantagie-pure-t\/"]}]},{"@type":"ImageObject","inLanguage":"de","@id":"https:\/\/theresales.nl\/product\/bert-plantagie-pure-t\/#primaryimage","url":"https:\/\/theresales.nl\/wp-content\/uploads\/2023\/12\/20231213_140040103_iOS.jpg","contentUrl":"https:\/\/theresales.nl\/wp-content\/uploads\/2023\/12\/20231213_140040103_iOS.jpg","width":1200,"height":900,"caption":"Eettafel-Bert-Plantagie-Pure-T-TheReSales"},{"@type":"BreadcrumbList","@id":"https:\/\/theresales.nl\/product\/bert-plantagie-pure-t\/#breadcrumb","itemListElement":[{"@type":"ListItem","position":1,"name":"Home","item":"https:\/\/theresales.nl\/"},{"@type":"ListItem","position":2,"name":"Collectie","item":"https:\/\/theresales.nl\/collectie\/"},{"@type":"ListItem","position":3,"name":"Bert Plantagie Pure T"}]},{"@type":"WebSite","@id":"https:\/\/theresales.nl\/#website","url":"https:\/\/theresales.nl\/","name":"TheReSales","description":"Tweedehands Design Meubelen","publisher":{"@id":"https:\/\/theresales.nl\/#organization"},"potentialAction":[{"@type":"SearchAction","target":{"@type":"EntryPoint","urlTemplate":"https:\/\/theresales.nl\/?s={search_term_string}"},"query-input":{"@type":"PropertyValueSpecification","valueRequired":true,"valueName":"search_term_string"}}],"inLanguage":"de"},{"@type":"Organization","@id":"https:\/\/theresales.nl\/#organization","name":"TheReSales","url":"https:\/\/theresales.nl\/","logo":{"@type":"ImageObject","inLanguage":"de","@id":"https:\/\/theresales.nl\/#\/schema\/logo\/image\/","url":"https:\/\/theresales.nl\/wp-content\/uploads\/2026\/04\/Logo-TheReSales.png","contentUrl":"https:\/\/theresales.nl\/wp-content\/uploads\/2026\/04\/Logo-TheReSales.png","width":1200,"height":304,"caption":"TheReSales"},"image":{"@id":"https:\/\/theresales.nl\/#\/schema\/logo\/image\/"},"sameAs":["https:\/\/www.facebook.com\/theresales.nl","https:\/\/www.instagram.com\/_theresales_\/","https:\/\/nl.pinterest.com\/theresalesgroningen\/","https:\/\/www.linkedin.com\/company\/theresales\/"]}]}},"_links":{"self":[{"href":"https:\/\/theresales.nl\/de\/wp-json\/wp\/v2\/product\/30744","targetHints":{"allow":["GET"]}}],"collection":[{"href":"https:\/\/theresales.nl\/de\/wp-json\/wp\/v2\/product"}],"about":[{"href":"https:\/\/theresales.nl\/de\/wp-json\/wp\/v2\/types\/product"}],"wp:featuredmedia":[{"embeddable":true,"href":"https:\/\/theresales.nl\/de\/wp-json\/wp\/v2\/media\/30752"}],"wp:attachment":[{"href":"https:\/\/theresales.nl\/de\/wp-json\/wp\/v2\/media?parent=30744"}],"wp:term":[{"taxonomy":"product_brand","embeddable":true,"href":"https:\/\/theresales.nl\/de\/wp-json\/wp\/v2\/product_brand?post=30744"},{"taxonomy":"product_cat","embeddable":true,"href":"https:\/\/theresales.nl\/de\/wp-json\/wp\/v2\/product_cat?post=30744"},{"taxonomy":"product_tag","embeddable":true,"href":"https:\/\/theresales.nl\/de\/wp-json\/wp\/v2\/product_tag?post=30744"},{"taxonomy":"ontwerper","embeddable":true,"href":"https:\/\/theresales.nl\/de\/wp-json\/wp\/v2\/ontwerper?post=30744"}],"curies":[{"name":"wp","href":"https:\/\/api.w.org\/{rel}","templated":true}]}}