{"id":30589,"date":"2023-12-14T12:11:34","date_gmt":"2023-12-14T11:11:34","guid":{"rendered":"https:\/\/theresales.nl\/?post_type=product&#038;p=30589"},"modified":"2026-01-02T12:11:43","modified_gmt":"2026-01-02T11:11:43","slug":"jan-snoeck-fuchs-stuhl-rot","status":"publish","type":"product","link":"https:\/\/theresales.nl\/de\/product\/jan-snoeck-fox-stoel-rood\/","title":{"rendered":"Jan Snoeck Fuchs Stuhl rot"},"content":{"rendered":"<section class=\"l-section wpb_row height_medium\"><div class=\"l-section-h i-cf\"><div class=\"g-cols vc_row via_grid cols_1 laptops-cols_inherit tablets-cols_inherit mobiles-cols_1 valign_top type_default stacking_default\"><div class=\"wpb_column vc_column_container\"><div class=\"vc_column-inner\"><div class=\"wpb_text_column\"><div class=\"wpb_wrapper\"><p>Der Fuchs Stuhl in Rot ist ein Entwurf von <a href=\"https:\/\/www.jansnoeck.eu\/\" target=\"_blank\" rel=\"noopener\">Jan Snoeck<\/a>. Das auff\u00e4llig und einzigartig <a href=\"https:\/\/theresales.nl\/de\/produktkategorie\/sessel\/\" target=\"_blank\" rel=\"noopener\">M\u00f6belst\u00fcck<\/a> ist sowohl funktional als auch kreativ ist. Von der Seite ist es n\u00e4mlich ein Gesicht!<\/p>\n<\/div><\/div><\/div><\/div><\/div><\/div><\/section>","protected":false},"excerpt":{"rendered":"<p><strong>Abmessungen<\/strong><br \/>\nBreite: 39 cm<br \/>\nTiefe: 71 cm<br \/>\nH\u00f6he: 62 cm<\/p>\n<p><strong>Farbe<\/strong> Rot<\/p>\n<p><strong>Material<\/strong> Kunststoff<\/p>","protected":false},"featured_media":30590,"template":"","meta":{"_acf_changed":false},"product_brand":[],"product_cat":[19,34,90],"product_tag":[321],"ontwerper":[763],"class_list":{"0":"post-30589","1":"product","2":"type-product","3":"status-publish","4":"has-post-thumbnail","6":"product_cat-fauteuils","7":"product_cat-stoelen","8":"product_cat-woonaccessoires","9":"product_tag-overig-design","10":"ontwerper-jan-snoeck","12":"first","13":"instock","14":"shipping-taxable","15":"purchasable","16":"product-type-simple"},"acf":[],"yoast_head":"<!-- This site is optimized with the Yoast SEO plugin v27.5 - https:\/\/yoast.com\/product\/yoast-seo-wordpress\/ -->\n<title>Jan Snoeck Fox Stoel rood - TheReSales<\/title>\n<meta name=\"description\" content=\"De Fox Stoel in het rood is een ontwerp van Jan Snoeck. Dit opvallend en uniek meubelstuk is zowel functioneel als creatief is.\" \/>\n<meta name=\"robots\" content=\"index, follow, max-snippet:-1, max-image-preview:large, max-video-preview:-1\" \/>\n<link rel=\"canonical\" href=\"https:\/\/theresales.nl\/de\/produkt\/jan-snoeck-fuchs-stuhl-rot\/\" \/>\n<meta property=\"og:locale\" content=\"de_DE\" \/>\n<meta property=\"og:type\" content=\"article\" \/>\n<meta property=\"og:title\" content=\"Jan Snoeck Fox Stoel rood - TheReSales\" \/>\n<meta property=\"og:description\" content=\"De Fox Stoel in het rood is een ontwerp van Jan Snoeck. Dit opvallend en uniek meubelstuk is zowel functioneel als creatief is.\" \/>\n<meta property=\"og:url\" content=\"https:\/\/theresales.nl\/de\/produkt\/jan-snoeck-fuchs-stuhl-rot\/\" \/>\n<meta property=\"og:site_name\" content=\"TheReSales\" \/>\n<meta property=\"article:publisher\" content=\"https:\/\/www.facebook.com\/theresales.nl\" \/>\n<meta property=\"article:modified_time\" content=\"2026-01-02T11:11:43+00:00\" \/>\n<meta property=\"og:image\" content=\"https:\/\/theresales.nl\/wp-content\/uploads\/2023\/12\/20231212_101500683_iOS.jpg\" \/>\n\t<meta property=\"og:image:width\" content=\"1200\" \/>\n\t<meta property=\"og:image:height\" content=\"900\" \/>\n\t<meta property=\"og:image:type\" content=\"image\/jpeg\" \/>\n<meta name=\"twitter:card\" content=\"summary_large_image\" \/>\n<meta name=\"twitter:label1\" content=\"Gesch\u00e4tzte Lesezeit\" \/>\n\t<meta name=\"twitter:data1\" content=\"1\u00a0Minute\" \/>\n<!-- \/ Yoast SEO plugin. -->","yoast_head_json":{"title":"Jan Snoeck Fuchs Stuhl rot - TheReSales","description":"Der Fuchs Stuhl in Rot ist ein Entwurf von Jan Snoeck. Dieses auff\u00e4llige und einzigartige M\u00f6belst\u00fcck ist sowohl funktional als auch kreativ.","robots":{"index":"index","follow":"follow","max-snippet":"max-snippet:-1","max-image-preview":"max-image-preview:large","max-video-preview":"max-video-preview:-1"},"canonical":"https:\/\/theresales.nl\/de\/produkt\/jan-snoeck-fuchs-stuhl-rot\/","og_locale":"de_DE","og_type":"article","og_title":"Jan Snoeck Fox Stoel rood - TheReSales","og_description":"De Fox Stoel in het rood is een ontwerp van Jan Snoeck. Dit opvallend en uniek meubelstuk is zowel functioneel als creatief is.","og_url":"https:\/\/theresales.nl\/de\/produkt\/jan-snoeck-fuchs-stuhl-rot\/","og_site_name":"TheReSales","article_publisher":"https:\/\/www.facebook.com\/theresales.nl","article_modified_time":"2026-01-02T11:11:43+00:00","og_image":[{"width":1200,"height":900,"url":"https:\/\/theresales.nl\/wp-content\/uploads\/2023\/12\/20231212_101500683_iOS.jpg","type":"image\/jpeg"}],"twitter_card":"summary_large_image","twitter_misc":{"Gesch\u00e4tzte Lesezeit":"1\u00a0Minute"},"schema":{"@context":"https:\/\/schema.org","@graph":[{"@type":"WebPage","@id":"https:\/\/theresales.nl\/product\/jan-snoeck-fox-stoel-rood\/","url":"https:\/\/theresales.nl\/product\/jan-snoeck-fox-stoel-rood\/","name":"Jan Snoeck Fuchs Stuhl rot - TheReSales","isPartOf":{"@id":"https:\/\/theresales.nl\/#website"},"primaryImageOfPage":{"@id":"https:\/\/theresales.nl\/product\/jan-snoeck-fox-stoel-rood\/#primaryimage"},"image":{"@id":"https:\/\/theresales.nl\/product\/jan-snoeck-fox-stoel-rood\/#primaryimage"},"thumbnailUrl":"https:\/\/theresales.nl\/wp-content\/uploads\/2023\/12\/20231212_101500683_iOS.jpg","datePublished":"2023-12-14T11:11:34+00:00","dateModified":"2026-01-02T11:11:43+00:00","description":"Der Fuchs Stuhl in Rot ist ein Entwurf von Jan Snoeck. Dieses auff\u00e4llige und einzigartige M\u00f6belst\u00fcck ist sowohl funktional als auch kreativ.","breadcrumb":{"@id":"https:\/\/theresales.nl\/product\/jan-snoeck-fox-stoel-rood\/#breadcrumb"},"inLanguage":"de","potentialAction":[{"@type":"ReadAction","target":["https:\/\/theresales.nl\/product\/jan-snoeck-fox-stoel-rood\/"]}]},{"@type":"ImageObject","inLanguage":"de","@id":"https:\/\/theresales.nl\/product\/jan-snoeck-fox-stoel-rood\/#primaryimage","url":"https:\/\/theresales.nl\/wp-content\/uploads\/2023\/12\/20231212_101500683_iOS.jpg","contentUrl":"https:\/\/theresales.nl\/wp-content\/uploads\/2023\/12\/20231212_101500683_iOS.jpg","width":1200,"height":900,"caption":"Jan-Snoeck-Fox-Stoel-rood-TheReSales"},{"@type":"BreadcrumbList","@id":"https:\/\/theresales.nl\/product\/jan-snoeck-fox-stoel-rood\/#breadcrumb","itemListElement":[{"@type":"ListItem","position":1,"name":"Home","item":"https:\/\/theresales.nl\/"},{"@type":"ListItem","position":2,"name":"Collectie","item":"https:\/\/theresales.nl\/collectie\/"},{"@type":"ListItem","position":3,"name":"Jan Snoeck Fox Stoel rood"}]},{"@type":"WebSite","@id":"https:\/\/theresales.nl\/#website","url":"https:\/\/theresales.nl\/","name":"TheReSales","description":"Tweedehands Design Meubelen","publisher":{"@id":"https:\/\/theresales.nl\/#organization"},"potentialAction":[{"@type":"SearchAction","target":{"@type":"EntryPoint","urlTemplate":"https:\/\/theresales.nl\/?s={search_term_string}"},"query-input":{"@type":"PropertyValueSpecification","valueRequired":true,"valueName":"search_term_string"}}],"inLanguage":"de"},{"@type":"Organization","@id":"https:\/\/theresales.nl\/#organization","name":"TheReSales","url":"https:\/\/theresales.nl\/","logo":{"@type":"ImageObject","inLanguage":"de","@id":"https:\/\/theresales.nl\/#\/schema\/logo\/image\/","url":"https:\/\/theresales.nl\/wp-content\/uploads\/2026\/04\/Logo-TheReSales.png","contentUrl":"https:\/\/theresales.nl\/wp-content\/uploads\/2026\/04\/Logo-TheReSales.png","width":1200,"height":304,"caption":"TheReSales"},"image":{"@id":"https:\/\/theresales.nl\/#\/schema\/logo\/image\/"},"sameAs":["https:\/\/www.facebook.com\/theresales.nl","https:\/\/www.instagram.com\/_theresales_\/","https:\/\/nl.pinterest.com\/theresalesgroningen\/","https:\/\/www.linkedin.com\/company\/theresales\/"]}]}},"_links":{"self":[{"href":"https:\/\/theresales.nl\/de\/wp-json\/wp\/v2\/product\/30589","targetHints":{"allow":["GET"]}}],"collection":[{"href":"https:\/\/theresales.nl\/de\/wp-json\/wp\/v2\/product"}],"about":[{"href":"https:\/\/theresales.nl\/de\/wp-json\/wp\/v2\/types\/product"}],"wp:featuredmedia":[{"embeddable":true,"href":"https:\/\/theresales.nl\/de\/wp-json\/wp\/v2\/media\/30590"}],"wp:attachment":[{"href":"https:\/\/theresales.nl\/de\/wp-json\/wp\/v2\/media?parent=30589"}],"wp:term":[{"taxonomy":"product_brand","embeddable":true,"href":"https:\/\/theresales.nl\/de\/wp-json\/wp\/v2\/product_brand?post=30589"},{"taxonomy":"product_cat","embeddable":true,"href":"https:\/\/theresales.nl\/de\/wp-json\/wp\/v2\/product_cat?post=30589"},{"taxonomy":"product_tag","embeddable":true,"href":"https:\/\/theresales.nl\/de\/wp-json\/wp\/v2\/product_tag?post=30589"},{"taxonomy":"ontwerper","embeddable":true,"href":"https:\/\/theresales.nl\/de\/wp-json\/wp\/v2\/ontwerper?post=30589"}],"curies":[{"name":"wp","href":"https:\/\/api.w.org\/{rel}","templated":true}]}}