{"id":29767,"date":"2023-11-29T13:26:36","date_gmt":"2023-11-29T12:26:36","guid":{"rendered":"https:\/\/theresales.nl\/?post_type=product&#038;p=29767"},"modified":"2026-01-02T12:12:51","modified_gmt":"2026-01-02T11:12:51","slug":"design-sesseldrucke","status":"publish","type":"product","link":"https:\/\/theresales.nl\/de\/product\/design-fauteuil-prints\/","title":{"rendered":"Design Sessel Drucke"},"content":{"rendered":"<p>Dieses schwarze Design <a href=\"https:\/\/theresales.nl\/de\/produktkategorie\/sessel\/\" target=\"_blank\" rel=\"noopener\">Sessel<\/a>\u00a0met prints ist eine stilvolle Erg\u00e4nzung f\u00fcr jeden Raum. Mit seinen wei\u00dfen Mustern, der hohen R\u00fcckenlehne und den bequemen Armlehnen strahlt er Klasse aus. Die Holzf\u00fc\u00dfe verleihen eine warme Note. Perfekt, um nach einem langen Tag darin zu versinken, w\u00e4hrend das moderne Design Ihr Interieur aufwertet.<\/p>","protected":false},"excerpt":{"rendered":"<p><strong>Abmessungen<\/strong><br \/>\nBreite: 65 cm<br \/>\nH\u00f6he: 99 cm<br \/>\nTiefe: 70 cm<br \/>\nSitzh\u00f6he: 48 cm<br \/>\nSitztiefe: 50 cm<\/p>\n<p><strong>Farbe<\/strong> Schwarz, wei\u00dfe Drucke<\/p>\n<p><strong>Material <\/strong>Stoff, Holz<\/p>","protected":false},"featured_media":29768,"template":"","meta":{"_acf_changed":false},"product_brand":[],"product_cat":[19],"product_tag":[321],"ontwerper":[],"class_list":{"0":"post-29767","1":"product","2":"type-product","3":"status-publish","4":"has-post-thumbnail","6":"product_cat-fauteuils","7":"product_tag-overig-design","9":"first","10":"instock","11":"shipping-taxable","12":"purchasable","13":"product-type-simple"},"acf":[],"yoast_head":"<!-- This site is optimized with the Yoast SEO plugin v27.5 - https:\/\/yoast.com\/product\/yoast-seo-wordpress\/ -->\n<title>Design Fauteuil prints - TheReSales<\/title>\n<meta name=\"description\" content=\"Deze zwarte design fauteuil met prints is een stijlvolle toevoeging aan elke ruimte. Met zijn witte patronen, hoge rugleuning en comfortabele armleuningen..\" \/>\n<meta name=\"robots\" content=\"index, follow, max-snippet:-1, max-image-preview:large, max-video-preview:-1\" \/>\n<link rel=\"canonical\" href=\"https:\/\/theresales.nl\/de\/produkt\/design-sesseldrucke\/\" \/>\n<meta property=\"og:locale\" content=\"de_DE\" \/>\n<meta property=\"og:type\" content=\"article\" \/>\n<meta property=\"og:title\" content=\"Design Fauteuil prints - TheReSales\" \/>\n<meta property=\"og:description\" content=\"Deze zwarte design fauteuil met prints is een stijlvolle toevoeging aan elke ruimte. Met zijn witte patronen, hoge rugleuning en comfortabele armleuningen..\" \/>\n<meta property=\"og:url\" content=\"https:\/\/theresales.nl\/de\/produkt\/design-sesseldrucke\/\" \/>\n<meta property=\"og:site_name\" content=\"TheReSales\" \/>\n<meta property=\"article:publisher\" content=\"https:\/\/www.facebook.com\/theresales.nl\" \/>\n<meta property=\"article:modified_time\" content=\"2026-01-02T11:12:51+00:00\" \/>\n<meta property=\"og:image\" content=\"https:\/\/theresales.nl\/wp-content\/uploads\/2023\/11\/20231129_091047851_iOS.jpg\" \/>\n\t<meta property=\"og:image:width\" content=\"1200\" \/>\n\t<meta property=\"og:image:height\" content=\"900\" \/>\n\t<meta property=\"og:image:type\" content=\"image\/jpeg\" \/>\n<meta name=\"twitter:card\" content=\"summary_large_image\" \/>\n<meta name=\"twitter:label1\" content=\"Gesch\u00e4tzte Lesezeit\" \/>\n\t<meta name=\"twitter:data1\" content=\"1\u00a0Minute\" \/>\n<!-- \/ Yoast SEO plugin. -->","yoast_head_json":{"title":"Design Fauteuil Drucke - TheReSales","description":"Dieser schwarze Design-Sessel mit Drucken ist eine stilvolle Erg\u00e4nzung f\u00fcr jeden Raum. Mit seinen wei\u00dfen Mustern, der hohen R\u00fcckenlehne und den bequemen Armlehnen.","robots":{"index":"index","follow":"follow","max-snippet":"max-snippet:-1","max-image-preview":"max-image-preview:large","max-video-preview":"max-video-preview:-1"},"canonical":"https:\/\/theresales.nl\/de\/produkt\/design-sesseldrucke\/","og_locale":"de_DE","og_type":"article","og_title":"Design Fauteuil prints - TheReSales","og_description":"Deze zwarte design fauteuil met prints is een stijlvolle toevoeging aan elke ruimte. Met zijn witte patronen, hoge rugleuning en comfortabele armleuningen..","og_url":"https:\/\/theresales.nl\/de\/produkt\/design-sesseldrucke\/","og_site_name":"TheReSales","article_publisher":"https:\/\/www.facebook.com\/theresales.nl","article_modified_time":"2026-01-02T11:12:51+00:00","og_image":[{"width":1200,"height":900,"url":"https:\/\/theresales.nl\/wp-content\/uploads\/2023\/11\/20231129_091047851_iOS.jpg","type":"image\/jpeg"}],"twitter_card":"summary_large_image","twitter_misc":{"Gesch\u00e4tzte Lesezeit":"1\u00a0Minute"},"schema":{"@context":"https:\/\/schema.org","@graph":[{"@type":"WebPage","@id":"https:\/\/theresales.nl\/product\/design-fauteuil-prints\/","url":"https:\/\/theresales.nl\/product\/design-fauteuil-prints\/","name":"Design Fauteuil Drucke - TheReSales","isPartOf":{"@id":"https:\/\/theresales.nl\/#website"},"primaryImageOfPage":{"@id":"https:\/\/theresales.nl\/product\/design-fauteuil-prints\/#primaryimage"},"image":{"@id":"https:\/\/theresales.nl\/product\/design-fauteuil-prints\/#primaryimage"},"thumbnailUrl":"https:\/\/theresales.nl\/wp-content\/uploads\/2023\/11\/20231129_091047851_iOS.jpg","datePublished":"2023-11-29T12:26:36+00:00","dateModified":"2026-01-02T11:12:51+00:00","description":"Dieser schwarze Design-Sessel mit Drucken ist eine stilvolle Erg\u00e4nzung f\u00fcr jeden Raum. Mit seinen wei\u00dfen Mustern, der hohen R\u00fcckenlehne und den bequemen Armlehnen.","breadcrumb":{"@id":"https:\/\/theresales.nl\/product\/design-fauteuil-prints\/#breadcrumb"},"inLanguage":"de","potentialAction":[{"@type":"ReadAction","target":["https:\/\/theresales.nl\/product\/design-fauteuil-prints\/"]}]},{"@type":"ImageObject","inLanguage":"de","@id":"https:\/\/theresales.nl\/product\/design-fauteuil-prints\/#primaryimage","url":"https:\/\/theresales.nl\/wp-content\/uploads\/2023\/11\/20231129_091047851_iOS.jpg","contentUrl":"https:\/\/theresales.nl\/wp-content\/uploads\/2023\/11\/20231129_091047851_iOS.jpg","width":1200,"height":900,"caption":"designstoel- design-stoel-patronen-theresales"},{"@type":"BreadcrumbList","@id":"https:\/\/theresales.nl\/product\/design-fauteuil-prints\/#breadcrumb","itemListElement":[{"@type":"ListItem","position":1,"name":"Home","item":"https:\/\/theresales.nl\/"},{"@type":"ListItem","position":2,"name":"Collectie","item":"https:\/\/theresales.nl\/collectie\/"},{"@type":"ListItem","position":3,"name":"Design Fauteuil prints"}]},{"@type":"WebSite","@id":"https:\/\/theresales.nl\/#website","url":"https:\/\/theresales.nl\/","name":"TheReSales","description":"Tweedehands Design Meubelen","publisher":{"@id":"https:\/\/theresales.nl\/#organization"},"potentialAction":[{"@type":"SearchAction","target":{"@type":"EntryPoint","urlTemplate":"https:\/\/theresales.nl\/?s={search_term_string}"},"query-input":{"@type":"PropertyValueSpecification","valueRequired":true,"valueName":"search_term_string"}}],"inLanguage":"de"},{"@type":"Organization","@id":"https:\/\/theresales.nl\/#organization","name":"TheReSales","url":"https:\/\/theresales.nl\/","logo":{"@type":"ImageObject","inLanguage":"de","@id":"https:\/\/theresales.nl\/#\/schema\/logo\/image\/","url":"https:\/\/theresales.nl\/wp-content\/uploads\/2026\/04\/Logo-TheReSales.png","contentUrl":"https:\/\/theresales.nl\/wp-content\/uploads\/2026\/04\/Logo-TheReSales.png","width":1200,"height":304,"caption":"TheReSales"},"image":{"@id":"https:\/\/theresales.nl\/#\/schema\/logo\/image\/"},"sameAs":["https:\/\/www.facebook.com\/theresales.nl","https:\/\/www.instagram.com\/_theresales_\/","https:\/\/nl.pinterest.com\/theresalesgroningen\/","https:\/\/www.linkedin.com\/company\/theresales\/"]}]}},"_links":{"self":[{"href":"https:\/\/theresales.nl\/de\/wp-json\/wp\/v2\/product\/29767","targetHints":{"allow":["GET"]}}],"collection":[{"href":"https:\/\/theresales.nl\/de\/wp-json\/wp\/v2\/product"}],"about":[{"href":"https:\/\/theresales.nl\/de\/wp-json\/wp\/v2\/types\/product"}],"wp:featuredmedia":[{"embeddable":true,"href":"https:\/\/theresales.nl\/de\/wp-json\/wp\/v2\/media\/29768"}],"wp:attachment":[{"href":"https:\/\/theresales.nl\/de\/wp-json\/wp\/v2\/media?parent=29767"}],"wp:term":[{"taxonomy":"product_brand","embeddable":true,"href":"https:\/\/theresales.nl\/de\/wp-json\/wp\/v2\/product_brand?post=29767"},{"taxonomy":"product_cat","embeddable":true,"href":"https:\/\/theresales.nl\/de\/wp-json\/wp\/v2\/product_cat?post=29767"},{"taxonomy":"product_tag","embeddable":true,"href":"https:\/\/theresales.nl\/de\/wp-json\/wp\/v2\/product_tag?post=29767"},{"taxonomy":"ontwerper","embeddable":true,"href":"https:\/\/theresales.nl\/de\/wp-json\/wp\/v2\/ontwerper?post=29767"}],"curies":[{"name":"wp","href":"https:\/\/api.w.org\/{rel}","templated":true}]}}