{"id":29261,"date":"2023-11-15T12:06:19","date_gmt":"2023-11-15T11:06:19","guid":{"rendered":"https:\/\/theresales.nl\/?post_type=product&#038;p=29261"},"modified":"2026-01-02T12:13:29","modified_gmt":"2026-01-02T11:13:29","slug":"bb-italia-cubik","status":"publish","type":"product","link":"https:\/\/theresales.nl\/de\/product\/bb-italia-cubik\/","title":{"rendered":"B&amp;B Italia Kubik"},"content":{"rendered":"<p>Der Cubik ist ein Entwurf von <a href=\"https:\/\/www.massaud.com\/\" target=\"_blank\" rel=\"noopener\">Jean Marie Massaud<\/a> f\u00fcr die Marke B&amp;B Italia. Die w\u00fcrfelf\u00f6rmige Lampe mit einem klaren rechteckigen Schirm auf einem schlanken Metallrahmen passt perfekt in zeitgen\u00f6ssische Interieurs. Es scheint, als w\u00fcrde der leichte Block schweben, und der weiche, diffuse Schein schafft eine ruhige Atmosph\u00e4re.<\/p>","protected":false},"excerpt":{"rendered":"<p><strong>Abmessungen<\/strong><br \/>\nBreite: 56 cm<br \/>\nH\u00f6he: 180 cm<br \/>\nTiefe: 56 cm<br \/>\n<strong><br \/>\nFarbe<\/strong>: Geist, Metall<br \/>\n<strong><br \/>\nMaterial<\/strong>: Leinen, Metall<\/p>","protected":false},"featured_media":45685,"template":"","meta":{"_acf_changed":false},"product_brand":[],"product_cat":[35,141],"product_tag":[189],"ontwerper":[639],"class_list":{"0":"post-29261","1":"product","2":"type-product","3":"status-publish","4":"has-post-thumbnail","6":"product_cat-lampen","7":"product_cat-vloerlampen","8":"product_tag-bb-italia","9":"ontwerper-jean-marie-massaud","11":"first","12":"instock","13":"shipping-taxable","14":"purchasable","15":"product-type-simple"},"acf":[],"yoast_head":"<!-- This site is optimized with the Yoast SEO plugin v27.5 - https:\/\/yoast.com\/product\/yoast-seo-wordpress\/ -->\n<title>B&amp;B Italia Cubik - TheReSales<\/title>\n<meta name=\"description\" content=\"De Cubik is een ontwerp van Jean Marie Massaud voor het merk B&amp;B Italia. Deze lamp een eigentijdse elegantie in elke ruimte.\" \/>\n<meta name=\"robots\" content=\"index, follow, max-snippet:-1, max-image-preview:large, max-video-preview:-1\" \/>\n<link rel=\"canonical\" href=\"https:\/\/theresales.nl\/de\/produkt\/bb-italia-cubik\/\" \/>\n<meta property=\"og:locale\" content=\"de_DE\" \/>\n<meta property=\"og:type\" content=\"article\" \/>\n<meta property=\"og:title\" content=\"B&amp;B Italia Cubik - TheReSales\" \/>\n<meta property=\"og:description\" content=\"De Cubik is een ontwerp van Jean Marie Massaud voor het merk B&amp;B Italia. Deze lamp een eigentijdse elegantie in elke ruimte.\" \/>\n<meta property=\"og:url\" content=\"https:\/\/theresales.nl\/de\/produkt\/bb-italia-cubik\/\" \/>\n<meta property=\"og:site_name\" content=\"TheReSales\" \/>\n<meta property=\"article:publisher\" content=\"https:\/\/www.facebook.com\/theresales.nl\" \/>\n<meta property=\"article:modified_time\" content=\"2026-01-02T11:13:29+00:00\" \/>\n<meta property=\"og:image\" content=\"https:\/\/theresales.nl\/wp-content\/uploads\/2023\/11\/cubik.jpg\" \/>\n\t<meta property=\"og:image:width\" content=\"1200\" \/>\n\t<meta property=\"og:image:height\" content=\"900\" \/>\n\t<meta property=\"og:image:type\" content=\"image\/jpeg\" \/>\n<meta name=\"twitter:card\" content=\"summary_large_image\" \/>\n<meta name=\"twitter:label1\" content=\"Gesch\u00e4tzte Lesezeit\" \/>\n\t<meta name=\"twitter:data1\" content=\"1\u00a0Minute\" \/>\n<!-- \/ Yoast SEO plugin. -->","yoast_head_json":{"title":"B&amp;B Italia Cubik - TheReSales","description":"De Cubik ist ein Design von Jean Marie Massaud f\u00fcr die Marke B&amp;B Italia. Diese Lampe bringt zeitlose Eleganz in jeden Raum.","robots":{"index":"index","follow":"follow","max-snippet":"max-snippet:-1","max-image-preview":"max-image-preview:large","max-video-preview":"max-video-preview:-1"},"canonical":"https:\/\/theresales.nl\/de\/produkt\/bb-italia-cubik\/","og_locale":"de_DE","og_type":"article","og_title":"B&B Italia Cubik - TheReSales","og_description":"De Cubik is een ontwerp van Jean Marie Massaud voor het merk B&B Italia. Deze lamp een eigentijdse elegantie in elke ruimte.","og_url":"https:\/\/theresales.nl\/de\/produkt\/bb-italia-cubik\/","og_site_name":"TheReSales","article_publisher":"https:\/\/www.facebook.com\/theresales.nl","article_modified_time":"2026-01-02T11:13:29+00:00","og_image":[{"width":1200,"height":900,"url":"https:\/\/theresales.nl\/wp-content\/uploads\/2023\/11\/cubik.jpg","type":"image\/jpeg"}],"twitter_card":"summary_large_image","twitter_misc":{"Gesch\u00e4tzte Lesezeit":"1\u00a0Minute"},"schema":{"@context":"https:\/\/schema.org","@graph":[{"@type":"WebPage","@id":"https:\/\/theresales.nl\/product\/bb-italia-cubik\/","url":"https:\/\/theresales.nl\/product\/bb-italia-cubik\/","name":"B&amp;B Italia Cubik - TheReSales","isPartOf":{"@id":"https:\/\/theresales.nl\/#website"},"primaryImageOfPage":{"@id":"https:\/\/theresales.nl\/product\/bb-italia-cubik\/#primaryimage"},"image":{"@id":"https:\/\/theresales.nl\/product\/bb-italia-cubik\/#primaryimage"},"thumbnailUrl":"https:\/\/theresales.nl\/wp-content\/uploads\/2023\/11\/cubik.jpg","datePublished":"2023-11-15T11:06:19+00:00","dateModified":"2026-01-02T11:13:29+00:00","description":"De Cubik ist ein Design von Jean Marie Massaud f\u00fcr die Marke B&amp;B Italia. Diese Lampe bringt zeitlose Eleganz in jeden Raum.","breadcrumb":{"@id":"https:\/\/theresales.nl\/product\/bb-italia-cubik\/#breadcrumb"},"inLanguage":"de","potentialAction":[{"@type":"ReadAction","target":["https:\/\/theresales.nl\/product\/bb-italia-cubik\/"]}]},{"@type":"ImageObject","inLanguage":"de","@id":"https:\/\/theresales.nl\/product\/bb-italia-cubik\/#primaryimage","url":"https:\/\/theresales.nl\/wp-content\/uploads\/2023\/11\/cubik.jpg","contentUrl":"https:\/\/theresales.nl\/wp-content\/uploads\/2023\/11\/cubik.jpg","width":1200,"height":900,"caption":"B&B-Italia-Cubik-theresales"},{"@type":"BreadcrumbList","@id":"https:\/\/theresales.nl\/product\/bb-italia-cubik\/#breadcrumb","itemListElement":[{"@type":"ListItem","position":1,"name":"Home","item":"https:\/\/theresales.nl\/"},{"@type":"ListItem","position":2,"name":"Collectie","item":"https:\/\/theresales.nl\/collectie\/"},{"@type":"ListItem","position":3,"name":"B&#038;B Italia Cubik"}]},{"@type":"WebSite","@id":"https:\/\/theresales.nl\/#website","url":"https:\/\/theresales.nl\/","name":"TheReSales","description":"Tweedehands Design Meubelen","publisher":{"@id":"https:\/\/theresales.nl\/#organization"},"potentialAction":[{"@type":"SearchAction","target":{"@type":"EntryPoint","urlTemplate":"https:\/\/theresales.nl\/?s={search_term_string}"},"query-input":{"@type":"PropertyValueSpecification","valueRequired":true,"valueName":"search_term_string"}}],"inLanguage":"de"},{"@type":"Organization","@id":"https:\/\/theresales.nl\/#organization","name":"TheReSales","url":"https:\/\/theresales.nl\/","logo":{"@type":"ImageObject","inLanguage":"de","@id":"https:\/\/theresales.nl\/#\/schema\/logo\/image\/","url":"https:\/\/theresales.nl\/wp-content\/uploads\/2026\/04\/Logo-TheReSales.png","contentUrl":"https:\/\/theresales.nl\/wp-content\/uploads\/2026\/04\/Logo-TheReSales.png","width":1200,"height":304,"caption":"TheReSales"},"image":{"@id":"https:\/\/theresales.nl\/#\/schema\/logo\/image\/"},"sameAs":["https:\/\/www.facebook.com\/theresales.nl","https:\/\/www.instagram.com\/_theresales_\/","https:\/\/nl.pinterest.com\/theresalesgroningen\/","https:\/\/www.linkedin.com\/company\/theresales\/"]}]}},"_links":{"self":[{"href":"https:\/\/theresales.nl\/de\/wp-json\/wp\/v2\/product\/29261","targetHints":{"allow":["GET"]}}],"collection":[{"href":"https:\/\/theresales.nl\/de\/wp-json\/wp\/v2\/product"}],"about":[{"href":"https:\/\/theresales.nl\/de\/wp-json\/wp\/v2\/types\/product"}],"wp:featuredmedia":[{"embeddable":true,"href":"https:\/\/theresales.nl\/de\/wp-json\/wp\/v2\/media\/45685"}],"wp:attachment":[{"href":"https:\/\/theresales.nl\/de\/wp-json\/wp\/v2\/media?parent=29261"}],"wp:term":[{"taxonomy":"product_brand","embeddable":true,"href":"https:\/\/theresales.nl\/de\/wp-json\/wp\/v2\/product_brand?post=29261"},{"taxonomy":"product_cat","embeddable":true,"href":"https:\/\/theresales.nl\/de\/wp-json\/wp\/v2\/product_cat?post=29261"},{"taxonomy":"product_tag","embeddable":true,"href":"https:\/\/theresales.nl\/de\/wp-json\/wp\/v2\/product_tag?post=29261"},{"taxonomy":"ontwerper","embeddable":true,"href":"https:\/\/theresales.nl\/de\/wp-json\/wp\/v2\/ontwerper?post=29261"}],"curies":[{"name":"wp","href":"https:\/\/api.w.org\/{rel}","templated":true}]}}