{"id":28803,"date":"2023-10-20T14:51:08","date_gmt":"2023-10-20T12:51:08","guid":{"rendered":"https:\/\/theresales.nl\/?post_type=product&#038;p=28803"},"modified":"2026-01-02T12:09:34","modified_gmt":"2026-01-02T11:09:34","slug":"dutch-carpets-cable-coffee","status":"publish","type":"product","link":"https:\/\/theresales.nl\/de\/product\/dutch-carpets-cable-coffee\/","title":{"rendered":"Niederl\u00e4ndisch Carpets Kabel Kaffee"},"content":{"rendered":"<p>Dit Coffee karpet is afkomstig uit de Cable-collectie van het merk Dutch Carpets. Dit design <a href=\"https:\/\/theresales.nl\/de\/produktkategorie\/karpetten\/\" target=\"_blank\" rel=\"noopener\">Teppich<\/a> f\u00fcgt W\u00e4rme und Komfort zu jedem Raum hinzu. Mit seiner weichen Textur und luxuri\u00f6sen Ausstrahlung schafft es eine gem\u00fctliche Atmosph\u00e4re, perfekt zum Entspannen und Genie\u00dfen.<\/p>","protected":false},"excerpt":{"rendered":"<p><strong>Abmessungen<\/strong><br \/>\nBreedte: 160 cm<br \/>\nDiepte: 230 cm<\/p>\n<p><strong>Farbe<\/strong>: Coffee<\/p>\n<p><strong>Material<\/strong>: Wolke<\/p>","protected":false},"featured_media":28805,"template":"","meta":{"_acf_changed":false},"product_brand":[],"product_cat":[128],"product_tag":[475],"ontwerper":[],"class_list":{"0":"post-28803","1":"product","2":"type-product","3":"status-publish","4":"has-post-thumbnail","6":"product_cat-karpetten","7":"product_tag-dutch-carpets","9":"first","10":"instock","11":"shipping-taxable","12":"purchasable","13":"product-type-simple"},"acf":[],"yoast_head":"<!-- This site is optimized with the Yoast SEO plugin v27.5 - https:\/\/yoast.com\/product\/yoast-seo-wordpress\/ -->\n<title>Dutch Carpets Cable Coffee - TheReSales<\/title>\n<meta name=\"description\" content=\"Dit Coffee karpet is afkomstig uit de Cable collectie van het merk Dutch Carpets. Zachte textuur, luxe uitstraling, gezellige sfeer.\" \/>\n<meta name=\"robots\" content=\"index, follow, max-snippet:-1, max-image-preview:large, max-video-preview:-1\" \/>\n<link rel=\"canonical\" href=\"https:\/\/theresales.nl\/de\/produkt\/dutch-carpets-cable-coffee\/\" \/>\n<meta property=\"og:locale\" content=\"de_DE\" \/>\n<meta property=\"og:type\" content=\"article\" \/>\n<meta property=\"og:title\" content=\"Dutch Carpets Cable Coffee - TheReSales\" \/>\n<meta property=\"og:description\" content=\"Dit Coffee karpet is afkomstig uit de Cable collectie van het merk Dutch Carpets. Zachte textuur, luxe uitstraling, gezellige sfeer.\" \/>\n<meta property=\"og:url\" content=\"https:\/\/theresales.nl\/de\/produkt\/dutch-carpets-cable-coffee\/\" \/>\n<meta property=\"og:site_name\" content=\"TheReSales\" \/>\n<meta property=\"article:publisher\" content=\"https:\/\/www.facebook.com\/theresales.nl\" \/>\n<meta property=\"article:modified_time\" content=\"2026-01-02T11:09:34+00:00\" \/>\n<meta property=\"og:image\" content=\"https:\/\/theresales.nl\/wp-content\/uploads\/2023\/10\/20231020_092610509_iOS.jpg\" \/>\n\t<meta property=\"og:image:width\" content=\"1200\" \/>\n\t<meta property=\"og:image:height\" content=\"900\" \/>\n\t<meta property=\"og:image:type\" content=\"image\/jpeg\" \/>\n<meta name=\"twitter:card\" content=\"summary_large_image\" \/>\n<meta name=\"twitter:label1\" content=\"Gesch\u00e4tzte Lesezeit\" \/>\n\t<meta name=\"twitter:data1\" content=\"1\u00a0Minute\" \/>\n<!-- \/ Yoast SEO plugin. -->","yoast_head_json":{"title":"Dutch Carpets Cable Coffee - TheReSales","description":"Dit Coffee karpet is afkomstig uit de Cable collectie van het merk Dutch Carpets. Zachte textuur, luxe uitstraling, gezellige sfeer.","robots":{"index":"index","follow":"follow","max-snippet":"max-snippet:-1","max-image-preview":"max-image-preview:large","max-video-preview":"max-video-preview:-1"},"canonical":"https:\/\/theresales.nl\/de\/produkt\/dutch-carpets-cable-coffee\/","og_locale":"de_DE","og_type":"article","og_title":"Dutch Carpets Cable Coffee - TheReSales","og_description":"Dit Coffee karpet is afkomstig uit de Cable collectie van het merk Dutch Carpets. Zachte textuur, luxe uitstraling, gezellige sfeer.","og_url":"https:\/\/theresales.nl\/de\/produkt\/dutch-carpets-cable-coffee\/","og_site_name":"TheReSales","article_publisher":"https:\/\/www.facebook.com\/theresales.nl","article_modified_time":"2026-01-02T11:09:34+00:00","og_image":[{"width":1200,"height":900,"url":"https:\/\/theresales.nl\/wp-content\/uploads\/2023\/10\/20231020_092610509_iOS.jpg","type":"image\/jpeg"}],"twitter_card":"summary_large_image","twitter_misc":{"Gesch\u00e4tzte Lesezeit":"1\u00a0Minute"},"schema":{"@context":"https:\/\/schema.org","@graph":[{"@type":"WebPage","@id":"https:\/\/theresales.nl\/product\/dutch-carpets-cable-coffee\/","url":"https:\/\/theresales.nl\/product\/dutch-carpets-cable-coffee\/","name":"Dutch Carpets Cable Coffee - TheReSales","isPartOf":{"@id":"https:\/\/theresales.nl\/#website"},"primaryImageOfPage":{"@id":"https:\/\/theresales.nl\/product\/dutch-carpets-cable-coffee\/#primaryimage"},"image":{"@id":"https:\/\/theresales.nl\/product\/dutch-carpets-cable-coffee\/#primaryimage"},"thumbnailUrl":"https:\/\/theresales.nl\/wp-content\/uploads\/2023\/10\/20231020_092610509_iOS.jpg","datePublished":"2023-10-20T12:51:08+00:00","dateModified":"2026-01-02T11:09:34+00:00","description":"Dit Coffee karpet is afkomstig uit de Cable collectie van het merk Dutch Carpets. Zachte textuur, luxe uitstraling, gezellige sfeer.","breadcrumb":{"@id":"https:\/\/theresales.nl\/product\/dutch-carpets-cable-coffee\/#breadcrumb"},"inLanguage":"de","potentialAction":[{"@type":"ReadAction","target":["https:\/\/theresales.nl\/product\/dutch-carpets-cable-coffee\/"]}]},{"@type":"ImageObject","inLanguage":"de","@id":"https:\/\/theresales.nl\/product\/dutch-carpets-cable-coffee\/#primaryimage","url":"https:\/\/theresales.nl\/wp-content\/uploads\/2023\/10\/20231020_092610509_iOS.jpg","contentUrl":"https:\/\/theresales.nl\/wp-content\/uploads\/2023\/10\/20231020_092610509_iOS.jpg","width":1200,"height":900,"caption":"Cable-Coffee-karpet-theresales"},{"@type":"BreadcrumbList","@id":"https:\/\/theresales.nl\/product\/dutch-carpets-cable-coffee\/#breadcrumb","itemListElement":[{"@type":"ListItem","position":1,"name":"Home","item":"https:\/\/theresales.nl\/"},{"@type":"ListItem","position":2,"name":"Collectie","item":"https:\/\/theresales.nl\/collectie\/"},{"@type":"ListItem","position":3,"name":"Dutch Carpets Cable Coffee"}]},{"@type":"WebSite","@id":"https:\/\/theresales.nl\/#website","url":"https:\/\/theresales.nl\/","name":"TheReSales","description":"Tweedehands Design Meubelen","publisher":{"@id":"https:\/\/theresales.nl\/#organization"},"potentialAction":[{"@type":"SearchAction","target":{"@type":"EntryPoint","urlTemplate":"https:\/\/theresales.nl\/?s={search_term_string}"},"query-input":{"@type":"PropertyValueSpecification","valueRequired":true,"valueName":"search_term_string"}}],"inLanguage":"de"},{"@type":"Organization","@id":"https:\/\/theresales.nl\/#organization","name":"TheReSales","url":"https:\/\/theresales.nl\/","logo":{"@type":"ImageObject","inLanguage":"de","@id":"https:\/\/theresales.nl\/#\/schema\/logo\/image\/","url":"https:\/\/theresales.nl\/wp-content\/uploads\/2026\/04\/Logo-TheReSales.png","contentUrl":"https:\/\/theresales.nl\/wp-content\/uploads\/2026\/04\/Logo-TheReSales.png","width":1200,"height":304,"caption":"TheReSales"},"image":{"@id":"https:\/\/theresales.nl\/#\/schema\/logo\/image\/"},"sameAs":["https:\/\/www.facebook.com\/theresales.nl","https:\/\/www.instagram.com\/_theresales_\/","https:\/\/nl.pinterest.com\/theresalesgroningen\/","https:\/\/www.linkedin.com\/company\/theresales\/"]}]}},"_links":{"self":[{"href":"https:\/\/theresales.nl\/de\/wp-json\/wp\/v2\/product\/28803","targetHints":{"allow":["GET"]}}],"collection":[{"href":"https:\/\/theresales.nl\/de\/wp-json\/wp\/v2\/product"}],"about":[{"href":"https:\/\/theresales.nl\/de\/wp-json\/wp\/v2\/types\/product"}],"wp:featuredmedia":[{"embeddable":true,"href":"https:\/\/theresales.nl\/de\/wp-json\/wp\/v2\/media\/28805"}],"wp:attachment":[{"href":"https:\/\/theresales.nl\/de\/wp-json\/wp\/v2\/media?parent=28803"}],"wp:term":[{"taxonomy":"product_brand","embeddable":true,"href":"https:\/\/theresales.nl\/de\/wp-json\/wp\/v2\/product_brand?post=28803"},{"taxonomy":"product_cat","embeddable":true,"href":"https:\/\/theresales.nl\/de\/wp-json\/wp\/v2\/product_cat?post=28803"},{"taxonomy":"product_tag","embeddable":true,"href":"https:\/\/theresales.nl\/de\/wp-json\/wp\/v2\/product_tag?post=28803"},{"taxonomy":"ontwerper","embeddable":true,"href":"https:\/\/theresales.nl\/de\/wp-json\/wp\/v2\/ontwerper?post=28803"}],"curies":[{"name":"wp","href":"https:\/\/api.w.org\/{rel}","templated":true}]}}