{"id":27034,"date":"2023-09-07T14:33:46","date_gmt":"2023-09-07T12:33:46","guid":{"rendered":"https:\/\/theresales.nl\/?post_type=product&#038;p=27034"},"modified":"2026-01-02T12:06:48","modified_gmt":"2026-01-02T11:06:48","slug":"moroso-ripple-stuhl-schwarz","status":"publish","type":"product","link":"https:\/\/theresales.nl\/de\/product\/moroso-ripple-chair-zwart\/","title":{"rendered":"Moroso Ripple Stuhl schwarz"},"content":{"rendered":"<p>Der Ripple Chair schwarz ist ein Design von <a href=\"https:\/\/en.wikipedia.org\/wiki\/Ron_Arad_(industrial_designer)\" target=\"_blank\" rel=\"noopener\">Ron Arad<\/a> f\u00fcr die Marke Moroso. Der Rahmen dieser besonderen <a href=\"https:\/\/theresales.nl\/de\/produktkategorie\/stuhle\/\" target=\"_blank\" rel=\"noopener\">Stuhl<\/a> ist aus geschliffenem thermoplastischem Material gefertigt, das nat\u00fcrlicherweise gespritzt wird. Dadurch wird das Design im Relief betont, das an die Spuren erinnert, die Meereswellen auf Sand hinterlassen. Dank der runden \u00d6ffnung im Sitz und der anmutigen Linien ist der Ripple Chair hervorragend f\u00fcr h\u00e4usliche und \u00f6ffentliche Umgebungen geeignet!<\/p>","protected":false},"excerpt":{"rendered":"<p><strong>Neupreis 495 \u20ac pro St\u00fcck<\/strong><\/p>\n<p><strong>Abmessungen<\/strong><br \/>\nBreite: 67 cm<br \/>\nTiefe: 55 cm<br \/>\nH\u00f6he: 79 cm<br \/>\nSitztiefe: 44,5 cm<br \/>\nSitzh\u00f6he: 43 cm<br \/>\nArmh\u00f6he: 70 cm<\/p>\n<p><strong>Farbe<\/strong>Schwarz<\/p>\n<p><strong>Material<\/strong>Kunststoff, Metall<\/p>\n<p><strong>Besonderheiten<\/strong> Stapelbar<\/p>","protected":false},"featured_media":27035,"template":"","meta":{"_acf_changed":false},"product_brand":[],"product_cat":[34],"product_tag":[275],"ontwerper":[524],"class_list":{"0":"post-27034","1":"product","2":"type-product","3":"status-publish","4":"has-post-thumbnail","6":"product_cat-stoelen","7":"product_tag-moroso","8":"ontwerper-ron-arad","10":"first","11":"instock","12":"shipping-taxable","13":"purchasable","14":"product-type-simple"},"acf":[],"yoast_head":"<!-- This site is optimized with the Yoast SEO plugin v27.5 - https:\/\/yoast.com\/product\/yoast-seo-wordpress\/ -->\n<title>Moroso Ripple Chair zwart - TheReSales<\/title>\n<meta name=\"description\" content=\"De Ripple Chair zwart is een ontwerp van Ron Arad voor het merk Moroso. Het doet denken aan de sporen die zeegolven achterlaten op zand.\" \/>\n<meta name=\"robots\" content=\"index, follow, max-snippet:-1, max-image-preview:large, max-video-preview:-1\" \/>\n<link rel=\"canonical\" href=\"https:\/\/theresales.nl\/de\/produkt\/moroso-ripple-stuhl-schwarz\/\" \/>\n<meta property=\"og:locale\" content=\"de_DE\" \/>\n<meta property=\"og:type\" content=\"article\" \/>\n<meta property=\"og:title\" content=\"Moroso Ripple Chair zwart - TheReSales\" \/>\n<meta property=\"og:description\" content=\"De Ripple Chair zwart is een ontwerp van Ron Arad voor het merk Moroso. Het doet denken aan de sporen die zeegolven achterlaten op zand.\" \/>\n<meta property=\"og:url\" content=\"https:\/\/theresales.nl\/de\/produkt\/moroso-ripple-stuhl-schwarz\/\" \/>\n<meta property=\"og:site_name\" content=\"TheReSales\" \/>\n<meta property=\"article:publisher\" content=\"https:\/\/www.facebook.com\/theresales.nl\" \/>\n<meta property=\"article:modified_time\" content=\"2026-01-02T11:06:48+00:00\" \/>\n<meta property=\"og:image\" content=\"https:\/\/theresales.nl\/wp-content\/uploads\/2023\/09\/20230907_072114202_iOS.jpg\" \/>\n\t<meta property=\"og:image:width\" content=\"1200\" \/>\n\t<meta property=\"og:image:height\" content=\"900\" \/>\n\t<meta property=\"og:image:type\" content=\"image\/jpeg\" \/>\n<meta name=\"twitter:card\" content=\"summary_large_image\" \/>\n<meta name=\"twitter:label1\" content=\"Gesch\u00e4tzte Lesezeit\" \/>\n\t<meta name=\"twitter:data1\" content=\"1\u00a0Minute\" \/>\n<!-- \/ Yoast SEO plugin. -->","yoast_head_json":{"title":"Moroso Ripple Stuhl schwarz - TheReSales","description":"Der Ripple Chair schwarz ist ein Entwurf von Ron Arad f\u00fcr die Marke Moroso. Er erinnert an die Spuren, die Meereswellen auf Sand hinterlassen.","robots":{"index":"index","follow":"follow","max-snippet":"max-snippet:-1","max-image-preview":"max-image-preview:large","max-video-preview":"max-video-preview:-1"},"canonical":"https:\/\/theresales.nl\/de\/produkt\/moroso-ripple-stuhl-schwarz\/","og_locale":"de_DE","og_type":"article","og_title":"Moroso Ripple Chair zwart - TheReSales","og_description":"De Ripple Chair zwart is een ontwerp van Ron Arad voor het merk Moroso. Het doet denken aan de sporen die zeegolven achterlaten op zand.","og_url":"https:\/\/theresales.nl\/de\/produkt\/moroso-ripple-stuhl-schwarz\/","og_site_name":"TheReSales","article_publisher":"https:\/\/www.facebook.com\/theresales.nl","article_modified_time":"2026-01-02T11:06:48+00:00","og_image":[{"width":1200,"height":900,"url":"https:\/\/theresales.nl\/wp-content\/uploads\/2023\/09\/20230907_072114202_iOS.jpg","type":"image\/jpeg"}],"twitter_card":"summary_large_image","twitter_misc":{"Gesch\u00e4tzte Lesezeit":"1\u00a0Minute"},"schema":{"@context":"https:\/\/schema.org","@graph":[{"@type":"WebPage","@id":"https:\/\/theresales.nl\/product\/moroso-ripple-chair-zwart\/","url":"https:\/\/theresales.nl\/product\/moroso-ripple-chair-zwart\/","name":"Moroso Ripple Stuhl schwarz - TheReSales","isPartOf":{"@id":"https:\/\/theresales.nl\/#website"},"primaryImageOfPage":{"@id":"https:\/\/theresales.nl\/product\/moroso-ripple-chair-zwart\/#primaryimage"},"image":{"@id":"https:\/\/theresales.nl\/product\/moroso-ripple-chair-zwart\/#primaryimage"},"thumbnailUrl":"https:\/\/theresales.nl\/wp-content\/uploads\/2023\/09\/20230907_072114202_iOS.jpg","datePublished":"2023-09-07T12:33:46+00:00","dateModified":"2026-01-02T11:06:48+00:00","description":"Der Ripple Chair schwarz ist ein Entwurf von Ron Arad f\u00fcr die Marke Moroso. Er erinnert an die Spuren, die Meereswellen auf Sand hinterlassen.","breadcrumb":{"@id":"https:\/\/theresales.nl\/product\/moroso-ripple-chair-zwart\/#breadcrumb"},"inLanguage":"de","potentialAction":[{"@type":"ReadAction","target":["https:\/\/theresales.nl\/product\/moroso-ripple-chair-zwart\/"]}]},{"@type":"ImageObject","inLanguage":"de","@id":"https:\/\/theresales.nl\/product\/moroso-ripple-chair-zwart\/#primaryimage","url":"https:\/\/theresales.nl\/wp-content\/uploads\/2023\/09\/20230907_072114202_iOS.jpg","contentUrl":"https:\/\/theresales.nl\/wp-content\/uploads\/2023\/09\/20230907_072114202_iOS.jpg","width":1200,"height":900,"caption":"Stoel-Moroso-Ripple-zwart-Chair-TheReSales"},{"@type":"BreadcrumbList","@id":"https:\/\/theresales.nl\/product\/moroso-ripple-chair-zwart\/#breadcrumb","itemListElement":[{"@type":"ListItem","position":1,"name":"Home","item":"https:\/\/theresales.nl\/"},{"@type":"ListItem","position":2,"name":"Collectie","item":"https:\/\/theresales.nl\/collectie\/"},{"@type":"ListItem","position":3,"name":"Moroso Ripple Chair zwart"}]},{"@type":"WebSite","@id":"https:\/\/theresales.nl\/#website","url":"https:\/\/theresales.nl\/","name":"TheReSales","description":"Tweedehands Design Meubelen","publisher":{"@id":"https:\/\/theresales.nl\/#organization"},"potentialAction":[{"@type":"SearchAction","target":{"@type":"EntryPoint","urlTemplate":"https:\/\/theresales.nl\/?s={search_term_string}"},"query-input":{"@type":"PropertyValueSpecification","valueRequired":true,"valueName":"search_term_string"}}],"inLanguage":"de"},{"@type":"Organization","@id":"https:\/\/theresales.nl\/#organization","name":"TheReSales","url":"https:\/\/theresales.nl\/","logo":{"@type":"ImageObject","inLanguage":"de","@id":"https:\/\/theresales.nl\/#\/schema\/logo\/image\/","url":"https:\/\/theresales.nl\/wp-content\/uploads\/2026\/04\/Logo-TheReSales.png","contentUrl":"https:\/\/theresales.nl\/wp-content\/uploads\/2026\/04\/Logo-TheReSales.png","width":1200,"height":304,"caption":"TheReSales"},"image":{"@id":"https:\/\/theresales.nl\/#\/schema\/logo\/image\/"},"sameAs":["https:\/\/www.facebook.com\/theresales.nl","https:\/\/www.instagram.com\/_theresales_\/","https:\/\/nl.pinterest.com\/theresalesgroningen\/","https:\/\/www.linkedin.com\/company\/theresales\/"]}]}},"_links":{"self":[{"href":"https:\/\/theresales.nl\/de\/wp-json\/wp\/v2\/product\/27034","targetHints":{"allow":["GET"]}}],"collection":[{"href":"https:\/\/theresales.nl\/de\/wp-json\/wp\/v2\/product"}],"about":[{"href":"https:\/\/theresales.nl\/de\/wp-json\/wp\/v2\/types\/product"}],"wp:featuredmedia":[{"embeddable":true,"href":"https:\/\/theresales.nl\/de\/wp-json\/wp\/v2\/media\/27035"}],"wp:attachment":[{"href":"https:\/\/theresales.nl\/de\/wp-json\/wp\/v2\/media?parent=27034"}],"wp:term":[{"taxonomy":"product_brand","embeddable":true,"href":"https:\/\/theresales.nl\/de\/wp-json\/wp\/v2\/product_brand?post=27034"},{"taxonomy":"product_cat","embeddable":true,"href":"https:\/\/theresales.nl\/de\/wp-json\/wp\/v2\/product_cat?post=27034"},{"taxonomy":"product_tag","embeddable":true,"href":"https:\/\/theresales.nl\/de\/wp-json\/wp\/v2\/product_tag?post=27034"},{"taxonomy":"ontwerper","embeddable":true,"href":"https:\/\/theresales.nl\/de\/wp-json\/wp\/v2\/ontwerper?post=27034"}],"curies":[{"name":"wp","href":"https:\/\/api.w.org\/{rel}","templated":true}]}}