{"id":26596,"date":"2023-08-25T10:33:09","date_gmt":"2023-08-25T08:33:09","guid":{"rendered":"https:\/\/theresales.nl\/?post_type=product&#038;p=26596"},"modified":"2026-01-02T12:06:56","modified_gmt":"2026-01-02T11:06:56","slug":"hay-loop-stand","status":"publish","type":"product","link":"https:\/\/theresales.nl\/de\/product\/hay-loop-stand\/","title":{"rendered":"Heu Schleifenstand"},"content":{"rendered":"<p>De Loop Stand is een ontwerp van <a href=\"https:\/\/leifjorgensen.com\/\" target=\"_blank\" rel=\"noopener\">Leif J\u00f6rgensen<\/a>\u00a0f\u00fcr die Marke Hay. Mit schlanken Stahlbeinen und einem einfachen <a href=\"https:\/\/theresales.nl\/de\/produktkategorie\/tafeln\/\" target=\"_blank\" rel=\"noopener\">Tafelblatt<\/a> Dieser Tisch passt perfekt in verschiedene Umgebungen, von B\u00fcros bis zu Zuhause. Sein zeitloses Aussehen und seine robuste Konstruktion machen ihn zu einer praktischen Wahl f\u00fcr moderne Innenr\u00e4ume.<\/p>","protected":false},"excerpt":{"rendered":"<p><strong>Neupreis: 1299 \u20ac pro St\u00fcck<\/strong><\/p>\n<p><strong>Abmessungen<\/strong><br \/>\nBreedte: 250 cm<br \/>\nDiepte : 93 cm<br \/>\nH\u00f6he: 98 cm<\/p>\n<p><strong>Farbe<\/strong> Witz<\/p>\n<p><strong>Material<\/strong> Metaal, Linoleum<\/p>","protected":false},"featured_media":26597,"template":"","meta":{"_acf_changed":false},"product_brand":[],"product_cat":[118,46],"product_tag":[237],"ontwerper":[656],"class_list":{"0":"post-26596","1":"product","2":"type-product","3":"status-publish","4":"has-post-thumbnail","6":"product_cat-eettafels","7":"product_cat-tafels","8":"product_tag-hay","9":"ontwerper-leif-jorgensen","11":"first","12":"instock","13":"shipping-taxable","14":"purchasable","15":"product-type-simple"},"acf":[],"yoast_head":"<!-- This site is optimized with the Yoast SEO plugin v27.5 - https:\/\/yoast.com\/product\/yoast-seo-wordpress\/ -->\n<title>Hay Loop Stand - TheReSales<\/title>\n<meta name=\"description\" content=\"De Loop Stand is een ontwerp van Leif Jorgensen\u00a0voor het merk Hay. Zijn tijdloze uitstraling maakt het een praktische keuze voor moderne interieurs.\" \/>\n<meta name=\"robots\" content=\"index, follow, max-snippet:-1, max-image-preview:large, max-video-preview:-1\" \/>\n<link rel=\"canonical\" href=\"https:\/\/theresales.nl\/de\/produkt\/hay-loop-stand\/\" \/>\n<meta property=\"og:locale\" content=\"de_DE\" \/>\n<meta property=\"og:type\" content=\"article\" \/>\n<meta property=\"og:title\" content=\"Hay Loop Stand - TheReSales\" \/>\n<meta property=\"og:description\" content=\"De Loop Stand is een ontwerp van Leif Jorgensen\u00a0voor het merk Hay. Zijn tijdloze uitstraling maakt het een praktische keuze voor moderne interieurs.\" \/>\n<meta property=\"og:url\" content=\"https:\/\/theresales.nl\/de\/produkt\/hay-loop-stand\/\" \/>\n<meta property=\"og:site_name\" content=\"TheReSales\" \/>\n<meta property=\"article:publisher\" content=\"https:\/\/www.facebook.com\/theresales.nl\" \/>\n<meta property=\"article:modified_time\" content=\"2026-01-02T11:06:56+00:00\" \/>\n<meta property=\"og:image\" content=\"https:\/\/theresales.nl\/wp-content\/uploads\/2023\/08\/Hay-Loop-stand.jpg\" \/>\n\t<meta property=\"og:image:width\" content=\"1200\" \/>\n\t<meta property=\"og:image:height\" content=\"900\" \/>\n\t<meta property=\"og:image:type\" content=\"image\/jpeg\" \/>\n<meta name=\"twitter:card\" content=\"summary_large_image\" \/>\n<meta name=\"twitter:label1\" content=\"Gesch\u00e4tzte Lesezeit\" \/>\n\t<meta name=\"twitter:data1\" content=\"1\u00a0Minute\" \/>\n<!-- \/ Yoast SEO plugin. -->","yoast_head_json":{"title":"Hay Loop Stand - TheReSales","description":"Der Loop Stand ist ein Design von Leif Jorgensen f\u00fcr die Marke Hay. Seine zeitlose Ausstrahlung macht ihn zu einer praktischen Wahl f\u00fcr moderne Inneneinrichtungen.","robots":{"index":"index","follow":"follow","max-snippet":"max-snippet:-1","max-image-preview":"max-image-preview:large","max-video-preview":"max-video-preview:-1"},"canonical":"https:\/\/theresales.nl\/de\/produkt\/hay-loop-stand\/","og_locale":"de_DE","og_type":"article","og_title":"Hay Loop Stand - TheReSales","og_description":"De Loop Stand is een ontwerp van Leif Jorgensen\u00a0voor het merk Hay. Zijn tijdloze uitstraling maakt het een praktische keuze voor moderne interieurs.","og_url":"https:\/\/theresales.nl\/de\/produkt\/hay-loop-stand\/","og_site_name":"TheReSales","article_publisher":"https:\/\/www.facebook.com\/theresales.nl","article_modified_time":"2026-01-02T11:06:56+00:00","og_image":[{"width":1200,"height":900,"url":"https:\/\/theresales.nl\/wp-content\/uploads\/2023\/08\/Hay-Loop-stand.jpg","type":"image\/jpeg"}],"twitter_card":"summary_large_image","twitter_misc":{"Gesch\u00e4tzte Lesezeit":"1\u00a0Minute"},"schema":{"@context":"https:\/\/schema.org","@graph":[{"@type":"WebPage","@id":"https:\/\/theresales.nl\/product\/hay-loop-stand\/","url":"https:\/\/theresales.nl\/product\/hay-loop-stand\/","name":"Hay Loop Stand - TheReSales","isPartOf":{"@id":"https:\/\/theresales.nl\/#website"},"primaryImageOfPage":{"@id":"https:\/\/theresales.nl\/product\/hay-loop-stand\/#primaryimage"},"image":{"@id":"https:\/\/theresales.nl\/product\/hay-loop-stand\/#primaryimage"},"thumbnailUrl":"https:\/\/theresales.nl\/wp-content\/uploads\/2023\/08\/Hay-Loop-stand.jpg","datePublished":"2023-08-25T08:33:09+00:00","dateModified":"2026-01-02T11:06:56+00:00","description":"Der Loop Stand ist ein Design von Leif Jorgensen f\u00fcr die Marke Hay. Seine zeitlose Ausstrahlung macht ihn zu einer praktischen Wahl f\u00fcr moderne Inneneinrichtungen.","breadcrumb":{"@id":"https:\/\/theresales.nl\/product\/hay-loop-stand\/#breadcrumb"},"inLanguage":"de","potentialAction":[{"@type":"ReadAction","target":["https:\/\/theresales.nl\/product\/hay-loop-stand\/"]}]},{"@type":"ImageObject","inLanguage":"de","@id":"https:\/\/theresales.nl\/product\/hay-loop-stand\/#primaryimage","url":"https:\/\/theresales.nl\/wp-content\/uploads\/2023\/08\/Hay-Loop-stand.jpg","contentUrl":"https:\/\/theresales.nl\/wp-content\/uploads\/2023\/08\/Hay-Loop-stand.jpg","width":1200,"height":900,"caption":"Hay-Loop-Stand-TheReSales"},{"@type":"BreadcrumbList","@id":"https:\/\/theresales.nl\/product\/hay-loop-stand\/#breadcrumb","itemListElement":[{"@type":"ListItem","position":1,"name":"Home","item":"https:\/\/theresales.nl\/"},{"@type":"ListItem","position":2,"name":"Collectie","item":"https:\/\/theresales.nl\/collectie\/"},{"@type":"ListItem","position":3,"name":"Hay Loop Stand"}]},{"@type":"WebSite","@id":"https:\/\/theresales.nl\/#website","url":"https:\/\/theresales.nl\/","name":"TheReSales","description":"Tweedehands Design Meubelen","publisher":{"@id":"https:\/\/theresales.nl\/#organization"},"potentialAction":[{"@type":"SearchAction","target":{"@type":"EntryPoint","urlTemplate":"https:\/\/theresales.nl\/?s={search_term_string}"},"query-input":{"@type":"PropertyValueSpecification","valueRequired":true,"valueName":"search_term_string"}}],"inLanguage":"de"},{"@type":"Organization","@id":"https:\/\/theresales.nl\/#organization","name":"TheReSales","url":"https:\/\/theresales.nl\/","logo":{"@type":"ImageObject","inLanguage":"de","@id":"https:\/\/theresales.nl\/#\/schema\/logo\/image\/","url":"https:\/\/theresales.nl\/wp-content\/uploads\/2026\/04\/Logo-TheReSales.png","contentUrl":"https:\/\/theresales.nl\/wp-content\/uploads\/2026\/04\/Logo-TheReSales.png","width":1200,"height":304,"caption":"TheReSales"},"image":{"@id":"https:\/\/theresales.nl\/#\/schema\/logo\/image\/"},"sameAs":["https:\/\/www.facebook.com\/theresales.nl","https:\/\/www.instagram.com\/_theresales_\/","https:\/\/nl.pinterest.com\/theresalesgroningen\/","https:\/\/www.linkedin.com\/company\/theresales\/"]}]}},"_links":{"self":[{"href":"https:\/\/theresales.nl\/de\/wp-json\/wp\/v2\/product\/26596","targetHints":{"allow":["GET"]}}],"collection":[{"href":"https:\/\/theresales.nl\/de\/wp-json\/wp\/v2\/product"}],"about":[{"href":"https:\/\/theresales.nl\/de\/wp-json\/wp\/v2\/types\/product"}],"wp:featuredmedia":[{"embeddable":true,"href":"https:\/\/theresales.nl\/de\/wp-json\/wp\/v2\/media\/26597"}],"wp:attachment":[{"href":"https:\/\/theresales.nl\/de\/wp-json\/wp\/v2\/media?parent=26596"}],"wp:term":[{"taxonomy":"product_brand","embeddable":true,"href":"https:\/\/theresales.nl\/de\/wp-json\/wp\/v2\/product_brand?post=26596"},{"taxonomy":"product_cat","embeddable":true,"href":"https:\/\/theresales.nl\/de\/wp-json\/wp\/v2\/product_cat?post=26596"},{"taxonomy":"product_tag","embeddable":true,"href":"https:\/\/theresales.nl\/de\/wp-json\/wp\/v2\/product_tag?post=26596"},{"taxonomy":"ontwerper","embeddable":true,"href":"https:\/\/theresales.nl\/de\/wp-json\/wp\/v2\/ontwerper?post=26596"}],"curies":[{"name":"wp","href":"https:\/\/api.w.org\/{rel}","templated":true}]}}