{"id":26243,"date":"2023-08-17T13:55:24","date_gmt":"2023-08-17T11:55:24","guid":{"rendered":"https:\/\/theresales.nl\/?post_type=product&#038;p=26243"},"modified":"2026-05-13T10:30:39","modified_gmt":"2026-05-13T08:30:39","slug":"foscarini-diesel-rock","status":"publish","type":"product","link":"https:\/\/theresales.nl\/de\/product\/foscarini-diesel-rock\/","title":{"rendered":"Foscarini Diesel Rock"},"content":{"rendered":"<p>Der Diesel Rock ist ein Design von <a href=\"https:\/\/www.architonic.com\/en\/des-designed-pro\/diesel-creative-team\/8108582\/0\/1\" target=\"_blank\" rel=\"noopener\">Diesel Kreativteam<\/a>\u00a0f\u00fcr die Marke Foscarini. Diese wundersch\u00f6ne <a href=\"https:\/\/theresales.nl\/de\/produktkategorie\/lampen\/hangelampen\/\" target=\"_blank\" rel=\"noopener\">H\u00e4ngeleuchte<\/a> kombiniert industriellen Stil mit zeitgen\u00f6ssischem Flair, und sein Design, inspiriert von rauen nat\u00fcrlichen Texturen, strahlt ein mutiges Statement aus. Mit seiner einzigartigen Form und Materialwahl f\u00fcgt diese Lampe jedem Interieur einen Hauch von edgy Eleganz hinzu, wobei das Licht auff\u00e4llig mit Schatten und Struktur spielt.<\/p>","protected":false},"excerpt":{"rendered":"<p><strong>Neupreis: 625 \u20ac pro St\u00fcck<\/strong><\/p>\n<p><strong>Abmessungen<\/strong><br \/>\nDurchmesser: 50 cm<br \/>\nH\u00f6he: 40 cm<\/p>\n<p><strong>Farbe<\/strong>\u00a0Witz<\/p>\n<p><strong>Material<\/strong>Kunststoff<\/p>","protected":false},"featured_media":26244,"template":"","meta":{"_acf_changed":false},"product_brand":[],"product_cat":[40,35],"product_tag":[221],"ontwerper":[],"class_list":{"0":"post-26243","1":"product","2":"type-product","3":"status-publish","4":"has-post-thumbnail","6":"product_cat-hanglampen","7":"product_cat-lampen","8":"product_tag-foscarini","10":"first","11":"instock","12":"shipping-taxable","13":"purchasable","14":"product-type-simple"},"acf":[],"yoast_head":"<!-- This site is optimized with the Yoast SEO plugin v27.6 - https:\/\/yoast.com\/product\/yoast-seo-wordpress\/ -->\n<title>Foscarini Diesel Rock - TheReSales<\/title>\n<meta name=\"description\" content=\"De Diesel Rock is een ontwerp van Diesel\u00a0creative team\u00a0voor het merk Foscarini. Deze prachtige hanglamp combineert industri\u00eble stijl met eigentijdse flair.\" \/>\n<meta name=\"robots\" content=\"index, follow, max-snippet:-1, max-image-preview:large, max-video-preview:-1\" \/>\n<link rel=\"canonical\" href=\"https:\/\/theresales.nl\/de\/produkt\/foscarini-diesel-rock\/\" \/>\n<meta property=\"og:locale\" content=\"de_DE\" \/>\n<meta property=\"og:type\" content=\"article\" \/>\n<meta property=\"og:title\" content=\"Foscarini Diesel Rock - TheReSales\" \/>\n<meta property=\"og:description\" content=\"De Diesel Rock is een ontwerp van Diesel\u00a0creative team\u00a0voor het merk Foscarini. Deze prachtige hanglamp combineert industri\u00eble stijl met eigentijdse flair.\" \/>\n<meta property=\"og:url\" content=\"https:\/\/theresales.nl\/de\/produkt\/foscarini-diesel-rock\/\" \/>\n<meta property=\"og:site_name\" content=\"TheReSales\" \/>\n<meta property=\"article:publisher\" content=\"https:\/\/www.facebook.com\/theresales.nl\" \/>\n<meta property=\"article:modified_time\" content=\"2026-05-13T08:30:39+00:00\" \/>\n<meta property=\"og:image\" content=\"https:\/\/theresales.nl\/wp-content\/uploads\/2023\/08\/20230811_080431847_iOS-2.jpg\" \/>\n\t<meta property=\"og:image:width\" content=\"1200\" \/>\n\t<meta property=\"og:image:height\" content=\"900\" \/>\n\t<meta property=\"og:image:type\" content=\"image\/jpeg\" \/>\n<meta name=\"twitter:card\" content=\"summary_large_image\" \/>\n<meta name=\"twitter:label1\" content=\"Gesch\u00e4tzte Lesezeit\" \/>\n\t<meta name=\"twitter:data1\" content=\"1\u00a0Minute\" \/>\n<!-- \/ Yoast SEO plugin. -->","yoast_head_json":{"title":"Foscarini Diesel Rock - TheReSales","description":"Die Diesel Rock ist ein Entwurf vom Diesel Creative Team f\u00fcr die Marke Foscarini. Diese wundersch\u00f6ne H\u00e4ngelampe kombiniert industriellen Stil mit zeitgem\u00e4\u00dfem Flair.","robots":{"index":"index","follow":"follow","max-snippet":"max-snippet:-1","max-image-preview":"max-image-preview:large","max-video-preview":"max-video-preview:-1"},"canonical":"https:\/\/theresales.nl\/de\/produkt\/foscarini-diesel-rock\/","og_locale":"de_DE","og_type":"article","og_title":"Foscarini Diesel Rock - TheReSales","og_description":"De Diesel Rock is een ontwerp van Diesel\u00a0creative team\u00a0voor het merk Foscarini. Deze prachtige hanglamp combineert industri\u00eble stijl met eigentijdse flair.","og_url":"https:\/\/theresales.nl\/de\/produkt\/foscarini-diesel-rock\/","og_site_name":"TheReSales","article_publisher":"https:\/\/www.facebook.com\/theresales.nl","article_modified_time":"2026-05-13T08:30:39+00:00","og_image":[{"width":1200,"height":900,"url":"https:\/\/theresales.nl\/wp-content\/uploads\/2023\/08\/20230811_080431847_iOS-2.jpg","type":"image\/jpeg"}],"twitter_card":"summary_large_image","twitter_misc":{"Gesch\u00e4tzte Lesezeit":"1\u00a0Minute"},"schema":{"@context":"https:\/\/schema.org","@graph":[{"@type":"WebPage","@id":"https:\/\/theresales.nl\/product\/foscarini-diesel-rock\/","url":"https:\/\/theresales.nl\/product\/foscarini-diesel-rock\/","name":"Foscarini Diesel Rock - TheReSales","isPartOf":{"@id":"https:\/\/theresales.nl\/#website"},"primaryImageOfPage":{"@id":"https:\/\/theresales.nl\/product\/foscarini-diesel-rock\/#primaryimage"},"image":{"@id":"https:\/\/theresales.nl\/product\/foscarini-diesel-rock\/#primaryimage"},"thumbnailUrl":"https:\/\/theresales.nl\/wp-content\/uploads\/2023\/08\/20230811_080431847_iOS-2.jpg","datePublished":"2023-08-17T11:55:24+00:00","dateModified":"2026-05-13T08:30:39+00:00","description":"Die Diesel Rock ist ein Entwurf vom Diesel Creative Team f\u00fcr die Marke Foscarini. Diese wundersch\u00f6ne H\u00e4ngelampe kombiniert industriellen Stil mit zeitgem\u00e4\u00dfem Flair.","breadcrumb":{"@id":"https:\/\/theresales.nl\/product\/foscarini-diesel-rock\/#breadcrumb"},"inLanguage":"de","potentialAction":[{"@type":"ReadAction","target":["https:\/\/theresales.nl\/product\/foscarini-diesel-rock\/"]}]},{"@type":"ImageObject","inLanguage":"de","@id":"https:\/\/theresales.nl\/product\/foscarini-diesel-rock\/#primaryimage","url":"https:\/\/theresales.nl\/wp-content\/uploads\/2023\/08\/20230811_080431847_iOS-2.jpg","contentUrl":"https:\/\/theresales.nl\/wp-content\/uploads\/2023\/08\/20230811_080431847_iOS-2.jpg","width":1200,"height":900,"caption":"Foscarini-Diesel-Rock-TheReSalse"},{"@type":"BreadcrumbList","@id":"https:\/\/theresales.nl\/product\/foscarini-diesel-rock\/#breadcrumb","itemListElement":[{"@type":"ListItem","position":1,"name":"Home","item":"https:\/\/theresales.nl\/"},{"@type":"ListItem","position":2,"name":"Collectie","item":"https:\/\/theresales.nl\/collectie\/"},{"@type":"ListItem","position":3,"name":"Foscarini Diesel Rock"}]},{"@type":"WebSite","@id":"https:\/\/theresales.nl\/#website","url":"https:\/\/theresales.nl\/","name":"TheReSales","description":"Tweedehands Design Meubelen","publisher":{"@id":"https:\/\/theresales.nl\/#organization"},"potentialAction":[{"@type":"SearchAction","target":{"@type":"EntryPoint","urlTemplate":"https:\/\/theresales.nl\/?s={search_term_string}"},"query-input":{"@type":"PropertyValueSpecification","valueRequired":true,"valueName":"search_term_string"}}],"inLanguage":"de"},{"@type":"Organization","@id":"https:\/\/theresales.nl\/#organization","name":"TheReSales","url":"https:\/\/theresales.nl\/","logo":{"@type":"ImageObject","inLanguage":"de","@id":"https:\/\/theresales.nl\/#\/schema\/logo\/image\/","url":"https:\/\/theresales.nl\/wp-content\/uploads\/2026\/04\/Logo-TheReSales.png","contentUrl":"https:\/\/theresales.nl\/wp-content\/uploads\/2026\/04\/Logo-TheReSales.png","width":1200,"height":304,"caption":"TheReSales"},"image":{"@id":"https:\/\/theresales.nl\/#\/schema\/logo\/image\/"},"sameAs":["https:\/\/www.facebook.com\/theresales.nl","https:\/\/www.instagram.com\/_theresales_\/","https:\/\/nl.pinterest.com\/theresalesgroningen\/","https:\/\/www.linkedin.com\/company\/theresales\/"]}]}},"_links":{"self":[{"href":"https:\/\/theresales.nl\/de\/wp-json\/wp\/v2\/product\/26243","targetHints":{"allow":["GET"]}}],"collection":[{"href":"https:\/\/theresales.nl\/de\/wp-json\/wp\/v2\/product"}],"about":[{"href":"https:\/\/theresales.nl\/de\/wp-json\/wp\/v2\/types\/product"}],"wp:featuredmedia":[{"embeddable":true,"href":"https:\/\/theresales.nl\/de\/wp-json\/wp\/v2\/media\/26244"}],"wp:attachment":[{"href":"https:\/\/theresales.nl\/de\/wp-json\/wp\/v2\/media?parent=26243"}],"wp:term":[{"taxonomy":"product_brand","embeddable":true,"href":"https:\/\/theresales.nl\/de\/wp-json\/wp\/v2\/product_brand?post=26243"},{"taxonomy":"product_cat","embeddable":true,"href":"https:\/\/theresales.nl\/de\/wp-json\/wp\/v2\/product_cat?post=26243"},{"taxonomy":"product_tag","embeddable":true,"href":"https:\/\/theresales.nl\/de\/wp-json\/wp\/v2\/product_tag?post=26243"},{"taxonomy":"ontwerper","embeddable":true,"href":"https:\/\/theresales.nl\/de\/wp-json\/wp\/v2\/ontwerper?post=26243"}],"curies":[{"name":"wp","href":"https:\/\/api.w.org\/{rel}","templated":true}]}}