{"id":25309,"date":"2023-07-28T09:55:38","date_gmt":"2023-07-28T07:55:38","guid":{"rendered":"https:\/\/theresales.nl\/?post_type=product&#038;p=25309"},"modified":"2026-01-02T12:07:34","modified_gmt":"2026-01-02T11:07:34","slug":"coalesse-hosu-rood","status":"publish","type":"product","link":"https:\/\/theresales.nl\/de\/product\/coalesse-hosu-rood\/","title":{"rendered":"Coalesse Hosu rot"},"content":{"rendered":"<p>De Hosu rood is een ontwerp van <a href=\"https:\/\/patriciaurquiola.com\/\" target=\"_blank\" rel=\"noopener\">Patricia Urquiola<\/a>\u00a0f\u00fcr die Marke Coalesse. Diese <a href=\"https:\/\/theresales.nl\/de\/produktkategorie\/sessel\/\" target=\"_blank\" rel=\"noopener\">Sessel<\/a> bietet ultimativen Komfort und Vielseitigkeit in einem zeitgem\u00e4\u00dfen Design. Perfekt zum Entspannen, Arbeiten oder um sich einen Moment f\u00fcr sich selbst zu g\u00f6nnen.<\/p>","protected":false},"excerpt":{"rendered":"<p><strong>Nieuwprijs \u20ac2800,- per stuk<\/strong><\/p>\n<p><strong>Abmessungen<\/strong><br \/>\nBreedte: 80\/50 cm<br \/>\nTiefe: 85 cm<br \/>\nH\u00f6he: 87 cm<br \/>\nSitzh\u00f6he: 40 cm<br \/>\nZitdiepte: 65\/122 cm<\/p>\n<p><strong>Farbe<\/strong>Rot<br \/>\n<strong><br \/>\nMaterial<\/strong>Stoff, Leder<\/p>","protected":false},"featured_media":25310,"template":"","meta":{"_acf_changed":false},"product_brand":[],"product_cat":[19],"product_tag":[456],"ontwerper":[505],"class_list":{"0":"post-25309","1":"product","2":"type-product","3":"status-publish","4":"has-post-thumbnail","6":"product_cat-fauteuils","7":"product_tag-coalesse","8":"ontwerper-patricia-urquiola","10":"first","11":"instock","12":"shipping-taxable","13":"purchasable","14":"product-type-simple"},"acf":[],"yoast_head":"<!-- This site is optimized with the Yoast SEO plugin v27.5 - https:\/\/yoast.com\/product\/yoast-seo-wordpress\/ -->\n<title>Coalesse Hosu rood - TheReSales<\/title>\n<meta name=\"description\" content=\"De Hosu rood is een ontwerp van Patricia Urquiola\u00a0voor het merk Coalesse. Deze fauteuil biedt ultiem comfort en veelzijdigheid in een eigentijds design.\" \/>\n<meta name=\"robots\" content=\"index, follow, max-snippet:-1, max-image-preview:large, max-video-preview:-1\" \/>\n<link rel=\"canonical\" href=\"https:\/\/theresales.nl\/de\/produkt\/coalesse-hosu-rood\/\" \/>\n<meta property=\"og:locale\" content=\"de_DE\" \/>\n<meta property=\"og:type\" content=\"article\" \/>\n<meta property=\"og:title\" content=\"Coalesse Hosu rood - TheReSales\" \/>\n<meta property=\"og:description\" content=\"De Hosu rood is een ontwerp van Patricia Urquiola\u00a0voor het merk Coalesse. Deze fauteuil biedt ultiem comfort en veelzijdigheid in een eigentijds design.\" \/>\n<meta property=\"og:url\" content=\"https:\/\/theresales.nl\/de\/produkt\/coalesse-hosu-rood\/\" \/>\n<meta property=\"og:site_name\" content=\"TheReSales\" \/>\n<meta property=\"article:publisher\" content=\"https:\/\/www.facebook.com\/theresales.nl\" \/>\n<meta property=\"article:modified_time\" content=\"2026-01-02T11:07:34+00:00\" \/>\n<meta property=\"og:image\" content=\"https:\/\/theresales.nl\/wp-content\/uploads\/2023\/07\/20230725_115816952_iOS.jpg\" \/>\n\t<meta property=\"og:image:width\" content=\"1200\" \/>\n\t<meta property=\"og:image:height\" content=\"900\" \/>\n\t<meta property=\"og:image:type\" content=\"image\/jpeg\" \/>\n<meta name=\"twitter:card\" content=\"summary_large_image\" \/>\n<meta name=\"twitter:label1\" content=\"Gesch\u00e4tzte Lesezeit\" \/>\n\t<meta name=\"twitter:data1\" content=\"1\u00a0Minute\" \/>\n<!-- \/ Yoast SEO plugin. -->","yoast_head_json":{"title":"Coalesse Hosu rood - TheReSales","description":"De Hosu rood is een ontwerp van Patricia Urquiola\u00a0voor het merk Coalesse. Deze fauteuil biedt ultiem comfort en veelzijdigheid in een eigentijds design.","robots":{"index":"index","follow":"follow","max-snippet":"max-snippet:-1","max-image-preview":"max-image-preview:large","max-video-preview":"max-video-preview:-1"},"canonical":"https:\/\/theresales.nl\/de\/produkt\/coalesse-hosu-rood\/","og_locale":"de_DE","og_type":"article","og_title":"Coalesse Hosu rood - TheReSales","og_description":"De Hosu rood is een ontwerp van Patricia Urquiola\u00a0voor het merk Coalesse. Deze fauteuil biedt ultiem comfort en veelzijdigheid in een eigentijds design.","og_url":"https:\/\/theresales.nl\/de\/produkt\/coalesse-hosu-rood\/","og_site_name":"TheReSales","article_publisher":"https:\/\/www.facebook.com\/theresales.nl","article_modified_time":"2026-01-02T11:07:34+00:00","og_image":[{"width":1200,"height":900,"url":"https:\/\/theresales.nl\/wp-content\/uploads\/2023\/07\/20230725_115816952_iOS.jpg","type":"image\/jpeg"}],"twitter_card":"summary_large_image","twitter_misc":{"Gesch\u00e4tzte Lesezeit":"1\u00a0Minute"},"schema":{"@context":"https:\/\/schema.org","@graph":[{"@type":"WebPage","@id":"https:\/\/theresales.nl\/product\/coalesse-hosu-rood\/","url":"https:\/\/theresales.nl\/product\/coalesse-hosu-rood\/","name":"Coalesse Hosu rood - TheReSales","isPartOf":{"@id":"https:\/\/theresales.nl\/#website"},"primaryImageOfPage":{"@id":"https:\/\/theresales.nl\/product\/coalesse-hosu-rood\/#primaryimage"},"image":{"@id":"https:\/\/theresales.nl\/product\/coalesse-hosu-rood\/#primaryimage"},"thumbnailUrl":"https:\/\/theresales.nl\/wp-content\/uploads\/2023\/07\/20230725_115816952_iOS.jpg","datePublished":"2023-07-28T07:55:38+00:00","dateModified":"2026-01-02T11:07:34+00:00","description":"De Hosu rood is een ontwerp van Patricia Urquiola\u00a0voor het merk Coalesse. Deze fauteuil biedt ultiem comfort en veelzijdigheid in een eigentijds design.","breadcrumb":{"@id":"https:\/\/theresales.nl\/product\/coalesse-hosu-rood\/#breadcrumb"},"inLanguage":"de","potentialAction":[{"@type":"ReadAction","target":["https:\/\/theresales.nl\/product\/coalesse-hosu-rood\/"]}]},{"@type":"ImageObject","inLanguage":"de","@id":"https:\/\/theresales.nl\/product\/coalesse-hosu-rood\/#primaryimage","url":"https:\/\/theresales.nl\/wp-content\/uploads\/2023\/07\/20230725_115816952_iOS.jpg","contentUrl":"https:\/\/theresales.nl\/wp-content\/uploads\/2023\/07\/20230725_115816952_iOS.jpg","width":1200,"height":900,"caption":"Fauteuil-Coalesse-Hosu-rood-TheReSales"},{"@type":"BreadcrumbList","@id":"https:\/\/theresales.nl\/product\/coalesse-hosu-rood\/#breadcrumb","itemListElement":[{"@type":"ListItem","position":1,"name":"Home","item":"https:\/\/theresales.nl\/"},{"@type":"ListItem","position":2,"name":"Collectie","item":"https:\/\/theresales.nl\/collectie\/"},{"@type":"ListItem","position":3,"name":"Coalesse Hosu rood"}]},{"@type":"WebSite","@id":"https:\/\/theresales.nl\/#website","url":"https:\/\/theresales.nl\/","name":"TheReSales","description":"Tweedehands Design Meubelen","publisher":{"@id":"https:\/\/theresales.nl\/#organization"},"potentialAction":[{"@type":"SearchAction","target":{"@type":"EntryPoint","urlTemplate":"https:\/\/theresales.nl\/?s={search_term_string}"},"query-input":{"@type":"PropertyValueSpecification","valueRequired":true,"valueName":"search_term_string"}}],"inLanguage":"de"},{"@type":"Organization","@id":"https:\/\/theresales.nl\/#organization","name":"TheReSales","url":"https:\/\/theresales.nl\/","logo":{"@type":"ImageObject","inLanguage":"de","@id":"https:\/\/theresales.nl\/#\/schema\/logo\/image\/","url":"https:\/\/theresales.nl\/wp-content\/uploads\/2026\/04\/Logo-TheReSales.png","contentUrl":"https:\/\/theresales.nl\/wp-content\/uploads\/2026\/04\/Logo-TheReSales.png","width":1200,"height":304,"caption":"TheReSales"},"image":{"@id":"https:\/\/theresales.nl\/#\/schema\/logo\/image\/"},"sameAs":["https:\/\/www.facebook.com\/theresales.nl","https:\/\/www.instagram.com\/_theresales_\/","https:\/\/nl.pinterest.com\/theresalesgroningen\/","https:\/\/www.linkedin.com\/company\/theresales\/"]}]}},"_links":{"self":[{"href":"https:\/\/theresales.nl\/de\/wp-json\/wp\/v2\/product\/25309","targetHints":{"allow":["GET"]}}],"collection":[{"href":"https:\/\/theresales.nl\/de\/wp-json\/wp\/v2\/product"}],"about":[{"href":"https:\/\/theresales.nl\/de\/wp-json\/wp\/v2\/types\/product"}],"wp:featuredmedia":[{"embeddable":true,"href":"https:\/\/theresales.nl\/de\/wp-json\/wp\/v2\/media\/25310"}],"wp:attachment":[{"href":"https:\/\/theresales.nl\/de\/wp-json\/wp\/v2\/media?parent=25309"}],"wp:term":[{"taxonomy":"product_brand","embeddable":true,"href":"https:\/\/theresales.nl\/de\/wp-json\/wp\/v2\/product_brand?post=25309"},{"taxonomy":"product_cat","embeddable":true,"href":"https:\/\/theresales.nl\/de\/wp-json\/wp\/v2\/product_cat?post=25309"},{"taxonomy":"product_tag","embeddable":true,"href":"https:\/\/theresales.nl\/de\/wp-json\/wp\/v2\/product_tag?post=25309"},{"taxonomy":"ontwerper","embeddable":true,"href":"https:\/\/theresales.nl\/de\/wp-json\/wp\/v2\/ontwerper?post=25309"}],"curies":[{"name":"wp","href":"https:\/\/api.w.org\/{rel}","templated":true}]}}