{"id":22574,"date":"2024-05-17T09:43:18","date_gmt":"2024-05-17T07:43:18","guid":{"rendered":"https:\/\/theresales.nl\/?post_type=product&#038;p=22574"},"modified":"2026-01-02T12:37:46","modified_gmt":"2026-01-02T11:37:46","slug":"montis-fauler-bastard","status":"publish","type":"product","link":"https:\/\/theresales.nl\/de\/product\/montis-lazy-bastard\/","title":{"rendered":"Montis Fauler Bastard"},"content":{"rendered":"<p>Deutsch <strong>Fauler Bastard<\/strong> ist ein Entwurf von <strong><a href=\"https:\/\/www.bertjanpot.nl\/\" target=\"_blank\" rel=\"noopener\">Bertjan Pot<\/a><\/strong> f\u00fcr die Marke <strong>Berges<\/strong>. Bertjan Pot stellte den Sitzsack sozusagen auf F\u00fc\u00dfe, in einer straffen Au\u00dfenform, die den flexiblen Inhalt im Zaum h\u00e4lt. Diese Bank sitzt extra bequem, sie sitzt h\u00f6her und ist mit Armlehnen versehen. Der speziell entworfene Stoff gibt dem Sitzsack-<a href=\"https:\/\/theresales.nl\/de\/produktkategorie\/banken\/\" target=\"_blank\" rel=\"noopener\">Bank<\/a> ein entspannter Look und Haptik.<\/p>","protected":false},"excerpt":{"rendered":"<p><strong>Neupreis: 2875 \u20ac pro St\u00fcck<\/strong><\/p>\n<p><strong>Abmessungen<\/strong><em><br \/>\n<\/em>Breite: 160 cm<br \/>\nTiefe: 92 cm<br \/>\nH\u00f6he: 75 cm<br \/>\nSitzh\u00f6he: 40 cm<br \/>\nSitzh\u00f6he: 64 cm<\/p>\n<p><strong>Farbe<\/strong> Lachsrosa<\/p>\n<p><strong>Material <\/strong>Stoff<\/p>","protected":false},"featured_media":22575,"template":"","meta":{"_acf_changed":false},"product_brand":[],"product_cat":[74],"product_tag":[273],"ontwerper":[757],"class_list":{"0":"post-22574","1":"product","2":"type-product","3":"status-publish","4":"has-post-thumbnail","6":"product_cat-banken","7":"product_tag-montis","8":"ontwerper-bertjan-pot","10":"first","11":"instock","12":"shipping-taxable","13":"purchasable","14":"product-type-simple"},"acf":[],"yoast_head":"<!-- This site is optimized with the Yoast SEO plugin v27.5 - https:\/\/yoast.com\/product\/yoast-seo-wordpress\/ -->\n<title>Montis Lazy Bastard - TheReSales<\/title>\n<meta name=\"description\" content=\"De Lazy Bastard is een ontwerp van Bertjan Pot voor het merk Montis.\u00a0 Bertjan Pot plaatste de zitzak als het ware op poten.\" \/>\n<meta name=\"robots\" content=\"index, follow, max-snippet:-1, max-image-preview:large, max-video-preview:-1\" \/>\n<link rel=\"canonical\" href=\"https:\/\/theresales.nl\/de\/produkt\/montis-fauler-bastard\/\" \/>\n<meta property=\"og:locale\" content=\"de_DE\" \/>\n<meta property=\"og:type\" content=\"article\" \/>\n<meta property=\"og:title\" content=\"Montis Lazy Bastard - TheReSales\" \/>\n<meta property=\"og:description\" content=\"De Lazy Bastard is een ontwerp van Bertjan Pot voor het merk Montis.\u00a0 Bertjan Pot plaatste de zitzak als het ware op poten.\" \/>\n<meta property=\"og:url\" content=\"https:\/\/theresales.nl\/de\/produkt\/montis-fauler-bastard\/\" \/>\n<meta property=\"og:site_name\" content=\"TheReSales\" \/>\n<meta property=\"article:publisher\" content=\"https:\/\/www.facebook.com\/theresales.nl\" \/>\n<meta property=\"article:modified_time\" content=\"2026-01-02T11:37:46+00:00\" \/>\n<meta property=\"og:image\" content=\"https:\/\/theresales.nl\/wp-content\/uploads\/2023\/05\/20230525_113408333_iOS.jpg\" \/>\n\t<meta property=\"og:image:width\" content=\"1200\" \/>\n\t<meta property=\"og:image:height\" content=\"900\" \/>\n\t<meta property=\"og:image:type\" content=\"image\/jpeg\" \/>\n<meta name=\"twitter:card\" content=\"summary_large_image\" \/>\n<meta name=\"twitter:label1\" content=\"Gesch\u00e4tzte Lesezeit\" \/>\n\t<meta name=\"twitter:data1\" content=\"1\u00a0Minute\" \/>\n<!-- \/ Yoast SEO plugin. -->","yoast_head_json":{"title":"Montis Fauler Bastard - TheReSales","description":"Der Lazy Bastard ist ein Entwurf von Bertjan Pot f\u00fcr die Marke Montis. Bertjan Pot stellte den Sitzsack quasi auf Beine.","robots":{"index":"index","follow":"follow","max-snippet":"max-snippet:-1","max-image-preview":"max-image-preview:large","max-video-preview":"max-video-preview:-1"},"canonical":"https:\/\/theresales.nl\/de\/produkt\/montis-fauler-bastard\/","og_locale":"de_DE","og_type":"article","og_title":"Montis Lazy Bastard - TheReSales","og_description":"De Lazy Bastard is een ontwerp van Bertjan Pot voor het merk Montis.\u00a0 Bertjan Pot plaatste de zitzak als het ware op poten.","og_url":"https:\/\/theresales.nl\/de\/produkt\/montis-fauler-bastard\/","og_site_name":"TheReSales","article_publisher":"https:\/\/www.facebook.com\/theresales.nl","article_modified_time":"2026-01-02T11:37:46+00:00","og_image":[{"width":1200,"height":900,"url":"https:\/\/theresales.nl\/wp-content\/uploads\/2023\/05\/20230525_113408333_iOS.jpg","type":"image\/jpeg"}],"twitter_card":"summary_large_image","twitter_misc":{"Gesch\u00e4tzte Lesezeit":"1\u00a0Minute"},"schema":{"@context":"https:\/\/schema.org","@graph":[{"@type":"WebPage","@id":"https:\/\/theresales.nl\/product\/montis-lazy-bastard\/","url":"https:\/\/theresales.nl\/product\/montis-lazy-bastard\/","name":"Montis Fauler Bastard - TheReSales","isPartOf":{"@id":"https:\/\/theresales.nl\/#website"},"primaryImageOfPage":{"@id":"https:\/\/theresales.nl\/product\/montis-lazy-bastard\/#primaryimage"},"image":{"@id":"https:\/\/theresales.nl\/product\/montis-lazy-bastard\/#primaryimage"},"thumbnailUrl":"https:\/\/theresales.nl\/wp-content\/uploads\/2023\/05\/20230525_113408333_iOS.jpg","datePublished":"2024-05-17T07:43:18+00:00","dateModified":"2026-01-02T11:37:46+00:00","description":"Der Lazy Bastard ist ein Entwurf von Bertjan Pot f\u00fcr die Marke Montis. Bertjan Pot stellte den Sitzsack quasi auf Beine.","breadcrumb":{"@id":"https:\/\/theresales.nl\/product\/montis-lazy-bastard\/#breadcrumb"},"inLanguage":"de","potentialAction":[{"@type":"ReadAction","target":["https:\/\/theresales.nl\/product\/montis-lazy-bastard\/"]}]},{"@type":"ImageObject","inLanguage":"de","@id":"https:\/\/theresales.nl\/product\/montis-lazy-bastard\/#primaryimage","url":"https:\/\/theresales.nl\/wp-content\/uploads\/2023\/05\/20230525_113408333_iOS.jpg","contentUrl":"https:\/\/theresales.nl\/wp-content\/uploads\/2023\/05\/20230525_113408333_iOS.jpg","width":1200,"height":900,"caption":"Bank-Montis-Lazy-Bastard-TheReSales"},{"@type":"BreadcrumbList","@id":"https:\/\/theresales.nl\/product\/montis-lazy-bastard\/#breadcrumb","itemListElement":[{"@type":"ListItem","position":1,"name":"Home","item":"https:\/\/theresales.nl\/"},{"@type":"ListItem","position":2,"name":"Collectie","item":"https:\/\/theresales.nl\/collectie\/"},{"@type":"ListItem","position":3,"name":"Montis Lazy Bastard"}]},{"@type":"WebSite","@id":"https:\/\/theresales.nl\/#website","url":"https:\/\/theresales.nl\/","name":"TheReSales","description":"Tweedehands Design Meubelen","publisher":{"@id":"https:\/\/theresales.nl\/#organization"},"potentialAction":[{"@type":"SearchAction","target":{"@type":"EntryPoint","urlTemplate":"https:\/\/theresales.nl\/?s={search_term_string}"},"query-input":{"@type":"PropertyValueSpecification","valueRequired":true,"valueName":"search_term_string"}}],"inLanguage":"de"},{"@type":"Organization","@id":"https:\/\/theresales.nl\/#organization","name":"TheReSales","url":"https:\/\/theresales.nl\/","logo":{"@type":"ImageObject","inLanguage":"de","@id":"https:\/\/theresales.nl\/#\/schema\/logo\/image\/","url":"https:\/\/theresales.nl\/wp-content\/uploads\/2026\/04\/Logo-TheReSales.png","contentUrl":"https:\/\/theresales.nl\/wp-content\/uploads\/2026\/04\/Logo-TheReSales.png","width":1200,"height":304,"caption":"TheReSales"},"image":{"@id":"https:\/\/theresales.nl\/#\/schema\/logo\/image\/"},"sameAs":["https:\/\/www.facebook.com\/theresales.nl","https:\/\/www.instagram.com\/_theresales_\/","https:\/\/nl.pinterest.com\/theresalesgroningen\/","https:\/\/www.linkedin.com\/company\/theresales\/"]}]}},"_links":{"self":[{"href":"https:\/\/theresales.nl\/de\/wp-json\/wp\/v2\/product\/22574","targetHints":{"allow":["GET"]}}],"collection":[{"href":"https:\/\/theresales.nl\/de\/wp-json\/wp\/v2\/product"}],"about":[{"href":"https:\/\/theresales.nl\/de\/wp-json\/wp\/v2\/types\/product"}],"wp:featuredmedia":[{"embeddable":true,"href":"https:\/\/theresales.nl\/de\/wp-json\/wp\/v2\/media\/22575"}],"wp:attachment":[{"href":"https:\/\/theresales.nl\/de\/wp-json\/wp\/v2\/media?parent=22574"}],"wp:term":[{"taxonomy":"product_brand","embeddable":true,"href":"https:\/\/theresales.nl\/de\/wp-json\/wp\/v2\/product_brand?post=22574"},{"taxonomy":"product_cat","embeddable":true,"href":"https:\/\/theresales.nl\/de\/wp-json\/wp\/v2\/product_cat?post=22574"},{"taxonomy":"product_tag","embeddable":true,"href":"https:\/\/theresales.nl\/de\/wp-json\/wp\/v2\/product_tag?post=22574"},{"taxonomy":"ontwerper","embeddable":true,"href":"https:\/\/theresales.nl\/de\/wp-json\/wp\/v2\/ontwerper?post=22574"}],"curies":[{"name":"wp","href":"https:\/\/api.w.org\/{rel}","templated":true}]}}