{"id":21588,"date":"2023-05-15T14:23:57","date_gmt":"2023-05-15T12:23:57","guid":{"rendered":"https:\/\/theresales.nl\/?post_type=product&#038;p=21588"},"modified":"2026-01-02T11:31:58","modified_gmt":"2026-01-02T10:31:58","slug":"berggipfel-herr-elemente-bank","status":"publish","type":"product","link":"https:\/\/theresales.nl\/de\/product\/montis-domino-elementen-bank\/","title":{"rendered":"Berges Herr Elemente Bank"},"content":{"rendered":"<p>Die Dominoelemente <a href=\"https:\/\/theresales.nl\/de\/produktkategorie\/banken\/\" target=\"_blank\" rel=\"noopener\">Bank<\/a> ist ein Entwurf von <a href=\"https:\/\/www.spierenburgstudio.com\/\" target=\"_blank\" rel=\"noopener\">Dick Spierenburg<\/a> f\u00fcr die Marke Montis. Sie ist aus der Designwelt nicht mehr wegzudenken, denn diese Allesk\u00f6nnerbank kann in allen m\u00f6glichen Konfigurationen aufgestellt werden. Koppeln Sie sie von jeder beliebigen Seite aneinander oder stellen Sie sie gegen\u00fcber, um eine spielerische Ecke zu schaffen.\u00a0<\/p>\r\n<p><strong>Preis pro Element<\/strong><\/p>\r\n<p>Bank mit Armlehne: 175 cm breit, 2 auf Lager, Neupreis \u20ac5920,- pro St\u00fcck <strong>TheReSales Preis 2000 \u20ac pro St\u00fcck<\/strong><\/p>\r\n<p>Bank ohne Armlehne: 175 cm breit, 2 auf Lager, Neupreis 3632 \u20ac pro St\u00fcck <strong>TheReSales<\/strong><strong> Preis \u20ac1500,- pro St\u00fcck<\/strong><\/p>\r\n<p>Bank ohne Armlehne: 100 cm breit, 1 auf Lager, Neupreis 2534 \u20ac pro St\u00fcck <strong>TheReSales Preis 1000 \u20ac pro St\u00fcck<\/strong><\/p>\r\n<p>Hocker: 175 cm breit, 2 auf Lager, Neupreis 2883 \u20ac pro St\u00fcck <strong>TheReSales Preis 1000 \u20ac pro St\u00fcck<\/strong><\/p>\r\n<p>Hocker: 100 cm breit, 1 auf Lager, Neupreis 1643 \u20ac pro St\u00fcck <strong>TheReSales Preis 750 \u20ac pro St\u00fcck<\/strong><\/p>","protected":false},"excerpt":{"rendered":"<p><strong>Abmessungen Sofa<\/strong><br \/>Tiefe: 100 cm<br \/>H\u00f6he: 63 cm<br \/>Sitzh\u00f6he: 41 cm<br \/>Sitzfl\u00e4chentiefe: 75 cm<\/p>\n<p><strong>Hocker-Abmessungen<\/strong><br \/>Tiefe: 75 cm<br \/>H\u00f6he: 75 cm<\/p>\n<p><strong>Farbe<\/strong>Blau, Cognac, Sahne<strong><em><br \/><strong><br \/><\/strong><\/em><strong>Material<\/strong>: <\/strong>Leer, Staub<\/p>\n<p><strong>Besonderheiten<\/strong> Inklusive Kissen und Nackenrollen<\/p>","protected":false},"featured_media":22180,"template":"","meta":{"_acf_changed":false},"product_brand":[],"product_cat":[74],"product_tag":[273],"ontwerper":[688],"class_list":{"0":"post-21588","1":"product","2":"type-product","3":"status-publish","4":"has-post-thumbnail","6":"product_cat-banken","7":"product_tag-montis","8":"ontwerper-dick-spierenburg","10":"first","11":"instock","12":"shipping-taxable","13":"purchasable","14":"product-type-simple"},"acf":[],"yoast_head":"<!-- This site is optimized with the Yoast SEO plugin v27.5 - https:\/\/yoast.com\/product\/yoast-seo-wordpress\/ -->\n<title>Montis Domino Elementen Bank - TheReSales<\/title>\n<meta name=\"description\" content=\"De Domino Elementen Bank Armleuning is een ontwerp van Dick Spierenburg voor het merk Montis. Het is niet meer weg te denken in de design wereld.\" \/>\n<meta name=\"robots\" content=\"index, follow, max-snippet:-1, max-image-preview:large, max-video-preview:-1\" \/>\n<link rel=\"canonical\" href=\"https:\/\/theresales.nl\/de\/produkt\/berggipfel-herr-elemente-bank\/\" \/>\n<meta property=\"og:locale\" content=\"de_DE\" \/>\n<meta property=\"og:type\" content=\"article\" \/>\n<meta property=\"og:title\" content=\"Montis Domino Elementen Bank - TheReSales\" \/>\n<meta property=\"og:description\" content=\"De Domino Elementen Bank Armleuning is een ontwerp van Dick Spierenburg voor het merk Montis. Het is niet meer weg te denken in de design wereld.\" \/>\n<meta property=\"og:url\" content=\"https:\/\/theresales.nl\/de\/produkt\/berggipfel-herr-elemente-bank\/\" \/>\n<meta property=\"og:site_name\" content=\"TheReSales\" \/>\n<meta property=\"article:publisher\" content=\"https:\/\/www.facebook.com\/theresales.nl\" \/>\n<meta property=\"article:modified_time\" content=\"2026-01-02T10:31:58+00:00\" \/>\n<meta property=\"og:image\" content=\"https:\/\/theresales.nl\/wp-content\/uploads\/2023\/05\/20230512_083015048_iOS.jpg\" \/>\n\t<meta property=\"og:image:width\" content=\"1200\" \/>\n\t<meta property=\"og:image:height\" content=\"900\" \/>\n\t<meta property=\"og:image:type\" content=\"image\/jpeg\" \/>\n<meta name=\"twitter:card\" content=\"summary_large_image\" \/>\n<meta name=\"twitter:label1\" content=\"Gesch\u00e4tzte Lesezeit\" \/>\n\t<meta name=\"twitter:data1\" content=\"1\u00a0Minute\" \/>\n<!-- \/ Yoast SEO plugin. -->","yoast_head_json":{"title":"Montis Domino Elementen Bank - TheReSales","description":"Die Domino Elementen Bank Armlehne ist ein Entwurf von Dick Spierenburg f\u00fcr die Marke Montis. Sie ist aus der Designwelt nicht mehr wegzudenken.","robots":{"index":"index","follow":"follow","max-snippet":"max-snippet:-1","max-image-preview":"max-image-preview:large","max-video-preview":"max-video-preview:-1"},"canonical":"https:\/\/theresales.nl\/de\/produkt\/berggipfel-herr-elemente-bank\/","og_locale":"de_DE","og_type":"article","og_title":"Montis Domino Elementen Bank - TheReSales","og_description":"De Domino Elementen Bank Armleuning is een ontwerp van Dick Spierenburg voor het merk Montis. Het is niet meer weg te denken in de design wereld.","og_url":"https:\/\/theresales.nl\/de\/produkt\/berggipfel-herr-elemente-bank\/","og_site_name":"TheReSales","article_publisher":"https:\/\/www.facebook.com\/theresales.nl","article_modified_time":"2026-01-02T10:31:58+00:00","og_image":[{"width":1200,"height":900,"url":"https:\/\/theresales.nl\/wp-content\/uploads\/2023\/05\/20230512_083015048_iOS.jpg","type":"image\/jpeg"}],"twitter_card":"summary_large_image","twitter_misc":{"Gesch\u00e4tzte Lesezeit":"1\u00a0Minute"},"schema":{"@context":"https:\/\/schema.org","@graph":[{"@type":"WebPage","@id":"https:\/\/theresales.nl\/product\/montis-domino-elementen-bank\/","url":"https:\/\/theresales.nl\/product\/montis-domino-elementen-bank\/","name":"Montis Domino Elementen Bank - TheReSales","isPartOf":{"@id":"https:\/\/theresales.nl\/#website"},"primaryImageOfPage":{"@id":"https:\/\/theresales.nl\/product\/montis-domino-elementen-bank\/#primaryimage"},"image":{"@id":"https:\/\/theresales.nl\/product\/montis-domino-elementen-bank\/#primaryimage"},"thumbnailUrl":"https:\/\/theresales.nl\/wp-content\/uploads\/2023\/05\/20230512_083015048_iOS.jpg","datePublished":"2023-05-15T12:23:57+00:00","dateModified":"2026-01-02T10:31:58+00:00","description":"Die Domino Elementen Bank Armlehne ist ein Entwurf von Dick Spierenburg f\u00fcr die Marke Montis. Sie ist aus der Designwelt nicht mehr wegzudenken.","breadcrumb":{"@id":"https:\/\/theresales.nl\/product\/montis-domino-elementen-bank\/#breadcrumb"},"inLanguage":"de","potentialAction":[{"@type":"ReadAction","target":["https:\/\/theresales.nl\/product\/montis-domino-elementen-bank\/"]}]},{"@type":"ImageObject","inLanguage":"de","@id":"https:\/\/theresales.nl\/product\/montis-domino-elementen-bank\/#primaryimage","url":"https:\/\/theresales.nl\/wp-content\/uploads\/2023\/05\/20230512_083015048_iOS.jpg","contentUrl":"https:\/\/theresales.nl\/wp-content\/uploads\/2023\/05\/20230512_083015048_iOS.jpg","width":1200,"height":900,"caption":"Bank-Montis-Domino-Elementen-TheReSales"},{"@type":"BreadcrumbList","@id":"https:\/\/theresales.nl\/product\/montis-domino-elementen-bank\/#breadcrumb","itemListElement":[{"@type":"ListItem","position":1,"name":"Home","item":"https:\/\/theresales.nl\/"},{"@type":"ListItem","position":2,"name":"Collectie","item":"https:\/\/theresales.nl\/collectie\/"},{"@type":"ListItem","position":3,"name":"Montis Domino Elementen Bank"}]},{"@type":"WebSite","@id":"https:\/\/theresales.nl\/#website","url":"https:\/\/theresales.nl\/","name":"TheReSales","description":"Tweedehands Design Meubelen","publisher":{"@id":"https:\/\/theresales.nl\/#organization"},"potentialAction":[{"@type":"SearchAction","target":{"@type":"EntryPoint","urlTemplate":"https:\/\/theresales.nl\/?s={search_term_string}"},"query-input":{"@type":"PropertyValueSpecification","valueRequired":true,"valueName":"search_term_string"}}],"inLanguage":"de"},{"@type":"Organization","@id":"https:\/\/theresales.nl\/#organization","name":"TheReSales","url":"https:\/\/theresales.nl\/","logo":{"@type":"ImageObject","inLanguage":"de","@id":"https:\/\/theresales.nl\/#\/schema\/logo\/image\/","url":"https:\/\/theresales.nl\/wp-content\/uploads\/2026\/04\/Logo-TheReSales.png","contentUrl":"https:\/\/theresales.nl\/wp-content\/uploads\/2026\/04\/Logo-TheReSales.png","width":1200,"height":304,"caption":"TheReSales"},"image":{"@id":"https:\/\/theresales.nl\/#\/schema\/logo\/image\/"},"sameAs":["https:\/\/www.facebook.com\/theresales.nl","https:\/\/www.instagram.com\/_theresales_\/","https:\/\/nl.pinterest.com\/theresalesgroningen\/","https:\/\/www.linkedin.com\/company\/theresales\/"]}]}},"_links":{"self":[{"href":"https:\/\/theresales.nl\/de\/wp-json\/wp\/v2\/product\/21588","targetHints":{"allow":["GET"]}}],"collection":[{"href":"https:\/\/theresales.nl\/de\/wp-json\/wp\/v2\/product"}],"about":[{"href":"https:\/\/theresales.nl\/de\/wp-json\/wp\/v2\/types\/product"}],"wp:featuredmedia":[{"embeddable":true,"href":"https:\/\/theresales.nl\/de\/wp-json\/wp\/v2\/media\/22180"}],"wp:attachment":[{"href":"https:\/\/theresales.nl\/de\/wp-json\/wp\/v2\/media?parent=21588"}],"wp:term":[{"taxonomy":"product_brand","embeddable":true,"href":"https:\/\/theresales.nl\/de\/wp-json\/wp\/v2\/product_brand?post=21588"},{"taxonomy":"product_cat","embeddable":true,"href":"https:\/\/theresales.nl\/de\/wp-json\/wp\/v2\/product_cat?post=21588"},{"taxonomy":"product_tag","embeddable":true,"href":"https:\/\/theresales.nl\/de\/wp-json\/wp\/v2\/product_tag?post=21588"},{"taxonomy":"ontwerper","embeddable":true,"href":"https:\/\/theresales.nl\/de\/wp-json\/wp\/v2\/ontwerper?post=21588"}],"curies":[{"name":"wp","href":"https:\/\/api.w.org\/{rel}","templated":true}]}}