{"id":20130,"date":"2024-05-17T09:40:12","date_gmt":"2024-05-17T07:40:12","guid":{"rendered":"https:\/\/theresales.nl\/?post_type=product&#038;p=20130"},"modified":"2026-01-02T12:37:52","modified_gmt":"2026-01-02T11:37:52","slug":"design-bank","status":"publish","type":"product","link":"https:\/\/theresales.nl\/de\/product\/design-bank\/","title":{"rendered":"Design Bank"},"content":{"rendered":"<p>Diese <strong>Gestaltung<\/strong> <a href=\"https:\/\/theresales.nl\/de\/produktkategorie\/banken\/\" target=\"_blank\" rel=\"noopener\">Bank<\/a> ist nicht nur eine Augenweide, sondern auch ein Vergn\u00fcgen zum Sitzen. Die Stoffpolsterung f\u00fchlt sich weich an und l\u00e4dt zum Hineinfallen ein. Ein sch\u00f6nes Detail ist die Holzlehne mit ihrer sch\u00f6nen Form und ihrem warmen Aussehen. Aber es sind die lila Kissen, die die Bank wirklich zum Leben erwecken. Ihre tiefe, satte Farbe verleiht dem Design einen Hauch von \u00dcppigkeit und gibt der Bank eine eigene Pers\u00f6nlichkeit.<\/p>","protected":false},"excerpt":{"rendered":"<p><strong>Abmessungen<\/strong><em><br \/>\n<\/em>Breite: 240 cm<br \/>\nTiefe: 75 cm<br \/>\nH\u00f6he: 85 cm<br \/>\nSitzh\u00f6he: 45 cm<br \/>\nSitzh\u00f6he: 55 cm<\/p>\n<p><strong>Farbe<\/strong> Holzlicht, Lila, Grau<\/p>\n<p><strong>Material <\/strong>Holz, Staub, Metall<\/p>\n<p><strong>Besonderheiten<\/strong> Inkl. Kissen<\/p>","protected":false},"featured_media":20132,"template":"","meta":{"_acf_changed":false},"product_brand":[],"product_cat":[74],"product_tag":[321],"ontwerper":[],"class_list":{"0":"post-20130","1":"product","2":"type-product","3":"status-publish","4":"has-post-thumbnail","6":"product_cat-banken","7":"product_tag-overig-design","9":"first","10":"instock","11":"shipping-taxable","12":"purchasable","13":"product-type-simple"},"acf":[],"yoast_head":"<!-- This site is optimized with the Yoast SEO plugin v27.5 - https:\/\/yoast.com\/product\/yoast-seo-wordpress\/ -->\n<title>Design Bank - TheReSales<\/title>\n<meta name=\"description\" content=\"Deze design bank is niet alleen een lust voor het oog, maar ook een genot om op te zitten. De perfecte aanvulling op elk modern interieur!\" \/>\n<meta name=\"robots\" content=\"index, follow, max-snippet:-1, max-image-preview:large, max-video-preview:-1\" \/>\n<link rel=\"canonical\" href=\"https:\/\/theresales.nl\/de\/produkt\/design-bank\/\" \/>\n<meta property=\"og:locale\" content=\"de_DE\" \/>\n<meta property=\"og:type\" content=\"article\" \/>\n<meta property=\"og:title\" content=\"Design Bank - TheReSales\" \/>\n<meta property=\"og:description\" content=\"Deze design bank is niet alleen een lust voor het oog, maar ook een genot om op te zitten. De perfecte aanvulling op elk modern interieur!\" \/>\n<meta property=\"og:url\" content=\"https:\/\/theresales.nl\/de\/produkt\/design-bank\/\" \/>\n<meta property=\"og:site_name\" content=\"TheReSales\" \/>\n<meta property=\"article:publisher\" content=\"https:\/\/www.facebook.com\/theresales.nl\" \/>\n<meta property=\"article:modified_time\" content=\"2026-01-02T11:37:52+00:00\" \/>\n<meta property=\"og:image\" content=\"https:\/\/theresales.nl\/wp-content\/uploads\/2023\/03\/20230317_150623571_iOS.jpg\" \/>\n\t<meta property=\"og:image:width\" content=\"1200\" \/>\n\t<meta property=\"og:image:height\" content=\"900\" \/>\n\t<meta property=\"og:image:type\" content=\"image\/jpeg\" \/>\n<meta name=\"twitter:card\" content=\"summary_large_image\" \/>\n<meta name=\"twitter:label1\" content=\"Gesch\u00e4tzte Lesezeit\" \/>\n\t<meta name=\"twitter:data1\" content=\"1\u00a0Minute\" \/>\n<!-- \/ Yoast SEO plugin. -->","yoast_head_json":{"title":"Design Bank - TheReSales","description":"Diese Design-Bank ist nicht nur ein Augenschmaus, sondern auch ein Vergn\u00fcgen, darauf zu sitzen. Die perfekte Erg\u00e4nzung f\u00fcr jedes moderne Interieur!","robots":{"index":"index","follow":"follow","max-snippet":"max-snippet:-1","max-image-preview":"max-image-preview:large","max-video-preview":"max-video-preview:-1"},"canonical":"https:\/\/theresales.nl\/de\/produkt\/design-bank\/","og_locale":"de_DE","og_type":"article","og_title":"Design Bank - TheReSales","og_description":"Deze design bank is niet alleen een lust voor het oog, maar ook een genot om op te zitten. De perfecte aanvulling op elk modern interieur!","og_url":"https:\/\/theresales.nl\/de\/produkt\/design-bank\/","og_site_name":"TheReSales","article_publisher":"https:\/\/www.facebook.com\/theresales.nl","article_modified_time":"2026-01-02T11:37:52+00:00","og_image":[{"width":1200,"height":900,"url":"https:\/\/theresales.nl\/wp-content\/uploads\/2023\/03\/20230317_150623571_iOS.jpg","type":"image\/jpeg"}],"twitter_card":"summary_large_image","twitter_misc":{"Gesch\u00e4tzte Lesezeit":"1\u00a0Minute"},"schema":{"@context":"https:\/\/schema.org","@graph":[{"@type":"WebPage","@id":"https:\/\/theresales.nl\/product\/design-bank\/","url":"https:\/\/theresales.nl\/product\/design-bank\/","name":"Design Bank - TheReSales","isPartOf":{"@id":"https:\/\/theresales.nl\/#website"},"primaryImageOfPage":{"@id":"https:\/\/theresales.nl\/product\/design-bank\/#primaryimage"},"image":{"@id":"https:\/\/theresales.nl\/product\/design-bank\/#primaryimage"},"thumbnailUrl":"https:\/\/theresales.nl\/wp-content\/uploads\/2023\/03\/20230317_150623571_iOS.jpg","datePublished":"2024-05-17T07:40:12+00:00","dateModified":"2026-01-02T11:37:52+00:00","description":"Diese Design-Bank ist nicht nur ein Augenschmaus, sondern auch ein Vergn\u00fcgen, darauf zu sitzen. Die perfekte Erg\u00e4nzung f\u00fcr jedes moderne Interieur!","breadcrumb":{"@id":"https:\/\/theresales.nl\/product\/design-bank\/#breadcrumb"},"inLanguage":"de","potentialAction":[{"@type":"ReadAction","target":["https:\/\/theresales.nl\/product\/design-bank\/"]}]},{"@type":"ImageObject","inLanguage":"de","@id":"https:\/\/theresales.nl\/product\/design-bank\/#primaryimage","url":"https:\/\/theresales.nl\/wp-content\/uploads\/2023\/03\/20230317_150623571_iOS.jpg","contentUrl":"https:\/\/theresales.nl\/wp-content\/uploads\/2023\/03\/20230317_150623571_iOS.jpg","width":1200,"height":900,"caption":"Design-Bank-TheReSales"},{"@type":"BreadcrumbList","@id":"https:\/\/theresales.nl\/product\/design-bank\/#breadcrumb","itemListElement":[{"@type":"ListItem","position":1,"name":"Home","item":"https:\/\/theresales.nl\/"},{"@type":"ListItem","position":2,"name":"Collectie","item":"https:\/\/theresales.nl\/collectie\/"},{"@type":"ListItem","position":3,"name":"Design Bank"}]},{"@type":"WebSite","@id":"https:\/\/theresales.nl\/#website","url":"https:\/\/theresales.nl\/","name":"TheReSales","description":"Tweedehands Design Meubelen","publisher":{"@id":"https:\/\/theresales.nl\/#organization"},"potentialAction":[{"@type":"SearchAction","target":{"@type":"EntryPoint","urlTemplate":"https:\/\/theresales.nl\/?s={search_term_string}"},"query-input":{"@type":"PropertyValueSpecification","valueRequired":true,"valueName":"search_term_string"}}],"inLanguage":"de"},{"@type":"Organization","@id":"https:\/\/theresales.nl\/#organization","name":"TheReSales","url":"https:\/\/theresales.nl\/","logo":{"@type":"ImageObject","inLanguage":"de","@id":"https:\/\/theresales.nl\/#\/schema\/logo\/image\/","url":"https:\/\/theresales.nl\/wp-content\/uploads\/2026\/04\/Logo-TheReSales.png","contentUrl":"https:\/\/theresales.nl\/wp-content\/uploads\/2026\/04\/Logo-TheReSales.png","width":1200,"height":304,"caption":"TheReSales"},"image":{"@id":"https:\/\/theresales.nl\/#\/schema\/logo\/image\/"},"sameAs":["https:\/\/www.facebook.com\/theresales.nl","https:\/\/www.instagram.com\/_theresales_\/","https:\/\/nl.pinterest.com\/theresalesgroningen\/","https:\/\/www.linkedin.com\/company\/theresales\/"]}]}},"_links":{"self":[{"href":"https:\/\/theresales.nl\/de\/wp-json\/wp\/v2\/product\/20130","targetHints":{"allow":["GET"]}}],"collection":[{"href":"https:\/\/theresales.nl\/de\/wp-json\/wp\/v2\/product"}],"about":[{"href":"https:\/\/theresales.nl\/de\/wp-json\/wp\/v2\/types\/product"}],"wp:featuredmedia":[{"embeddable":true,"href":"https:\/\/theresales.nl\/de\/wp-json\/wp\/v2\/media\/20132"}],"wp:attachment":[{"href":"https:\/\/theresales.nl\/de\/wp-json\/wp\/v2\/media?parent=20130"}],"wp:term":[{"taxonomy":"product_brand","embeddable":true,"href":"https:\/\/theresales.nl\/de\/wp-json\/wp\/v2\/product_brand?post=20130"},{"taxonomy":"product_cat","embeddable":true,"href":"https:\/\/theresales.nl\/de\/wp-json\/wp\/v2\/product_cat?post=20130"},{"taxonomy":"product_tag","embeddable":true,"href":"https:\/\/theresales.nl\/de\/wp-json\/wp\/v2\/product_tag?post=20130"},{"taxonomy":"ontwerper","embeddable":true,"href":"https:\/\/theresales.nl\/de\/wp-json\/wp\/v2\/ontwerper?post=20130"}],"curies":[{"name":"wp","href":"https:\/\/api.w.org\/{rel}","templated":true}]}}