{"id":20012,"date":"2023-03-23T14:03:05","date_gmt":"2023-03-23T13:03:05","guid":{"rendered":"https:\/\/theresales.nl\/?post_type=product&#038;p=20012"},"modified":"2026-01-02T11:33:04","modified_gmt":"2026-01-02T10:33:04","slug":"hitch-mylius-hm63-kiesel","status":"publish","type":"product","link":"https:\/\/theresales.nl\/de\/product\/hitch-mylius-hm63-pebble\/","title":{"rendered":"Hitch Mylius hm63 Kieselstein"},"content":{"rendered":"<p>De hm63 Pebble is ein Design von <a href=\"https:\/\/nigelcoates.com\/\" target=\"_blank\" rel=\"noopener\">Nigel Coates<\/a> f\u00fcr die Marke Hitch Mylius. Eine kieself\u00f6rmige Sitzl\u00f6sung, die ein entspanntes und luxuri\u00f6ses Sitzen bietet. Sie ist gro\u00dfz\u00fcgig proportioniert mit einer R\u00fcckenlehne und somit perfekt f\u00fcr moderne Wohn- und Arbeitsumgebungen. Organisch und vielseitig!<\/p>","protected":false},"excerpt":{"rendered":"<p><strong>Neupreis: 1970 \u20ac pro St\u00fcck<\/strong><\/p>\n<p><strong>Abmessungen<\/strong><br \/>\nBreite: 135 cm<br \/>\nTiefe: 70 cm<br \/>\nH\u00f6he: 62 cm<br \/>\nSitzh\u00f6he: 36 cm<br \/>\nSitztiefe: 50 cm<br \/>\n<strong><br \/>\nFarbe<\/strong>Bordeaux, Rotorange<br \/>\n<strong><br \/>\nMaterial<\/strong>Stoff<\/p>","protected":false},"featured_media":20013,"template":"","meta":{"_acf_changed":false},"product_brand":[],"product_cat":[19],"product_tag":[414],"ontwerper":[],"class_list":{"0":"post-20012","1":"product","2":"type-product","3":"status-publish","4":"has-post-thumbnail","6":"product_cat-fauteuils","7":"product_tag-hitch-mylius","9":"first","10":"instock","11":"shipping-taxable","12":"purchasable","13":"product-type-simple"},"acf":[],"yoast_head":"<!-- This site is optimized with the Yoast SEO plugin v27.5 - https:\/\/yoast.com\/product\/yoast-seo-wordpress\/ -->\n<title>Hitch Mylius hm63 Pebble - TheReSales<\/title>\n<meta name=\"description\" content=\"De hm63 Pebble is een ontwerp van Nigel Coates voor het merk Hitch Mylius. Een kiezelachtige zitoplossing die een ontspannen en luxe zit biedt.\" \/>\n<meta name=\"robots\" content=\"index, follow, max-snippet:-1, max-image-preview:large, max-video-preview:-1\" \/>\n<link rel=\"canonical\" href=\"https:\/\/theresales.nl\/de\/produkt\/hitch-mylius-hm63-kiesel\/\" \/>\n<meta property=\"og:locale\" content=\"de_DE\" \/>\n<meta property=\"og:type\" content=\"article\" \/>\n<meta property=\"og:title\" content=\"Hitch Mylius hm63 Pebble - TheReSales\" \/>\n<meta property=\"og:description\" content=\"De hm63 Pebble is een ontwerp van Nigel Coates voor het merk Hitch Mylius. Een kiezelachtige zitoplossing die een ontspannen en luxe zit biedt.\" \/>\n<meta property=\"og:url\" content=\"https:\/\/theresales.nl\/de\/produkt\/hitch-mylius-hm63-kiesel\/\" \/>\n<meta property=\"og:site_name\" content=\"TheReSales\" \/>\n<meta property=\"article:publisher\" content=\"https:\/\/www.facebook.com\/theresales.nl\" \/>\n<meta property=\"article:modified_time\" content=\"2026-01-02T10:33:04+00:00\" \/>\n<meta property=\"og:image\" content=\"https:\/\/theresales.nl\/wp-content\/uploads\/2023\/03\/20230317_093235836_iOS.jpg\" \/>\n\t<meta property=\"og:image:width\" content=\"1200\" \/>\n\t<meta property=\"og:image:height\" content=\"900\" \/>\n\t<meta property=\"og:image:type\" content=\"image\/jpeg\" \/>\n<meta name=\"twitter:card\" content=\"summary_large_image\" \/>\n<meta name=\"twitter:label1\" content=\"Gesch\u00e4tzte Lesezeit\" \/>\n\t<meta name=\"twitter:data1\" content=\"1\u00a0Minute\" \/>\n<!-- \/ Yoast SEO plugin. -->","yoast_head_json":{"title":"Hitch Mylius hm63 Kieselstein - TheReSales","description":"Der hm63 Pebble ist ein Entwurf von Nigel Coates f\u00fcr die Marke Hitch Mylius. Eine kieself\u00f6rmige Sitzl\u00f6sung, die ein entspanntes und luxuri\u00f6ses Sitzen bietet.","robots":{"index":"index","follow":"follow","max-snippet":"max-snippet:-1","max-image-preview":"max-image-preview:large","max-video-preview":"max-video-preview:-1"},"canonical":"https:\/\/theresales.nl\/de\/produkt\/hitch-mylius-hm63-kiesel\/","og_locale":"de_DE","og_type":"article","og_title":"Hitch Mylius hm63 Pebble - TheReSales","og_description":"De hm63 Pebble is een ontwerp van Nigel Coates voor het merk Hitch Mylius. Een kiezelachtige zitoplossing die een ontspannen en luxe zit biedt.","og_url":"https:\/\/theresales.nl\/de\/produkt\/hitch-mylius-hm63-kiesel\/","og_site_name":"TheReSales","article_publisher":"https:\/\/www.facebook.com\/theresales.nl","article_modified_time":"2026-01-02T10:33:04+00:00","og_image":[{"width":1200,"height":900,"url":"https:\/\/theresales.nl\/wp-content\/uploads\/2023\/03\/20230317_093235836_iOS.jpg","type":"image\/jpeg"}],"twitter_card":"summary_large_image","twitter_misc":{"Gesch\u00e4tzte Lesezeit":"1\u00a0Minute"},"schema":{"@context":"https:\/\/schema.org","@graph":[{"@type":"WebPage","@id":"https:\/\/theresales.nl\/product\/hitch-mylius-hm63-pebble\/","url":"https:\/\/theresales.nl\/product\/hitch-mylius-hm63-pebble\/","name":"Hitch Mylius hm63 Kieselstein - TheReSales","isPartOf":{"@id":"https:\/\/theresales.nl\/#website"},"primaryImageOfPage":{"@id":"https:\/\/theresales.nl\/product\/hitch-mylius-hm63-pebble\/#primaryimage"},"image":{"@id":"https:\/\/theresales.nl\/product\/hitch-mylius-hm63-pebble\/#primaryimage"},"thumbnailUrl":"https:\/\/theresales.nl\/wp-content\/uploads\/2023\/03\/20230317_093235836_iOS.jpg","datePublished":"2023-03-23T13:03:05+00:00","dateModified":"2026-01-02T10:33:04+00:00","description":"Der hm63 Pebble ist ein Entwurf von Nigel Coates f\u00fcr die Marke Hitch Mylius. Eine kieself\u00f6rmige Sitzl\u00f6sung, die ein entspanntes und luxuri\u00f6ses Sitzen bietet.","breadcrumb":{"@id":"https:\/\/theresales.nl\/product\/hitch-mylius-hm63-pebble\/#breadcrumb"},"inLanguage":"de","potentialAction":[{"@type":"ReadAction","target":["https:\/\/theresales.nl\/product\/hitch-mylius-hm63-pebble\/"]}]},{"@type":"ImageObject","inLanguage":"de","@id":"https:\/\/theresales.nl\/product\/hitch-mylius-hm63-pebble\/#primaryimage","url":"https:\/\/theresales.nl\/wp-content\/uploads\/2023\/03\/20230317_093235836_iOS.jpg","contentUrl":"https:\/\/theresales.nl\/wp-content\/uploads\/2023\/03\/20230317_093235836_iOS.jpg","width":1200,"height":900,"caption":"Fauteuils-Hitch-Mylius -m63-Pebble-TheReSales"},{"@type":"BreadcrumbList","@id":"https:\/\/theresales.nl\/product\/hitch-mylius-hm63-pebble\/#breadcrumb","itemListElement":[{"@type":"ListItem","position":1,"name":"Home","item":"https:\/\/theresales.nl\/"},{"@type":"ListItem","position":2,"name":"Collectie","item":"https:\/\/theresales.nl\/collectie\/"},{"@type":"ListItem","position":3,"name":"Hitch Mylius hm63 Pebble"}]},{"@type":"WebSite","@id":"https:\/\/theresales.nl\/#website","url":"https:\/\/theresales.nl\/","name":"TheReSales","description":"Tweedehands Design Meubelen","publisher":{"@id":"https:\/\/theresales.nl\/#organization"},"potentialAction":[{"@type":"SearchAction","target":{"@type":"EntryPoint","urlTemplate":"https:\/\/theresales.nl\/?s={search_term_string}"},"query-input":{"@type":"PropertyValueSpecification","valueRequired":true,"valueName":"search_term_string"}}],"inLanguage":"de"},{"@type":"Organization","@id":"https:\/\/theresales.nl\/#organization","name":"TheReSales","url":"https:\/\/theresales.nl\/","logo":{"@type":"ImageObject","inLanguage":"de","@id":"https:\/\/theresales.nl\/#\/schema\/logo\/image\/","url":"https:\/\/theresales.nl\/wp-content\/uploads\/2026\/04\/Logo-TheReSales.png","contentUrl":"https:\/\/theresales.nl\/wp-content\/uploads\/2026\/04\/Logo-TheReSales.png","width":1200,"height":304,"caption":"TheReSales"},"image":{"@id":"https:\/\/theresales.nl\/#\/schema\/logo\/image\/"},"sameAs":["https:\/\/www.facebook.com\/theresales.nl","https:\/\/www.instagram.com\/_theresales_\/","https:\/\/nl.pinterest.com\/theresalesgroningen\/","https:\/\/www.linkedin.com\/company\/theresales\/"]}]}},"_links":{"self":[{"href":"https:\/\/theresales.nl\/de\/wp-json\/wp\/v2\/product\/20012","targetHints":{"allow":["GET"]}}],"collection":[{"href":"https:\/\/theresales.nl\/de\/wp-json\/wp\/v2\/product"}],"about":[{"href":"https:\/\/theresales.nl\/de\/wp-json\/wp\/v2\/types\/product"}],"wp:featuredmedia":[{"embeddable":true,"href":"https:\/\/theresales.nl\/de\/wp-json\/wp\/v2\/media\/20013"}],"wp:attachment":[{"href":"https:\/\/theresales.nl\/de\/wp-json\/wp\/v2\/media?parent=20012"}],"wp:term":[{"taxonomy":"product_brand","embeddable":true,"href":"https:\/\/theresales.nl\/de\/wp-json\/wp\/v2\/product_brand?post=20012"},{"taxonomy":"product_cat","embeddable":true,"href":"https:\/\/theresales.nl\/de\/wp-json\/wp\/v2\/product_cat?post=20012"},{"taxonomy":"product_tag","embeddable":true,"href":"https:\/\/theresales.nl\/de\/wp-json\/wp\/v2\/product_tag?post=20012"},{"taxonomy":"ontwerper","embeddable":true,"href":"https:\/\/theresales.nl\/de\/wp-json\/wp\/v2\/ontwerper?post=20012"}],"curies":[{"name":"wp","href":"https:\/\/api.w.org\/{rel}","templated":true}]}}