{"id":19948,"date":"2023-03-21T12:53:07","date_gmt":"2023-03-21T11:53:07","guid":{"rendered":"https:\/\/theresales.nl\/?post_type=product&#038;p=19948"},"modified":"2026-01-02T11:33:10","modified_gmt":"2026-01-02T10:33:10","slug":"moroso-saruyama","status":"publish","type":"product","link":"https:\/\/theresales.nl\/de\/product\/moroso-saruyama\/","title":{"rendered":"Moroso Saruyama"},"content":{"rendered":"<p>De Saruyama ist ein Entwurf von <a href=\"https:\/\/www.toshiyukikita.com\/jp\/\" target=\"_blank\" rel=\"noopener\">Toshiyuki Kita<\/a> f\u00fcr die Marke Moroso. Dieses einzigartige <a href=\"https:\/\/theresales.nl\/de\/produktkategorie\/sessel\/\" target=\"_blank\" rel=\"noopener\">Sessel<\/a> erm\u00f6glicht entspanntes Sitzen. Es verf\u00fcgt \u00fcber besondere Details wie abgerundete Formen und handgefertigte N\u00e4hte. Eine Ikone des zeitgen\u00f6ssischen Designs!<\/p>","protected":false},"excerpt":{"rendered":"<p><strong>Neupreis: 4068 \u20ac pro St\u00fcck<\/strong><\/p>\n<p><strong>Abmessungen<\/strong><em><br \/>\n<\/em>Breite: 105 cm<br \/>\nTiefe: 96 cm<br \/>\nH\u00f6he: 88 cm<br \/>\nSitzh\u00f6he: 40 cm<br \/>\nSitz-tiefe: 58 cm<\/p>\n<p><strong>Farbe<\/strong> Gr\u00fcn<\/p>\n<p><strong>Material\u00a0<\/strong>Stoff<\/p>","protected":false},"featured_media":19950,"template":"","meta":{"_acf_changed":false},"product_brand":[],"product_cat":[19],"product_tag":[275],"ontwerper":[502],"class_list":{"0":"post-19948","1":"product","2":"type-product","3":"status-publish","4":"has-post-thumbnail","6":"product_cat-fauteuils","7":"product_tag-moroso","8":"ontwerper-toshiyuki-kita","10":"first","11":"instock","12":"shipping-taxable","13":"purchasable","14":"product-type-simple"},"acf":[],"yoast_head":"<!-- This site is optimized with the Yoast SEO plugin v27.5 - https:\/\/yoast.com\/product\/yoast-seo-wordpress\/ -->\n<title>Moroso Saruyama - TheReSales<\/title>\n<meta name=\"description\" content=\"Deze Saruyama is een ontwerp van Toshiyuki Kita voor het merk Moroso. Deze unieke fauteuil maakt ontspannen zitten mogelijk.\" \/>\n<meta name=\"robots\" content=\"index, follow, max-snippet:-1, max-image-preview:large, max-video-preview:-1\" \/>\n<link rel=\"canonical\" href=\"https:\/\/theresales.nl\/de\/produkt\/moroso-saruyama\/\" \/>\n<meta property=\"og:locale\" content=\"de_DE\" \/>\n<meta property=\"og:type\" content=\"article\" \/>\n<meta property=\"og:title\" content=\"Moroso Saruyama - TheReSales\" \/>\n<meta property=\"og:description\" content=\"Deze Saruyama is een ontwerp van Toshiyuki Kita voor het merk Moroso. Deze unieke fauteuil maakt ontspannen zitten mogelijk.\" \/>\n<meta property=\"og:url\" content=\"https:\/\/theresales.nl\/de\/produkt\/moroso-saruyama\/\" \/>\n<meta property=\"og:site_name\" content=\"TheReSales\" \/>\n<meta property=\"article:publisher\" content=\"https:\/\/www.facebook.com\/theresales.nl\" \/>\n<meta property=\"article:modified_time\" content=\"2026-01-02T10:33:10+00:00\" \/>\n<meta property=\"og:image\" content=\"https:\/\/theresales.nl\/wp-content\/uploads\/2023\/03\/20230321_103326486_iOS.jpg\" \/>\n\t<meta property=\"og:image:width\" content=\"1200\" \/>\n\t<meta property=\"og:image:height\" content=\"900\" \/>\n\t<meta property=\"og:image:type\" content=\"image\/jpeg\" \/>\n<meta name=\"twitter:card\" content=\"summary_large_image\" \/>\n<meta name=\"twitter:label1\" content=\"Gesch\u00e4tzte Lesezeit\" \/>\n\t<meta name=\"twitter:data1\" content=\"1\u00a0Minute\" \/>\n<!-- \/ Yoast SEO plugin. -->","yoast_head_json":{"title":"Moroso Saruyama - TheReSales","description":"Dieser Saruyama ist ein Entwurf von Toshiyuki Kita f\u00fcr die Marke Moroso. Dieser einzigartige Sessel erm\u00f6glicht entspanntes Sitzen.","robots":{"index":"index","follow":"follow","max-snippet":"max-snippet:-1","max-image-preview":"max-image-preview:large","max-video-preview":"max-video-preview:-1"},"canonical":"https:\/\/theresales.nl\/de\/produkt\/moroso-saruyama\/","og_locale":"de_DE","og_type":"article","og_title":"Moroso Saruyama - TheReSales","og_description":"Deze Saruyama is een ontwerp van Toshiyuki Kita voor het merk Moroso. Deze unieke fauteuil maakt ontspannen zitten mogelijk.","og_url":"https:\/\/theresales.nl\/de\/produkt\/moroso-saruyama\/","og_site_name":"TheReSales","article_publisher":"https:\/\/www.facebook.com\/theresales.nl","article_modified_time":"2026-01-02T10:33:10+00:00","og_image":[{"width":1200,"height":900,"url":"https:\/\/theresales.nl\/wp-content\/uploads\/2023\/03\/20230321_103326486_iOS.jpg","type":"image\/jpeg"}],"twitter_card":"summary_large_image","twitter_misc":{"Gesch\u00e4tzte Lesezeit":"1\u00a0Minute"},"schema":{"@context":"https:\/\/schema.org","@graph":[{"@type":"WebPage","@id":"https:\/\/theresales.nl\/product\/moroso-saruyama\/","url":"https:\/\/theresales.nl\/product\/moroso-saruyama\/","name":"Moroso Saruyama - TheReSales","isPartOf":{"@id":"https:\/\/theresales.nl\/#website"},"primaryImageOfPage":{"@id":"https:\/\/theresales.nl\/product\/moroso-saruyama\/#primaryimage"},"image":{"@id":"https:\/\/theresales.nl\/product\/moroso-saruyama\/#primaryimage"},"thumbnailUrl":"https:\/\/theresales.nl\/wp-content\/uploads\/2023\/03\/20230321_103326486_iOS.jpg","datePublished":"2023-03-21T11:53:07+00:00","dateModified":"2026-01-02T10:33:10+00:00","description":"Dieser Saruyama ist ein Entwurf von Toshiyuki Kita f\u00fcr die Marke Moroso. Dieser einzigartige Sessel erm\u00f6glicht entspanntes Sitzen.","breadcrumb":{"@id":"https:\/\/theresales.nl\/product\/moroso-saruyama\/#breadcrumb"},"inLanguage":"de","potentialAction":[{"@type":"ReadAction","target":["https:\/\/theresales.nl\/product\/moroso-saruyama\/"]}]},{"@type":"ImageObject","inLanguage":"de","@id":"https:\/\/theresales.nl\/product\/moroso-saruyama\/#primaryimage","url":"https:\/\/theresales.nl\/wp-content\/uploads\/2023\/03\/20230321_103326486_iOS.jpg","contentUrl":"https:\/\/theresales.nl\/wp-content\/uploads\/2023\/03\/20230321_103326486_iOS.jpg","width":1200,"height":900,"caption":"Fauteuil-Moroso-Saruyama-TheReSales"},{"@type":"BreadcrumbList","@id":"https:\/\/theresales.nl\/product\/moroso-saruyama\/#breadcrumb","itemListElement":[{"@type":"ListItem","position":1,"name":"Home","item":"https:\/\/theresales.nl\/"},{"@type":"ListItem","position":2,"name":"Collectie","item":"https:\/\/theresales.nl\/collectie\/"},{"@type":"ListItem","position":3,"name":"Moroso Saruyama"}]},{"@type":"WebSite","@id":"https:\/\/theresales.nl\/#website","url":"https:\/\/theresales.nl\/","name":"TheReSales","description":"Tweedehands Design Meubelen","publisher":{"@id":"https:\/\/theresales.nl\/#organization"},"potentialAction":[{"@type":"SearchAction","target":{"@type":"EntryPoint","urlTemplate":"https:\/\/theresales.nl\/?s={search_term_string}"},"query-input":{"@type":"PropertyValueSpecification","valueRequired":true,"valueName":"search_term_string"}}],"inLanguage":"de"},{"@type":"Organization","@id":"https:\/\/theresales.nl\/#organization","name":"TheReSales","url":"https:\/\/theresales.nl\/","logo":{"@type":"ImageObject","inLanguage":"de","@id":"https:\/\/theresales.nl\/#\/schema\/logo\/image\/","url":"https:\/\/theresales.nl\/wp-content\/uploads\/2026\/04\/Logo-TheReSales.png","contentUrl":"https:\/\/theresales.nl\/wp-content\/uploads\/2026\/04\/Logo-TheReSales.png","width":1200,"height":304,"caption":"TheReSales"},"image":{"@id":"https:\/\/theresales.nl\/#\/schema\/logo\/image\/"},"sameAs":["https:\/\/www.facebook.com\/theresales.nl","https:\/\/www.instagram.com\/_theresales_\/","https:\/\/nl.pinterest.com\/theresalesgroningen\/","https:\/\/www.linkedin.com\/company\/theresales\/"]}]}},"_links":{"self":[{"href":"https:\/\/theresales.nl\/de\/wp-json\/wp\/v2\/product\/19948","targetHints":{"allow":["GET"]}}],"collection":[{"href":"https:\/\/theresales.nl\/de\/wp-json\/wp\/v2\/product"}],"about":[{"href":"https:\/\/theresales.nl\/de\/wp-json\/wp\/v2\/types\/product"}],"wp:featuredmedia":[{"embeddable":true,"href":"https:\/\/theresales.nl\/de\/wp-json\/wp\/v2\/media\/19950"}],"wp:attachment":[{"href":"https:\/\/theresales.nl\/de\/wp-json\/wp\/v2\/media?parent=19948"}],"wp:term":[{"taxonomy":"product_brand","embeddable":true,"href":"https:\/\/theresales.nl\/de\/wp-json\/wp\/v2\/product_brand?post=19948"},{"taxonomy":"product_cat","embeddable":true,"href":"https:\/\/theresales.nl\/de\/wp-json\/wp\/v2\/product_cat?post=19948"},{"taxonomy":"product_tag","embeddable":true,"href":"https:\/\/theresales.nl\/de\/wp-json\/wp\/v2\/product_tag?post=19948"},{"taxonomy":"ontwerper","embeddable":true,"href":"https:\/\/theresales.nl\/de\/wp-json\/wp\/v2\/ontwerper?post=19948"}],"curies":[{"name":"wp","href":"https:\/\/api.w.org\/{rel}","templated":true}]}}