{"id":19901,"date":"2023-03-17T15:52:01","date_gmt":"2023-03-17T14:52:01","guid":{"rendered":"https:\/\/theresales.nl\/?post_type=product&#038;p=19901"},"modified":"2026-01-02T11:33:23","modified_gmt":"2026-01-02T10:33:23","slug":"bene-parks-flugelsessel-blau","status":"publish","type":"product","link":"https:\/\/theresales.nl\/de\/product\/bene-parcs-wing-chair-blauw\/","title":{"rendered":"Bene Parcs Fl\u00fcgelstuhl blau"},"content":{"rendered":"<p>Der Wing Chair blauw ist ein Design von <a href=\"https:\/\/pearsonlloyd.com\/\" target=\"_blank\" rel=\"noopener\">Pearson Lloyd<\/a> f\u00fcr die Marke Bene. Die Form dieses modernen (Arbeits)<a href=\"https:\/\/theresales.nl\/de\/produktkategorie\/sessel\/\" target=\"_blank\" rel=\"noopener\">Sitzplatz<\/a> basiert auf traditionellen Wingback-Sesseln. Die bequeme gepolsterte Sitzfl\u00e4che und R\u00fcckenlehne erm\u00f6glicht entspanntes Arbeiten. Es gibt Raum f\u00fcr Kommunikation als auch Zeit f\u00fcr dich selbst, weg von der Gruppe!<\/p>","protected":false},"excerpt":{"rendered":"<p><strong>Abmessungen<\/strong><em><br \/>\n<\/em>Breite: 66 cm<br \/>\nTiefe: 70 cm<br \/>\nH\u00f6he: 128 cm<br \/>\nSitzfl\u00e4chentiefe: 45 Zentimeter<br \/>\nSitzh\u00f6he: 46 cm<br \/>\nArmh\u00f6he: 70 cm<\/p>\n<p><strong>Farbe <\/strong>Blau, Grau<\/p>\n<p><strong>Material <\/strong>Stoff, Metall<\/p>\n<p><strong>Besonderheiten<\/strong> Drehbar<\/p>","protected":false},"featured_media":19902,"template":"","meta":{"_acf_changed":false},"product_brand":[],"product_cat":[19],"product_tag":[359],"ontwerper":[627],"class_list":{"0":"post-19901","1":"product","2":"type-product","3":"status-publish","4":"has-post-thumbnail","6":"product_cat-fauteuils","7":"product_tag-bene","8":"ontwerper-pearson-lloyd","10":"first","11":"instock","12":"shipping-taxable","13":"purchasable","14":"product-type-simple"},"acf":[],"yoast_head":"<!-- This site is optimized with the Yoast SEO plugin v27.5 - https:\/\/yoast.com\/product\/yoast-seo-wordpress\/ -->\n<title>Bene Parcs Wing Chair blauw - TheReSales<\/title>\n<meta name=\"description\" content=\"De Parcs Wing Chair blauw is een ontwerp van PearsonLloyd voor het merk Bene. De vorm is gebaseerd op traditionele wingback-stoel.\" \/>\n<meta name=\"robots\" content=\"index, follow, max-snippet:-1, max-image-preview:large, max-video-preview:-1\" \/>\n<link rel=\"canonical\" href=\"https:\/\/theresales.nl\/de\/produkt\/bene-parks-flugelsessel-blau\/\" \/>\n<meta property=\"og:locale\" content=\"de_DE\" \/>\n<meta property=\"og:type\" content=\"article\" \/>\n<meta property=\"og:title\" content=\"Bene Parcs Wing Chair blauw - TheReSales\" \/>\n<meta property=\"og:description\" content=\"De Parcs Wing Chair blauw is een ontwerp van PearsonLloyd voor het merk Bene. De vorm is gebaseerd op traditionele wingback-stoel.\" \/>\n<meta property=\"og:url\" content=\"https:\/\/theresales.nl\/de\/produkt\/bene-parks-flugelsessel-blau\/\" \/>\n<meta property=\"og:site_name\" content=\"TheReSales\" \/>\n<meta property=\"article:publisher\" content=\"https:\/\/www.facebook.com\/theresales.nl\" \/>\n<meta property=\"article:modified_time\" content=\"2026-01-02T10:33:23+00:00\" \/>\n<meta property=\"og:image\" content=\"https:\/\/theresales.nl\/wp-content\/uploads\/2023\/03\/20230317_105144234_iOS.jpg\" \/>\n\t<meta property=\"og:image:width\" content=\"1200\" \/>\n\t<meta property=\"og:image:height\" content=\"900\" \/>\n\t<meta property=\"og:image:type\" content=\"image\/jpeg\" \/>\n<meta name=\"twitter:card\" content=\"summary_large_image\" \/>\n<meta name=\"twitter:label1\" content=\"Gesch\u00e4tzte Lesezeit\" \/>\n\t<meta name=\"twitter:data1\" content=\"1\u00a0Minute\" \/>\n<!-- \/ Yoast SEO plugin. -->","yoast_head_json":{"title":"Bene Parcs Schwingstuhl blau - TheReSales","description":"Der Parcs Wing Chair blau ist ein Entwurf von Pearson Lloyd f\u00fcr die Marke Bene. Die Form ist von traditionellen Ohrensessel inspiriert.","robots":{"index":"index","follow":"follow","max-snippet":"max-snippet:-1","max-image-preview":"max-image-preview:large","max-video-preview":"max-video-preview:-1"},"canonical":"https:\/\/theresales.nl\/de\/produkt\/bene-parks-flugelsessel-blau\/","og_locale":"de_DE","og_type":"article","og_title":"Bene Parcs Wing Chair blauw - TheReSales","og_description":"De Parcs Wing Chair blauw is een ontwerp van PearsonLloyd voor het merk Bene. De vorm is gebaseerd op traditionele wingback-stoel.","og_url":"https:\/\/theresales.nl\/de\/produkt\/bene-parks-flugelsessel-blau\/","og_site_name":"TheReSales","article_publisher":"https:\/\/www.facebook.com\/theresales.nl","article_modified_time":"2026-01-02T10:33:23+00:00","og_image":[{"width":1200,"height":900,"url":"https:\/\/theresales.nl\/wp-content\/uploads\/2023\/03\/20230317_105144234_iOS.jpg","type":"image\/jpeg"}],"twitter_card":"summary_large_image","twitter_misc":{"Gesch\u00e4tzte Lesezeit":"1\u00a0Minute"},"schema":{"@context":"https:\/\/schema.org","@graph":[{"@type":"WebPage","@id":"https:\/\/theresales.nl\/product\/bene-parcs-wing-chair-blauw\/","url":"https:\/\/theresales.nl\/product\/bene-parcs-wing-chair-blauw\/","name":"Bene Parcs Schwingstuhl blau - TheReSales","isPartOf":{"@id":"https:\/\/theresales.nl\/#website"},"primaryImageOfPage":{"@id":"https:\/\/theresales.nl\/product\/bene-parcs-wing-chair-blauw\/#primaryimage"},"image":{"@id":"https:\/\/theresales.nl\/product\/bene-parcs-wing-chair-blauw\/#primaryimage"},"thumbnailUrl":"https:\/\/theresales.nl\/wp-content\/uploads\/2023\/03\/20230317_105144234_iOS.jpg","datePublished":"2023-03-17T14:52:01+00:00","dateModified":"2026-01-02T10:33:23+00:00","description":"Der Parcs Wing Chair blau ist ein Entwurf von Pearson Lloyd f\u00fcr die Marke Bene. Die Form ist von traditionellen Ohrensessel inspiriert.","breadcrumb":{"@id":"https:\/\/theresales.nl\/product\/bene-parcs-wing-chair-blauw\/#breadcrumb"},"inLanguage":"de","potentialAction":[{"@type":"ReadAction","target":["https:\/\/theresales.nl\/product\/bene-parcs-wing-chair-blauw\/"]}]},{"@type":"ImageObject","inLanguage":"de","@id":"https:\/\/theresales.nl\/product\/bene-parcs-wing-chair-blauw\/#primaryimage","url":"https:\/\/theresales.nl\/wp-content\/uploads\/2023\/03\/20230317_105144234_iOS.jpg","contentUrl":"https:\/\/theresales.nl\/wp-content\/uploads\/2023\/03\/20230317_105144234_iOS.jpg","width":1200,"height":900,"caption":"Bene-fauteuil-Wing-Blauw-TheReSales"},{"@type":"BreadcrumbList","@id":"https:\/\/theresales.nl\/product\/bene-parcs-wing-chair-blauw\/#breadcrumb","itemListElement":[{"@type":"ListItem","position":1,"name":"Home","item":"https:\/\/theresales.nl\/"},{"@type":"ListItem","position":2,"name":"Collectie","item":"https:\/\/theresales.nl\/collectie\/"},{"@type":"ListItem","position":3,"name":"Bene Parcs Wing Chair blauw"}]},{"@type":"WebSite","@id":"https:\/\/theresales.nl\/#website","url":"https:\/\/theresales.nl\/","name":"TheReSales","description":"Tweedehands Design Meubelen","publisher":{"@id":"https:\/\/theresales.nl\/#organization"},"potentialAction":[{"@type":"SearchAction","target":{"@type":"EntryPoint","urlTemplate":"https:\/\/theresales.nl\/?s={search_term_string}"},"query-input":{"@type":"PropertyValueSpecification","valueRequired":true,"valueName":"search_term_string"}}],"inLanguage":"de"},{"@type":"Organization","@id":"https:\/\/theresales.nl\/#organization","name":"TheReSales","url":"https:\/\/theresales.nl\/","logo":{"@type":"ImageObject","inLanguage":"de","@id":"https:\/\/theresales.nl\/#\/schema\/logo\/image\/","url":"https:\/\/theresales.nl\/wp-content\/uploads\/2026\/04\/Logo-TheReSales.png","contentUrl":"https:\/\/theresales.nl\/wp-content\/uploads\/2026\/04\/Logo-TheReSales.png","width":1200,"height":304,"caption":"TheReSales"},"image":{"@id":"https:\/\/theresales.nl\/#\/schema\/logo\/image\/"},"sameAs":["https:\/\/www.facebook.com\/theresales.nl","https:\/\/www.instagram.com\/_theresales_\/","https:\/\/nl.pinterest.com\/theresalesgroningen\/","https:\/\/www.linkedin.com\/company\/theresales\/"]}]}},"_links":{"self":[{"href":"https:\/\/theresales.nl\/de\/wp-json\/wp\/v2\/product\/19901","targetHints":{"allow":["GET"]}}],"collection":[{"href":"https:\/\/theresales.nl\/de\/wp-json\/wp\/v2\/product"}],"about":[{"href":"https:\/\/theresales.nl\/de\/wp-json\/wp\/v2\/types\/product"}],"wp:featuredmedia":[{"embeddable":true,"href":"https:\/\/theresales.nl\/de\/wp-json\/wp\/v2\/media\/19902"}],"wp:attachment":[{"href":"https:\/\/theresales.nl\/de\/wp-json\/wp\/v2\/media?parent=19901"}],"wp:term":[{"taxonomy":"product_brand","embeddable":true,"href":"https:\/\/theresales.nl\/de\/wp-json\/wp\/v2\/product_brand?post=19901"},{"taxonomy":"product_cat","embeddable":true,"href":"https:\/\/theresales.nl\/de\/wp-json\/wp\/v2\/product_cat?post=19901"},{"taxonomy":"product_tag","embeddable":true,"href":"https:\/\/theresales.nl\/de\/wp-json\/wp\/v2\/product_tag?post=19901"},{"taxonomy":"ontwerper","embeddable":true,"href":"https:\/\/theresales.nl\/de\/wp-json\/wp\/v2\/ontwerper?post=19901"}],"curies":[{"name":"wp","href":"https:\/\/api.w.org\/{rel}","templated":true}]}}